{"id":1414,"date":"2024-03-21T02:08:47","date_gmt":"2024-03-21T02:08:47","guid":{"rendered":"https:\/\/www.ccmmachine.com\/?post_type=product&#038;p=1414"},"modified":"2024-03-21T02:08:51","modified_gmt":"2024-03-21T02:08:51","slug":"noi-chien-ap-suat-gas-pfg-800","status":"publish","type":"product","link":"https:\/\/www.ccmmachine.com\/vi\/product\/gas-pressure-fryer-pfg-800\/","title":{"rendered":"N\u1ed3i chi\u00ean \u00e1p su\u1ea5t gas PFG-800"},"content":{"rendered":"<p> N\u1ed3i chi\u00ean \u00e1p su\u1ea5t g\u00e0 d\u00f2ng n\u00e0y s\u1eed d\u1ee5ng nguy\u00ean l\u00fd nhi\u1ec7t \u0111\u1ed9 th\u1ea5p v\u00e0 \u00e1p su\u1ea5t cao, m\u00f3n chi\u00ean gi\u00f2n b\u00ean ngo\u00e0i v\u00e0 m\u1ec1m, m\u00e0u s\u1eafc t\u01b0\u01a1i s\u00e1ng. To\u00e0n b\u1ed9 th\u00e2n m\u00e1y b\u1eb1ng th\u00e9p kh\u00f4ng g\u1ec9, b\u1ea3ng \u0111i\u1ec1u khi\u1ec3n m\u00e1y t\u00ednh, v\u1eadn h\u00e0nh \u0111\u01a1n gi\u1ea3n v\u00e0 \u00e1p su\u1ea5t x\u1ea3 \u0111i\u1ec1u khi\u1ec3n nhi\u1ec7t \u0111\u1ed9 t\u1ef1 \u0111\u1ed9ng. <\/p>\n\n\n\n<h3 class=\"wp-block-heading\"><strong>Nh\u1eefng \u0111\u1eb7c \u0111i\u1ec3m ch\u00ednh<\/strong><\/h3>\n\n\n\n<ul class=\"wp-block-list\">\n<li>To\u00e0n th\u00e2n b\u1eb1ng th\u00e9p kh\u00f4ng g\u1ec9, d\u1ec5 lau ch\u00f9i v\u00e0 lau ch\u00f9i, c\u00f3 tu\u1ed5i th\u1ecd cao. <\/li>\n\n\n\n<li>N\u1eafp nh\u00f4m ch\u1eafc ch\u1eafn v\u00e0 nh\u1eb9, \u0111\u00f3ng m\u1edf d\u1ec5 d\u00e0ng. <\/li>\n\n\n\n<li>T\u00edch h\u1ee3p h\u1ec7 th\u1ed1ng l\u1ecdc d\u1ea7u t\u1ef1 \u0111\u1ed9ng, d\u1ec5 s\u1eed d\u1ee5ng, hi\u1ec7u qu\u1ea3 v\u00e0 ti\u1ebft ki\u1ec7m n\u0103ng l\u01b0\u1ee3ng. <\/li>\n\n\n\n<li>B\u1ed1n b\u00e1nh xe c\u00f3 c\u00f4ng su\u1ea5t l\u1edbn, \u0111\u01b0\u1ee3c trang b\u1ecb ch\u1ee9c n\u0103ng phanh, d\u1ec5 d\u00e0ng di chuy\u1ec3n v\u00e0 \u0111\u1ecbnh v\u1ecb. <\/li>\n\n\n\n<li>B\u1ea3ng \u0111i\u1ec1u khi\u1ec3n hi\u1ec3n th\u1ecb k\u1ef9 thu\u1eadt s\u1ed1 ch\u00ednh x\u00e1c v\u00e0 \u0111\u1eb9p h\u01a1n. <\/li>\n\n\n\n<li>M\u00e1y \u0111\u01b0\u1ee3c trang b\u1ecb ph\u00edm l\u01b0u tr\u1eef 10-0 cho 10 lo\u1ea1i th\u1ef1c ph\u1ea9m chi\u00ean r\u00e1n. <\/li>\n\n\n\n<li>\u0110\u1eb7t \u1ed1ng x\u1ea3 t\u1ef1 \u0111\u1ed9ng sau khi h\u1ebft th\u1eddi gian v\u00e0 \u0111\u01b0a ra c\u1ea3nh b\u00e1o \u0111\u1ec3 nh\u1eafc nh\u1edf. <\/li>\n\n\n\n<li>M\u1ed7i m\u00e3 kh\u00f3a s\u1ea3n ph\u1ea9m c\u00f3 th\u1ec3 \u0111\u1eb7t 10 ch\u1ebf \u0111\u1ed9 s\u01b0\u1edfi. <\/li>\n\n\n\n<li>C\u00f3 th\u1ec3 \u0111\u1eb7t l\u1eddi nh\u1eafc l\u1ecdc d\u1ea7u v\u00e0 nh\u1eafc nh\u1edf thay d\u1ea7u. <\/li>\n\n\n\n<li>Chuy\u1ec3n sang \u0111\u1ed9 F. <\/li>\n\n\n\n<li>Th\u1eddi gian l\u00e0m n\u00f3ng tr\u01b0\u1edbc c\u00f3 th\u1ec3 \u0111\u01b0\u1ee3c thi\u1ebft l\u1eadp. <\/li>\n\n\n\n<li>C\u00f3 th\u1ec3 \u0111\u1eb7t th\u1eddi gian l\u00e0m s\u1ea1ch, ch\u1ebf \u0111\u1ed9 kh\u00f4ng t\u1ea3i v\u00e0 ch\u1ebf \u0111\u1ed9 n\u1ea5u ch\u1ea3y d\u1ea7u. <\/li>\n\n\n\n<li>N\u00f3 c\u00f3 th\u1ec3 \u0111\u01b0\u1ee3c thi\u1ebft l\u1eadp khi c\u00f3 ho\u1eb7c kh\u00f4ng c\u00f3 \u00e1p l\u1ef1c trong c\u00f4ng vi\u1ec7c.<\/li>\n<\/ul>\n\n\n\n<figure class=\"wp-block-table\"><table><tbody><tr><td><strong>T\u00ean<\/strong><\/td><td>n\u1ed3i chi\u00ean \u00e1p su\u1ea5t gas<\/td><\/tr><tr><td><strong>Ng\u01b0\u1eddi m\u1eabu<\/strong><\/td><td>PFG-800<\/td><\/tr><tr><td><strong>\u00c1p l\u1ef1c c\u00f4ng vi\u1ec7c<\/strong><\/td><td>0,085Mpa<\/td><\/tr><tr><td><strong>Ki\u1ec3m so\u00e1t ph\u1ea1m vi nhi\u1ec7t \u0111\u1ed9<\/strong><\/td><td>20 ~ 200oC<\/td><\/tr><tr><td><strong>Ti\u00eau th\u1ee5 kh\u00ed \u0111\u1ed1t<\/strong><\/td><td>kho\u1ea3ng 0,48kg\/h (Bao g\u1ed3m c\u1ea3 th\u1eddi gian gi\u1eef)<\/td><\/tr><tr><td><strong>V\u00f4n<\/strong><\/td><td>&nbsp;~220V\/50Hz-60Hz<\/td><\/tr><tr><td><strong>Nhi\u00ean li\u1ec7u<\/strong><\/td><td>LPG\/Kh\u00ed thi\u00ean nhi\u00ean<\/td><\/tr><tr><td><strong>K\u00edch c\u1ee1<\/strong><\/td><td>460\u00d7960\u00d71230mm<\/td><\/tr><tr><td><strong>K\u00edch th\u01b0\u1edbc \u0111\u00f3ng g\u00f3i<\/strong><\/td><td>510\u00d71030\u00d71300mm<\/td><\/tr><tr><td><strong>Dung t\u00edch<\/strong><\/td><td>24L<\/td><\/tr><tr><td><strong>C\u00e2n n\u1eb7ng<\/strong><\/td><td>110kg<\/td><\/tr><tr><td><strong>Tr\u1ecdng l\u01b0\u1ee3ng th\u00f4<\/strong><\/td><td>135kg<\/td><\/tr><tr><td><strong>B\u1ea3ng \u0111i\u1ec1u khi\u1ec3n<\/strong><\/td><td>B\u1ea3ng \u0111i\u1ec1u khi\u1ec3n m\u00e1y t\u00ednh<\/td><\/tr><\/tbody><\/table><\/figure>\n\n\n\n<figure class=\"wp-block-image size-large\"><img decoding=\"async\" width=\"1024\" height=\"768\" src=\"https:\/\/www.ccmmachine.com\/wp-content\/uploads\/2024\/03\/Pfg-800-Chicken-Pressure-Fryer-LPG-Gas-Deep-Fryer-1024x768.webp\" alt=\"\" class=\"wp-image-1554\" srcset=\"https:\/\/www.ccmmachine.com\/wp-content\/uploads\/2024\/03\/Pfg-800-Chicken-Pressure-Fryer-LPG-Gas-Deep-Fryer-1024x768.webp 1024w, https:\/\/www.ccmmachine.com\/wp-content\/uploads\/2024\/03\/Pfg-800-Chicken-Pressure-Fryer-LPG-Gas-Deep-Fryer-800x600.webp 800w, https:\/\/www.ccmmachine.com\/wp-content\/uploads\/2024\/03\/Pfg-800-Chicken-Pressure-Fryer-LPG-Gas-Deep-Fryer-300x225.webp 300w, https:\/\/www.ccmmachine.com\/wp-content\/uploads\/2024\/03\/Pfg-800-Chicken-Pressure-Fryer-LPG-Gas-Deep-Fryer-768x576.webp 768w, https:\/\/www.ccmmachine.com\/wp-content\/uploads\/2024\/03\/Pfg-800-Chicken-Pressure-Fryer-LPG-Gas-Deep-Fryer-16x12.webp 16w, https:\/\/www.ccmmachine.com\/wp-content\/uploads\/2024\/03\/Pfg-800-Chicken-Pressure-Fryer-LPG-Gas-Deep-Fryer.webp 1440w\" sizes=\"(max-width: 1024px) 100vw, 1024px\" \/><\/figure>","protected":false},"excerpt":{"rendered":"<p>This series chicken pressure fryer uses a low temperature and high pressure principle, fried food crisp outside and tender, bright color. The whole body of stainless steel, computer control panel, simple operation, and automatic temperature control exhaust pressure. Main Features Name gas pressure fryer Model PFG-800 Working pressure 0.085Mpa Control temperature range 20~200\u2103 Gas consumption [&#8230;]\n","protected":false},"featured_media":1553,"template":"","meta":[],"product_brand":[],"product_cat":[86],"product_tag":[],"class_list":{"0":"post-1414","1":"product","2":"type-product","3":"status-publish","4":"has-post-thumbnail","6":"product_cat-gas-pressure-fryers","8":"first","9":"instock","10":"shipping-taxable","11":"product-type-simple"},"_links":{"self":[{"href":"https:\/\/www.ccmmachine.com\/vi\/wp-json\/wp\/v2\/product\/1414","targetHints":{"allow":["GET"]}}],"collection":[{"href":"https:\/\/www.ccmmachine.com\/vi\/wp-json\/wp\/v2\/product"}],"about":[{"href":"https:\/\/www.ccmmachine.com\/vi\/wp-json\/wp\/v2\/types\/product"}],"wp:featuredmedia":[{"embeddable":true,"href":"https:\/\/www.ccmmachine.com\/vi\/wp-json\/wp\/v2\/media\/1553"}],"wp:attachment":[{"href":"https:\/\/www.ccmmachine.com\/vi\/wp-json\/wp\/v2\/media?parent=1414"}],"wp:term":[{"taxonomy":"product_brand","embeddable":true,"href":"https:\/\/www.ccmmachine.com\/vi\/wp-json\/wp\/v2\/product_brand?post=1414"},{"taxonomy":"product_cat","embeddable":true,"href":"https:\/\/www.ccmmachine.com\/vi\/wp-json\/wp\/v2\/product_cat?post=1414"},{"taxonomy":"product_tag","embeddable":true,"href":"https:\/\/www.ccmmachine.com\/vi\/wp-json\/wp\/v2\/product_tag?post=1414"}],"curies":[{"name":"wp","href":"https:\/\/api.w.org\/{rel}","templated":true}]}}