{"id":1403,"date":"2024-03-21T04:11:58","date_gmt":"2024-03-21T04:11:58","guid":{"rendered":"https:\/\/www.ccmmachine.com\/?post_type=product&#038;p=1403"},"modified":"2024-03-21T04:12:02","modified_gmt":"2024-03-21T04:12:02","slug":"noi-chien-ap-suat-gas-mdxz-25c","status":"publish","type":"product","link":"https:\/\/www.ccmmachine.com\/vi\/product\/gas-pressure-fryer-mdxz-25c\/","title":{"rendered":"N\u1ed3i chi\u00ean \u00e1p su\u1ea5t gas MDXZ-25"},"content":{"rendered":"<p>N\u1ed3i chi\u00ean \u00e1p su\u1ea5t l\u00e0 c\u00f4ng ty ti\u1ebfp thu c\u00f4ng ngh\u1ec7 ti\u00ean ti\u1ebfn n\u01b0\u1edbc ngo\u00e0i, ph\u00e1t tri\u1ec3n v\u00e0 s\u1ea3n xu\u1ea5t quy tr\u00ecnh s\u1ea3n xu\u1ea5t g\u00e0 r\u00e1n l\u00f2 n\u01b0\u1edbng m\u1edbi nh\u1ea5t theo \u0111\u1eb7c \u0111i\u1ec3m c\u1ee7a g\u00e0 n\u01b0\u1edbng ph\u01b0\u01a1ng T\u00e2y v\u00e0 truy\u1ec1n th\u1ed1ng Trung Qu\u1ed1c.<\/p>\n\n\n\n<p>To\u00e0n b\u1ed9 th\u00e2n m\u00e1y b\u1eb1ng th\u00e9p kh\u00f4ng g\u1ec9, h\u1eb9n gi\u1edd \u0111i\u1ec7n t\u1eed, \u00e1p su\u1ea5t kh\u00ed th\u1ea3i \u0111i\u1ec1u khi\u1ec3n nhi\u1ec7t \u0111\u1ed9 t\u1ef1 \u0111\u1ed9ng. S\u1eed d\u1ee5ng nguy\u00ean l\u00fd \u00e1p su\u1ea5t cao \u1edf nhi\u1ec7t \u0111\u1ed9 th\u1ea5p, \u0111\u1ed3 chi\u00ean c\u00f3 b\u1ec1 ngo\u00e0i gi\u00f2n v\u00e0 m\u1ec1m, m\u00e0u s\u1eafc t\u01b0\u01a1i s\u00e1ng, ngo\u00e0i ra c\u00f2n c\u00f3 v\u1ecbt chi\u00ean, c\u00e1, th\u1ecbt l\u1ee3n, th\u1ecbt c\u1eebu v\u00e0 c\u00e1c lo\u1ea1i th\u1ecbt, rau c\u1ee7, khoai t\u00e2y kh\u00e1c. \u00c1p d\u1ee5ng cho t\u1ea5t c\u1ea3 c\u00e1c c\u1eeda h\u00e0ng l\u1edbn, kh\u00e1ch s\u1ea1n, nh\u00e0 h\u00e0ng th\u1ee9c \u0103n nhanh, qu\u00e1n \u0103n nhanh, c\u0103ng tin nh\u00e0 m\u00e1y v\u00e0 h\u1ed9 gia \u0111\u00ecnh t\u1ef1 kinh doanh.<\/p>\n\n\n\n<p>Ho\u1ea1t \u0111\u1ed9ng c\u1ee5 th\u1ec3 \u0111\u01a1n gi\u1ea3n, s\u1ea1ch s\u1ebd, d\u1ec5 s\u1eed d\u1ee5ng, hi\u1ec7u qu\u1ea3 cao, \u0111\u1ed9 b\u1ec1n v\u00e0 c\u00e1c \u0111\u1eb7c t\u00ednh kh\u00e1c, \u0111\u1ed3ng th\u1eddi l\u00e0 lo\u1ea1i m\u00e1y m\u00f3c v\u00e0 thi\u1ebft b\u1ecb ch\u1ebf bi\u1ebfn th\u1ef1c ph\u1ea9m m\u1edbi nh\u1ea5t.<gwmw style=\"display:none;\"><\/gwmw><\/p>\n\n\n\n<h3 class=\"wp-block-heading\"><strong>\u0110\u1eb7c tr\u01b0ng:<\/strong><gwmw style=\"display:none;\"><\/gwmw><\/h3>\n\n\n\n<ul class=\"wp-block-list\">\n<li>To\u00e0n th\u00e2n b\u1eb1ng th\u00e9p kh\u00f4ng g\u1ec9, d\u1ec5 lau ch\u00f9i, tu\u1ed5i th\u1ecd cao.<\/li>\n\n\n\n<li>N\u1eafp nh\u00f4m ch\u1eafc ch\u1eafn v\u00e0 nh\u1eb9, \u0111\u00f3ng m\u1edf d\u1ec5 d\u00e0ng.<gwmw style=\"display:none;\"><\/gwmw><\/li>\n\n\n\n<li>B\u1ed1n b\u00e1nh xe c\u00f3 kh\u1ea3 n\u0103ng chuy\u00ean ch\u1edf c\u00f9ng v\u1edbi ch\u1ee9c n\u0103ng phanh, d\u1ec5 di chuy\u1ec3n v\u00e0 \u0111\u1ecbnh v\u1ecb.<gwmw style=\"display:none;\"><\/gwmw><\/li>\n\n\n\n<li>B\u1ea3ng \u0111i\u1ec1u khi\u1ec3n cho b\u1ea3ng \u0111i\u1ec1u khi\u1ec3n m\u00e1y b\u1ec1n b\u1ec9, d\u1ec5 d\u00e0ng thay th\u1ebf.<gwmw style=\"display:none;\"><\/gwmw><gwmw style=\"display:none;\"><\/gwmw><gwmw style=\"display:none;\"><\/gwmw><gwmw style=\"display:none;\"><\/gwmw><\/li>\n<\/ul>\n\n\n\n<figure class=\"wp-block-table\"><table><tbody><tr><td><strong>T\u00ean<\/strong><\/td><td>n\u1ed3i chi\u00ean \u00e1p su\u1ea5t gas<\/td><\/tr><tr><td><strong>Ng\u01b0\u1eddi m\u1eabu<\/strong><\/td><td>MDXZ-25<\/td><\/tr><tr><td><strong>\u00c1p l\u1ef1c c\u00f4ng vi\u1ec7c<\/strong><\/td><td>0,085Mpa<\/td><\/tr><tr><td><strong>Ki\u1ec3m so\u00e1t ph\u1ea1m vi nhi\u1ec7t \u0111\u1ed9<\/strong><\/td><td>90 ~ 190oC<gwmw style=\"display: none; background-color: transparent;\"><\/gwmw><\/td><\/tr><tr><td><strong>Ti\u00eau th\u1ee5 kh\u00ed \u0111\u1ed1t<\/strong><\/td><td>kho\u1ea3ng 0,48kg\/h (Bao g\u1ed3m c\u1ea3 th\u1eddi gian gi\u1eef)<\/td><\/tr><tr><td><strong>V\u00f4n<\/strong><\/td><td>LPG\/kh\u00ed t\u1ef1 nhi\u00ean<\/td><\/tr><tr><td><strong>Nhi\u00ean li\u1ec7u<\/strong><\/td><td>LPG\/Kh\u00ed thi\u00ean nhi\u00ean<\/td><\/tr><tr><td><strong>K\u00edch c\u1ee1<\/strong><\/td><td>460\u00d7960\u00d71230mm<\/td><\/tr><tr><td><strong>K\u00edch th\u01b0\u1edbc \u0111\u00f3ng g\u00f3i<\/strong><\/td><td>510\u00d71030\u00d71300mm<\/td><\/tr><tr><td><strong>Dung t\u00edch<\/strong><\/td><td>25L<\/td><\/tr><tr><td><strong>C\u00e2n n\u1eb7ng<\/strong><\/td><td>110kg<gwmw style=\"display:none;\"><\/gwmw><\/td><\/tr><tr><td><strong>Tr\u1ecdng l\u01b0\u1ee3ng th\u00f4<\/strong><\/td><td>120kg<\/td><\/tr><tr><td><strong>B\u1ea3ng \u0111i\u1ec1u khi\u1ec3n<\/strong><\/td><td>B\u1ea3ng \u0111i\u1ec1u khi\u1ec3n th\u1ee7 c\u00f4ng<\/td><\/tr><\/tbody><\/table><\/figure>\n\n\n\n<p><gwmw style=\"display:none;\"><\/gwmw><\/p>","protected":false},"excerpt":{"rendered":"<p>The pressure fryer is the company absorbing foreign advanced technology, development and production of the latest fried chicken oven fried chicken production process according to the characteristics of Western and traditional Chinese roast chicken. The whole body of stainless steel, electronic timing, automatic temperature control exhaust pressure. Using the low-temperature high-pressure principle, fried food is [&#8230;]\n","protected":false},"featured_media":1580,"template":"","meta":[],"product_brand":[],"product_cat":[86],"product_tag":[],"class_list":{"0":"post-1403","1":"product","2":"type-product","3":"status-publish","4":"has-post-thumbnail","6":"product_cat-gas-pressure-fryers","8":"first","9":"instock","10":"shipping-taxable","11":"product-type-simple"},"_links":{"self":[{"href":"https:\/\/www.ccmmachine.com\/vi\/wp-json\/wp\/v2\/product\/1403","targetHints":{"allow":["GET"]}}],"collection":[{"href":"https:\/\/www.ccmmachine.com\/vi\/wp-json\/wp\/v2\/product"}],"about":[{"href":"https:\/\/www.ccmmachine.com\/vi\/wp-json\/wp\/v2\/types\/product"}],"wp:featuredmedia":[{"embeddable":true,"href":"https:\/\/www.ccmmachine.com\/vi\/wp-json\/wp\/v2\/media\/1580"}],"wp:attachment":[{"href":"https:\/\/www.ccmmachine.com\/vi\/wp-json\/wp\/v2\/media?parent=1403"}],"wp:term":[{"taxonomy":"product_brand","embeddable":true,"href":"https:\/\/www.ccmmachine.com\/vi\/wp-json\/wp\/v2\/product_brand?post=1403"},{"taxonomy":"product_cat","embeddable":true,"href":"https:\/\/www.ccmmachine.com\/vi\/wp-json\/wp\/v2\/product_cat?post=1403"},{"taxonomy":"product_tag","embeddable":true,"href":"https:\/\/www.ccmmachine.com\/vi\/wp-json\/wp\/v2\/product_tag?post=1403"}],"curies":[{"name":"wp","href":"https:\/\/api.w.org\/{rel}","templated":true}]}}