{"id":1399,"date":"2024-03-21T03:58:46","date_gmt":"2024-03-21T03:58:46","guid":{"rendered":"https:\/\/www.ccmmachine.com\/?post_type=product&#038;p=1399"},"modified":"2024-03-21T03:59:18","modified_gmt":"2024-03-21T03:59:18","slug":"noi-chien-ap-suat-gas-pfg-500","status":"publish","type":"product","link":"https:\/\/www.ccmmachine.com\/vi\/product\/gas-pressure-fryer-pfg-500\/","title":{"rendered":"N\u1ed3i chi\u00ean \u00e1p su\u1ea5t gas PFG-500"},"content":{"rendered":"<h3 class=\"wp-block-heading\">S\u1ef0 MI\u00caU T\u1ea2<gwmw style=\"display:none;\"><\/gwmw><\/h3>\n\n\n\n<p>D\u00f2ng l\u00f2 chi\u00ean g\u00e0 \u00e1p su\u1ea5t gas l\u00e0 d\u00f2ng thi\u1ebft b\u1ecb \u0111\u01b0\u1ee3c c\u00f4ng ty ch\u00fang t\u00f4i ph\u00e1t tri\u1ec3n, t\u00edch h\u1ee3p c\u00f4ng ngh\u1ec7 ti\u00ean ti\u1ebfn t\u1eeb n\u01b0\u1edbc ngo\u00e0i. Nh\u1eefng l\u00f2 n\u01b0\u1edbng n\u00e0y \u0111\u01b0\u1ee3c thi\u1ebft k\u1ebf \u0111\u1eb7c bi\u1ec7t \u0111\u1ec3 s\u1ea3n xu\u1ea5t g\u00e0 r\u00e1n, s\u1eed d\u1ee5ng c\u1ea3 ph\u01b0\u01a1ng ph\u00e1p n\u01b0\u1edbng g\u00e0 truy\u1ec1n th\u1ed1ng c\u1ee7a ph\u01b0\u01a1ng T\u00e2y v\u00e0 Trung Qu\u1ed1c. To\u00e0n b\u1ed9 th\u00e2n l\u00f2 \u0111\u01b0\u1ee3c l\u00e0m b\u1eb1ng th\u00e9p kh\u00f4ng g\u1ec9, c\u00f3 t\u00ednh n\u0103ng h\u1eb9n gi\u1edd \u0111i\u1ec7n t\u1eed v\u00e0 \u0111i\u1ec1u khi\u1ec3n nhi\u1ec7t \u0111\u1ed9 t\u1ef1 \u0111\u1ed9ng v\u1edbi \u00e1p su\u1ea5t kh\u00ed th\u1ea3i. B\u1eb1ng c\u00e1ch s\u1eed d\u1ee5ng nguy\u00ean l\u00fd \u00e1p su\u1ea5t cao nhi\u1ec7t \u0111\u1ed9 th\u1ea5p, l\u00f2 n\u01b0\u1edbng c\u1ee7a ch\u00fang t\u00f4i t\u1ea1o ra c\u00e1c m\u00f3n chi\u00ean gi\u00f2n v\u00e0 m\u1ec1m v\u1edbi m\u00e0u s\u1eafc t\u01b0\u01a1i s\u00e1ng. Ngo\u00e0i th\u1ecbt g\u00e0, ch\u00fang c\u00f2n c\u00f3 th\u1ec3 d\u00f9ng \u0111\u1ec3 chi\u00ean v\u1ecbt, c\u00e1, th\u1ecbt l\u1ee3n, th\u1ecbt b\u00f2, th\u1ecbt c\u1eebu, khoai t\u00e2y v\u00e0 c\u00e1c lo\u1ea1i rau kh\u00e1c. L\u00f2 n\u01b0\u1edbng c\u1ee7a ch\u00fang t\u00f4i ph\u00f9 h\u1ee3p \u0111\u1ec3 s\u1eed d\u1ee5ng trong nhi\u1ec1u c\u01a1 s\u1edf kh\u00e1c nhau nh\u01b0 c\u1eeda h\u00e0ng, kh\u00e1ch s\u1ea1n, nh\u00e0 h\u00e0ng th\u1ee9c \u0103n nhanh, qu\u00e1n \u0103n nhanh, c\u0103ng tin nh\u00e0 m\u00e1y v\u00e0 th\u1eadm ch\u00ed cho c\u00e1c c\u00e1 nh\u00e2n t\u1ef1 kinh doanh. Ch\u00fang d\u1ec5 v\u1eadn h\u00e0nh, s\u1ea1ch s\u1ebd v\u00e0 hi\u1ec7u qu\u1ea3 cao, khi\u1ebfn ch\u00fang tr\u1edf th\u00e0nh m\u00e1y m\u00f3c v\u00e0 thi\u1ebft b\u1ecb ch\u1ebf bi\u1ebfn th\u1ef1c ph\u1ea9m m\u1edbi nh\u1ea5t v\u00e0 ti\u00ean ti\u1ebfn nh\u1ea5t hi\u1ec7n c\u00f3.<\/p>\n\n\n\n<h3 class=\"wp-block-heading\"><strong>\u0110\u1eb7c tr\u01b0ng:<\/strong><gwmw style=\"display:none;\"><\/gwmw><\/h3>\n\n\n\n<p>1. To\u00e0n th\u00e2n b\u1eb1ng th\u00e9p kh\u00f4ng g\u1ec9, d\u1ec5 lau ch\u00f9i, tu\u1ed5i th\u1ecd cao.<br>2. N\u1eafp nh\u00f4m, ch\u1eafc ch\u1eafn v\u00e0 nh\u1eb9, \u0111\u00f3ng m\u1edf d\u1ec5 d\u00e0ng.<br>3. T\u00edch h\u1ee3p h\u1ec7 th\u1ed1ng l\u1ecdc t\u1ef1 \u0111\u1ed9ng, d\u1ec5 s\u1eed d\u1ee5ng v\u00e0 ti\u1ebft ki\u1ec7m n\u0103ng l\u01b0\u1ee3ng.<br>4. Kh\u1ea3 n\u0103ng chuy\u00ean ch\u1edf c\u1ee7a b\u1ed1n b\u00e1nh xe, c\u00f9ng v\u1edbi ch\u1ee9c n\u0103ng phanh, d\u1ec5 di chuy\u1ec3n v\u00e0 \u0111\u1ecbnh v\u1ecb.<br>5. B\u1ea3ng \u0111i\u1ec1u khi\u1ec3n cho b\u1ea3ng \u0111i\u1ec1u khi\u1ec3n m\u00e1y, b\u1ec1n b\u1ec9, d\u1ec5 thay th\u1ebf.<\/p>\n\n\n\n<figure class=\"wp-block-image size-full is-resized\"><img decoding=\"async\" width=\"1000\" height=\"714\" src=\"https:\/\/www.ccmmachine.com\/wp-content\/uploads\/2024\/03\/Hot-Selling-Commercial-Henny-Penny-Kfc-Gas-Pfg-500-Pressure-Fryer-1.webp\" alt=\"\" class=\"wp-image-1570\" style=\"width:840px;height:auto\" srcset=\"https:\/\/www.ccmmachine.com\/wp-content\/uploads\/2024\/03\/Hot-Selling-Commercial-Henny-Penny-Kfc-Gas-Pfg-500-Pressure-Fryer-1.webp 1000w, https:\/\/www.ccmmachine.com\/wp-content\/uploads\/2024\/03\/Hot-Selling-Commercial-Henny-Penny-Kfc-Gas-Pfg-500-Pressure-Fryer-1-800x571.webp 800w\" sizes=\"(max-width: 1000px) 100vw, 1000px\" \/><\/figure>\n\n\n\n<figure class=\"wp-block-image size-large\"><img decoding=\"async\" width=\"647\" height=\"1024\" src=\"https:\/\/www.ccmmachine.com\/wp-content\/uploads\/2024\/03\/Hot-Selling-Commercial-Henny-Penny-Kfc-Gas-Pfg-500-Pressure-Fryer-2-647x1024.webp\" alt=\"\" class=\"wp-image-1571\" srcset=\"https:\/\/www.ccmmachine.com\/wp-content\/uploads\/2024\/03\/Hot-Selling-Commercial-Henny-Penny-Kfc-Gas-Pfg-500-Pressure-Fryer-2-647x1024.webp 647w, https:\/\/www.ccmmachine.com\/wp-content\/uploads\/2024\/03\/Hot-Selling-Commercial-Henny-Penny-Kfc-Gas-Pfg-500-Pressure-Fryer-2-800x1266.webp 800w, https:\/\/www.ccmmachine.com\/wp-content\/uploads\/2024\/03\/Hot-Selling-Commercial-Henny-Penny-Kfc-Gas-Pfg-500-Pressure-Fryer-2-190x300.webp 190w, https:\/\/www.ccmmachine.com\/wp-content\/uploads\/2024\/03\/Hot-Selling-Commercial-Henny-Penny-Kfc-Gas-Pfg-500-Pressure-Fryer-2-768x1215.webp 768w, https:\/\/www.ccmmachine.com\/wp-content\/uploads\/2024\/03\/Hot-Selling-Commercial-Henny-Penny-Kfc-Gas-Pfg-500-Pressure-Fryer-2-971x1536.webp 971w, https:\/\/www.ccmmachine.com\/wp-content\/uploads\/2024\/03\/Hot-Selling-Commercial-Henny-Penny-Kfc-Gas-Pfg-500-Pressure-Fryer-2-8x12.webp 8w, https:\/\/www.ccmmachine.com\/wp-content\/uploads\/2024\/03\/Hot-Selling-Commercial-Henny-Penny-Kfc-Gas-Pfg-500-Pressure-Fryer-2.webp 1000w\" sizes=\"(max-width: 647px) 100vw, 647px\" \/><\/figure>\n\n\n\n<figure class=\"wp-block-image size-full\"><img decoding=\"async\" width=\"740\" height=\"640\" src=\"https:\/\/www.ccmmachine.com\/wp-content\/uploads\/2024\/03\/Hot-Selling-Commercial-Henny-Penny-Kfc-Gas-Pfg-500-Pressure-Fryer-3.webp\" alt=\"\" class=\"wp-image-1572\" srcset=\"https:\/\/www.ccmmachine.com\/wp-content\/uploads\/2024\/03\/Hot-Selling-Commercial-Henny-Penny-Kfc-Gas-Pfg-500-Pressure-Fryer-3.webp 740w, https:\/\/www.ccmmachine.com\/wp-content\/uploads\/2024\/03\/Hot-Selling-Commercial-Henny-Penny-Kfc-Gas-Pfg-500-Pressure-Fryer-3-700x605.webp 700w, https:\/\/www.ccmmachine.com\/wp-content\/uploads\/2024\/03\/Hot-Selling-Commercial-Henny-Penny-Kfc-Gas-Pfg-500-Pressure-Fryer-3-300x259.webp 300w, https:\/\/www.ccmmachine.com\/wp-content\/uploads\/2024\/03\/Hot-Selling-Commercial-Henny-Penny-Kfc-Gas-Pfg-500-Pressure-Fryer-3-14x12.webp 14w\" sizes=\"(max-width: 740px) 100vw, 740px\" \/><\/figure>","protected":false},"excerpt":{"rendered":"<p>DESCRIPTION The\u00a0Gas\u00a0Pressure\u00a0Fried\u00a0Chicken\u00a0Furnace series\u00a0is a line of\u00a0devices\u00a0developed\u00a0by our\u00a0company,\u00a0incorporating advanced technology\u00a0from abroad. These\u00a0ovens\u00a0are designed\u00a0specifically\u00a0for\u00a0the\u00a0production of\u00a0fried chicken,\u00a0taking\u00a0into account\u00a0both Western and traditional Chinese\u00a0methods of\u00a0roasting\u00a0chicken. The entire\u00a0body of\u00a0the oven is\u00a0made of stainless steel\u00a0and features electronic timing and automatic temperature control\u00a0with\u00a0exhaust pressure.\u00a0By utilizing\u00a0the\u00a0low-temperature high-pressure principle,\u00a0our\u00a0ovens\u00a0produce\u00a0crispy\u00a0and tender\u00a0fried food with a\u00a0bright color. In addition to chicken, they\u00a0can also\u00a0be\u00a0used\u00a0to fry\u00a0duck, fish, pork, beef, mutton,\u00a0potatoes,\u00a0and [&#8230;]\n","protected":false},"featured_media":1573,"template":"","meta":[],"product_brand":[],"product_cat":[86],"product_tag":[],"class_list":{"0":"post-1399","1":"product","2":"type-product","3":"status-publish","4":"has-post-thumbnail","6":"product_cat-gas-pressure-fryers","8":"first","9":"instock","10":"shipping-taxable","11":"product-type-simple"},"_links":{"self":[{"href":"https:\/\/www.ccmmachine.com\/vi\/wp-json\/wp\/v2\/product\/1399","targetHints":{"allow":["GET"]}}],"collection":[{"href":"https:\/\/www.ccmmachine.com\/vi\/wp-json\/wp\/v2\/product"}],"about":[{"href":"https:\/\/www.ccmmachine.com\/vi\/wp-json\/wp\/v2\/types\/product"}],"wp:featuredmedia":[{"embeddable":true,"href":"https:\/\/www.ccmmachine.com\/vi\/wp-json\/wp\/v2\/media\/1573"}],"wp:attachment":[{"href":"https:\/\/www.ccmmachine.com\/vi\/wp-json\/wp\/v2\/media?parent=1399"}],"wp:term":[{"taxonomy":"product_brand","embeddable":true,"href":"https:\/\/www.ccmmachine.com\/vi\/wp-json\/wp\/v2\/product_brand?post=1399"},{"taxonomy":"product_cat","embeddable":true,"href":"https:\/\/www.ccmmachine.com\/vi\/wp-json\/wp\/v2\/product_cat?post=1399"},{"taxonomy":"product_tag","embeddable":true,"href":"https:\/\/www.ccmmachine.com\/vi\/wp-json\/wp\/v2\/product_tag?post=1399"}],"curies":[{"name":"wp","href":"https:\/\/api.w.org\/{rel}","templated":true}]}}