{"id":1392,"date":"2024-03-21T02:18:29","date_gmt":"2024-03-21T02:18:29","guid":{"rendered":"https:\/\/www.ccmmachine.com\/?post_type=product&#038;p=1392"},"modified":"2024-03-21T02:18:34","modified_gmt":"2024-03-21T02:18:34","slug":"noi-chien-ga-thuong-mai-pfe-800","status":"publish","type":"product","link":"https:\/\/www.ccmmachine.com\/vi\/product\/commercial-chicken-fryer-pfe-800\/","title":{"rendered":"N\u1ed3i chi\u00ean g\u00e0 th\u01b0\u01a1ng m\u1ea1i PFE-800"},"content":{"rendered":"<p>N\u1ed3i chi\u00ean g\u00e0 th\u01b0\u01a1ng m\u1ea1i PFE-800 <\/p>\n\n\n\n<ul class=\"wp-block-list\">\n<li>S\u1eed d\u1ee5ng nguy\u00ean l\u00fd \u00e1p su\u1ea5t cao -nhi\u1ec7t \u0111\u1ed9 <\/li>\n\n\n\n<li>To\u00e0n th\u00e2n b\u1eb1ng inox 304, b\u1ea3ng \u0111i\u1ec1u khi\u1ec3n m\u00e1y t\u00ednh. <\/li>\n\n\n\n<li>T\u1ef1 \u0111\u1ed9ng ki\u1ec3m so\u00e1t nhi\u1ec7t \u0111\u1ed9 v\u00e0 th\u1eddi gian \u0111\u1ec3 thu\u1eadn ti\u1ec7n cho ho\u1ea1t \u0111\u1ed9ng h\u00e0ng ng\u00e0y. <\/li>\n\n\n\n<li>Nhi\u1ec7t \u0111\u1ed9 chi\u00ean t\u1ed1i \u0111a l\u00ean t\u1edbi 200\u00b0C. N\u1ed3i chi\u00ean \u0111\u01b0\u1ee3c l\u1eafp \u0111\u1eb7t b\u00ean trong h\u1ec7 th\u1ed1ng l\u1ecdc, m\u1ed9t s\u1ed1 b\u1ed9 l\u1ecdc, c\u1ea3i thi\u1ec7n ch\u1ea5t l\u01b0\u1ee3ng s\u1ea3n ph\u1ea9m v\u00e0 gi\u1ea3m chi ph\u00ed d\u1ea7u. <\/li>\n\n\n\n<li>N\u00f3 th\u01b0\u1eddng \u0111\u01b0\u1ee3c s\u1eed d\u1ee5ng trong c\u00e1c nh\u00e0 h\u00e0ng \u0111\u1ed3 chi\u00ean, kh\u00e1ch s\u1ea1n v\u00e0 c\u00e1c c\u01a1 s\u1edf ph\u1ee5c v\u1ee5 \u0103n u\u1ed1ng kh\u00e1c. <\/li>\n<\/ul>\n\n\n\n<h3 class=\"wp-block-heading\"><strong>Tham s\u1ed1<\/strong><\/h3>\n\n\n\n<figure class=\"wp-block-table\"><table><tbody><tr><td> <span style=\"font-family: inherit; font-size: inherit; font-weight: inherit; color: initial;\">t\u00ean s\u1ea3n ph\u1ea9m<\/span><\/td><td> <span style=\"font-family: inherit; font-size: inherit; font-weight: inherit; color: initial;\">N\u1ed3i chi\u00ean \u00e1p su\u1ea5t \u0111i\u1ec7n &amp; gas<\/span><\/td><\/tr><tr><td><div><div>Ng\u01b0\u1eddi m\u1eabu<\/div><\/div><\/td><td><div>PFE-800<\/div><\/td><\/tr><tr><td><div><div>V\u00f4n<\/div><\/div><\/td><td> <span style=\"font-family: inherit; font-size: inherit; font-weight: inherit; color: initial;\">220V\/380V\/110V<\/span><\/td><\/tr><tr><td><div><div>Quy\u1ec1n l\u1ef1c<\/div><\/div><\/td><td><div>13,5kw<\/div><\/td><\/tr><tr><td><div><div>Dung t\u00edch<\/div><\/div><\/td><td><div>25L<\/div><\/td><\/tr><tr><td><div><div>Kh\u1ed1i l\u01b0\u1ee3ng t\u1ecbnh<\/div><\/div><\/td><td><div>135kg<\/div><\/td><\/tr><tr><td><div><div>Tr\u1ecdng l\u01b0\u1ee3ng th\u00f4<\/div><\/div><\/td><td><div>155kg<\/div><\/td><\/tr><tr><td><div><div>K\u00edch th\u01b0\u1edbc<\/div><\/div><\/td><td><div>460*960*1230mm<\/div><\/td><\/tr><tr><td><div><div>B\u1ea3ng \u0111i\u1ec1u khi\u1ec3n<\/div><\/div><\/td><td><div>B\u1ea3ng \u0111i\u1ec1u khi\u1ec3n m\u00e1y t\u00ednh<\/div><\/td><\/tr><\/tbody><\/table><\/figure>\n\n\n\n<figure class=\"wp-block-image size-large\"><img decoding=\"async\" width=\"768\" height=\"1024\" src=\"https:\/\/www.ccmmachine.com\/wp-content\/uploads\/2019\/09\/Commercial-Factory-Price-Chicken-Frying-Machine-Deep-Pressure-Fryer-Machine-Commercial-Chicken-Fryer-Pfe-800-1-768x1024.webp\" alt=\"\" class=\"wp-image-1556\" srcset=\"https:\/\/www.ccmmachine.com\/wp-content\/uploads\/2019\/09\/Commercial-Factory-Price-Chicken-Frying-Machine-Deep-Pressure-Fryer-Machine-Commercial-Chicken-Fryer-Pfe-800-1-768x1024.webp 768w, https:\/\/www.ccmmachine.com\/wp-content\/uploads\/2019\/09\/Commercial-Factory-Price-Chicken-Frying-Machine-Deep-Pressure-Fryer-Machine-Commercial-Chicken-Fryer-Pfe-800-1-800x1067.webp 800w, https:\/\/www.ccmmachine.com\/wp-content\/uploads\/2019\/09\/Commercial-Factory-Price-Chicken-Frying-Machine-Deep-Pressure-Fryer-Machine-Commercial-Chicken-Fryer-Pfe-800-1-225x300.webp 225w, https:\/\/www.ccmmachine.com\/wp-content\/uploads\/2019\/09\/Commercial-Factory-Price-Chicken-Frying-Machine-Deep-Pressure-Fryer-Machine-Commercial-Chicken-Fryer-Pfe-800-1-9x12.webp 9w, https:\/\/www.ccmmachine.com\/wp-content\/uploads\/2019\/09\/Commercial-Factory-Price-Chicken-Frying-Machine-Deep-Pressure-Fryer-Machine-Commercial-Chicken-Fryer-Pfe-800-1.webp 869w\" sizes=\"(max-width: 768px) 100vw, 768px\" \/><\/figure>\n\n\n\n<figure class=\"wp-block-image size-large\"><img decoding=\"async\" width=\"768\" height=\"1024\" src=\"https:\/\/www.ccmmachine.com\/wp-content\/uploads\/2024\/03\/Commercial-Factory-Price-Chicken-Frying-Machine-Deep-Pressure-Fryer-Machine-Commercial-Chicken-Fryer-Pfe-800-11-768x1024.webp\" alt=\"\" class=\"wp-image-1557\" srcset=\"https:\/\/www.ccmmachine.com\/wp-content\/uploads\/2024\/03\/Commercial-Factory-Price-Chicken-Frying-Machine-Deep-Pressure-Fryer-Machine-Commercial-Chicken-Fryer-Pfe-800-11-768x1024.webp 768w, https:\/\/www.ccmmachine.com\/wp-content\/uploads\/2024\/03\/Commercial-Factory-Price-Chicken-Frying-Machine-Deep-Pressure-Fryer-Machine-Commercial-Chicken-Fryer-Pfe-800-11-800x1066.webp 800w, https:\/\/www.ccmmachine.com\/wp-content\/uploads\/2024\/03\/Commercial-Factory-Price-Chicken-Frying-Machine-Deep-Pressure-Fryer-Machine-Commercial-Chicken-Fryer-Pfe-800-11-225x300.webp 225w, https:\/\/www.ccmmachine.com\/wp-content\/uploads\/2024\/03\/Commercial-Factory-Price-Chicken-Frying-Machine-Deep-Pressure-Fryer-Machine-Commercial-Chicken-Fryer-Pfe-800-11-9x12.webp 9w, https:\/\/www.ccmmachine.com\/wp-content\/uploads\/2024\/03\/Commercial-Factory-Price-Chicken-Frying-Machine-Deep-Pressure-Fryer-Machine-Commercial-Chicken-Fryer-Pfe-800-11.webp 1060w\" sizes=\"(max-width: 768px) 100vw, 768px\" \/><\/figure>\n\n\n\n<figure class=\"wp-block-image size-large\"><img decoding=\"async\" width=\"1024\" height=\"768\" src=\"https:\/\/www.ccmmachine.com\/wp-content\/uploads\/2024\/03\/Commercial-Factory-Price-Chicken-Frying-Machine-Deep-Pressure-Fryer-Machine-Commercial-Chicken-Fryer-Pfe-800-2-1024x768.webp\" alt=\"\" class=\"wp-image-1558\" srcset=\"https:\/\/www.ccmmachine.com\/wp-content\/uploads\/2024\/03\/Commercial-Factory-Price-Chicken-Frying-Machine-Deep-Pressure-Fryer-Machine-Commercial-Chicken-Fryer-Pfe-800-2-1024x768.webp 1024w, https:\/\/www.ccmmachine.com\/wp-content\/uploads\/2024\/03\/Commercial-Factory-Price-Chicken-Frying-Machine-Deep-Pressure-Fryer-Machine-Commercial-Chicken-Fryer-Pfe-800-2-800x600.webp 800w, https:\/\/www.ccmmachine.com\/wp-content\/uploads\/2024\/03\/Commercial-Factory-Price-Chicken-Frying-Machine-Deep-Pressure-Fryer-Machine-Commercial-Chicken-Fryer-Pfe-800-2-300x225.webp 300w, https:\/\/www.ccmmachine.com\/wp-content\/uploads\/2024\/03\/Commercial-Factory-Price-Chicken-Frying-Machine-Deep-Pressure-Fryer-Machine-Commercial-Chicken-Fryer-Pfe-800-2-768x576.webp 768w, https:\/\/www.ccmmachine.com\/wp-content\/uploads\/2024\/03\/Commercial-Factory-Price-Chicken-Frying-Machine-Deep-Pressure-Fryer-Machine-Commercial-Chicken-Fryer-Pfe-800-2-16x12.webp 16w, https:\/\/www.ccmmachine.com\/wp-content\/uploads\/2024\/03\/Commercial-Factory-Price-Chicken-Frying-Machine-Deep-Pressure-Fryer-Machine-Commercial-Chicken-Fryer-Pfe-800-2.webp 1440w\" sizes=\"(max-width: 1024px) 100vw, 1024px\" \/><\/figure>\n\n\n\n<h3 class=\"wp-block-heading\"><strong>V\u1eadn chuy\u1ec3n<\/strong> <\/h3>\n\n\n\n<p>Giao h\u00e0ng: b\u1eb1ng \u0111\u01b0\u1eddng bi\u1ec3n ho\u1eb7c m\u00e1y bay Th\u1eddi gian b\u1ed1c h\u00e0ng: trong v\u00f2ng 2 ng\u00e0y, t\u00f9y theo s\u1ed1 l\u01b0\u1ee3ng c\u1ee7a b\u1ea1n C\u1ea3ng b\u1ed1c h\u00e0ng: Th\u01b0\u1ee3ng H\u1ea3i Trung Qu\u1ed1c \u0110i\u1ec1u kho\u1ea3n thanh to\u00e1n: (30% d\u01b0\u1edbi d\u1ea1ng ti\u1ec1n g\u1eedi. 70% tr\u01b0\u1edbc khi giao h\u00e0ng), L \/ C, Western Union, Paypal, TT.can c\u00f3 th\u1ec3 th\u01b0\u01a1ng l\u01b0\u1ee3ng. ch\u1ec9 theo s\u1ef1 thu\u1eadn ti\u1ec7n c\u1ee7a b\u1ea1n. \u0110i\u1ec1u kho\u1ea3n th\u01b0\u01a1ng m\u1ea1i: FOB CFR CIF DDU, v.v.<\/p>","protected":false},"excerpt":{"rendered":"<p>Commercial Chicken Fryer PFE-800 Parameter Product Name Electric &amp;\u00a0gas Pressure Fryer Model PFE-800 Voltage 220V\/380V\/110V Power 13.5kw Capacity 25L Net Weight 135kg Gross Weight 155kg Dimension 460*960*1230mm Control Panel Computer control panel Delivery Delivery: by sea or aircraft Loading period: within 2 days, up to your quantity Loading port: Shanghai China Payment terms: (30% as [&#8230;]\n","protected":false},"featured_media":1553,"template":"","meta":[],"product_brand":[],"product_cat":[85],"product_tag":[],"class_list":{"0":"post-1392","1":"product","2":"type-product","3":"status-publish","4":"has-post-thumbnail","6":"product_cat-electric-pressure-fryers","8":"first","9":"instock","10":"shipping-taxable","11":"product-type-simple"},"_links":{"self":[{"href":"https:\/\/www.ccmmachine.com\/vi\/wp-json\/wp\/v2\/product\/1392","targetHints":{"allow":["GET"]}}],"collection":[{"href":"https:\/\/www.ccmmachine.com\/vi\/wp-json\/wp\/v2\/product"}],"about":[{"href":"https:\/\/www.ccmmachine.com\/vi\/wp-json\/wp\/v2\/types\/product"}],"wp:featuredmedia":[{"embeddable":true,"href":"https:\/\/www.ccmmachine.com\/vi\/wp-json\/wp\/v2\/media\/1553"}],"wp:attachment":[{"href":"https:\/\/www.ccmmachine.com\/vi\/wp-json\/wp\/v2\/media?parent=1392"}],"wp:term":[{"taxonomy":"product_brand","embeddable":true,"href":"https:\/\/www.ccmmachine.com\/vi\/wp-json\/wp\/v2\/product_brand?post=1392"},{"taxonomy":"product_cat","embeddable":true,"href":"https:\/\/www.ccmmachine.com\/vi\/wp-json\/wp\/v2\/product_cat?post=1392"},{"taxonomy":"product_tag","embeddable":true,"href":"https:\/\/www.ccmmachine.com\/vi\/wp-json\/wp\/v2\/product_tag?post=1392"}],"curies":[{"name":"wp","href":"https:\/\/api.w.org\/{rel}","templated":true}]}}