{"id":1340,"date":"2024-03-21T03:52:28","date_gmt":"2024-03-21T03:52:28","guid":{"rendered":"https:\/\/www.ccmmachine.com\/?post_type=product&#038;p=1340"},"modified":"2024-03-21T03:52:31","modified_gmt":"2024-03-21T03:52:31","slug":"noi-chien-ap-suat-dien-pfe-600","status":"publish","type":"product","link":"https:\/\/www.ccmmachine.com\/vi\/product\/electric-pressure-fryer-pfe-600\/","title":{"rendered":"N\u1ed3i chi\u00ean \u00e1p su\u1ea5t \u0111i\u1ec7n PFE-600"},"content":{"rendered":"<p><strong>M\u00f4 t\u1ea3 S\u1ea3n ph\u1ea9m:<\/strong><\/p>\n\n\n\n<p>1 To\u00e0n th\u00e2n b\u1eb1ng th\u00e9p kh\u00f4ng g\u1ec9 d\u1ec5 lau ch\u00f9i v\u00e0 lau ch\u00f9i, tu\u1ed5i th\u1ecd cao.<br>2 N\u1eafp ho\u00e0n to\u00e0n b\u1eb1ng nh\u00f4m ch\u1eafc ch\u1eafn v\u00e0 nh\u1eb9 d\u1ec5 d\u00e0ng \u0111\u00f3ng m\u1edf.<br>3 H\u1ec7 th\u1ed1ng l\u1ecdc t\u1ef1 \u0111\u1ed9ng t\u00edch h\u1ee3p d\u1ec5 s\u1eed d\u1ee5ng v\u00e0 ti\u1ebft ki\u1ec7m n\u0103ng l\u01b0\u1ee3ng.<\/p>\n\n\n\n<p>D\u00f2ng s\u1ea3n ph\u1ea9m L\u00f2 n\u01b0\u1edbng g\u00e0 r\u00e1n ki\u1ec3u M\u1ef9 n\u00e0y l\u00e0 m\u1ed9t c\u00f4ng ty ti\u1ebfp thu c\u00f4ng ngh\u1ec7 ti\u00ean ti\u1ebfn c\u1ee7a n\u01b0\u1edbc ngo\u00e0i, theo \u0111\u1eb7c \u0111i\u1ec3m quy tr\u00ecnh s\u1ea3n xu\u1ea5t c\u1ee7a m\u00f3n g\u00e0 r\u00e1n g\u00e0 truy\u1ec1n th\u1ed1ng c\u1ee7a ph\u01b0\u01a1ng T\u00e2y v\u00e0 Trung Qu\u1ed1c trong qu\u00e1 tr\u00ecnh ph\u00e1t tri\u1ec3n v\u00e0 s\u1ea3n xu\u1ea5t l\u00f2 n\u01b0\u1edbng g\u00e0 r\u00e1n m\u1edbi nh\u1ea5t. To\u00e0n b\u1ed9 th\u00e2n m\u00e1y b\u1eb1ng th\u00e9p kh\u00f4ng g\u1ec9, b\u1ea3ng \u0111i\u1ec1u khi\u1ec3n m\u00e1y t\u00ednh LCD, thao t\u00e1c \u0111\u01a1n gi\u1ea3n, \u00e1p su\u1ea5t x\u1ea3 \u0111i\u1ec1u khi\u1ec3n nhi\u1ec7t \u0111\u1ed9 t\u1ef1 \u0111\u1ed9ng. S\u1eed d\u1ee5ng nguy\u00ean l\u00fd \u00e1p su\u1ea5t cao \u1edf nhi\u1ec7t \u0111\u1ed9 th\u1ea5p, \u0111\u1ed3 chi\u00ean gi\u00f2n b\u00ean ngo\u00e0i, m\u1ec1m, c\u00f3 m\u00e0u s\u1eafc t\u01b0\u01a1i s\u00e1ng, ngo\u00e0i ra c\u00f2n c\u00f3 v\u1ecbt r\u00e1n, g\u00e0 r\u00e1n, g\u00e0 r\u00e1n, c\u00e1nh g\u00e0, c\u00e1, th\u1ecbt l\u1ee3n, c\u00e1c lo\u1ea1i th\u1ecbt, khoai t\u00e2y v\u00e0 c\u00e1c lo\u1ea1i rau kh\u00e1c. \u00c1p d\u1ee5ng cho t\u1ea5t c\u1ea3 c\u00e1c c\u1eeda h\u00e0ng l\u1edbn, kh\u00e1ch s\u1ea1n, nh\u00e0 h\u00e0ng th\u1ee9c \u0103n nhanh, qu\u00e1n \u0103n nhanh, c\u0103ng tin nh\u00e0 m\u00e1y v\u00e0 h\u1ed9 gia \u0111\u00ecnh t\u1ef1 kinh doanh. V\u1edbi thao t\u00e1c \u0111\u01a1n gi\u1ea3n, s\u1ea1ch s\u1ebd, d\u1ec5 s\u1eed d\u1ee5ng, hi\u1ec7u qu\u1ea3 cao, \u0111\u1ed9 b\u1ec1n cao v\u00e0 c\u00e1c t\u00ednh n\u0103ng kh\u00e1c. \u0110\u00e2y l\u00e0 lo\u1ea1i m\u00e1y m\u00f3c v\u00e0 thi\u1ebft b\u1ecb ch\u1ebf bi\u1ebfn th\u1ef1c ph\u1ea9m m\u1edbi nh\u1ea5t.<gwmw style=\"display:none;\"><\/gwmw><\/p>\n\n\n\n<p><strong>\u0110\u1eb7c tr\u01b0ng:<\/strong><br>1, To\u00e0n th\u00e2n b\u1eb1ng th\u00e9p kh\u00f4ng g\u1ec9, d\u1ec5 lau ch\u00f9i v\u00e0 c\u00f3 tu\u1ed5i th\u1ecd cao.<br>2, N\u1eafp ho\u00e0n to\u00e0n b\u1eb1ng nh\u00f4m, ch\u1eafc ch\u1eafn v\u00e0 nh\u1eb9, d\u1ec5 d\u00e0ng \u0111\u00f3ng m\u1edf.<br>3, T\u00edch h\u1ee3p h\u1ec7 th\u1ed1ng l\u1ecdc t\u1ef1 \u0111\u1ed9ng, d\u1ec5 s\u1eed d\u1ee5ng v\u00e0 ti\u1ebft ki\u1ec7m n\u0103ng l\u01b0\u1ee3ng.<br>4, B\u1ed1n b\u00e1nh xe c\u00f3 kh\u1ea3 n\u0103ng chuy\u00ean ch\u1edf c\u00f9ng v\u1edbi ch\u1ee9c n\u0103ng phanh, d\u1ec5 di chuy\u1ec3n v\u00e0 \u0111\u1ecbnh v\u1ecb.<br>5, B\u1ea3ng \u0111i\u1ec1u khi\u1ec3n m\u00e0n h\u00ecnh k\u1ef9 thu\u1eadt s\u1ed1 LCD, ch\u00ednh x\u00e1c h\u01a1n v\u00e0 \u0111\u1eb9p h\u01a1n.<\/p>\n\n\n\n<figure class=\"wp-block-table\"><table><tbody><tr><td>T\u00ean<\/td><td>N\u1ed3i chi\u00ean \u00e1p su\u1ea5t \u0111i\u1ec7n<\/td><\/tr><tr><td>t\u00ean<\/td><td>PFE-600<\/td><\/tr><tr><td>V\u00f4n<\/td><td>~3N380v\/50Hz\uff08~3N220v\/60Hz\uff09<\/td><\/tr><tr><td>Quy\u1ec1n l\u1ef1c<\/td><td>13,5kw<\/td><\/tr><tr><td>Ki\u1ec3m so\u00e1t ph\u1ea1m vi nhi\u1ec7t \u0111\u1ed9<\/td><td>20-200oC<\/td><\/tr><tr><td>K\u00edch c\u1ee1<\/td><td>960\u00d7460\u00d71230mm<\/td><\/tr><tr><td>K\u00edch th\u01b0\u1edbc \u0111\u00f3ng g\u00f3i<\/td><td>1030\u00d7510\u00d71300mm<\/td><\/tr><tr><td>Dung t\u00edch<\/td><td>24L<\/td><\/tr><tr><td>C\u00e2n n\u1eb7ng<\/td><td>135kg<\/td><\/tr><tr><td>Tr\u1ecdng l\u01b0\u1ee3ng th\u00f4<\/td><td>155kg<\/td><\/tr><tr><td>B\u1ea3ng \u0111i\u1ec1u khi\u1ec3n<\/td><td>B\u1ea3ng \u0111i\u1ec1u khi\u1ec3n LED<\/td><\/tr><\/tbody><\/table><\/figure>\n\n\n\n<figure class=\"wp-block-image\"><img decoding=\"async\" src=\"https:\/\/www.ccmmachine.com\/wp-content\/uploads\/2019\/09\/Electric-Pressure-fryer-PFE-600-001.jpg\" alt=\"\" class=\"wp-image-1342\"\/><\/figure>\n\n\n\n<figure class=\"wp-block-image\"><img decoding=\"async\" src=\"https:\/\/www.ccmmachine.com\/wp-content\/uploads\/2019\/09\/Electric-Pressure-fryer-PFE-600-002.jpg\" alt=\"\" class=\"wp-image-1344\"\/><\/figure>\n\n\n\n<p><gwmw style=\"display:none;\"><\/gwmw><\/p>","protected":false},"excerpt":{"rendered":"<p>Product Description\uff1a 1 All stainless steel body easy to wash and wipe long service life.2 All aluminum lid rugged and lightweight easy to open and close.3 The built-in automatic filtration system is easy to use and energy-efficient. This series of American fried chicken Ovens is a company absorbing foreign advanced technology, according to the production [&#8230;]\n","protected":false},"featured_media":1568,"template":"","meta":[],"product_brand":[],"product_cat":[85],"product_tag":[],"class_list":{"0":"post-1340","1":"product","2":"type-product","3":"status-publish","4":"has-post-thumbnail","6":"product_cat-electric-pressure-fryers","8":"first","9":"instock","10":"shipping-taxable","11":"product-type-simple"},"_links":{"self":[{"href":"https:\/\/www.ccmmachine.com\/vi\/wp-json\/wp\/v2\/product\/1340","targetHints":{"allow":["GET"]}}],"collection":[{"href":"https:\/\/www.ccmmachine.com\/vi\/wp-json\/wp\/v2\/product"}],"about":[{"href":"https:\/\/www.ccmmachine.com\/vi\/wp-json\/wp\/v2\/types\/product"}],"wp:featuredmedia":[{"embeddable":true,"href":"https:\/\/www.ccmmachine.com\/vi\/wp-json\/wp\/v2\/media\/1568"}],"wp:attachment":[{"href":"https:\/\/www.ccmmachine.com\/vi\/wp-json\/wp\/v2\/media?parent=1340"}],"wp:term":[{"taxonomy":"product_brand","embeddable":true,"href":"https:\/\/www.ccmmachine.com\/vi\/wp-json\/wp\/v2\/product_brand?post=1340"},{"taxonomy":"product_cat","embeddable":true,"href":"https:\/\/www.ccmmachine.com\/vi\/wp-json\/wp\/v2\/product_cat?post=1340"},{"taxonomy":"product_tag","embeddable":true,"href":"https:\/\/www.ccmmachine.com\/vi\/wp-json\/wp\/v2\/product_tag?post=1340"}],"curies":[{"name":"wp","href":"https:\/\/api.w.org\/{rel}","templated":true}]}}