{"id":1399,"date":"2024-03-21T03:58:46","date_gmt":"2024-03-21T03:58:46","guid":{"rendered":"https:\/\/www.ccmmachine.com\/?post_type=product&#038;p=1399"},"modified":"2024-03-21T03:59:18","modified_gmt":"2024-03-21T03:59:18","slug":"gaz-basincli-fritoz-pfg-500","status":"publish","type":"product","link":"https:\/\/www.ccmmachine.com\/tr\/product\/gas-pressure-fryer-pfg-500\/","title":{"rendered":"Gazl\u0131 Bas\u0131n\u00e7l\u0131 Frit\u00f6z PFG-500"},"content":{"rendered":"<h3 class=\"wp-block-heading\">TANIM<gwmw style=\"display:none;\"><\/gwmw><\/h3>\n\n\n\n<p>Gaz Bas\u0131n\u00e7l\u0131 K\u0131zarm\u0131\u015f Tavuk F\u0131r\u0131n\u0131 serisi, firmam\u0131z taraf\u0131ndan geli\u015ftirilen, yurt d\u0131\u015f\u0131ndan ileri teknolojiyi i\u00e7eren bir cihaz serisidir. Bu f\u0131r\u0131nlar, hem Bat\u0131 hem de geleneksel \u00c7in tavuk k\u0131zartma y\u00f6ntemlerini dikkate alarak, k\u0131zarm\u0131\u015f tavuk \u00fcretimi i\u00e7in \u00f6zel olarak tasarlanm\u0131\u015ft\u0131r. F\u0131r\u0131n\u0131n t\u00fcm g\u00f6vdesi paslanmaz \u00e7elikten yap\u0131lm\u0131\u015ft\u0131r ve elektronik zamanlama ve egzoz bas\u0131nc\u0131yla otomatik s\u0131cakl\u0131k kontrol\u00fc \u00f6zelliklerine sahiptir. D\u00fc\u015f\u00fck s\u0131cakl\u0131k, y\u00fcksek bas\u0131n\u00e7 prensibini kullanan f\u0131r\u0131nlar\u0131m\u0131z, parlak renkte, \u00e7\u0131t\u0131r, yumu\u015fak k\u0131zarm\u0131\u015f yiyecekler \u00fcretir. Tavu\u011fun yan\u0131 s\u0131ra \u00f6rdek, bal\u0131k, domuz eti, s\u0131\u011f\u0131r eti, koyun eti, patates ve di\u011fer sebzeleri k\u0131zartmak i\u00e7in de kullan\u0131labilirler. F\u0131r\u0131nlar\u0131m\u0131z ma\u011fazalar, oteller, fast food restoranlar\u0131, snack barlar, fabrika kantinleri gibi \u00e7e\u015fitli i\u015fletmelerde ve hatta serbest meslek sahibi bireylerin kullan\u0131m\u0131na uygundur. \u00c7al\u0131\u015ft\u0131r\u0131lmas\u0131 kolay, temiz ve son derece verimli olmalar\u0131, onlar\u0131 mevcut en yeni ve en geli\u015fmi\u015f g\u0131da i\u015fleme makine ve ekipmanlar\u0131 haline getiriyor.<\/p>\n\n\n\n<h3 class=\"wp-block-heading\"><strong>\u00d6zellikler:<\/strong><gwmw style=\"display:none;\"><\/gwmw><\/h3>\n\n\n\n<p>1. Tamam\u0131 paslanmaz \u00e7elik g\u00f6vde, y\u0131kanmas\u0131 ve silinmesi kolayd\u0131r, uzun \u00f6m\u00fcrl\u00fcd\u00fcr.<br>2. Al\u00fcminyum kapak, sa\u011flam ve hafif, a\u00e7\u0131lmas\u0131 ve kapat\u0131lmas\u0131 kolayd\u0131r.<br>3. Dahili otomatik filtreleme sistemi, kullan\u0131m\u0131 kolay ve enerji tasarruflu.<br>4. Fren fonksiyonu, hareket kolayl\u0131\u011f\u0131 ve konumland\u0131rma ile birlikte d\u00f6rt tekerlek ta\u015f\u0131ma kapasitesi.<br>5. Makine panelinin kontrol paneli, dayan\u0131kl\u0131 ve de\u011fi\u015ftirilmesi kolayd\u0131r.<\/p>\n\n\n\n<figure class=\"wp-block-image size-full is-resized\"><img decoding=\"async\" width=\"1000\" height=\"714\" src=\"https:\/\/www.ccmmachine.com\/wp-content\/uploads\/2024\/03\/Hot-Selling-Commercial-Henny-Penny-Kfc-Gas-Pfg-500-Pressure-Fryer-1.webp\" alt=\"\" class=\"wp-image-1570\" style=\"width:840px;height:auto\" srcset=\"https:\/\/www.ccmmachine.com\/wp-content\/uploads\/2024\/03\/Hot-Selling-Commercial-Henny-Penny-Kfc-Gas-Pfg-500-Pressure-Fryer-1.webp 1000w, https:\/\/www.ccmmachine.com\/wp-content\/uploads\/2024\/03\/Hot-Selling-Commercial-Henny-Penny-Kfc-Gas-Pfg-500-Pressure-Fryer-1-800x571.webp 800w\" sizes=\"(max-width: 1000px) 100vw, 1000px\" \/><\/figure>\n\n\n\n<figure class=\"wp-block-image size-large\"><img decoding=\"async\" width=\"647\" height=\"1024\" src=\"https:\/\/www.ccmmachine.com\/wp-content\/uploads\/2024\/03\/Hot-Selling-Commercial-Henny-Penny-Kfc-Gas-Pfg-500-Pressure-Fryer-2-647x1024.webp\" alt=\"\" class=\"wp-image-1571\" srcset=\"https:\/\/www.ccmmachine.com\/wp-content\/uploads\/2024\/03\/Hot-Selling-Commercial-Henny-Penny-Kfc-Gas-Pfg-500-Pressure-Fryer-2-647x1024.webp 647w, https:\/\/www.ccmmachine.com\/wp-content\/uploads\/2024\/03\/Hot-Selling-Commercial-Henny-Penny-Kfc-Gas-Pfg-500-Pressure-Fryer-2-800x1266.webp 800w, https:\/\/www.ccmmachine.com\/wp-content\/uploads\/2024\/03\/Hot-Selling-Commercial-Henny-Penny-Kfc-Gas-Pfg-500-Pressure-Fryer-2-190x300.webp 190w, https:\/\/www.ccmmachine.com\/wp-content\/uploads\/2024\/03\/Hot-Selling-Commercial-Henny-Penny-Kfc-Gas-Pfg-500-Pressure-Fryer-2-768x1215.webp 768w, https:\/\/www.ccmmachine.com\/wp-content\/uploads\/2024\/03\/Hot-Selling-Commercial-Henny-Penny-Kfc-Gas-Pfg-500-Pressure-Fryer-2-971x1536.webp 971w, https:\/\/www.ccmmachine.com\/wp-content\/uploads\/2024\/03\/Hot-Selling-Commercial-Henny-Penny-Kfc-Gas-Pfg-500-Pressure-Fryer-2-8x12.webp 8w, https:\/\/www.ccmmachine.com\/wp-content\/uploads\/2024\/03\/Hot-Selling-Commercial-Henny-Penny-Kfc-Gas-Pfg-500-Pressure-Fryer-2.webp 1000w\" sizes=\"(max-width: 647px) 100vw, 647px\" \/><\/figure>\n\n\n\n<figure class=\"wp-block-image size-full\"><img decoding=\"async\" width=\"740\" height=\"640\" src=\"https:\/\/www.ccmmachine.com\/wp-content\/uploads\/2024\/03\/Hot-Selling-Commercial-Henny-Penny-Kfc-Gas-Pfg-500-Pressure-Fryer-3.webp\" alt=\"\" class=\"wp-image-1572\" srcset=\"https:\/\/www.ccmmachine.com\/wp-content\/uploads\/2024\/03\/Hot-Selling-Commercial-Henny-Penny-Kfc-Gas-Pfg-500-Pressure-Fryer-3.webp 740w, https:\/\/www.ccmmachine.com\/wp-content\/uploads\/2024\/03\/Hot-Selling-Commercial-Henny-Penny-Kfc-Gas-Pfg-500-Pressure-Fryer-3-700x605.webp 700w, https:\/\/www.ccmmachine.com\/wp-content\/uploads\/2024\/03\/Hot-Selling-Commercial-Henny-Penny-Kfc-Gas-Pfg-500-Pressure-Fryer-3-300x259.webp 300w, https:\/\/www.ccmmachine.com\/wp-content\/uploads\/2024\/03\/Hot-Selling-Commercial-Henny-Penny-Kfc-Gas-Pfg-500-Pressure-Fryer-3-14x12.webp 14w\" sizes=\"(max-width: 740px) 100vw, 740px\" \/><\/figure>","protected":false},"excerpt":{"rendered":"<p>DESCRIPTION The\u00a0Gas\u00a0Pressure\u00a0Fried\u00a0Chicken\u00a0Furnace series\u00a0is a line of\u00a0devices\u00a0developed\u00a0by our\u00a0company,\u00a0incorporating advanced technology\u00a0from abroad. These\u00a0ovens\u00a0are designed\u00a0specifically\u00a0for\u00a0the\u00a0production of\u00a0fried chicken,\u00a0taking\u00a0into account\u00a0both Western and traditional Chinese\u00a0methods of\u00a0roasting\u00a0chicken. The entire\u00a0body of\u00a0the oven is\u00a0made of stainless steel\u00a0and features electronic timing and automatic temperature control\u00a0with\u00a0exhaust pressure.\u00a0By utilizing\u00a0the\u00a0low-temperature high-pressure principle,\u00a0our\u00a0ovens\u00a0produce\u00a0crispy\u00a0and tender\u00a0fried food with a\u00a0bright color. In addition to chicken, they\u00a0can also\u00a0be\u00a0used\u00a0to fry\u00a0duck, fish, pork, beef, mutton,\u00a0potatoes,\u00a0and [&#8230;]\n","protected":false},"featured_media":1573,"template":"","meta":[],"product_brand":[],"product_cat":[86],"product_tag":[],"class_list":{"0":"post-1399","1":"product","2":"type-product","3":"status-publish","4":"has-post-thumbnail","6":"product_cat-gas-pressure-fryers","8":"first","9":"instock","10":"shipping-taxable","11":"product-type-simple"},"_links":{"self":[{"href":"https:\/\/www.ccmmachine.com\/tr\/wp-json\/wp\/v2\/product\/1399","targetHints":{"allow":["GET"]}}],"collection":[{"href":"https:\/\/www.ccmmachine.com\/tr\/wp-json\/wp\/v2\/product"}],"about":[{"href":"https:\/\/www.ccmmachine.com\/tr\/wp-json\/wp\/v2\/types\/product"}],"wp:featuredmedia":[{"embeddable":true,"href":"https:\/\/www.ccmmachine.com\/tr\/wp-json\/wp\/v2\/media\/1573"}],"wp:attachment":[{"href":"https:\/\/www.ccmmachine.com\/tr\/wp-json\/wp\/v2\/media?parent=1399"}],"wp:term":[{"taxonomy":"product_brand","embeddable":true,"href":"https:\/\/www.ccmmachine.com\/tr\/wp-json\/wp\/v2\/product_brand?post=1399"},{"taxonomy":"product_cat","embeddable":true,"href":"https:\/\/www.ccmmachine.com\/tr\/wp-json\/wp\/v2\/product_cat?post=1399"},{"taxonomy":"product_tag","embeddable":true,"href":"https:\/\/www.ccmmachine.com\/tr\/wp-json\/wp\/v2\/product_tag?post=1399"}],"curies":[{"name":"wp","href":"https:\/\/api.w.org\/{rel}","templated":true}]}}