{"id":1349,"date":"2024-03-21T04:17:59","date_gmt":"2024-03-21T04:17:59","guid":{"rendered":"https:\/\/www.ccmmachine.com\/?post_type=product&#038;p=1349"},"modified":"2024-03-21T04:18:02","modified_gmt":"2024-03-21T04:18:02","slug":"basincli-fritoz-mdxz-24c","status":"publish","type":"product","link":"https:\/\/www.ccmmachine.com\/tr\/product\/pressure-fryer-mdxz-24c\/","title":{"rendered":"Bas\u0131n\u00e7l\u0131 Frit\u00f6z MDXZ-24C"},"content":{"rendered":"<p>Bu b\u00f6l\u00fcm bas\u0131n\u00e7l\u0131 frit\u00f6z, Bat\u0131 ve geleneksel \u00c7in k\u0131zartma tavu\u011funun \u00f6zelliklerine g\u00f6re en son k\u0131zarm\u0131\u015f tavuk f\u0131r\u0131n\u0131 k\u0131zarm\u0131\u015f tavuk \u00fcretim s\u00fcrecinin yabanc\u0131 ileri teknolojiyi, geli\u015ftirmesini ve \u00fcretimini benimseyen \u015firkettir. Paslanmaz \u00e7elikten yap\u0131lm\u0131\u015f t\u00fcm g\u00f6vde, elektronik zamanlama, otomatik s\u0131cakl\u0131k kontrol\u00fc egzoz bas\u0131nc\u0131.<\/p>\n\n\n\n<p>D\u00fc\u015f\u00fck s\u0131cakl\u0131kta y\u00fcksek bas\u0131n\u00e7 prensibini kullanarak, k\u0131zarm\u0131\u015f yiyeceklerin d\u0131\u015f\u0131 gevrek ve yumu\u015fak, parlak renkli, ayn\u0131 zamanda k\u0131zarm\u0131\u015f \u00f6rdek, bal\u0131k, domuz eti, kuzu eti ve di\u011fer et ve patates ve di\u011fer sebzeler. T\u00fcm b\u00fcy\u00fck ma\u011fazalar, oteller, fast food restoranlar\u0131, snack barlar, fabrika kantinleri ve serbest meslek sahibi haneler i\u00e7in ge\u00e7erlidir. \u00d6zel i\u015flem basit, temiz, kullan\u0131m\u0131 kolay, y\u00fcksek verimlilik ve dayan\u0131kl\u0131l\u0131kt\u0131r, en son g\u0131da i\u015fleme makine ve ekipman\u0131 t\u00fcr\u00fcd\u00fcr.<gwmw style=\"display:none;\"><\/gwmw><\/p>\n\n\n\n<h3 class=\"wp-block-heading\"><strong>\u00d6zellikler:<\/strong><gwmw style=\"display:none;\"><\/gwmw><\/h3>\n\n\n\n<p>1. Tamam\u0131 paslanmaz \u00e7elik g\u00f6vde, y\u0131kanmas\u0131 ve silinmesi kolayd\u0131r, uzun \u00f6m\u00fcrl\u00fcd\u00fcr.<br>2 al\u00fcminyum kapak, sa\u011flam ve hafif, a\u00e7\u0131lmas\u0131 ve kapat\u0131lmas\u0131 kolayd\u0131r.<br>3 d\u00f6rt tekerlek ta\u015f\u0131ma kapasitesi, fren fonksiyonu, hareket kolayl\u0131\u011f\u0131 ve konumland\u0131rma ile birlikte.<br>4. Mekanik alet kontrol i\u015flemi basit, kolay, \u015f\u0131k ve hassast\u0131r.<gwmw style=\"display:none;\"><\/gwmw><gwmw style=\"display:none;\"><\/gwmw><\/p>\n\n\n\n<figure class=\"wp-block-table\"><table><tbody><tr><td>\u0130sim<\/td><td>Elektrikli bas\u0131n\u00e7l\u0131 frit\u00f6z<\/td><\/tr><tr><td>isim<\/td><td>MDXZ-24<\/td><\/tr><tr><td>Gerilim<\/td><td>3N\/380V\/50Hz<\/td><\/tr><tr><td>G\u00fc\u00e7<\/td><td>12 kW<\/td><\/tr><tr><td>Kontrol s\u0131cakl\u0131\u011f\u0131 aral\u0131\u011f\u0131<\/td><td>90-190\u00b0C<\/td><\/tr><tr><td>Boyut<\/td><td>960\u00d7460\u00d71230mm<\/td><\/tr><tr><td>Paket boyutu<\/td><td>1030\u00d7510\u00d71300mm<\/td><\/tr><tr><td>Kapasite<\/td><td>24L<\/td><\/tr><tr><td>A\u011f\u0131rl\u0131k<\/td><td>110kg<\/td><\/tr><tr><td>Br\u00fct a\u011f\u0131rl\u0131k<\/td><td>135kg<\/td><\/tr><tr><td>Kontrol Paneli<\/td><td>manuel paneli<\/td><\/tr><\/tbody><\/table><\/figure>\n\n\n\n<p><gwmw style=\"display:none;\"><\/gwmw><\/p>","protected":false},"excerpt":{"rendered":"<p>This section pressure fryer is the company absorbing foreign advanced technology, development and production of the latest fried chicken oven fried chicken production process according to the characteristics of Western and traditional Chinese roast chicken. The whole body of stainless steel, electronic timing, automatic temperature control exhaust pressure. Using low-temperature high-pressure principle, fried food crisp [&#8230;]\n","protected":false},"featured_media":1582,"template":"","meta":[],"product_brand":[],"product_cat":[85],"product_tag":[],"class_list":{"0":"post-1349","1":"product","2":"type-product","3":"status-publish","4":"has-post-thumbnail","6":"product_cat-electric-pressure-fryers","8":"first","9":"instock","10":"shipping-taxable","11":"product-type-simple"},"_links":{"self":[{"href":"https:\/\/www.ccmmachine.com\/tr\/wp-json\/wp\/v2\/product\/1349","targetHints":{"allow":["GET"]}}],"collection":[{"href":"https:\/\/www.ccmmachine.com\/tr\/wp-json\/wp\/v2\/product"}],"about":[{"href":"https:\/\/www.ccmmachine.com\/tr\/wp-json\/wp\/v2\/types\/product"}],"wp:featuredmedia":[{"embeddable":true,"href":"https:\/\/www.ccmmachine.com\/tr\/wp-json\/wp\/v2\/media\/1582"}],"wp:attachment":[{"href":"https:\/\/www.ccmmachine.com\/tr\/wp-json\/wp\/v2\/media?parent=1349"}],"wp:term":[{"taxonomy":"product_brand","embeddable":true,"href":"https:\/\/www.ccmmachine.com\/tr\/wp-json\/wp\/v2\/product_brand?post=1349"},{"taxonomy":"product_cat","embeddable":true,"href":"https:\/\/www.ccmmachine.com\/tr\/wp-json\/wp\/v2\/product_cat?post=1349"},{"taxonomy":"product_tag","embeddable":true,"href":"https:\/\/www.ccmmachine.com\/tr\/wp-json\/wp\/v2\/product_tag?post=1349"}],"curies":[{"name":"wp","href":"https:\/\/api.w.org\/{rel}","templated":true}]}}