{"id":1345,"date":"2024-03-21T04:03:01","date_gmt":"2024-03-21T04:03:01","guid":{"rendered":"https:\/\/www.ccmmachine.com\/?post_type=product&#038;p=1345"},"modified":"2024-03-21T04:03:05","modified_gmt":"2024-03-21T04:03:05","slug":"elektrikli-basincli-fritoz-pfe-500","status":"publish","type":"product","link":"https:\/\/www.ccmmachine.com\/tr\/product\/electric-pressure-fryer-pfe-500\/","title":{"rendered":"Elektrikli Bas\u0131n\u00e7l\u0131 Frit\u00f6z PFE-500"},"content":{"rendered":"<p>Bu seri Amerikan k\u0131zarm\u0131\u015f tavuk f\u0131r\u0131n\u0131, en yeni k\u0131zarm\u0131\u015f tavuk f\u0131r\u0131n\u0131n\u0131n geli\u015ftirilmesinde ve \u00fcretiminde Bat\u0131 ve geleneksel \u00c7in k\u0131zarm\u0131\u015f tavuk tavu\u011funun \u00fcretim s\u00fcreci \u00f6zelliklerine g\u00f6re, yabanc\u0131 ileri teknolojiyi \u00f6z\u00fcmseyen bir \u015firkettir. Paslanmaz \u00e7elikten yap\u0131lm\u0131\u015f t\u00fcm g\u00f6vde, basit kullan\u0131m, otomatik s\u0131cakl\u0131k kontrol\u00fc egzoz bas\u0131nc\u0131.<br>D\u00fc\u015f\u00fck s\u0131cakl\u0131kta y\u00fcksek bas\u0131n\u00e7 prensiplerini kullanarak, k\u0131zarm\u0131\u015f yiyeceklerin d\u0131\u015f\u0131 gevrek ve yumu\u015fak, parlak renklidir, ayn\u0131 zamanda k\u0131zarm\u0131\u015f \u00f6rdek, k\u0131zarm\u0131\u015f tavuk, k\u0131zarm\u0131\u015f tavuk, tavuk kanad\u0131, bal\u0131k, domuz eti ve di\u011fer et ve patates ve di\u011fer sebzeler. T\u00fcm b\u00fcy\u00fck ma\u011fazalara, otellere, fast food restoranlar\u0131na, snack barlara, fabrika kantinlerine ve serbest meslek sahibi hanelere uygulanabilir. Basit kullan\u0131m, temiz, kullan\u0131m\u0131 kolay, y\u00fcksek verimlilik, dayan\u0131kl\u0131l\u0131k ve di\u011fer \u00f6zelliklerle. En son g\u0131da i\u015fleme makine ve ekipman\u0131 t\u00fcr\u00fcd\u00fcr.<gwmw style=\"display:none;\"><\/gwmw><\/p>\n\n\n\n<h3 class=\"wp-block-heading\"><strong>\u00d6zellikler:<\/strong><gwmw style=\"display:none;\"><\/gwmw><\/h3>\n\n\n\n<p>1, t\u00fcm paslanmaz \u00e7elik g\u00f6vde, y\u0131kanmas\u0131 kolay ve uzun servis \u00f6mr\u00fc silin.<br>2, al\u00fcminyum kapak, sa\u011flam ve hafif, a\u00e7\u0131lmas\u0131 ve kapat\u0131lmas\u0131 kolayd\u0131r.<br>3, dahili filtreleme sistemi, kullan\u0131m\u0131 kolay ve enerji tasarruflu.<br>4, fren fonksiyonu, hareket kolayl\u0131\u011f\u0131 ve konumland\u0131rma ile birlikte ta\u015f\u0131ma kapasitesi olan d\u00f6rt tekerlek.<br>5, klasik makine kontrol paneli, daha kolay ve daha verimli.<\/p>\n\n\n\n<figure class=\"wp-block-table\"><table><tbody><tr><td>\u0130sim<\/td><td>Elektrikli bas\u0131n\u00e7l\u0131 frit\u00f6z<\/td><\/tr><tr><td>isim<\/td><td>PFE-500<\/td><\/tr><tr><td>Gerilim<\/td><td>~3N380v\/50Hz\uff08~3N220v\/60Hz\uff09<\/td><\/tr><tr><td>G\u00fc\u00e7<\/td><td>13,5 kW<\/td><\/tr><tr><td>Kontrol s\u0131cakl\u0131\u011f\u0131 aral\u0131\u011f\u0131<\/td><td>20-200\u00b0C<\/td><\/tr><tr><td>Boyut<\/td><td>960\u00d7460\u00d71230mm<\/td><\/tr><tr><td>Paket boyutu<\/td><td>1030\u00d7510\u00d71300mm<\/td><\/tr><tr><td>Kapasite<\/td><td>24L<\/td><\/tr><tr><td>A\u011f\u0131rl\u0131k<\/td><td>135kg<\/td><\/tr><tr><td>Br\u00fct a\u011f\u0131rl\u0131k<\/td><td>155kg<\/td><\/tr><tr><td>Kontrol Paneli<\/td><td>manuel paneli<\/td><\/tr><\/tbody><\/table><\/figure>\n\n\n\n<figure class=\"wp-block-image size-full\"><img decoding=\"async\" width=\"740\" height=\"300\" src=\"https:\/\/www.ccmmachine.com\/wp-content\/uploads\/2024\/03\/Electric-Pressure-fryer-PFE-500-001.webp\" alt=\"\" class=\"wp-image-1577\" srcset=\"https:\/\/www.ccmmachine.com\/wp-content\/uploads\/2024\/03\/Electric-Pressure-fryer-PFE-500-001.webp 740w, https:\/\/www.ccmmachine.com\/wp-content\/uploads\/2024\/03\/Electric-Pressure-fryer-PFE-500-001-700x284.webp 700w, https:\/\/www.ccmmachine.com\/wp-content\/uploads\/2024\/03\/Electric-Pressure-fryer-PFE-500-001-300x122.webp 300w, https:\/\/www.ccmmachine.com\/wp-content\/uploads\/2024\/03\/Electric-Pressure-fryer-PFE-500-001-18x7.webp 18w\" sizes=\"(max-width: 740px) 100vw, 740px\" \/><\/figure>\n\n\n\n<figure class=\"wp-block-image size-full\"><img decoding=\"async\" width=\"472\" height=\"461\" src=\"https:\/\/www.ccmmachine.com\/wp-content\/uploads\/2024\/03\/Electric-Pressure-fryer-PFE-500-002.webp\" alt=\"\" class=\"wp-image-1578\" srcset=\"https:\/\/www.ccmmachine.com\/wp-content\/uploads\/2024\/03\/Electric-Pressure-fryer-PFE-500-002.webp 472w, https:\/\/www.ccmmachine.com\/wp-content\/uploads\/2024\/03\/Electric-Pressure-fryer-PFE-500-002-300x293.webp 300w, https:\/\/www.ccmmachine.com\/wp-content\/uploads\/2024\/03\/Electric-Pressure-fryer-PFE-500-002-12x12.webp 12w\" sizes=\"(max-width: 472px) 100vw, 472px\" \/><\/figure>\n\n\n\n<p><gwmw style=\"display:none;\"><\/gwmw><\/p>","protected":false},"excerpt":{"rendered":"<p>This series American fried chicken oven is a company absorbing the foreign advanced technology, according to the production process characteristics of Western and traditional Chinese chicken fried chicken in the development and production of the latest fried chicken oven. The whole body of stainless steel, simple operation, automatic temperature control exhaust pressure.Using low-temperature high-pressure principles, [&#8230;]\n","protected":false},"featured_media":1576,"template":"","meta":[],"product_brand":[],"product_cat":[85],"product_tag":[],"class_list":{"0":"post-1345","1":"product","2":"type-product","3":"status-publish","4":"has-post-thumbnail","6":"product_cat-electric-pressure-fryers","8":"first","9":"instock","10":"shipping-taxable","11":"product-type-simple"},"_links":{"self":[{"href":"https:\/\/www.ccmmachine.com\/tr\/wp-json\/wp\/v2\/product\/1345","targetHints":{"allow":["GET"]}}],"collection":[{"href":"https:\/\/www.ccmmachine.com\/tr\/wp-json\/wp\/v2\/product"}],"about":[{"href":"https:\/\/www.ccmmachine.com\/tr\/wp-json\/wp\/v2\/types\/product"}],"wp:featuredmedia":[{"embeddable":true,"href":"https:\/\/www.ccmmachine.com\/tr\/wp-json\/wp\/v2\/media\/1576"}],"wp:attachment":[{"href":"https:\/\/www.ccmmachine.com\/tr\/wp-json\/wp\/v2\/media?parent=1345"}],"wp:term":[{"taxonomy":"product_brand","embeddable":true,"href":"https:\/\/www.ccmmachine.com\/tr\/wp-json\/wp\/v2\/product_brand?post=1345"},{"taxonomy":"product_cat","embeddable":true,"href":"https:\/\/www.ccmmachine.com\/tr\/wp-json\/wp\/v2\/product_cat?post=1345"},{"taxonomy":"product_tag","embeddable":true,"href":"https:\/\/www.ccmmachine.com\/tr\/wp-json\/wp\/v2\/product_tag?post=1345"}],"curies":[{"name":"wp","href":"https:\/\/api.w.org\/{rel}","templated":true}]}}