{"id":1292,"date":"2024-03-21T02:29:27","date_gmt":"2024-03-21T02:29:27","guid":{"rendered":"https:\/\/www.ccmmachine.com\/?post_type=product&#038;p=1292"},"modified":"2024-03-21T02:29:30","modified_gmt":"2024-03-21T02:29:30","slug":"gaz-basincli-fritoz-pfg-600l","status":"publish","type":"product","link":"https:\/\/www.ccmmachine.com\/tr\/product\/gas-pressure-fryer-pfg-600l\/","title":{"rendered":"Gaz bas\u0131n\u00e7l\u0131 frit\u00f6z PFG-600L"},"content":{"rendered":"<p><strong>\u00dcr\u00fcn A\u00e7\u0131klamas\u0131:<\/strong><\/p>\n\n\n\n<ol class=\"wp-block-list\">\n<li>Tamam\u0131 paslanmaz \u00e7elik g\u00f6vdenin y\u0131kanmas\u0131 ve silinmesi kolayd\u0131r ve uzun \u00f6m\u00fcrl\u00fcd\u00fcr.<\/li>\n\n\n\n<li>al\u00fcminyum kapak sa\u011flam ve hafiftir, a\u00e7\u0131lmas\u0131 ve kapanmas\u0131 kolayd\u0131r.<\/li>\n\n\n\n<li>Kullan\u0131m\u0131 kolay ve enerji tasarruflu dahili otomatik ya\u011f filtre sistemi.<\/li>\n\n\n\n<li>D\u00f6rt tekerlek ta\u015f\u0131ma kapasitesi ile birlikte fren fonksiyonu ile hareket ve konumland\u0131rma kolayl\u0131\u011f\u0131 sa\u011flar.<\/li>\n\n\n\n<li>LCD kontrol paneli hassas ve g\u00fczeldir.<\/li>\n<\/ol>\n\n\n\n<p>Gaz bas\u0131nc\u0131, Bat\u0131 ve geleneksel \u00c7in k\u0131zartma tavu\u011funun \u00f6zelliklerine g\u00f6re en son k\u0131zarm\u0131\u015f tavuk f\u0131r\u0131n\u0131 k\u0131zarm\u0131\u015f tavuk \u00fcretim s\u00fcrecinin yabanc\u0131 ileri teknoloji, geli\u015ftirme ve \u00fcretimini emen \u015firkettir. Paslanmaz \u00e7elikten yap\u0131lm\u0131\u015f t\u00fcm g\u00f6vde, LCD bilgisayar kontrol sistemi otomatik s\u0131cakl\u0131k kontrol\u00fc, bas\u0131n\u00e7 kontrol\u00fc, egzoz. D\u00fc\u015f\u00fck s\u0131cakl\u0131kta y\u00fcksek bas\u0131n\u00e7 prensibini kullanarak, k\u0131zarm\u0131\u015f yiyeceklerin d\u0131\u015f\u0131 gevrek ve yumu\u015fak, parlak renklidir, ayn\u0131 zamanda k\u0131zarm\u0131\u015f \u00f6rdek, bal\u0131k, domuz eti, s\u0131\u011f\u0131r eti, koyun eti ve di\u011fer et ve patates ve di\u011fer sebzeler. T\u00fcm b\u00fcy\u00fck ma\u011fazalar, oteller, fast food restoranlar\u0131, snack barlar, fabrika kantinleri ve serbest meslek sahibi haneler i\u00e7in ge\u00e7erlidir. \u00d6zel \u00e7al\u0131\u015fma basit, temiz, kullan\u0131m\u0131 kolay, y\u00fcksek verimlilik, dayan\u0131kl\u0131l\u0131k ve di\u011fer \u00f6zellikler, en son g\u0131da i\u015fleme makine ve ekipman\u0131 t\u00fcr\u00fcd\u00fcr.<\/p>\n\n\n\n<figure class=\"wp-block-table\"><table><tbody><tr><td><strong>\u0130sim<\/strong><\/td><td>gaz bas\u0131n\u00e7l\u0131 frit\u00f6z<\/td><\/tr><tr><td><strong>Modeli<\/strong><\/td><td>PFG-600L<\/td><\/tr><tr><td><strong>\u00c7al\u0131\u015fma bas\u0131nc\u0131<\/strong><\/td><td>0.085Mpa<\/td><\/tr><tr><td><strong>Kontrol s\u0131cakl\u0131\u011f\u0131 aral\u0131\u011f\u0131<\/strong><\/td><td>20~200\u00b0C<\/td><\/tr><tr><td><strong>Gaz t\u00fcketimi<\/strong><\/td><td>yakla\u015f\u0131k 0,48 kg\/saat (bekleme s\u00fcresi dahil)<\/td><\/tr><tr><td><strong>Gerilim<\/strong><\/td><td>&nbsp;~220V\/50Hz-60Hz<\/td><\/tr><tr><td><strong>Yak\u0131t<\/strong><\/td><td>LPG\/Do\u011fal gaz<\/td><\/tr><tr><td><strong>Boyut<\/strong><\/td><td>460\u00d7960\u00d71230mm<\/td><\/tr><tr><td><strong>Paket boyutu<\/strong><\/td><td>510\u00d71030\u00d71300mm<\/td><\/tr><tr><td><strong>Kapasite<\/strong><\/td><td>24L<\/td><\/tr><tr><td><strong>A\u011f\u0131rl\u0131k<\/strong><\/td><td>135kg<\/td><\/tr><tr><td><strong>Br\u00fct a\u011f\u0131rl\u0131k<\/strong><\/td><td>155kg<\/td><\/tr><tr><td><strong>Kontrol Paneli<\/strong><\/td><td>LCD<\/td><\/tr><\/tbody><\/table><\/figure>\n\n\n\n<figure class=\"wp-block-image\"><img decoding=\"async\" src=\"https:\/\/www.ccmmachine.com\/wp-content\/uploads\/2019\/08\/Electric-Pressure-fryer-PFE-600L-001.jpg\" alt=\"\" class=\"wp-image-1304\"\/><\/figure>","protected":false},"excerpt":{"rendered":"<p>Product Description\uff1a Gas pressure is the company absorbing foreign advanced technology, development, and production of the latest fried chicken oven fried chicken production process according to the characteristics of Western and traditional Chinese roast chicken. The whole body of stainless steel, LCD computer control system automatic temperature control, pressure control, exhaust. Using low-temperature high-pressure principle, [&#8230;]\n","protected":false},"featured_media":1560,"template":"","meta":[],"product_brand":[],"product_cat":[86],"product_tag":[],"class_list":{"0":"post-1292","1":"product","2":"type-product","3":"status-publish","4":"has-post-thumbnail","6":"product_cat-gas-pressure-fryers","8":"first","9":"instock","10":"shipping-taxable","11":"product-type-simple"},"_links":{"self":[{"href":"https:\/\/www.ccmmachine.com\/tr\/wp-json\/wp\/v2\/product\/1292","targetHints":{"allow":["GET"]}}],"collection":[{"href":"https:\/\/www.ccmmachine.com\/tr\/wp-json\/wp\/v2\/product"}],"about":[{"href":"https:\/\/www.ccmmachine.com\/tr\/wp-json\/wp\/v2\/types\/product"}],"wp:featuredmedia":[{"embeddable":true,"href":"https:\/\/www.ccmmachine.com\/tr\/wp-json\/wp\/v2\/media\/1560"}],"wp:attachment":[{"href":"https:\/\/www.ccmmachine.com\/tr\/wp-json\/wp\/v2\/media?parent=1292"}],"wp:term":[{"taxonomy":"product_brand","embeddable":true,"href":"https:\/\/www.ccmmachine.com\/tr\/wp-json\/wp\/v2\/product_brand?post=1292"},{"taxonomy":"product_cat","embeddable":true,"href":"https:\/\/www.ccmmachine.com\/tr\/wp-json\/wp\/v2\/product_cat?post=1292"},{"taxonomy":"product_tag","embeddable":true,"href":"https:\/\/www.ccmmachine.com\/tr\/wp-json\/wp\/v2\/product_tag?post=1292"}],"curies":[{"name":"wp","href":"https:\/\/api.w.org\/{rel}","templated":true}]}}