{"id":1285,"date":"2024-03-21T02:33:56","date_gmt":"2024-03-21T02:33:56","guid":{"rendered":"https:\/\/www.ccmmachine.com\/?post_type=product&#038;p=1285"},"modified":"2024-03-21T02:34:00","modified_gmt":"2024-03-21T02:34:00","slug":"elektrikli-basincli-fritoz-pfe-600l","status":"publish","type":"product","link":"https:\/\/www.ccmmachine.com\/tr\/product\/electric-pressure-fryer-pfe-600l\/","title":{"rendered":"Elektrikli Bas\u0131n\u00e7l\u0131 frit\u00f6z PFE-600L"},"content":{"rendered":"<h3 class=\"wp-block-heading\"><strong>\u00dcr\u00fcn A\u00e7\u0131klamas\u0131:<\/strong> <\/h3>\n\n\n\n<ul class=\"wp-block-list\">\n<li>Tamam\u0131 paslanmaz \u00e7elik g\u00f6vdenin y\u0131kanmas\u0131 ve silinmesi kolayd\u0131r ve uzun \u00f6m\u00fcrl\u00fcd\u00fcr. <\/li>\n\n\n\n<li>Tamam\u0131 al\u00fcminyum kapaklar sa\u011flam ve hafiftir, kolay a\u00e7\u0131l\u0131r ve kapan\u0131r. <\/li>\n\n\n\n<li>Dahili otomatik filtreleme sisteminin kullan\u0131m\u0131 kolayd\u0131r ve enerji tasarrufludur. <\/li>\n<\/ul>\n\n\n\n<p>Bu seri Amerikan k\u0131zarm\u0131\u015f tavuk f\u0131r\u0131n\u0131, en son k\u0131zarm\u0131\u015f tavuk f\u0131r\u0131n\u0131n\u0131n geli\u015ftirilmesinde ve \u00fcretiminde Bat\u0131 ve geleneksel \u00c7in tavuk k\u0131zarm\u0131\u015f tavuk \u00fcretim s\u00fcreci \u00f6zelliklerine g\u00f6re, yabanc\u0131 ileri teknolojiyi \u00f6z\u00fcmseyen \u015firkettir. Paslanmaz \u00e7elikten yap\u0131lm\u0131\u015f t\u00fcm g\u00f6vde, LCD bilgisayar kontrol paneli, basit kullan\u0131m, otomatik s\u0131cakl\u0131k kontrol\u00fc egzoz bas\u0131nc\u0131. D\u00fc\u015f\u00fck s\u0131cakl\u0131kta y\u00fcksek bas\u0131n\u00e7 prensibini kullanarak, k\u0131zarm\u0131\u015f yiyeceklerin d\u0131\u015f\u0131 gevrek ve yumu\u015fak, parlak renklidir, ayn\u0131 zamanda k\u0131zarm\u0131\u015f \u00f6rdek, k\u0131zarm\u0131\u015f tavuk, k\u0131zarm\u0131\u015f tavuk, tavuk kanad\u0131, bal\u0131k, domuz eti ve di\u011fer et ve patates ve di\u011fer sebzeler. T\u00fcm b\u00fcy\u00fck ma\u011fazalar, oteller, fast food restoranlar\u0131, snack barlar, fabrika kantinleri ve serbest meslek sahibi haneler i\u00e7in ge\u00e7erlidir. Basit kullan\u0131m, temiz, kullan\u0131m\u0131 kolay, y\u00fcksek verimlilik, dayan\u0131kl\u0131l\u0131k ve di\u011fer \u00f6zelliklerle. En son tip g\u0131da i\u015fleme makine ve ekipman\u0131d\u0131r. <\/p>\n\n\n\n<p><strong>\u00d6zellikler:<\/strong> <\/p>\n\n\n\n<ul class=\"wp-block-list\">\n<li>Tamam\u0131 paslanmaz \u00e7elik g\u00f6vde, y\u0131kanmas\u0131 ve silinmesi kolay, uzun \u00f6m\u00fcrl\u00fcd\u00fcr. <\/li>\n\n\n\n<li>T\u00fcm al\u00fcminyum kapaklar sa\u011flam ve hafiftir, a\u00e7\u0131lmas\u0131 ve kapat\u0131lmas\u0131 kolayd\u0131r. <\/li>\n\n\n\n<li>Dahili otomatik filtreleme sistemi, kullan\u0131m\u0131 kolay ve enerji tasarrufludur. <\/li>\n\n\n\n<li>D\u00f6rt adet tekerlek ta\u015f\u0131ma kapasitesi ile birlikte fren fonksiyonu, hareket kolayl\u0131\u011f\u0131 ve konumland\u0131rma \u00f6zelli\u011fine sahiptir. <\/li>\n\n\n\n<li>LCD dijital ekran kontrol paneli daha do\u011fru ve daha g\u00fczel. <\/li>\n<\/ul>\n\n\n\n<figure class=\"wp-block-table\"><table><tbody><tr><td>\u0130sim<\/td><td>Elektrikli bas\u0131n\u00e7l\u0131 frit\u00f6z<\/td><\/tr><tr><td>isim<\/td><td>PFE-600L<\/td><\/tr><tr><td>Gerilim<\/td><td>~3N380v\/50Hz\uff08~3N220v\/60Hz\uff09<\/td><\/tr><tr><td>G\u00fc\u00e7<\/td><td>13,5 kW<\/td><\/tr><tr><td>Kontrol s\u0131cakl\u0131\u011f\u0131 aral\u0131\u011f\u0131<\/td><td>20-200\u00b0C<\/td><\/tr><tr><td>Boyut<\/td><td>960\u00d7460\u00d71230mm<\/td><\/tr><tr><td>Paket boyutu<\/td><td>1030\u00d7510\u00d71300mm<\/td><\/tr><tr><td>Kapasite<\/td><td>24L<\/td><\/tr><tr><td>A\u011f\u0131rl\u0131k<\/td><td>135kg<\/td><\/tr><tr><td>Br\u00fct a\u011f\u0131rl\u0131k<\/td><td>155kg<\/td><\/tr><tr><td>Kontrol Paneli<\/td><td>LED&#039;li kontrol paneli<\/td><\/tr><\/tbody><\/table><\/figure>\n\n\n\n<figure class=\"wp-block-image\"><img decoding=\"async\" src=\"https:\/\/www.ccmmachine.com\/wp-content\/uploads\/2019\/08\/Electric-Pressure-fryer-PFE-600L-001.jpg\" alt=\"\" class=\"wp-image-1304\"\/><\/figure>\n\n\n\n<figure class=\"wp-block-image\"><img decoding=\"async\" src=\"https:\/\/www.ccmmachine.com\/wp-content\/uploads\/2019\/08\/Electric-Pressure-fryer-PFE-600L-002.jpg\" alt=\"\" class=\"wp-image-1305\"\/><\/figure>","protected":false},"excerpt":{"rendered":"<p>Product Description\uff1a This series American fried chicken furnace is the company absorbing foreign advanced technology, according to the production process characteristics Western and traditional Chinese chicken fried chicken in the development and production of the latest fried chicken furnace. The whole body of stainless steel, LCD computer control panel, simple operation, automatic temperature control exhaust [&#8230;]\n","protected":false},"featured_media":1562,"template":"","meta":[],"product_brand":[],"product_cat":[85],"product_tag":[],"class_list":{"0":"post-1285","1":"product","2":"type-product","3":"status-publish","4":"has-post-thumbnail","6":"product_cat-electric-pressure-fryers","8":"first","9":"instock","10":"shipping-taxable","11":"product-type-simple"},"_links":{"self":[{"href":"https:\/\/www.ccmmachine.com\/tr\/wp-json\/wp\/v2\/product\/1285","targetHints":{"allow":["GET"]}}],"collection":[{"href":"https:\/\/www.ccmmachine.com\/tr\/wp-json\/wp\/v2\/product"}],"about":[{"href":"https:\/\/www.ccmmachine.com\/tr\/wp-json\/wp\/v2\/types\/product"}],"wp:featuredmedia":[{"embeddable":true,"href":"https:\/\/www.ccmmachine.com\/tr\/wp-json\/wp\/v2\/media\/1562"}],"wp:attachment":[{"href":"https:\/\/www.ccmmachine.com\/tr\/wp-json\/wp\/v2\/media?parent=1285"}],"wp:term":[{"taxonomy":"product_brand","embeddable":true,"href":"https:\/\/www.ccmmachine.com\/tr\/wp-json\/wp\/v2\/product_brand?post=1285"},{"taxonomy":"product_cat","embeddable":true,"href":"https:\/\/www.ccmmachine.com\/tr\/wp-json\/wp\/v2\/product_cat?post=1285"},{"taxonomy":"product_tag","embeddable":true,"href":"https:\/\/www.ccmmachine.com\/tr\/wp-json\/wp\/v2\/product_tag?post=1285"}],"curies":[{"name":"wp","href":"https:\/\/api.w.org\/{rel}","templated":true}]}}