{"id":1414,"date":"2024-03-21T02:08:47","date_gmt":"2024-03-21T02:08:47","guid":{"rendered":"https:\/\/www.ccmmachine.com\/?post_type=product&#038;p=1414"},"modified":"2024-03-21T02:08:51","modified_gmt":"2024-03-21T02:08:51","slug":"gasfritos-pfg-800","status":"publish","type":"product","link":"https:\/\/www.ccmmachine.com\/sv\/product\/gas-pressure-fryer-pfg-800\/","title":{"rendered":"Gasfrit\u00f6s PFG-800"},"content":{"rendered":"<p> Denna serie kycklingfrit\u00f6s anv\u00e4nder en l\u00e5gtemperatur- och h\u00f6gtrycksprincip, stekt mat knaprig utanf\u00f6r och m\u00f6r, ljus f\u00e4rg. Hela kroppen av rostfritt st\u00e5l, datorkontrollpanel, enkel man\u00f6vrering och automatisk temperaturkontroll av avgastryck. <\/p>\n\n\n\n<h3 class=\"wp-block-heading\"><strong>Huvuddrag<\/strong><\/h3>\n\n\n\n<ul class=\"wp-block-list\">\n<li>Helt rostfritt st\u00e5l, l\u00e4tt att reng\u00f6ra och torka av, med l\u00e5ng livsl\u00e4ngd. <\/li>\n\n\n\n<li>Aluminiumlock, robust och l\u00e4tt, l\u00e4tt att \u00f6ppna och st\u00e4nga. <\/li>\n\n\n\n<li>Inbyggt automatiskt oljefiltersystem, l\u00e4tt att anv\u00e4nda, effektivt och energibesparande. <\/li>\n\n\n\n<li>De fyra hjulen har stor kapacitet och \u00e4r utrustade med en bromsfunktion, som \u00e4r l\u00e4tt att flytta och placera. <\/li>\n\n\n\n<li>Den digitala displayens kontrollpanel \u00e4r mer exakt och vacker. <\/li>\n\n\n\n<li>Maskinen \u00e4r utrustad med 10-0 f\u00f6rvaringsnycklar f\u00f6r 10 kategorier av matfritering. <\/li>\n\n\n\n<li>St\u00e4ll in det automatiska avgassystemet n\u00e4r tiden \u00e4r ute och ge ett larm f\u00f6r att p\u00e5minna. <\/li>\n\n\n\n<li>Varje produktnyckel kan st\u00e4lla in 10 uppv\u00e4rmningsl\u00e4gen. <\/li>\n\n\n\n<li>Oljefilterp\u00e5minnelser och oljebytesp\u00e5minnelser kan st\u00e4llas in. <\/li>\n\n\n\n<li>Byt till grader Fahrenheit. <\/li>\n\n\n\n<li>F\u00f6rv\u00e4rmningstiden kan st\u00e4llas in. <\/li>\n\n\n\n<li>Reng\u00f6ringstiden, tomg\u00e5ngsl\u00e4get och oljesm\u00e4ltningsl\u00e4get kan st\u00e4llas in. <\/li>\n\n\n\n<li>Den kan st\u00e4llas in med eller utan tryck p\u00e5 jobbet.<\/li>\n<\/ul>\n\n\n\n<figure class=\"wp-block-table\"><table><tbody><tr><td><strong>namn<\/strong><\/td><td>gasfrit\u00f6s<\/td><\/tr><tr><td><strong>Modell<\/strong><\/td><td>PFG-800<\/td><\/tr><tr><td><strong>Arbetstryck<\/strong><\/td><td>0,085 MPa<\/td><\/tr><tr><td><strong>Styr temperaturomr\u00e5de<\/strong><\/td><td>20~200 \u2103<\/td><\/tr><tr><td><strong>Gasf\u00f6rbrukning<\/strong><\/td><td>cirka 0,48 kg\/h (inklusive h\u00e5lltid)<\/td><\/tr><tr><td><strong>Sp\u00e4nning<\/strong><\/td><td>&nbsp;~220V\/50Hz-60Hz<\/td><\/tr><tr><td><strong>Br\u00e4nsle<\/strong><\/td><td>Gasol\/Naturgas<\/td><\/tr><tr><td><strong>Storlek<\/strong><\/td><td>460\u00d7960\u00d71230 mm<\/td><\/tr><tr><td><strong>F\u00f6rpackningsstorlek<\/strong><\/td><td>510\u00d71030\u00d71300mm<\/td><\/tr><tr><td><strong>Kapacitet<\/strong><\/td><td>24L<\/td><\/tr><tr><td><strong>Vikt<\/strong><\/td><td>110 kg<\/td><\/tr><tr><td><strong>Bruttovikt<\/strong><\/td><td>135 kg<\/td><\/tr><tr><td><strong>Kontrollpanel<\/strong><\/td><td>Datorpanel<\/td><\/tr><\/tbody><\/table><\/figure>\n\n\n\n<figure class=\"wp-block-image size-large\"><img decoding=\"async\" width=\"1024\" height=\"768\" src=\"https:\/\/www.ccmmachine.com\/wp-content\/uploads\/2024\/03\/Pfg-800-Chicken-Pressure-Fryer-LPG-Gas-Deep-Fryer-1024x768.webp\" alt=\"\" class=\"wp-image-1554\" srcset=\"https:\/\/www.ccmmachine.com\/wp-content\/uploads\/2024\/03\/Pfg-800-Chicken-Pressure-Fryer-LPG-Gas-Deep-Fryer-1024x768.webp 1024w, https:\/\/www.ccmmachine.com\/wp-content\/uploads\/2024\/03\/Pfg-800-Chicken-Pressure-Fryer-LPG-Gas-Deep-Fryer-800x600.webp 800w, https:\/\/www.ccmmachine.com\/wp-content\/uploads\/2024\/03\/Pfg-800-Chicken-Pressure-Fryer-LPG-Gas-Deep-Fryer-300x225.webp 300w, https:\/\/www.ccmmachine.com\/wp-content\/uploads\/2024\/03\/Pfg-800-Chicken-Pressure-Fryer-LPG-Gas-Deep-Fryer-768x576.webp 768w, https:\/\/www.ccmmachine.com\/wp-content\/uploads\/2024\/03\/Pfg-800-Chicken-Pressure-Fryer-LPG-Gas-Deep-Fryer-16x12.webp 16w, https:\/\/www.ccmmachine.com\/wp-content\/uploads\/2024\/03\/Pfg-800-Chicken-Pressure-Fryer-LPG-Gas-Deep-Fryer.webp 1440w\" sizes=\"(max-width: 1024px) 100vw, 1024px\" \/><\/figure>","protected":false},"excerpt":{"rendered":"<p>This series chicken pressure fryer uses a low temperature and high pressure principle, fried food crisp outside and tender, bright color. The whole body of stainless steel, computer control panel, simple operation, and automatic temperature control exhaust pressure. Main Features Name gas pressure fryer Model PFG-800 Working pressure 0.085Mpa Control temperature range 20~200\u2103 Gas consumption [&#8230;]\n","protected":false},"featured_media":1553,"template":"","meta":[],"product_brand":[],"product_cat":[86],"product_tag":[],"class_list":{"0":"post-1414","1":"product","2":"type-product","3":"status-publish","4":"has-post-thumbnail","6":"product_cat-gas-pressure-fryers","8":"first","9":"instock","10":"shipping-taxable","11":"product-type-simple"},"_links":{"self":[{"href":"https:\/\/www.ccmmachine.com\/sv\/wp-json\/wp\/v2\/product\/1414","targetHints":{"allow":["GET"]}}],"collection":[{"href":"https:\/\/www.ccmmachine.com\/sv\/wp-json\/wp\/v2\/product"}],"about":[{"href":"https:\/\/www.ccmmachine.com\/sv\/wp-json\/wp\/v2\/types\/product"}],"wp:featuredmedia":[{"embeddable":true,"href":"https:\/\/www.ccmmachine.com\/sv\/wp-json\/wp\/v2\/media\/1553"}],"wp:attachment":[{"href":"https:\/\/www.ccmmachine.com\/sv\/wp-json\/wp\/v2\/media?parent=1414"}],"wp:term":[{"taxonomy":"product_brand","embeddable":true,"href":"https:\/\/www.ccmmachine.com\/sv\/wp-json\/wp\/v2\/product_brand?post=1414"},{"taxonomy":"product_cat","embeddable":true,"href":"https:\/\/www.ccmmachine.com\/sv\/wp-json\/wp\/v2\/product_cat?post=1414"},{"taxonomy":"product_tag","embeddable":true,"href":"https:\/\/www.ccmmachine.com\/sv\/wp-json\/wp\/v2\/product_tag?post=1414"}],"curies":[{"name":"wp","href":"https:\/\/api.w.org\/{rel}","templated":true}]}}