{"id":1403,"date":"2024-03-21T04:11:58","date_gmt":"2024-03-21T04:11:58","guid":{"rendered":"https:\/\/www.ccmmachine.com\/?post_type=product&#038;p=1403"},"modified":"2024-03-21T04:12:02","modified_gmt":"2024-03-21T04:12:02","slug":"gasfritos-mdxz-25c","status":"publish","type":"product","link":"https:\/\/www.ccmmachine.com\/sv\/product\/gas-pressure-fryer-mdxz-25c\/","title":{"rendered":"Gasfrit\u00f6s MDXZ-25"},"content":{"rendered":"<p>Tryckfriteraren \u00e4r f\u00f6retaget som absorberar utl\u00e4ndsk avancerad teknologi, utveckling och produktion av den senaste produktionsprocessen f\u00f6r friterad kyckling i ugn stekt kyckling enligt egenskaperna hos v\u00e4sterl\u00e4ndska och traditionella kinesiska stekt kyckling.<\/p>\n\n\n\n<p>Hela kroppen av rostfritt st\u00e5l, elektronisk timing, automatisk temperaturkontroll avgastryck. Med hj\u00e4lp av l\u00e5gtemperatur-h\u00f6gtrycksprincipen \u00e4r stekt mat knaprig utanf\u00f6r och m\u00f6r, ljus f\u00e4rg, men \u00e4ven stekt anka, fisk, fl\u00e4sk, lamm och annat k\u00f6tt och gr\u00f6nsaker, potatis. G\u00e4ller alla st\u00f6rre butiker, hotell, snabbmatsrestauranger, snackbarer, fabriksmatsalar och egenf\u00f6retagare.<\/p>\n\n\n\n<p>Den specifika operationen \u00e4r enkel, ren, l\u00e4tt att anv\u00e4nda, h\u00f6g effektivitet, h\u00e5llbarhet och andra egenskaper, och \u00e4r den senaste typen av livsmedelsmaskiner och utrustning.<gwmw style=\"display:none;\"><\/gwmw><\/p>\n\n\n\n<h3 class=\"wp-block-heading\"><strong>Funktioner:<\/strong><gwmw style=\"display:none;\"><\/gwmw><\/h3>\n\n\n\n<ul class=\"wp-block-list\">\n<li>Helt rostfritt st\u00e5l, l\u00e4tt att tv\u00e4tta och torka, l\u00e5ng livsl\u00e4ngd.<\/li>\n\n\n\n<li>Aluminiumlock, robust och l\u00e4tt, l\u00e4tt att \u00f6ppna och st\u00e4nga.<gwmw style=\"display:none;\"><\/gwmw><\/li>\n\n\n\n<li>Fyra hjul b\u00e4rf\u00f6rm\u00e5ga tillsammans med bromsfunktion, enkel r\u00f6relse och positionering.<gwmw style=\"display:none;\"><\/gwmw><\/li>\n\n\n\n<li>Kontrollpanelen f\u00f6r maskinpanelen, h\u00e5llbar och l\u00e4tt att byta.<gwmw style=\"display:none;\"><\/gwmw><gwmw style=\"display:none;\"><\/gwmw><gwmw style=\"display:none;\"><\/gwmw><gwmw style=\"display:none;\"><\/gwmw><\/li>\n<\/ul>\n\n\n\n<figure class=\"wp-block-table\"><table><tbody><tr><td><strong>namn<\/strong><\/td><td>gasfrit\u00f6s<\/td><\/tr><tr><td><strong>Modell<\/strong><\/td><td>MDXZ-25<\/td><\/tr><tr><td><strong>Arbetstryck<\/strong><\/td><td>0,085 MPa<\/td><\/tr><tr><td><strong>Styr temperaturomr\u00e5de<\/strong><\/td><td>90~190 \u2103<gwmw style=\"display: none; background-color: transparent;\"><\/gwmw><\/td><\/tr><tr><td><strong>Gasf\u00f6rbrukning<\/strong><\/td><td>cirka 0,48 kg\/h (inklusive h\u00e5lltid)<\/td><\/tr><tr><td><strong>Sp\u00e4nning<\/strong><\/td><td>Gasol\/naturgas<\/td><\/tr><tr><td><strong>Br\u00e4nsle<\/strong><\/td><td>Gasol\/Naturgas<\/td><\/tr><tr><td><strong>Storlek<\/strong><\/td><td>460\u00d7960\u00d71230 mm<\/td><\/tr><tr><td><strong>F\u00f6rpackningsstorlek<\/strong><\/td><td>510\u00d71030\u00d71300mm<\/td><\/tr><tr><td><strong>Kapacitet<\/strong><\/td><td>25L<\/td><\/tr><tr><td><strong>Vikt<\/strong><\/td><td>110 kg<gwmw style=\"display:none;\"><\/gwmw><\/td><\/tr><tr><td><strong>Bruttovikt<\/strong><\/td><td>120 kg<\/td><\/tr><tr><td><strong>Kontrollpanel<\/strong><\/td><td>Manuell panel<\/td><\/tr><\/tbody><\/table><\/figure>\n\n\n\n<p><gwmw style=\"display:none;\"><\/gwmw><\/p>","protected":false},"excerpt":{"rendered":"<p>The pressure fryer is the company absorbing foreign advanced technology, development and production of the latest fried chicken oven fried chicken production process according to the characteristics of Western and traditional Chinese roast chicken. The whole body of stainless steel, electronic timing, automatic temperature control exhaust pressure. Using the low-temperature high-pressure principle, fried food is [&#8230;]\n","protected":false},"featured_media":1580,"template":"","meta":[],"product_brand":[],"product_cat":[86],"product_tag":[],"class_list":{"0":"post-1403","1":"product","2":"type-product","3":"status-publish","4":"has-post-thumbnail","6":"product_cat-gas-pressure-fryers","8":"first","9":"instock","10":"shipping-taxable","11":"product-type-simple"},"_links":{"self":[{"href":"https:\/\/www.ccmmachine.com\/sv\/wp-json\/wp\/v2\/product\/1403","targetHints":{"allow":["GET"]}}],"collection":[{"href":"https:\/\/www.ccmmachine.com\/sv\/wp-json\/wp\/v2\/product"}],"about":[{"href":"https:\/\/www.ccmmachine.com\/sv\/wp-json\/wp\/v2\/types\/product"}],"wp:featuredmedia":[{"embeddable":true,"href":"https:\/\/www.ccmmachine.com\/sv\/wp-json\/wp\/v2\/media\/1580"}],"wp:attachment":[{"href":"https:\/\/www.ccmmachine.com\/sv\/wp-json\/wp\/v2\/media?parent=1403"}],"wp:term":[{"taxonomy":"product_brand","embeddable":true,"href":"https:\/\/www.ccmmachine.com\/sv\/wp-json\/wp\/v2\/product_brand?post=1403"},{"taxonomy":"product_cat","embeddable":true,"href":"https:\/\/www.ccmmachine.com\/sv\/wp-json\/wp\/v2\/product_cat?post=1403"},{"taxonomy":"product_tag","embeddable":true,"href":"https:\/\/www.ccmmachine.com\/sv\/wp-json\/wp\/v2\/product_tag?post=1403"}],"curies":[{"name":"wp","href":"https:\/\/api.w.org\/{rel}","templated":true}]}}