{"id":1399,"date":"2024-03-21T03:58:46","date_gmt":"2024-03-21T03:58:46","guid":{"rendered":"https:\/\/www.ccmmachine.com\/?post_type=product&#038;p=1399"},"modified":"2024-03-21T03:59:18","modified_gmt":"2024-03-21T03:59:18","slug":"gasfritos-pfg-500","status":"publish","type":"product","link":"https:\/\/www.ccmmachine.com\/sv\/product\/gas-pressure-fryer-pfg-500\/","title":{"rendered":"Gasfrit\u00f6s PFG-500"},"content":{"rendered":"<h3 class=\"wp-block-heading\">BESKRIVNING<gwmw style=\"display:none;\"><\/gwmw><\/h3>\n\n\n\n<p>Gas Pressure Fried Chicken Furnace-serien \u00e4r en linje av enheter som utvecklats av v\u00e5rt f\u00f6retag, med avancerad teknik fr\u00e5n utlandet. Dessa ugnar \u00e4r designade speciellt f\u00f6r produktion av stekt kyckling, med h\u00e4nsyn till b\u00e5de v\u00e4sterl\u00e4ndska och traditionella kinesiska metoder f\u00f6r att steka kyckling. Hela ugnens kropp \u00e4r gjord av rostfritt st\u00e5l och har elektronisk tidtagning och automatisk temperaturkontroll med avgastryck. Genom att anv\u00e4nda l\u00e5gtemperatur-h\u00f6gtrycksprincipen producerar v\u00e5ra ugnar knaprig och m\u00f6r stekt mat med en ljus f\u00e4rg. F\u00f6rutom kyckling kan de ocks\u00e5 anv\u00e4ndas f\u00f6r att steka anka, fisk, fl\u00e4sk, n\u00f6tk\u00f6tt, f\u00e5rk\u00f6tt, potatis och andra gr\u00f6nsaker. V\u00e5ra ugnar \u00e4r l\u00e4mpliga f\u00f6r anv\u00e4ndning i olika anl\u00e4ggningar som butiker, hotell, snabbmatsrestauranger, snackbarer, fabriksmatsalar och \u00e4ven f\u00f6r egenf\u00f6retagare. De \u00e4r l\u00e4tta att anv\u00e4nda, reng\u00f6ra och mycket effektiva, vilket g\u00f6r dem till den senaste och mest avancerade livsmedelsbearbetningsmaskinen och utrustningen som finns tillg\u00e4ngliga.<\/p>\n\n\n\n<h3 class=\"wp-block-heading\"><strong>Funktioner:<\/strong><gwmw style=\"display:none;\"><\/gwmw><\/h3>\n\n\n\n<p>1. Helt rostfritt st\u00e5l, l\u00e4tt att tv\u00e4tta och torka, l\u00e5ng livsl\u00e4ngd.<br>2. Aluminiumlock, robust och l\u00e4tt, l\u00e4tt att \u00f6ppna och st\u00e4nga.<br>3. Inbyggt automatiskt filtreringssystem, l\u00e4tt att anv\u00e4nda och energieffektivt.<br>4. Fyra hjul b\u00e4rf\u00f6rm\u00e5ga, tillsammans med bromsfunktion, enkel r\u00f6relse och positionering.<br>5. Kontrollpanelen f\u00f6r maskinpanelen, h\u00e5llbar och l\u00e4tt att byta ut.<\/p>\n\n\n\n<figure class=\"wp-block-image size-full is-resized\"><img decoding=\"async\" width=\"1000\" height=\"714\" src=\"https:\/\/www.ccmmachine.com\/wp-content\/uploads\/2024\/03\/Hot-Selling-Commercial-Henny-Penny-Kfc-Gas-Pfg-500-Pressure-Fryer-1.webp\" alt=\"\" class=\"wp-image-1570\" style=\"width:840px;height:auto\" srcset=\"https:\/\/www.ccmmachine.com\/wp-content\/uploads\/2024\/03\/Hot-Selling-Commercial-Henny-Penny-Kfc-Gas-Pfg-500-Pressure-Fryer-1.webp 1000w, https:\/\/www.ccmmachine.com\/wp-content\/uploads\/2024\/03\/Hot-Selling-Commercial-Henny-Penny-Kfc-Gas-Pfg-500-Pressure-Fryer-1-800x571.webp 800w\" sizes=\"(max-width: 1000px) 100vw, 1000px\" \/><\/figure>\n\n\n\n<figure class=\"wp-block-image size-large\"><img decoding=\"async\" width=\"647\" height=\"1024\" src=\"https:\/\/www.ccmmachine.com\/wp-content\/uploads\/2024\/03\/Hot-Selling-Commercial-Henny-Penny-Kfc-Gas-Pfg-500-Pressure-Fryer-2-647x1024.webp\" alt=\"\" class=\"wp-image-1571\" srcset=\"https:\/\/www.ccmmachine.com\/wp-content\/uploads\/2024\/03\/Hot-Selling-Commercial-Henny-Penny-Kfc-Gas-Pfg-500-Pressure-Fryer-2-647x1024.webp 647w, https:\/\/www.ccmmachine.com\/wp-content\/uploads\/2024\/03\/Hot-Selling-Commercial-Henny-Penny-Kfc-Gas-Pfg-500-Pressure-Fryer-2-800x1266.webp 800w, https:\/\/www.ccmmachine.com\/wp-content\/uploads\/2024\/03\/Hot-Selling-Commercial-Henny-Penny-Kfc-Gas-Pfg-500-Pressure-Fryer-2-190x300.webp 190w, https:\/\/www.ccmmachine.com\/wp-content\/uploads\/2024\/03\/Hot-Selling-Commercial-Henny-Penny-Kfc-Gas-Pfg-500-Pressure-Fryer-2-768x1215.webp 768w, https:\/\/www.ccmmachine.com\/wp-content\/uploads\/2024\/03\/Hot-Selling-Commercial-Henny-Penny-Kfc-Gas-Pfg-500-Pressure-Fryer-2-971x1536.webp 971w, https:\/\/www.ccmmachine.com\/wp-content\/uploads\/2024\/03\/Hot-Selling-Commercial-Henny-Penny-Kfc-Gas-Pfg-500-Pressure-Fryer-2-8x12.webp 8w, https:\/\/www.ccmmachine.com\/wp-content\/uploads\/2024\/03\/Hot-Selling-Commercial-Henny-Penny-Kfc-Gas-Pfg-500-Pressure-Fryer-2.webp 1000w\" sizes=\"(max-width: 647px) 100vw, 647px\" \/><\/figure>\n\n\n\n<figure class=\"wp-block-image size-full\"><img decoding=\"async\" width=\"740\" height=\"640\" src=\"https:\/\/www.ccmmachine.com\/wp-content\/uploads\/2024\/03\/Hot-Selling-Commercial-Henny-Penny-Kfc-Gas-Pfg-500-Pressure-Fryer-3.webp\" alt=\"\" class=\"wp-image-1572\" srcset=\"https:\/\/www.ccmmachine.com\/wp-content\/uploads\/2024\/03\/Hot-Selling-Commercial-Henny-Penny-Kfc-Gas-Pfg-500-Pressure-Fryer-3.webp 740w, https:\/\/www.ccmmachine.com\/wp-content\/uploads\/2024\/03\/Hot-Selling-Commercial-Henny-Penny-Kfc-Gas-Pfg-500-Pressure-Fryer-3-700x605.webp 700w, https:\/\/www.ccmmachine.com\/wp-content\/uploads\/2024\/03\/Hot-Selling-Commercial-Henny-Penny-Kfc-Gas-Pfg-500-Pressure-Fryer-3-300x259.webp 300w, https:\/\/www.ccmmachine.com\/wp-content\/uploads\/2024\/03\/Hot-Selling-Commercial-Henny-Penny-Kfc-Gas-Pfg-500-Pressure-Fryer-3-14x12.webp 14w\" sizes=\"(max-width: 740px) 100vw, 740px\" \/><\/figure>","protected":false},"excerpt":{"rendered":"<p>DESCRIPTION The\u00a0Gas\u00a0Pressure\u00a0Fried\u00a0Chicken\u00a0Furnace series\u00a0is a line of\u00a0devices\u00a0developed\u00a0by our\u00a0company,\u00a0incorporating advanced technology\u00a0from abroad. These\u00a0ovens\u00a0are designed\u00a0specifically\u00a0for\u00a0the\u00a0production of\u00a0fried chicken,\u00a0taking\u00a0into account\u00a0both Western and traditional Chinese\u00a0methods of\u00a0roasting\u00a0chicken. The entire\u00a0body of\u00a0the oven is\u00a0made of stainless steel\u00a0and features electronic timing and automatic temperature control\u00a0with\u00a0exhaust pressure.\u00a0By utilizing\u00a0the\u00a0low-temperature high-pressure principle,\u00a0our\u00a0ovens\u00a0produce\u00a0crispy\u00a0and tender\u00a0fried food with a\u00a0bright color. In addition to chicken, they\u00a0can also\u00a0be\u00a0used\u00a0to fry\u00a0duck, fish, pork, beef, mutton,\u00a0potatoes,\u00a0and [&#8230;]\n","protected":false},"featured_media":1573,"template":"","meta":[],"product_brand":[],"product_cat":[86],"product_tag":[],"class_list":{"0":"post-1399","1":"product","2":"type-product","3":"status-publish","4":"has-post-thumbnail","6":"product_cat-gas-pressure-fryers","8":"first","9":"instock","10":"shipping-taxable","11":"product-type-simple"},"_links":{"self":[{"href":"https:\/\/www.ccmmachine.com\/sv\/wp-json\/wp\/v2\/product\/1399","targetHints":{"allow":["GET"]}}],"collection":[{"href":"https:\/\/www.ccmmachine.com\/sv\/wp-json\/wp\/v2\/product"}],"about":[{"href":"https:\/\/www.ccmmachine.com\/sv\/wp-json\/wp\/v2\/types\/product"}],"wp:featuredmedia":[{"embeddable":true,"href":"https:\/\/www.ccmmachine.com\/sv\/wp-json\/wp\/v2\/media\/1573"}],"wp:attachment":[{"href":"https:\/\/www.ccmmachine.com\/sv\/wp-json\/wp\/v2\/media?parent=1399"}],"wp:term":[{"taxonomy":"product_brand","embeddable":true,"href":"https:\/\/www.ccmmachine.com\/sv\/wp-json\/wp\/v2\/product_brand?post=1399"},{"taxonomy":"product_cat","embeddable":true,"href":"https:\/\/www.ccmmachine.com\/sv\/wp-json\/wp\/v2\/product_cat?post=1399"},{"taxonomy":"product_tag","embeddable":true,"href":"https:\/\/www.ccmmachine.com\/sv\/wp-json\/wp\/v2\/product_tag?post=1399"}],"curies":[{"name":"wp","href":"https:\/\/api.w.org\/{rel}","templated":true}]}}