{"id":1392,"date":"2024-03-21T02:18:29","date_gmt":"2024-03-21T02:18:29","guid":{"rendered":"https:\/\/www.ccmmachine.com\/?post_type=product&#038;p=1392"},"modified":"2024-03-21T02:18:34","modified_gmt":"2024-03-21T02:18:34","slug":"kommersiell-kycklingfritos-pfe-800","status":"publish","type":"product","link":"https:\/\/www.ccmmachine.com\/sv\/product\/commercial-chicken-fryer-pfe-800\/","title":{"rendered":"Kommersiell kycklingfrit\u00f6s PFE-800"},"content":{"rendered":"<p>Kommersiell kycklingfrit\u00f6s PFE-800 <\/p>\n\n\n\n<ul class=\"wp-block-list\">\n<li>Anv\u00e4nd -temperatur h\u00f6gtrycksprincip <\/li>\n\n\n\n<li>Hela kroppen av 304 rostfritt st\u00e5l, datorkontrollpanel. <\/li>\n\n\n\n<li>Kontrollera automatiskt temperatur och tid f\u00f6r att underl\u00e4tta den dagliga driften. <\/li>\n\n\n\n<li>Maximal stektemperatur upp till 200\u00baC. Frit\u00f6s installerad i ett filtreringssystem, flera filter, f\u00f6rb\u00e4ttrar produktkvaliteten och minskar kostnaden f\u00f6r olja. <\/li>\n\n\n\n<li>Det anv\u00e4nds ofta i stekta restauranger, hotell och andra cateringanl\u00e4ggningar. <\/li>\n<\/ul>\n\n\n\n<h3 class=\"wp-block-heading\"><strong>Parameter<\/strong><\/h3>\n\n\n\n<figure class=\"wp-block-table\"><table><tbody><tr><td> <span style=\"font-family: inherit; font-size: inherit; font-weight: inherit; color: initial;\">produktnamn<\/span><\/td><td> <span style=\"font-family: inherit; font-size: inherit; font-weight: inherit; color: initial;\">El- och gasfrit\u00f6s<\/span><\/td><\/tr><tr><td><div><div>Modell<\/div><\/div><\/td><td><div>PFE-800<\/div><\/td><\/tr><tr><td><div><div>Sp\u00e4nning<\/div><\/div><\/td><td> <span style=\"font-family: inherit; font-size: inherit; font-weight: inherit; color: initial;\">220V\/380V\/110V<\/span><\/td><\/tr><tr><td><div><div>Kraft<\/div><\/div><\/td><td><div>13,5kw<\/div><\/td><\/tr><tr><td><div><div>Kapacitet<\/div><\/div><\/td><td><div>25L<\/div><\/td><\/tr><tr><td><div><div>Nettovikt<\/div><\/div><\/td><td><div>135 kg<\/div><\/td><\/tr><tr><td><div><div>Bruttovikt<\/div><\/div><\/td><td><div>155 kg<\/div><\/td><\/tr><tr><td><div><div>Dimensionera<\/div><\/div><\/td><td><div>460*960*1230mm<\/div><\/td><\/tr><tr><td><div><div>Kontrollpanel<\/div><\/div><\/td><td><div>Datorns kontrollpanel<\/div><\/td><\/tr><\/tbody><\/table><\/figure>\n\n\n\n<figure class=\"wp-block-image size-large\"><img decoding=\"async\" width=\"768\" height=\"1024\" src=\"https:\/\/www.ccmmachine.com\/wp-content\/uploads\/2019\/09\/Commercial-Factory-Price-Chicken-Frying-Machine-Deep-Pressure-Fryer-Machine-Commercial-Chicken-Fryer-Pfe-800-1-768x1024.webp\" alt=\"\" class=\"wp-image-1556\" srcset=\"https:\/\/www.ccmmachine.com\/wp-content\/uploads\/2019\/09\/Commercial-Factory-Price-Chicken-Frying-Machine-Deep-Pressure-Fryer-Machine-Commercial-Chicken-Fryer-Pfe-800-1-768x1024.webp 768w, https:\/\/www.ccmmachine.com\/wp-content\/uploads\/2019\/09\/Commercial-Factory-Price-Chicken-Frying-Machine-Deep-Pressure-Fryer-Machine-Commercial-Chicken-Fryer-Pfe-800-1-800x1067.webp 800w, https:\/\/www.ccmmachine.com\/wp-content\/uploads\/2019\/09\/Commercial-Factory-Price-Chicken-Frying-Machine-Deep-Pressure-Fryer-Machine-Commercial-Chicken-Fryer-Pfe-800-1-225x300.webp 225w, https:\/\/www.ccmmachine.com\/wp-content\/uploads\/2019\/09\/Commercial-Factory-Price-Chicken-Frying-Machine-Deep-Pressure-Fryer-Machine-Commercial-Chicken-Fryer-Pfe-800-1-9x12.webp 9w, https:\/\/www.ccmmachine.com\/wp-content\/uploads\/2019\/09\/Commercial-Factory-Price-Chicken-Frying-Machine-Deep-Pressure-Fryer-Machine-Commercial-Chicken-Fryer-Pfe-800-1.webp 869w\" sizes=\"(max-width: 768px) 100vw, 768px\" \/><\/figure>\n\n\n\n<figure class=\"wp-block-image size-large\"><img decoding=\"async\" width=\"768\" height=\"1024\" src=\"https:\/\/www.ccmmachine.com\/wp-content\/uploads\/2024\/03\/Commercial-Factory-Price-Chicken-Frying-Machine-Deep-Pressure-Fryer-Machine-Commercial-Chicken-Fryer-Pfe-800-11-768x1024.webp\" alt=\"\" class=\"wp-image-1557\" srcset=\"https:\/\/www.ccmmachine.com\/wp-content\/uploads\/2024\/03\/Commercial-Factory-Price-Chicken-Frying-Machine-Deep-Pressure-Fryer-Machine-Commercial-Chicken-Fryer-Pfe-800-11-768x1024.webp 768w, https:\/\/www.ccmmachine.com\/wp-content\/uploads\/2024\/03\/Commercial-Factory-Price-Chicken-Frying-Machine-Deep-Pressure-Fryer-Machine-Commercial-Chicken-Fryer-Pfe-800-11-800x1066.webp 800w, https:\/\/www.ccmmachine.com\/wp-content\/uploads\/2024\/03\/Commercial-Factory-Price-Chicken-Frying-Machine-Deep-Pressure-Fryer-Machine-Commercial-Chicken-Fryer-Pfe-800-11-225x300.webp 225w, https:\/\/www.ccmmachine.com\/wp-content\/uploads\/2024\/03\/Commercial-Factory-Price-Chicken-Frying-Machine-Deep-Pressure-Fryer-Machine-Commercial-Chicken-Fryer-Pfe-800-11-9x12.webp 9w, https:\/\/www.ccmmachine.com\/wp-content\/uploads\/2024\/03\/Commercial-Factory-Price-Chicken-Frying-Machine-Deep-Pressure-Fryer-Machine-Commercial-Chicken-Fryer-Pfe-800-11.webp 1060w\" sizes=\"(max-width: 768px) 100vw, 768px\" \/><\/figure>\n\n\n\n<figure class=\"wp-block-image size-large\"><img decoding=\"async\" width=\"1024\" height=\"768\" src=\"https:\/\/www.ccmmachine.com\/wp-content\/uploads\/2024\/03\/Commercial-Factory-Price-Chicken-Frying-Machine-Deep-Pressure-Fryer-Machine-Commercial-Chicken-Fryer-Pfe-800-2-1024x768.webp\" alt=\"\" class=\"wp-image-1558\" srcset=\"https:\/\/www.ccmmachine.com\/wp-content\/uploads\/2024\/03\/Commercial-Factory-Price-Chicken-Frying-Machine-Deep-Pressure-Fryer-Machine-Commercial-Chicken-Fryer-Pfe-800-2-1024x768.webp 1024w, https:\/\/www.ccmmachine.com\/wp-content\/uploads\/2024\/03\/Commercial-Factory-Price-Chicken-Frying-Machine-Deep-Pressure-Fryer-Machine-Commercial-Chicken-Fryer-Pfe-800-2-800x600.webp 800w, https:\/\/www.ccmmachine.com\/wp-content\/uploads\/2024\/03\/Commercial-Factory-Price-Chicken-Frying-Machine-Deep-Pressure-Fryer-Machine-Commercial-Chicken-Fryer-Pfe-800-2-300x225.webp 300w, https:\/\/www.ccmmachine.com\/wp-content\/uploads\/2024\/03\/Commercial-Factory-Price-Chicken-Frying-Machine-Deep-Pressure-Fryer-Machine-Commercial-Chicken-Fryer-Pfe-800-2-768x576.webp 768w, https:\/\/www.ccmmachine.com\/wp-content\/uploads\/2024\/03\/Commercial-Factory-Price-Chicken-Frying-Machine-Deep-Pressure-Fryer-Machine-Commercial-Chicken-Fryer-Pfe-800-2-16x12.webp 16w, https:\/\/www.ccmmachine.com\/wp-content\/uploads\/2024\/03\/Commercial-Factory-Price-Chicken-Frying-Machine-Deep-Pressure-Fryer-Machine-Commercial-Chicken-Fryer-Pfe-800-2.webp 1440w\" sizes=\"(max-width: 1024px) 100vw, 1024px\" \/><\/figure>\n\n\n\n<h3 class=\"wp-block-heading\"><strong>Leverans<\/strong> <\/h3>\n\n\n\n<p>Leverans: till sj\u00f6ss eller flygplan Laddningsperiod: inom 2 dagar, upp till din kvantitet Lasthamn: Shanghai Kina Betalningsvillkor: (30% som deposition. 70% f\u00f6re leverans), L\/C, Western Union, Paypal, TT.kan f\u00f6rhandlas. bara enligt din bekv\u00e4mlighet. Handelsvillkor: FOB CFR CIF DDU etc.<\/p>","protected":false},"excerpt":{"rendered":"<p>Commercial Chicken Fryer PFE-800 Parameter Product Name Electric &amp;\u00a0gas Pressure Fryer Model PFE-800 Voltage 220V\/380V\/110V Power 13.5kw Capacity 25L Net Weight 135kg Gross Weight 155kg Dimension 460*960*1230mm Control Panel Computer control panel Delivery Delivery: by sea or aircraft Loading period: within 2 days, up to your quantity Loading port: Shanghai China Payment terms: (30% as [&#8230;]\n","protected":false},"featured_media":1553,"template":"","meta":[],"product_brand":[],"product_cat":[85],"product_tag":[],"class_list":{"0":"post-1392","1":"product","2":"type-product","3":"status-publish","4":"has-post-thumbnail","6":"product_cat-electric-pressure-fryers","8":"first","9":"instock","10":"shipping-taxable","11":"product-type-simple"},"_links":{"self":[{"href":"https:\/\/www.ccmmachine.com\/sv\/wp-json\/wp\/v2\/product\/1392","targetHints":{"allow":["GET"]}}],"collection":[{"href":"https:\/\/www.ccmmachine.com\/sv\/wp-json\/wp\/v2\/product"}],"about":[{"href":"https:\/\/www.ccmmachine.com\/sv\/wp-json\/wp\/v2\/types\/product"}],"wp:featuredmedia":[{"embeddable":true,"href":"https:\/\/www.ccmmachine.com\/sv\/wp-json\/wp\/v2\/media\/1553"}],"wp:attachment":[{"href":"https:\/\/www.ccmmachine.com\/sv\/wp-json\/wp\/v2\/media?parent=1392"}],"wp:term":[{"taxonomy":"product_brand","embeddable":true,"href":"https:\/\/www.ccmmachine.com\/sv\/wp-json\/wp\/v2\/product_brand?post=1392"},{"taxonomy":"product_cat","embeddable":true,"href":"https:\/\/www.ccmmachine.com\/sv\/wp-json\/wp\/v2\/product_cat?post=1392"},{"taxonomy":"product_tag","embeddable":true,"href":"https:\/\/www.ccmmachine.com\/sv\/wp-json\/wp\/v2\/product_tag?post=1392"}],"curies":[{"name":"wp","href":"https:\/\/api.w.org\/{rel}","templated":true}]}}