{"id":1349,"date":"2024-03-21T04:17:59","date_gmt":"2024-03-21T04:17:59","guid":{"rendered":"https:\/\/www.ccmmachine.com\/?post_type=product&#038;p=1349"},"modified":"2024-03-21T04:18:02","modified_gmt":"2024-03-21T04:18:02","slug":"tryckfritos-mdxz-24c","status":"publish","type":"product","link":"https:\/\/www.ccmmachine.com\/sv\/product\/pressure-fryer-mdxz-24c\/","title":{"rendered":"Frit\u00f6s MDXZ-24C"},"content":{"rendered":"<p>Denna sektion frit\u00f6s \u00e4r f\u00f6retaget som absorberar utl\u00e4ndsk avancerad teknik, utveckling och produktion av den senaste stekt kyckling ugn stekt kyckling produktionsprocessen enligt egenskaperna hos v\u00e4sterl\u00e4ndska och traditionella kinesiska stekt kyckling. Hela kroppen av rostfritt st\u00e5l, elektronisk timing, automatisk temperaturkontroll avgastryck.<\/p>\n\n\n\n<p>Med hj\u00e4lp av l\u00e5gtemperatur h\u00f6gtrycksprincipen, stekt mat knaprig utanf\u00f6r och m\u00f6r, ljus f\u00e4rg, men ocks\u00e5 stekt anka, fisk, fl\u00e4sk, lamm och annat k\u00f6tt och potatis och andra gr\u00f6nsaker. G\u00e4ller alla st\u00f6rre butiker, hotell, snabbmatsrestauranger, snackbarer, fabriksmatsalar och egenf\u00f6retagare. Den specifika operationen \u00e4r enkel, ren, l\u00e4tt att anv\u00e4nda, h\u00f6g effektivitet och h\u00e5llbarhet, \u00e4r den senaste typen av livsmedelsmaskiner och utrustning<gwmw style=\"display:none;\"><\/gwmw><\/p>\n\n\n\n<h3 class=\"wp-block-heading\"><strong>Funktioner:<\/strong><gwmw style=\"display:none;\"><\/gwmw><\/h3>\n\n\n\n<p>1. Helt rostfritt st\u00e5l, l\u00e4tt att tv\u00e4tta och torka, l\u00e5ng livsl\u00e4ngd.<br>2 aluminiumlock, robusta och l\u00e4tta, l\u00e4tta att \u00f6ppna och st\u00e4nga.<br>3 fyra hjul b\u00e4rf\u00f6rm\u00e5ga, tillsammans med bromsfunktion, enkel r\u00f6relse och positionering.<br>4. En mekanisk instrumentkontroll \u00e4r enkel, l\u00e4tt, elegant och exakt.<gwmw style=\"display:none;\"><\/gwmw><gwmw style=\"display:none;\"><\/gwmw><\/p>\n\n\n\n<figure class=\"wp-block-table\"><table><tbody><tr><td>namn<\/td><td>Elektrisk frit\u00f6s<\/td><\/tr><tr><td>namn<\/td><td>MDXZ-24<\/td><\/tr><tr><td>Sp\u00e4nning<\/td><td>3N\/380V\/50Hz<\/td><\/tr><tr><td>Kraft<\/td><td>12kw<\/td><\/tr><tr><td>Styr temperaturomr\u00e5de<\/td><td>90-190 \u2103<\/td><\/tr><tr><td>Storlek<\/td><td>960\u00d7460\u00d71230 mm<\/td><\/tr><tr><td>F\u00f6rpackningsstorlek<\/td><td>1030\u00d7510\u00d71300mm<\/td><\/tr><tr><td>Kapacitet<\/td><td>24L<\/td><\/tr><tr><td>Vikt<\/td><td>110 kg<\/td><\/tr><tr><td>Bruttovikt<\/td><td>135 kg<\/td><\/tr><tr><td>Kontrollpanel<\/td><td>manuell panel<\/td><\/tr><\/tbody><\/table><\/figure>\n\n\n\n<p><gwmw style=\"display:none;\"><\/gwmw><\/p>","protected":false},"excerpt":{"rendered":"<p>This section pressure fryer is the company absorbing foreign advanced technology, development and production of the latest fried chicken oven fried chicken production process according to the characteristics of Western and traditional Chinese roast chicken. The whole body of stainless steel, electronic timing, automatic temperature control exhaust pressure. Using low-temperature high-pressure principle, fried food crisp [&#8230;]\n","protected":false},"featured_media":1582,"template":"","meta":[],"product_brand":[],"product_cat":[85],"product_tag":[],"class_list":{"0":"post-1349","1":"product","2":"type-product","3":"status-publish","4":"has-post-thumbnail","6":"product_cat-electric-pressure-fryers","8":"first","9":"instock","10":"shipping-taxable","11":"product-type-simple"},"_links":{"self":[{"href":"https:\/\/www.ccmmachine.com\/sv\/wp-json\/wp\/v2\/product\/1349","targetHints":{"allow":["GET"]}}],"collection":[{"href":"https:\/\/www.ccmmachine.com\/sv\/wp-json\/wp\/v2\/product"}],"about":[{"href":"https:\/\/www.ccmmachine.com\/sv\/wp-json\/wp\/v2\/types\/product"}],"wp:featuredmedia":[{"embeddable":true,"href":"https:\/\/www.ccmmachine.com\/sv\/wp-json\/wp\/v2\/media\/1582"}],"wp:attachment":[{"href":"https:\/\/www.ccmmachine.com\/sv\/wp-json\/wp\/v2\/media?parent=1349"}],"wp:term":[{"taxonomy":"product_brand","embeddable":true,"href":"https:\/\/www.ccmmachine.com\/sv\/wp-json\/wp\/v2\/product_brand?post=1349"},{"taxonomy":"product_cat","embeddable":true,"href":"https:\/\/www.ccmmachine.com\/sv\/wp-json\/wp\/v2\/product_cat?post=1349"},{"taxonomy":"product_tag","embeddable":true,"href":"https:\/\/www.ccmmachine.com\/sv\/wp-json\/wp\/v2\/product_tag?post=1349"}],"curies":[{"name":"wp","href":"https:\/\/api.w.org\/{rel}","templated":true}]}}