{"id":1345,"date":"2024-03-21T04:03:01","date_gmt":"2024-03-21T04:03:01","guid":{"rendered":"https:\/\/www.ccmmachine.com\/?post_type=product&#038;p=1345"},"modified":"2024-03-21T04:03:05","modified_gmt":"2024-03-21T04:03:05","slug":"elektrisk-tryckfritos-pfe-500","status":"publish","type":"product","link":"https:\/\/www.ccmmachine.com\/sv\/product\/electric-pressure-fryer-pfe-500\/","title":{"rendered":"Elektrisk tryckfrit\u00f6s PFE-500"},"content":{"rendered":"<p>Denna serie amerikansk stekt kycklingugn \u00e4r ett f\u00f6retag som absorberar den utl\u00e4ndska avancerade tekniken, enligt produktionsprocessens egenskaper hos v\u00e4sterl\u00e4ndska och traditionella kinesiska kyckling stekt kyckling i utvecklingen och produktionen av den senaste stekt kycklingugnen. Hela kroppen av rostfritt st\u00e5l, enkel drift, automatisk temperaturkontroll avgastryck.<br>Med hj\u00e4lp av l\u00e5g temperatur h\u00f6gt tryck principer, stekt mat knaprig utanf\u00f6r, och \u00f6m, ljus f\u00e4rg, men ocks\u00e5 stekt anka, stekt kyckling, stekt kyckling, kycklingvingar, fisk, fl\u00e4sk och annat k\u00f6tt och potatis och andra gr\u00f6nsaker. G\u00e4ller alla stora butiker, hotell, snabbmatsrestauranger, snackbarer, fabriksmatsalar och egenf\u00f6retagare. Med enkel drift, ren, l\u00e4tt att anv\u00e4nda, h\u00f6g effektivitet, h\u00e5llbarhet och andra funktioner. Det \u00e4r den senaste typen av maskiner och utrustning f\u00f6r livsmedelsbearbetning.<gwmw style=\"display:none;\"><\/gwmw><\/p>\n\n\n\n<h3 class=\"wp-block-heading\"><strong>Funktioner:<\/strong><gwmw style=\"display:none;\"><\/gwmw><\/h3>\n\n\n\n<p>1, hel rostfri kropp, l\u00e4tt att tv\u00e4tta och torka l\u00e5ng livsl\u00e4ngd.<br>2, aluminiumlock, robust och l\u00e4tt, l\u00e4tt att \u00f6ppna och st\u00e4nga.<br>3, inbyggt filtreringssystem, l\u00e4tt att anv\u00e4nda och energieffektivt.<br>4, fyra hjul b\u00e4rf\u00f6rm\u00e5ga tillsammans med bromsfunktion, enkel r\u00f6relse och positionering.<br>5, den klassiska maskinens kontrollpanel, enklare och effektivare.<\/p>\n\n\n\n<figure class=\"wp-block-table\"><table><tbody><tr><td>namn<\/td><td>Elektrisk frit\u00f6s<\/td><\/tr><tr><td>namn<\/td><td>PFE-500<\/td><\/tr><tr><td>Sp\u00e4nning<\/td><td>~3N380v\/50Hz\uff08~3N220v\/60Hz\uff09<\/td><\/tr><tr><td>Kraft<\/td><td>13,5kw<\/td><\/tr><tr><td>Styr temperaturomr\u00e5de<\/td><td>20-200 \u2103<\/td><\/tr><tr><td>Storlek<\/td><td>960\u00d7460\u00d71230 mm<\/td><\/tr><tr><td>F\u00f6rpackningsstorlek<\/td><td>1030\u00d7510\u00d71300mm<\/td><\/tr><tr><td>Kapacitet<\/td><td>24L<\/td><\/tr><tr><td>Vikt<\/td><td>135 kg<\/td><\/tr><tr><td>Bruttovikt<\/td><td>155 kg<\/td><\/tr><tr><td>Kontrollpanel<\/td><td>manuell panel<\/td><\/tr><\/tbody><\/table><\/figure>\n\n\n\n<figure class=\"wp-block-image size-full\"><img decoding=\"async\" width=\"740\" height=\"300\" src=\"https:\/\/www.ccmmachine.com\/wp-content\/uploads\/2024\/03\/Electric-Pressure-fryer-PFE-500-001.webp\" alt=\"\" class=\"wp-image-1577\" srcset=\"https:\/\/www.ccmmachine.com\/wp-content\/uploads\/2024\/03\/Electric-Pressure-fryer-PFE-500-001.webp 740w, https:\/\/www.ccmmachine.com\/wp-content\/uploads\/2024\/03\/Electric-Pressure-fryer-PFE-500-001-700x284.webp 700w, https:\/\/www.ccmmachine.com\/wp-content\/uploads\/2024\/03\/Electric-Pressure-fryer-PFE-500-001-300x122.webp 300w, https:\/\/www.ccmmachine.com\/wp-content\/uploads\/2024\/03\/Electric-Pressure-fryer-PFE-500-001-18x7.webp 18w\" sizes=\"(max-width: 740px) 100vw, 740px\" \/><\/figure>\n\n\n\n<figure class=\"wp-block-image size-full\"><img decoding=\"async\" width=\"472\" height=\"461\" src=\"https:\/\/www.ccmmachine.com\/wp-content\/uploads\/2024\/03\/Electric-Pressure-fryer-PFE-500-002.webp\" alt=\"\" class=\"wp-image-1578\" srcset=\"https:\/\/www.ccmmachine.com\/wp-content\/uploads\/2024\/03\/Electric-Pressure-fryer-PFE-500-002.webp 472w, https:\/\/www.ccmmachine.com\/wp-content\/uploads\/2024\/03\/Electric-Pressure-fryer-PFE-500-002-300x293.webp 300w, https:\/\/www.ccmmachine.com\/wp-content\/uploads\/2024\/03\/Electric-Pressure-fryer-PFE-500-002-12x12.webp 12w\" sizes=\"(max-width: 472px) 100vw, 472px\" \/><\/figure>\n\n\n\n<p><gwmw style=\"display:none;\"><\/gwmw><\/p>","protected":false},"excerpt":{"rendered":"<p>This series American fried chicken oven is a company absorbing the foreign advanced technology, according to the production process characteristics of Western and traditional Chinese chicken fried chicken in the development and production of the latest fried chicken oven. The whole body of stainless steel, simple operation, automatic temperature control exhaust pressure.Using low-temperature high-pressure principles, [&#8230;]\n","protected":false},"featured_media":1576,"template":"","meta":[],"product_brand":[],"product_cat":[85],"product_tag":[],"class_list":{"0":"post-1345","1":"product","2":"type-product","3":"status-publish","4":"has-post-thumbnail","6":"product_cat-electric-pressure-fryers","8":"first","9":"instock","10":"shipping-taxable","11":"product-type-simple"},"_links":{"self":[{"href":"https:\/\/www.ccmmachine.com\/sv\/wp-json\/wp\/v2\/product\/1345","targetHints":{"allow":["GET"]}}],"collection":[{"href":"https:\/\/www.ccmmachine.com\/sv\/wp-json\/wp\/v2\/product"}],"about":[{"href":"https:\/\/www.ccmmachine.com\/sv\/wp-json\/wp\/v2\/types\/product"}],"wp:featuredmedia":[{"embeddable":true,"href":"https:\/\/www.ccmmachine.com\/sv\/wp-json\/wp\/v2\/media\/1576"}],"wp:attachment":[{"href":"https:\/\/www.ccmmachine.com\/sv\/wp-json\/wp\/v2\/media?parent=1345"}],"wp:term":[{"taxonomy":"product_brand","embeddable":true,"href":"https:\/\/www.ccmmachine.com\/sv\/wp-json\/wp\/v2\/product_brand?post=1345"},{"taxonomy":"product_cat","embeddable":true,"href":"https:\/\/www.ccmmachine.com\/sv\/wp-json\/wp\/v2\/product_cat?post=1345"},{"taxonomy":"product_tag","embeddable":true,"href":"https:\/\/www.ccmmachine.com\/sv\/wp-json\/wp\/v2\/product_tag?post=1345"}],"curies":[{"name":"wp","href":"https:\/\/api.w.org\/{rel}","templated":true}]}}