{"id":1340,"date":"2024-03-21T03:52:28","date_gmt":"2024-03-21T03:52:28","guid":{"rendered":"https:\/\/www.ccmmachine.com\/?post_type=product&#038;p=1340"},"modified":"2024-03-21T03:52:31","modified_gmt":"2024-03-21T03:52:31","slug":"elektrisk-tryckfritos-pfe-600","status":"publish","type":"product","link":"https:\/\/www.ccmmachine.com\/sv\/product\/electric-pressure-fryer-pfe-600\/","title":{"rendered":"Elektrisk tryckfrit\u00f6s PFE-600"},"content":{"rendered":"<p><strong>Produktbeskrivning:<\/strong><\/p>\n\n\n\n<p>1 Helt rostfritt st\u00e5lhus l\u00e4tt att tv\u00e4tta och torka l\u00e5ng livsl\u00e4ngd.<br>2 Lock helt i aluminium, robust och l\u00e4tt, l\u00e4tt att \u00f6ppna och st\u00e4nga.<br>3 Det inbyggda automatiska filtreringssystemet \u00e4r l\u00e4tt att anv\u00e4nda och energieffektivt.<\/p>\n\n\n\n<p>Denna serie av amerikanska stekt kycklingugnar \u00e4r ett f\u00f6retag som absorberar utl\u00e4ndsk avancerad teknik, enligt produktionsprocessens egenskaper hos v\u00e4sterl\u00e4ndska och traditionella kinesiska kycklingstekta kycklingar i utvecklingen och produktionen av den senaste stekt kycklingugnen. Hela kroppen av rostfritt st\u00e5l, LCD-datorkontrollpanel, enkel drift, automatisk temperaturkontroll av avgastryck. Med hj\u00e4lp av l\u00e5gtemperatur h\u00f6gtrycksprinciper, stekt mat knaprig utanf\u00f6r, och m\u00f6r, med ljusa f\u00e4rger, men ocks\u00e5 stekt anka, stekt kyckling, stekt kyckling, kycklingvingar, fisk, fl\u00e4sk och annat k\u00f6tt och potatis och andra gr\u00f6nsaker. G\u00e4ller alla stora butiker, hotell, snabbmatsrestauranger, snackbarer, fabriksmatsalar och egenf\u00f6retagare. Med enkel drift, ren, l\u00e4tt att anv\u00e4nda, h\u00f6g effektivitet, h\u00e5llbarhet och andra funktioner. Det \u00e4r den senaste typen av maskiner och utrustning f\u00f6r livsmedelsbearbetning.<gwmw style=\"display:none;\"><\/gwmw><\/p>\n\n\n\n<p><strong>Funktioner:<\/strong><br>1, Helt rostfritt st\u00e5l, l\u00e4tt att tv\u00e4tta och torka l\u00e5ng livsl\u00e4ngd.<br>2, helt aluminiumlock, robust och l\u00e4tt, l\u00e4tt att \u00f6ppna och st\u00e4nga.<br>3, Inbyggt automatiskt filtreringssystem, l\u00e4tt att anv\u00e4nda och energieffektivt.<br>4, fyra hjul b\u00e4rf\u00f6rm\u00e5ga tillsammans med bromsfunktion, enkel r\u00f6relse och positionering.<br>5, LCD digital display kontrollpanel, mer exakt och vackrare.<\/p>\n\n\n\n<figure class=\"wp-block-table\"><table><tbody><tr><td>namn<\/td><td>Elektrisk frit\u00f6s<\/td><\/tr><tr><td>namn<\/td><td>PFE-600<\/td><\/tr><tr><td>Sp\u00e4nning<\/td><td>~3N380v\/50Hz\uff08~3N220v\/60Hz\uff09<\/td><\/tr><tr><td>Kraft<\/td><td>13,5kw<\/td><\/tr><tr><td>Styr temperaturomr\u00e5de<\/td><td>20-200 \u2103<\/td><\/tr><tr><td>Storlek<\/td><td>960\u00d7460\u00d71230 mm<\/td><\/tr><tr><td>F\u00f6rpackningsstorlek<\/td><td>1030\u00d7510\u00d71300mm<\/td><\/tr><tr><td>Kapacitet<\/td><td>24L<\/td><\/tr><tr><td>Vikt<\/td><td>135 kg<\/td><\/tr><tr><td>Bruttovikt<\/td><td>155 kg<\/td><\/tr><tr><td>Kontrollpanel<\/td><td>LED kontrollpanel<\/td><\/tr><\/tbody><\/table><\/figure>\n\n\n\n<figure class=\"wp-block-image\"><img decoding=\"async\" src=\"https:\/\/www.ccmmachine.com\/wp-content\/uploads\/2019\/09\/Electric-Pressure-fryer-PFE-600-001.jpg\" alt=\"\" class=\"wp-image-1342\"\/><\/figure>\n\n\n\n<figure class=\"wp-block-image\"><img decoding=\"async\" src=\"https:\/\/www.ccmmachine.com\/wp-content\/uploads\/2019\/09\/Electric-Pressure-fryer-PFE-600-002.jpg\" alt=\"\" class=\"wp-image-1344\"\/><\/figure>\n\n\n\n<p><gwmw style=\"display:none;\"><\/gwmw><\/p>","protected":false},"excerpt":{"rendered":"<p>Product Description\uff1a 1 All stainless steel body easy to wash and wipe long service life.2 All aluminum lid rugged and lightweight easy to open and close.3 The built-in automatic filtration system is easy to use and energy-efficient. This series of American fried chicken Ovens is a company absorbing foreign advanced technology, according to the production [&#8230;]\n","protected":false},"featured_media":1568,"template":"","meta":[],"product_brand":[],"product_cat":[85],"product_tag":[],"class_list":{"0":"post-1340","1":"product","2":"type-product","3":"status-publish","4":"has-post-thumbnail","6":"product_cat-electric-pressure-fryers","8":"first","9":"instock","10":"shipping-taxable","11":"product-type-simple"},"_links":{"self":[{"href":"https:\/\/www.ccmmachine.com\/sv\/wp-json\/wp\/v2\/product\/1340","targetHints":{"allow":["GET"]}}],"collection":[{"href":"https:\/\/www.ccmmachine.com\/sv\/wp-json\/wp\/v2\/product"}],"about":[{"href":"https:\/\/www.ccmmachine.com\/sv\/wp-json\/wp\/v2\/types\/product"}],"wp:featuredmedia":[{"embeddable":true,"href":"https:\/\/www.ccmmachine.com\/sv\/wp-json\/wp\/v2\/media\/1568"}],"wp:attachment":[{"href":"https:\/\/www.ccmmachine.com\/sv\/wp-json\/wp\/v2\/media?parent=1340"}],"wp:term":[{"taxonomy":"product_brand","embeddable":true,"href":"https:\/\/www.ccmmachine.com\/sv\/wp-json\/wp\/v2\/product_brand?post=1340"},{"taxonomy":"product_cat","embeddable":true,"href":"https:\/\/www.ccmmachine.com\/sv\/wp-json\/wp\/v2\/product_cat?post=1340"},{"taxonomy":"product_tag","embeddable":true,"href":"https:\/\/www.ccmmachine.com\/sv\/wp-json\/wp\/v2\/product_tag?post=1340"}],"curies":[{"name":"wp","href":"https:\/\/api.w.org\/{rel}","templated":true}]}}