{"id":1312,"date":"2024-03-21T02:37:40","date_gmt":"2024-03-21T02:37:40","guid":{"rendered":"https:\/\/www.ccmmachine.com\/?post_type=product&#038;p=1312"},"modified":"2024-03-21T02:54:52","modified_gmt":"2024-03-21T02:54:52","slug":"gasfritos-pfg-600","status":"publish","type":"product","link":"https:\/\/www.ccmmachine.com\/sv\/product\/gas-pressure-fryer-pfg-600\/","title":{"rendered":"Gasfrit\u00f6s PFG-600"},"content":{"rendered":"<h3 class=\"wp-block-heading\"><strong>Produktbeskrivning:<\/strong><\/h3>\n\n\n\n<ol class=\"wp-block-list\">\n<li>&nbsp;Helt rostfritt st\u00e5l, l\u00e4tt att tv\u00e4tta och torka, l\u00e5ng livsl\u00e4ngd.<\/li>\n\n\n\n<li>&nbsp;aluminiumlock, robust och l\u00e4tt, l\u00e4tt att \u00f6ppna och st\u00e4nga.<\/li>\n\n\n\n<li>&nbsp;fyra hjul b\u00e4rf\u00f6rm\u00e5ga tillsammans med bromsfunktion, enkel r\u00f6relse och positionering.<\/li>\n\n\n\n<li>&nbsp;Paneldatorkontrollsystem, fint, exakt.<\/li>\n\n\n\n<li>&nbsp;Det inbyggda automatiska filtreringssystemet, l\u00e4tt att anv\u00e4nda och energieffektivt.<\/li>\n<\/ol>\n\n\n\n<p>Gas Pressure Fried Chicken Furnace-serien \u00e4r en linje av enheter som utvecklats av v\u00e5rt f\u00f6retag, med avancerad teknik fr\u00e5n utlandet. Dessa ugnar \u00e4r designade speciellt f\u00f6r produktion av stekt kyckling, med h\u00e4nsyn till b\u00e5de v\u00e4sterl\u00e4ndska och traditionella kinesiska metoder f\u00f6r att steka kyckling. Hela ugnens kropp \u00e4r gjord av rostfritt st\u00e5l, och datorns kontrollpanel m\u00f6jligg\u00f6r automatisk reglering av avgastrycket. Genom att anv\u00e4nda l\u00e5gtemperatur-h\u00f6gtrycksprincipen producerar v\u00e5ra ugnar knaprig och m\u00f6r stekt mat med en ljus f\u00e4rg. F\u00f6rutom kyckling kan de ocks\u00e5 anv\u00e4ndas f\u00f6r att steka anka, fisk, fl\u00e4sk, n\u00f6tk\u00f6tt, f\u00e5rk\u00f6tt, potatis och andra gr\u00f6nsaker. V\u00e5ra ugnar \u00e4r l\u00e4mpliga f\u00f6r anv\u00e4ndning i olika anl\u00e4ggningar som butiker, hotell, snabbmatsrestauranger, snackbarer, fabriksmatsalar och \u00e4ven f\u00f6r egenf\u00f6retagare. De \u00e4r l\u00e4tta att anv\u00e4nda, reng\u00f6ra och mycket effektiva, vilket g\u00f6r dem till den senaste och mest avancerade livsmedelsbearbetningsmaskinen och utrustningen som finns tillg\u00e4ngliga.<\/p>\n\n\n\n<figure class=\"wp-block-table\"><table><tbody><tr><td><strong>namn<\/strong><\/td><td>gasfrit\u00f6s<\/td><\/tr><tr><td><strong>Modell<\/strong><\/td><td>PFG-600<\/td><\/tr><tr><td><strong>Arbetstryck<\/strong><\/td><td>0,085 MPa<\/td><\/tr><tr><td><strong>Styr temperaturomr\u00e5de<\/strong><\/td><td>20~200 \u2103<\/td><\/tr><tr><td><strong>Gasf\u00f6rbrukning<\/strong><\/td><td>cirka 0,48 kg\/h (inklusive h\u00e5lltid)<\/td><\/tr><tr><td><strong>Sp\u00e4nning<\/strong><\/td><td>&nbsp;~220V\/50Hz-60Hz<\/td><\/tr><tr><td><strong>Br\u00e4nsle<\/strong><\/td><td>Gasol\/Naturgas<\/td><\/tr><tr><td><strong>Storlek<\/strong><\/td><td>460\u00d7960\u00d71230 mm<\/td><\/tr><tr><td><strong>F\u00f6rpackningsstorlek<\/strong><\/td><td>510\u00d71030\u00d71300mm<\/td><\/tr><tr><td><strong>Kapacitet<\/strong><\/td><td>24L<\/td><\/tr><tr><td><strong>Vikt<\/strong><\/td><td>135 kg<\/td><\/tr><tr><td><strong>Bruttovikt<\/strong><\/td><td>155 kg<\/td><\/tr><tr><td><strong>Kontrollpanel<\/strong><\/td><td>LCD<\/td><\/tr><\/tbody><\/table><\/figure>\n\n\n\n<figure class=\"wp-block-image\"><img decoding=\"async\" src=\"https:\/\/www.ccmmachine.com\/wp-content\/uploads\/2019\/08\/Electric-Pressure-fryer-PFE-600L-001.jpg\" alt=\"\" class=\"wp-image-1304\"\/><\/figure>","protected":false},"excerpt":{"rendered":"<p>Product Description\uff1a The\u00a0Gas\u00a0Pressure\u00a0Fried\u00a0Chicken\u00a0Furnace series\u00a0is a line of\u00a0devices\u00a0developed\u00a0by our\u00a0company,\u00a0incorporating advanced technology\u00a0from abroad. These\u00a0ovens\u00a0are designed\u00a0specifically\u00a0for\u00a0the\u00a0production of\u00a0fried chicken,\u00a0taking\u00a0into account\u00a0both Western and traditional Chinese\u00a0methods of\u00a0roasting\u00a0chicken. The entire\u00a0body of\u00a0the oven is\u00a0made of stainless steel,\u00a0and the\u00a0computer control panel allows for automatic\u00a0regulation of exhaust pressure.\u00a0By utilizing\u00a0the\u00a0low-temperature high-pressure principle,\u00a0our\u00a0ovens\u00a0produce\u00a0crispy\u00a0and tender\u00a0fried food with a\u00a0bright color. In addition to chicken, they\u00a0can also\u00a0be\u00a0used\u00a0to fry\u00a0duck, fish, pork, [&#8230;]\n","protected":false},"featured_media":1563,"template":"","meta":[],"product_brand":[],"product_cat":[86],"product_tag":[],"class_list":{"0":"post-1312","1":"product","2":"type-product","3":"status-publish","4":"has-post-thumbnail","6":"product_cat-gas-pressure-fryers","8":"first","9":"instock","10":"shipping-taxable","11":"product-type-simple"},"_links":{"self":[{"href":"https:\/\/www.ccmmachine.com\/sv\/wp-json\/wp\/v2\/product\/1312","targetHints":{"allow":["GET"]}}],"collection":[{"href":"https:\/\/www.ccmmachine.com\/sv\/wp-json\/wp\/v2\/product"}],"about":[{"href":"https:\/\/www.ccmmachine.com\/sv\/wp-json\/wp\/v2\/types\/product"}],"wp:featuredmedia":[{"embeddable":true,"href":"https:\/\/www.ccmmachine.com\/sv\/wp-json\/wp\/v2\/media\/1563"}],"wp:attachment":[{"href":"https:\/\/www.ccmmachine.com\/sv\/wp-json\/wp\/v2\/media?parent=1312"}],"wp:term":[{"taxonomy":"product_brand","embeddable":true,"href":"https:\/\/www.ccmmachine.com\/sv\/wp-json\/wp\/v2\/product_brand?post=1312"},{"taxonomy":"product_cat","embeddable":true,"href":"https:\/\/www.ccmmachine.com\/sv\/wp-json\/wp\/v2\/product_cat?post=1312"},{"taxonomy":"product_tag","embeddable":true,"href":"https:\/\/www.ccmmachine.com\/sv\/wp-json\/wp\/v2\/product_tag?post=1312"}],"curies":[{"name":"wp","href":"https:\/\/api.w.org\/{rel}","templated":true}]}}