{"id":1292,"date":"2024-03-21T02:29:27","date_gmt":"2024-03-21T02:29:27","guid":{"rendered":"https:\/\/www.ccmmachine.com\/?post_type=product&#038;p=1292"},"modified":"2024-03-21T02:29:30","modified_gmt":"2024-03-21T02:29:30","slug":"gasfritos-pfg-600l","status":"publish","type":"product","link":"https:\/\/www.ccmmachine.com\/sv\/product\/gas-pressure-fryer-pfg-600l\/","title":{"rendered":"Gasfrit\u00f6s PFG-600L"},"content":{"rendered":"<p><strong>Produktbeskrivning:<\/strong><\/p>\n\n\n\n<ol class=\"wp-block-list\">\n<li>Helt rostfritt st\u00e5lhus l\u00e4tt att tv\u00e4tta och torka och har l\u00e5ng livsl\u00e4ngd.<\/li>\n\n\n\n<li>aluminiumlock robust och l\u00e4tt l\u00e4tt att \u00f6ppna och st\u00e4nga.<\/li>\n\n\n\n<li>inbyggt automatiskt oljefiltersystem som \u00e4r enkelt att anv\u00e4nda och energisn\u00e5lt.<\/li>\n\n\n\n<li>fyra hjul b\u00e4rf\u00f6rm\u00e5ga tillsammans med bromsfunktion enkel r\u00f6relse och positionering.<\/li>\n\n\n\n<li>LCD-kontrollpanelen \u00e4r exakt och vacker.<\/li>\n<\/ol>\n\n\n\n<p>Gastryck \u00e4r f\u00f6retaget som absorberar utl\u00e4ndsk avancerad teknik, utveckling och produktion av den senaste stekt kyckling ugn stekt kyckling produktionsprocessen enligt egenskaperna hos v\u00e4sterl\u00e4ndska och traditionella kinesiska stekt kyckling. Hela kroppen av rostfritt st\u00e5l, LCD-datorkontrollsystem automatisk temperaturkontroll, tryckkontroll, avgassystem. Med hj\u00e4lp av l\u00e5g temperatur h\u00f6gt tryck princip, stekt mat knaprig utanf\u00f6r, och \u00f6m, ljus f\u00e4rg, men ocks\u00e5 stekt anka, fisk, fl\u00e4sk, n\u00f6tk\u00f6tt, f\u00e5rk\u00f6tt och annat k\u00f6tt och potatis och andra gr\u00f6nsaker. G\u00e4ller alla st\u00f6rre butiker, hotell, snabbmatsrestauranger, snackbarer, fabriksmatsalar och egenf\u00f6retagare. Den specifika operationen \u00e4r enkel, ren, l\u00e4tt att anv\u00e4nda, h\u00f6g effektivitet, h\u00e5llbarhet och andra egenskaper, \u00e4r den senaste typen av livsmedelsmaskiner och utrustning.<\/p>\n\n\n\n<figure class=\"wp-block-table\"><table><tbody><tr><td><strong>namn<\/strong><\/td><td>gasfrit\u00f6s<\/td><\/tr><tr><td><strong>Modell<\/strong><\/td><td>PFG-600L<\/td><\/tr><tr><td><strong>Arbetstryck<\/strong><\/td><td>0,085 MPa<\/td><\/tr><tr><td><strong>Styr temperaturomr\u00e5de<\/strong><\/td><td>20~200 \u2103<\/td><\/tr><tr><td><strong>Gasf\u00f6rbrukning<\/strong><\/td><td>cirka 0,48 kg\/h (inklusive h\u00e5lltid)<\/td><\/tr><tr><td><strong>Sp\u00e4nning<\/strong><\/td><td>&nbsp;~220V\/50Hz-60Hz<\/td><\/tr><tr><td><strong>Br\u00e4nsle<\/strong><\/td><td>Gasol\/Naturgas<\/td><\/tr><tr><td><strong>Storlek<\/strong><\/td><td>460\u00d7960\u00d71230 mm<\/td><\/tr><tr><td><strong>F\u00f6rpackningsstorlek<\/strong><\/td><td>510\u00d71030\u00d71300mm<\/td><\/tr><tr><td><strong>Kapacitet<\/strong><\/td><td>24L<\/td><\/tr><tr><td><strong>Vikt<\/strong><\/td><td>135 kg<\/td><\/tr><tr><td><strong>Bruttovikt<\/strong><\/td><td>155 kg<\/td><\/tr><tr><td><strong>Kontrollpanel<\/strong><\/td><td>LCD<\/td><\/tr><\/tbody><\/table><\/figure>\n\n\n\n<figure class=\"wp-block-image\"><img decoding=\"async\" src=\"https:\/\/www.ccmmachine.com\/wp-content\/uploads\/2019\/08\/Electric-Pressure-fryer-PFE-600L-001.jpg\" alt=\"\" class=\"wp-image-1304\"\/><\/figure>","protected":false},"excerpt":{"rendered":"<p>Product Description\uff1a Gas pressure is the company absorbing foreign advanced technology, development, and production of the latest fried chicken oven fried chicken production process according to the characteristics of Western and traditional Chinese roast chicken. The whole body of stainless steel, LCD computer control system automatic temperature control, pressure control, exhaust. Using low-temperature high-pressure principle, [&#8230;]\n","protected":false},"featured_media":1560,"template":"","meta":[],"product_brand":[],"product_cat":[86],"product_tag":[],"class_list":{"0":"post-1292","1":"product","2":"type-product","3":"status-publish","4":"has-post-thumbnail","6":"product_cat-gas-pressure-fryers","8":"first","9":"instock","10":"shipping-taxable","11":"product-type-simple"},"_links":{"self":[{"href":"https:\/\/www.ccmmachine.com\/sv\/wp-json\/wp\/v2\/product\/1292","targetHints":{"allow":["GET"]}}],"collection":[{"href":"https:\/\/www.ccmmachine.com\/sv\/wp-json\/wp\/v2\/product"}],"about":[{"href":"https:\/\/www.ccmmachine.com\/sv\/wp-json\/wp\/v2\/types\/product"}],"wp:featuredmedia":[{"embeddable":true,"href":"https:\/\/www.ccmmachine.com\/sv\/wp-json\/wp\/v2\/media\/1560"}],"wp:attachment":[{"href":"https:\/\/www.ccmmachine.com\/sv\/wp-json\/wp\/v2\/media?parent=1292"}],"wp:term":[{"taxonomy":"product_brand","embeddable":true,"href":"https:\/\/www.ccmmachine.com\/sv\/wp-json\/wp\/v2\/product_brand?post=1292"},{"taxonomy":"product_cat","embeddable":true,"href":"https:\/\/www.ccmmachine.com\/sv\/wp-json\/wp\/v2\/product_cat?post=1292"},{"taxonomy":"product_tag","embeddable":true,"href":"https:\/\/www.ccmmachine.com\/sv\/wp-json\/wp\/v2\/product_tag?post=1292"}],"curies":[{"name":"wp","href":"https:\/\/api.w.org\/{rel}","templated":true}]}}