{"id":1349,"date":"2024-03-21T04:17:59","date_gmt":"2024-03-21T04:17:59","guid":{"rendered":"https:\/\/www.ccmmachine.com\/?post_type=product&#038;p=1349"},"modified":"2024-03-21T04:18:02","modified_gmt":"2024-03-21T04:18:02","slug":"tlacni-cvrtnik-mdxz-24c","status":"publish","type":"product","link":"https:\/\/www.ccmmachine.com\/sl\/product\/pressure-fryer-mdxz-24c\/","title":{"rendered":"Tla\u010dni cvrtnik MDXZ-24C"},"content":{"rendered":"<p>Ta odsek tla\u010dnega cvrtnika je podjetje, ki absorbira tujo napredno tehnologijo, razvoj in proizvodnjo najnovej\u0161ega procesa proizvodnje ocvrtega pi\u0161\u010danca v pe\u010dici v skladu z zna\u010dilnostmi zahodnega in tradicionalnega kitajskega pe\u010denega pi\u0161\u010danca. Celotno ohi\u0161je iz nerjave\u010dega jekla, elektronsko krmiljenje \u010dasa, avtomatski nadzor temperature izpu\u0161nega tlaka.<\/p>\n\n\n\n<p>Z uporabo nizkotemperaturnega visokotla\u010dnega principa je ocvrta hrana zunaj hrustljava in ne\u017ena, svetle barve, pa tudi ocvrta raca, ribe, svinjina, jagnjetina in drugo meso ter krompir in druga zelenjava. Velja za vse ve\u010dje trgovine, hotele, restavracije s hitro prehrano, okrep\u010devalnice, tovarni\u0161ke menze in gospodinjstva samozaposlenih. Posebna operacija je preprosta, \u010dista, enostavna za uporabo, visoka u\u010dinkovitost in vzdr\u017eljivost, je najnovej\u0161a vrsta strojev in opreme za predelavo hrane<gwmw style=\"display:none;\"><\/gwmw><\/p>\n\n\n\n<h3 class=\"wp-block-heading\"><strong>Lastnosti:<\/strong><gwmw style=\"display:none;\"><\/gwmw><\/h3>\n\n\n\n<p>1. Vse ohi\u0161je iz nerjave\u010dega jekla, enostavno pranje in brisanje, dolga \u017eivljenjska doba.<br>2 aluminijasta pokrova, robustna in lahka, enostavna za odpiranje in zapiranje.<br>3 Nosilnost \u0161tirih kolesc, skupaj z zavorno funkcijo, enostavnostjo premikanja in pozicioniranja.<br>4. Mehansko upravljanje instrumenta je preprosto, enostavno, elegantno in natan\u010dno.<gwmw style=\"display:none;\"><\/gwmw><gwmw style=\"display:none;\"><\/gwmw><\/p>\n\n\n\n<figure class=\"wp-block-table\"><table><tbody><tr><td>Ime<\/td><td>Elektri\u010dni tla\u010dni cvrtnik<\/td><\/tr><tr><td>ime<\/td><td>MDXZ-24<\/td><\/tr><tr><td>Napetost<\/td><td>3N\/380V\/50Hz<\/td><\/tr><tr><td>Mo\u010d<\/td><td>12kw<\/td><\/tr><tr><td>Nadzor temperaturnega obmo\u010dja<\/td><td>90-190 \u2103<\/td><\/tr><tr><td>Velikost<\/td><td>960\u00d7460\u00d71230 mm<\/td><\/tr><tr><td>Velikost pakiranja<\/td><td>1030\u00d7510\u00d71300 mm<\/td><\/tr><tr><td>Zmogljivost<\/td><td>24L<\/td><\/tr><tr><td>Ute\u017e<\/td><td>110 kg<\/td><\/tr><tr><td>Bruto te\u017ea<\/td><td>135 kg<\/td><\/tr><tr><td>Nadzorna plo\u0161\u010da<\/td><td>ro\u010dna plo\u0161\u010da<\/td><\/tr><\/tbody><\/table><\/figure>\n\n\n\n<p><gwmw style=\"display:none;\"><\/gwmw><\/p>","protected":false},"excerpt":{"rendered":"<p>This section pressure fryer is the company absorbing foreign advanced technology, development and production of the latest fried chicken oven fried chicken production process according to the characteristics of Western and traditional Chinese roast chicken. The whole body of stainless steel, electronic timing, automatic temperature control exhaust pressure. Using low-temperature high-pressure principle, fried food crisp [&#8230;]\n","protected":false},"featured_media":1582,"template":"","meta":[],"product_brand":[],"product_cat":[85],"product_tag":[],"class_list":{"0":"post-1349","1":"product","2":"type-product","3":"status-publish","4":"has-post-thumbnail","6":"product_cat-electric-pressure-fryers","8":"first","9":"instock","10":"shipping-taxable","11":"product-type-simple"},"_links":{"self":[{"href":"https:\/\/www.ccmmachine.com\/sl\/wp-json\/wp\/v2\/product\/1349","targetHints":{"allow":["GET"]}}],"collection":[{"href":"https:\/\/www.ccmmachine.com\/sl\/wp-json\/wp\/v2\/product"}],"about":[{"href":"https:\/\/www.ccmmachine.com\/sl\/wp-json\/wp\/v2\/types\/product"}],"wp:featuredmedia":[{"embeddable":true,"href":"https:\/\/www.ccmmachine.com\/sl\/wp-json\/wp\/v2\/media\/1582"}],"wp:attachment":[{"href":"https:\/\/www.ccmmachine.com\/sl\/wp-json\/wp\/v2\/media?parent=1349"}],"wp:term":[{"taxonomy":"product_brand","embeddable":true,"href":"https:\/\/www.ccmmachine.com\/sl\/wp-json\/wp\/v2\/product_brand?post=1349"},{"taxonomy":"product_cat","embeddable":true,"href":"https:\/\/www.ccmmachine.com\/sl\/wp-json\/wp\/v2\/product_cat?post=1349"},{"taxonomy":"product_tag","embeddable":true,"href":"https:\/\/www.ccmmachine.com\/sl\/wp-json\/wp\/v2\/product_tag?post=1349"}],"curies":[{"name":"wp","href":"https:\/\/api.w.org\/{rel}","templated":true}]}}