{"id":1345,"date":"2024-03-21T04:03:01","date_gmt":"2024-03-21T04:03:01","guid":{"rendered":"https:\/\/www.ccmmachine.com\/?post_type=product&#038;p=1345"},"modified":"2024-03-21T04:03:05","modified_gmt":"2024-03-21T04:03:05","slug":"elektricni-tlacni-cvrtnik-pfe-500","status":"publish","type":"product","link":"https:\/\/www.ccmmachine.com\/sl\/product\/electric-pressure-fryer-pfe-500\/","title":{"rendered":"Elektri\u010dni tla\u010dni cvrtnik PFE-500"},"content":{"rendered":"<p>Ta serija American fried chicken oven je podjetje, ki absorbira tujo napredno tehnologijo, glede na zna\u010dilnosti proizvodnega procesa zahodnega in tradicionalnega kitajskega ocvrtega pi\u0161\u010danca pri razvoju in proizvodnji najnovej\u0161e pe\u010dice za ocvrte pi\u0161\u010dance. Celotno telo iz nerjave\u010dega jekla, preprosto upravljanje, avtomatski nadzor temperature izpu\u0161nega tlaka.<br>Z uporabo na\u010del nizke temperature in visokega tlaka, ocvrta hrana hrustljava zunaj in ne\u017ena, svetla barva, pa tudi ocvrta raca, ocvrt pi\u0161\u010danec, ocvrt pi\u0161\u010danec, pi\u0161\u010dan\u010dja peruti, ribe, svinjina in drugo meso ter krompir in druga zelenjava. Velja za vse velike trgovine, hotele, restavracije s hitro prehrano, okrep\u010devalnice, tovarni\u0161ke menze in gospodinjstva samostojnih podjetnikov. S preprostim upravljanjem, \u010disto\u010do, enostavno uporabo, visoko u\u010dinkovitostjo, vzdr\u017eljivostjo in drugimi lastnostmi. To je najnovej\u0161a vrsta strojev in opreme za predelavo hrane.<gwmw style=\"display:none;\"><\/gwmw><\/p>\n\n\n\n<h3 class=\"wp-block-heading\"><strong>Lastnosti:<\/strong><gwmw style=\"display:none;\"><\/gwmw><\/h3>\n\n\n\n<p>1, ohi\u0161je iz nerjave\u010dega jekla, enostavno pranje in brisanje, dolga \u017eivljenjska doba.<br>2, aluminijast pokrov, robusten in lahek, enostaven za odpiranje in zapiranje.<br>3, vgrajen filtrirni sistem, enostaven za uporabo in energetsko u\u010dinkovit.<br>4, nosilnost \u0161tirih koles skupaj z zavorno funkcijo, enostavno premikanje in pozicioniranje.<br>5, klasi\u010dna nadzorna plo\u0161\u010da stroja, la\u017eja in u\u010dinkovitej\u0161a.<\/p>\n\n\n\n<figure class=\"wp-block-table\"><table><tbody><tr><td>Ime<\/td><td>Elektri\u010dni tla\u010dni cvrtnik<\/td><\/tr><tr><td>ime<\/td><td>PFE-500<\/td><\/tr><tr><td>Napetost<\/td><td>~3N380v\/50Hz\uff08~3N220v\/60Hz\uff09<\/td><\/tr><tr><td>Mo\u010d<\/td><td>13,5 kW<\/td><\/tr><tr><td>Nadzor temperaturnega obmo\u010dja<\/td><td>20-200 \u2103<\/td><\/tr><tr><td>Velikost<\/td><td>960\u00d7460\u00d71230 mm<\/td><\/tr><tr><td>Velikost pakiranja<\/td><td>1030\u00d7510\u00d71300 mm<\/td><\/tr><tr><td>Zmogljivost<\/td><td>24L<\/td><\/tr><tr><td>Ute\u017e<\/td><td>135 kg<\/td><\/tr><tr><td>Bruto te\u017ea<\/td><td>155 kg<\/td><\/tr><tr><td>Nadzorna plo\u0161\u010da<\/td><td>ro\u010dna plo\u0161\u010da<\/td><\/tr><\/tbody><\/table><\/figure>\n\n\n\n<figure class=\"wp-block-image size-full\"><img decoding=\"async\" width=\"740\" height=\"300\" src=\"https:\/\/www.ccmmachine.com\/wp-content\/uploads\/2024\/03\/Electric-Pressure-fryer-PFE-500-001.webp\" alt=\"\" class=\"wp-image-1577\" srcset=\"https:\/\/www.ccmmachine.com\/wp-content\/uploads\/2024\/03\/Electric-Pressure-fryer-PFE-500-001.webp 740w, https:\/\/www.ccmmachine.com\/wp-content\/uploads\/2024\/03\/Electric-Pressure-fryer-PFE-500-001-700x284.webp 700w, https:\/\/www.ccmmachine.com\/wp-content\/uploads\/2024\/03\/Electric-Pressure-fryer-PFE-500-001-300x122.webp 300w, https:\/\/www.ccmmachine.com\/wp-content\/uploads\/2024\/03\/Electric-Pressure-fryer-PFE-500-001-18x7.webp 18w\" sizes=\"(max-width: 740px) 100vw, 740px\" \/><\/figure>\n\n\n\n<figure class=\"wp-block-image size-full\"><img decoding=\"async\" width=\"472\" height=\"461\" src=\"https:\/\/www.ccmmachine.com\/wp-content\/uploads\/2024\/03\/Electric-Pressure-fryer-PFE-500-002.webp\" alt=\"\" class=\"wp-image-1578\" srcset=\"https:\/\/www.ccmmachine.com\/wp-content\/uploads\/2024\/03\/Electric-Pressure-fryer-PFE-500-002.webp 472w, https:\/\/www.ccmmachine.com\/wp-content\/uploads\/2024\/03\/Electric-Pressure-fryer-PFE-500-002-300x293.webp 300w, https:\/\/www.ccmmachine.com\/wp-content\/uploads\/2024\/03\/Electric-Pressure-fryer-PFE-500-002-12x12.webp 12w\" sizes=\"(max-width: 472px) 100vw, 472px\" \/><\/figure>\n\n\n\n<p><gwmw style=\"display:none;\"><\/gwmw><\/p>","protected":false},"excerpt":{"rendered":"<p>This series American fried chicken oven is a company absorbing the foreign advanced technology, according to the production process characteristics of Western and traditional Chinese chicken fried chicken in the development and production of the latest fried chicken oven. The whole body of stainless steel, simple operation, automatic temperature control exhaust pressure.Using low-temperature high-pressure principles, [&#8230;]\n","protected":false},"featured_media":1576,"template":"","meta":[],"product_brand":[],"product_cat":[85],"product_tag":[],"class_list":{"0":"post-1345","1":"product","2":"type-product","3":"status-publish","4":"has-post-thumbnail","6":"product_cat-electric-pressure-fryers","8":"first","9":"instock","10":"shipping-taxable","11":"product-type-simple"},"_links":{"self":[{"href":"https:\/\/www.ccmmachine.com\/sl\/wp-json\/wp\/v2\/product\/1345","targetHints":{"allow":["GET"]}}],"collection":[{"href":"https:\/\/www.ccmmachine.com\/sl\/wp-json\/wp\/v2\/product"}],"about":[{"href":"https:\/\/www.ccmmachine.com\/sl\/wp-json\/wp\/v2\/types\/product"}],"wp:featuredmedia":[{"embeddable":true,"href":"https:\/\/www.ccmmachine.com\/sl\/wp-json\/wp\/v2\/media\/1576"}],"wp:attachment":[{"href":"https:\/\/www.ccmmachine.com\/sl\/wp-json\/wp\/v2\/media?parent=1345"}],"wp:term":[{"taxonomy":"product_brand","embeddable":true,"href":"https:\/\/www.ccmmachine.com\/sl\/wp-json\/wp\/v2\/product_brand?post=1345"},{"taxonomy":"product_cat","embeddable":true,"href":"https:\/\/www.ccmmachine.com\/sl\/wp-json\/wp\/v2\/product_cat?post=1345"},{"taxonomy":"product_tag","embeddable":true,"href":"https:\/\/www.ccmmachine.com\/sl\/wp-json\/wp\/v2\/product_tag?post=1345"}],"curies":[{"name":"wp","href":"https:\/\/api.w.org\/{rel}","templated":true}]}}