{"id":1340,"date":"2024-03-21T03:52:28","date_gmt":"2024-03-21T03:52:28","guid":{"rendered":"https:\/\/www.ccmmachine.com\/?post_type=product&#038;p=1340"},"modified":"2024-03-21T03:52:31","modified_gmt":"2024-03-21T03:52:31","slug":"elektricni-tlacni-cvrtnik-pfe-600","status":"publish","type":"product","link":"https:\/\/www.ccmmachine.com\/sl\/product\/electric-pressure-fryer-pfe-600\/","title":{"rendered":"Elektri\u010dni tla\u010dni cvrtnik PFE-600"},"content":{"rendered":"<p><strong>Opis izdelka:<\/strong><\/p>\n\n\n\n<p>1 Popolnoma ohi\u0161je iz nerjave\u010dega jekla, enostavno za pranje in brisanje, dolga \u017eivljenjska doba.<br>2 Robusten in lahek pokrov iz aluminija, enostaven za odpiranje in zapiranje.<br>3 Vgrajen samodejni filtrirni sistem je enostaven za uporabo in energetsko u\u010dinkovit.<\/p>\n\n\n\n<p>Ta serija ameri\u0161kih pe\u010dic za ocvrtega pi\u0161\u010danca je podjetje, ki absorbira tujo napredno tehnologijo, glede na zna\u010dilnosti proizvodnega procesa zahodnega in tradicionalnega kitajskega ocvrtega pi\u0161\u010danca pri razvoju in proizvodnji najnovej\u0161e pe\u010dice za ocvrtega pi\u0161\u010danca. Celotno ohi\u0161je iz nerjave\u010dega jekla, LCD ra\u010dunalni\u0161ka nadzorna plo\u0161\u010da, preprosto upravljanje, samodejni nadzor temperature izpu\u0161nega tlaka. Z uporabo principov nizke temperature in visokega tlaka je ocvrta hrana hrustljava zunaj in mehka, s svetlimi barvami, pa tudi ocvrta raca, ocvrt pi\u0161\u010danec, ocvrt pi\u0161\u010danec, pi\u0161\u010dan\u010dja krila, ribe, svinjina in drugo meso ter krompir in druga zelenjava. Velja za vse velike trgovine, hotele, restavracije s hitro prehrano, okrep\u010devalnice, tovarni\u0161ke menze in gospodinjstva samostojnih podjetnikov. S preprostim upravljanjem, \u010disto\u010do, enostavno uporabo, visoko u\u010dinkovitostjo, vzdr\u017eljivostjo in drugimi lastnostmi. To je najnovej\u0161a vrsta strojev in opreme za predelavo hrane.<gwmw style=\"display:none;\"><\/gwmw><\/p>\n\n\n\n<p><strong>Lastnosti:<\/strong><br>1, Vse ohi\u0161je iz nerjave\u010dega jekla, enostavno pranje in brisanje, dolga \u017eivljenjska doba.<br>2, Popolnoma aluminijast pokrov, robusten in lahek, enostaven za odpiranje in zapiranje.<br>3, Vgrajen samodejni sistem filtracije, enostaven za uporabo in energetsko u\u010dinkovit.<br>4, Nosilnost \u0161tirih kolesc skupaj z zavorno funkcijo, enostavno premikanje in pozicioniranje.<br>5, LCD digitalni zaslon nadzorne plo\u0161\u010de, natan\u010dnej\u0161i in lep\u0161i.<\/p>\n\n\n\n<figure class=\"wp-block-table\"><table><tbody><tr><td>Ime<\/td><td>Elektri\u010dni tla\u010dni cvrtnik<\/td><\/tr><tr><td>ime<\/td><td>PFE-600<\/td><\/tr><tr><td>Napetost<\/td><td>~3N380v\/50Hz\uff08~3N220v\/60Hz\uff09<\/td><\/tr><tr><td>Mo\u010d<\/td><td>13,5 kW<\/td><\/tr><tr><td>Nadzor temperaturnega obmo\u010dja<\/td><td>20-200 \u2103<\/td><\/tr><tr><td>Velikost<\/td><td>960\u00d7460\u00d71230 mm<\/td><\/tr><tr><td>Velikost pakiranja<\/td><td>1030\u00d7510\u00d71300 mm<\/td><\/tr><tr><td>Zmogljivost<\/td><td>24L<\/td><\/tr><tr><td>Ute\u017e<\/td><td>135 kg<\/td><\/tr><tr><td>Bruto te\u017ea<\/td><td>155 kg<\/td><\/tr><tr><td>Nadzorna plo\u0161\u010da<\/td><td>LED nadzorna plo\u0161\u010da<\/td><\/tr><\/tbody><\/table><\/figure>\n\n\n\n<figure class=\"wp-block-image\"><img decoding=\"async\" src=\"https:\/\/www.ccmmachine.com\/wp-content\/uploads\/2019\/09\/Electric-Pressure-fryer-PFE-600-001.jpg\" alt=\"\" class=\"wp-image-1342\"\/><\/figure>\n\n\n\n<figure class=\"wp-block-image\"><img decoding=\"async\" src=\"https:\/\/www.ccmmachine.com\/wp-content\/uploads\/2019\/09\/Electric-Pressure-fryer-PFE-600-002.jpg\" alt=\"\" class=\"wp-image-1344\"\/><\/figure>\n\n\n\n<p><gwmw style=\"display:none;\"><\/gwmw><\/p>","protected":false},"excerpt":{"rendered":"<p>Product Description\uff1a 1 All stainless steel body easy to wash and wipe long service life.2 All aluminum lid rugged and lightweight easy to open and close.3 The built-in automatic filtration system is easy to use and energy-efficient. This series of American fried chicken Ovens is a company absorbing foreign advanced technology, according to the production [&#8230;]\n","protected":false},"featured_media":1568,"template":"","meta":[],"product_brand":[],"product_cat":[85],"product_tag":[],"class_list":{"0":"post-1340","1":"product","2":"type-product","3":"status-publish","4":"has-post-thumbnail","6":"product_cat-electric-pressure-fryers","8":"first","9":"instock","10":"shipping-taxable","11":"product-type-simple"},"_links":{"self":[{"href":"https:\/\/www.ccmmachine.com\/sl\/wp-json\/wp\/v2\/product\/1340","targetHints":{"allow":["GET"]}}],"collection":[{"href":"https:\/\/www.ccmmachine.com\/sl\/wp-json\/wp\/v2\/product"}],"about":[{"href":"https:\/\/www.ccmmachine.com\/sl\/wp-json\/wp\/v2\/types\/product"}],"wp:featuredmedia":[{"embeddable":true,"href":"https:\/\/www.ccmmachine.com\/sl\/wp-json\/wp\/v2\/media\/1568"}],"wp:attachment":[{"href":"https:\/\/www.ccmmachine.com\/sl\/wp-json\/wp\/v2\/media?parent=1340"}],"wp:term":[{"taxonomy":"product_brand","embeddable":true,"href":"https:\/\/www.ccmmachine.com\/sl\/wp-json\/wp\/v2\/product_brand?post=1340"},{"taxonomy":"product_cat","embeddable":true,"href":"https:\/\/www.ccmmachine.com\/sl\/wp-json\/wp\/v2\/product_cat?post=1340"},{"taxonomy":"product_tag","embeddable":true,"href":"https:\/\/www.ccmmachine.com\/sl\/wp-json\/wp\/v2\/product_tag?post=1340"}],"curies":[{"name":"wp","href":"https:\/\/api.w.org\/{rel}","templated":true}]}}