{"id":1292,"date":"2024-03-21T02:29:27","date_gmt":"2024-03-21T02:29:27","guid":{"rendered":"https:\/\/www.ccmmachine.com\/?post_type=product&#038;p=1292"},"modified":"2024-03-21T02:29:30","modified_gmt":"2024-03-21T02:29:30","slug":"plinski-cvrtnik-pfg-600l","status":"publish","type":"product","link":"https:\/\/www.ccmmachine.com\/sl\/product\/gas-pressure-fryer-pfg-600l\/","title":{"rendered":"Plinski cvrtnik PFG-600L"},"content":{"rendered":"<p><strong>Opis izdelka:<\/strong><\/p>\n\n\n\n<ol class=\"wp-block-list\">\n<li>Popolnoma ohi\u0161je iz nerjave\u010dega jekla se enostavno opere in obri\u0161e ter ima dolgo \u017eivljenjsko dobo.<\/li>\n\n\n\n<li>aluminijast pokrov, robusten in lahek, enostaven za odpiranje in zapiranje.<\/li>\n\n\n\n<li>vgrajen samodejni sistem filtra za olje, ki je enostaven za uporabo in energetsko u\u010dinkovit.<\/li>\n\n\n\n<li>\u0161tiri kolesa z nosilnostjo skupaj z zavorno funkcijo enostavno premikanje in pozicioniranje.<\/li>\n\n\n\n<li>LCD nadzorna plo\u0161\u010da je natan\u010dna in lepa.<\/li>\n<\/ol>\n\n\n\n<p>Plinski tlak je podjetje, ki absorbira tujo napredno tehnologijo, razvoj in proizvodnjo najnovej\u0161ega postopka proizvodnje ocvrtega pi\u0161\u010danca v pe\u010dici v skladu z zna\u010dilnostmi zahodnega in tradicionalnega kitajskega pe\u010denega pi\u0161\u010danca. Celotno ohi\u0161je iz nerjave\u010dega jekla, LCD ra\u010dunalni\u0161ki nadzorni sistem avtomatski nadzor temperature, nadzor tlaka, izpuh. Z uporabo nizkotemperaturnega visokotla\u010dnega principa je ocvrta hrana zunaj hrustljava in ne\u017ena, svetle barve, pa tudi ocvrta raca, ribe, svinjina, govedina, ov\u010detina in drugo meso ter krompir in druga zelenjava. Velja za vse ve\u010dje trgovine, hotele, restavracije s hitro prehrano, okrep\u010devalnice, tovarni\u0161ke menze in gospodinjstva samozaposlenih. Posebna operacija je preprosta, \u010dista, enostavna za uporabo, visoka u\u010dinkovitost, vzdr\u017eljivost in druge lastnosti, je najnovej\u0161a vrsta strojev in opreme za predelavo hrane.<\/p>\n\n\n\n<figure class=\"wp-block-table\"><table><tbody><tr><td><strong>Ime<\/strong><\/td><td>plinski cvrtnik<\/td><\/tr><tr><td><strong>Model<\/strong><\/td><td>PFG-600L<\/td><\/tr><tr><td><strong>Delovni tlak<\/strong><\/td><td>0,085 Mpa<\/td><\/tr><tr><td><strong>Nadzor temperaturnega obmo\u010dja<\/strong><\/td><td>20~200 \u2103<\/td><\/tr><tr><td><strong>Poraba plina<\/strong><\/td><td>pribli\u017eno 0,48 kg\/h (vklju\u010dno s \u010dasom zadr\u017eevanja)<\/td><\/tr><tr><td><strong>Napetost<\/strong><\/td><td>&nbsp;~220V\/50Hz-60Hz<\/td><\/tr><tr><td><strong>Gorivo<\/strong><\/td><td>LPG\/zemeljski plin<\/td><\/tr><tr><td><strong>Velikost<\/strong><\/td><td>460\u00d7960\u00d71230 mm<\/td><\/tr><tr><td><strong>Velikost pakiranja<\/strong><\/td><td>510\u00d71030\u00d71300 mm<\/td><\/tr><tr><td><strong>Zmogljivost<\/strong><\/td><td>24L<\/td><\/tr><tr><td><strong>Ute\u017e<\/strong><\/td><td>135 kg<\/td><\/tr><tr><td><strong>Bruto te\u017ea<\/strong><\/td><td>155 kg<\/td><\/tr><tr><td><strong>Nadzorna plo\u0161\u010da<\/strong><\/td><td>LCD<\/td><\/tr><\/tbody><\/table><\/figure>\n\n\n\n<figure class=\"wp-block-image\"><img decoding=\"async\" src=\"https:\/\/www.ccmmachine.com\/wp-content\/uploads\/2019\/08\/Electric-Pressure-fryer-PFE-600L-001.jpg\" alt=\"\" class=\"wp-image-1304\"\/><\/figure>","protected":false},"excerpt":{"rendered":"<p>Product Description\uff1a Gas pressure is the company absorbing foreign advanced technology, development, and production of the latest fried chicken oven fried chicken production process according to the characteristics of Western and traditional Chinese roast chicken. The whole body of stainless steel, LCD computer control system automatic temperature control, pressure control, exhaust. Using low-temperature high-pressure principle, [&#8230;]\n","protected":false},"featured_media":1560,"template":"","meta":[],"product_brand":[],"product_cat":[86],"product_tag":[],"class_list":{"0":"post-1292","1":"product","2":"type-product","3":"status-publish","4":"has-post-thumbnail","6":"product_cat-gas-pressure-fryers","8":"first","9":"instock","10":"shipping-taxable","11":"product-type-simple"},"_links":{"self":[{"href":"https:\/\/www.ccmmachine.com\/sl\/wp-json\/wp\/v2\/product\/1292","targetHints":{"allow":["GET"]}}],"collection":[{"href":"https:\/\/www.ccmmachine.com\/sl\/wp-json\/wp\/v2\/product"}],"about":[{"href":"https:\/\/www.ccmmachine.com\/sl\/wp-json\/wp\/v2\/types\/product"}],"wp:featuredmedia":[{"embeddable":true,"href":"https:\/\/www.ccmmachine.com\/sl\/wp-json\/wp\/v2\/media\/1560"}],"wp:attachment":[{"href":"https:\/\/www.ccmmachine.com\/sl\/wp-json\/wp\/v2\/media?parent=1292"}],"wp:term":[{"taxonomy":"product_brand","embeddable":true,"href":"https:\/\/www.ccmmachine.com\/sl\/wp-json\/wp\/v2\/product_brand?post=1292"},{"taxonomy":"product_cat","embeddable":true,"href":"https:\/\/www.ccmmachine.com\/sl\/wp-json\/wp\/v2\/product_cat?post=1292"},{"taxonomy":"product_tag","embeddable":true,"href":"https:\/\/www.ccmmachine.com\/sl\/wp-json\/wp\/v2\/product_tag?post=1292"}],"curies":[{"name":"wp","href":"https:\/\/api.w.org\/{rel}","templated":true}]}}