{"id":3,"date":"2019-07-18T17:44:06","date_gmt":"2019-07-18T17:44:06","guid":{"rendered":"http:\/\/www.ccmmachine.com\/?page_id=3"},"modified":"2019-09-08T08:06:10","modified_gmt":"2019-09-08T08:06:10","slug":"politiko-zasebnosti","status":"publish","type":"page","link":"https:\/\/www.ccmmachine.com\/sl\/privacy-policy\/","title":{"rendered":"Politika zasebnosti"},"content":{"rendered":"<h3 style=\"text-align: center;\">Politika zasebnosti<\/h3>\n<p><strong>Predan<\/strong><\/p>\n<p>Zavezani smo k varovanju zasebnosti, osebnih podatkov in osebnih podatkov (s skupnim imenom \u00bbosebni podatki\u00ab), ki jih posredujemo pri uporabi na\u0161ega spletnega mesta, tako da lahko zbiramo, uporabljamo, hranimo in prena\u0161amo osebne podatke (z osebnimi podatki zasebnost). Ustrezni zakoni in predpisi) ter najvi\u0161ji standardi varstva potro\u0161nikov.<\/p>\n<p>Da bi zagotovili popolno zaupanje v na\u0161e ravnanje z va\u0161imi osebnimi podatki, bi morali podrobno prebrati in razumeti dolo\u010dbe Politike zasebnosti. Zlasti, ko boste uporabili na\u0161o spletno stran, se bo \u0161telo, da sprejemate, se strinjate, obljubljate in potrjujete:<\/p>\n<p>Osebne podatke nam prostovoljno razkrijete z zahtevanim soglasjem;<\/p>\n<p>Upo\u0161tevali boste vse pogoje in omejitve tega pravilnika o zasebnosti;<\/p>\n<p>Registrirate se na na\u0161i spletni strani in podatki bodo zbrani;<\/p>\n<p>Strinjate se s kakr\u0161nimi koli spremembami na\u0161ega pravilnika o zasebnosti v prihodnosti;<\/p>\n<p>Strinjate se z na\u0161imi podru\u017enicami, podru\u017enicami, zaposlenimi in vas bodo morda zanimali izdelki in storitve, ki bi vas lahko zanimali (razen \u010de ste navedli, da ne \u017eelite prejemati takih sporo\u010dil).<\/p>\n<p><strong>Vrsta zbranih osebnih podatkov<\/strong><\/p>\n<p>Osebne podatke zbiramo, upravljamo in spremljamo z va\u0161im soglasjem. Da vam lahko zagotovimo na\u0161e storitve, boste morali zagotoviti osebne podatke in neimenovano gradivo, za katerega menimo, da je potrebno za izpolnjevanje va\u0161ih navodil in nadaljnje izbolj\u0161anje na\u0161ih storitev, vklju\u010dno z, vendar ne omejeno na:<\/p>\n<p><strong>Osebne informacije<\/strong><\/p>\n<p>\u2013 Va\u0161e ime, spol, starost, datum rojstva, telefonska \u0161tevilka, \u0161tevilka faksa, naslov ali po\u0161tni naslov, e-po\u0161tni naslov.<\/p>\n<p><strong>Neimenovano gradivo<\/strong><\/p>\n<p>Namen in uporaba zbiranja osebnih podatkov in neimenovanih informacij sta naslednja:<\/p>\n<p>Zagotavljanje na\u0161ih storitev prek na\u0161e spletne strani;<\/p>\n<p>Ko uporabljate na\u0161o spletno stran, lahko prepoznate in potrdite svojo identiteto;<\/p>\n<p>Naj dobite ob\u010dutek za vas, ko uporabljate na\u0161o spletno stran;<\/p>\n<p>Na\u0161e osebje za pomo\u010d uporabnikom vas lahko po potrebi kontaktira;<\/p>\n<p>Statistika o uporabi na\u0161e spletne strani;<\/p>\n<p>Poenostavimo uporabo na\u0161ega spletnega mesta;<\/p>\n<p>Izvajanje tr\u017enih raziskav za izbolj\u0161anje na\u0161ih izdelkov, storitev in vsebine spletnega mesta;<\/p>\n<p>Zbiranje informacij za na\u0161e dejavnosti, tr\u017eenje in promocijske programe;<\/p>\n<p>Upo\u0161tevati zakone, vladne in regulativne organe, vklju\u010dno z, vendar ne omejeno na razkritje osebnih podatkov in obvestil;<\/p>\n<p>Dovolite nam in na\u0161im podru\u017enicam, podru\u017enicam, podru\u017enicam, zaposlenim, zastopnikom, servisnim partnerjem ali drugim tretjim osebam, ki delajo z nami v dr\u017eavi, kjer \u017eivite, promocijo izdelkov in\/ali storitev;<\/p>\n<p>analizirati, preveriti in\/ali pregledati va\u0161 kredit, pla\u010dilo in\/ali status v zvezi s storitvami, ki jih nudimo;<\/p>\n<p>Na va\u0161o zahtevo obdelamo vsa pla\u010dilna navodila, neposredne bremenitve in\/ali kreditne dogovore;<\/p>\n<p>Omogo\u010da vam upravljanje va\u0161ega ra\u010duna in\/ali nam omogo\u010da, da z ra\u010duna dvignemo neporavnano provizijo za storitve.<\/p>\n<p><strong>Pi\u0161kotki<\/strong><\/p>\n<p>Ko obi\u0161\u010dete na\u0161o spletno stran, uporabljamo Google Stats za bele\u017eenje na\u0161e uspe\u0161nosti in preverjanje u\u010dinkovitosti spletnega ogla\u0161evanja prek pi\u0161kotkov. Pi\u0161kotek je majhna koli\u010dina podatkov, ki se po\u0161lje v va\u0161 brskalnik in shrani na trdi disk va\u0161ega ra\u010dunalnika. Pi\u0161kotki se lahko po\u0161ljejo na trdi disk va\u0161ega ra\u010dunalnika le, ko z ra\u010dunalnikom dostopate do na\u0161e spletne strani. Pi\u0161kotki se pogosto uporabljajo za bele\u017eenje navad in preferenc obiskovalcev pri brskanju po razli\u010dnih artiklih na na\u0161i spletni strani. Podatki, zbrani s pi\u0161kotki, so neregistrirana zbirna statistika in ne vsebujejo osebnih podatkov. Pi\u0161kotkov ni mogo\u010de uporabiti za pridobivanje podatkov o va\u0161em trdem disku, va\u0161em e-po\u0161tnem naslovu in va\u0161ih zasebnih podatkih. Ko ponovno obi\u0161\u010dete na\u0161o spletno stran, lahko shranite korake za ponovno registracijo. Ve\u010dina brskalnikov je prednastavljenih za sprejemanje pi\u0161kotkov. Izberete lahko, da va\u0161 brskalnik nastavite tako, da ne sprejema pi\u0161kotkov ali da vas obvesti, \u010de so pi\u0161kotki name\u0161\u010deni. Vendar, \u010de nastavite prepoved pi\u0161kotkov, morda ne boste mogli aktivirati ali uporabljati nekaterih funkcij na\u0161ega spletnega mesta.<\/p>\n<p>\u010ce pi\u0161kotkov ne prepoveste ali odstranite, nas bo vsaki\u010d, ko z istim ra\u010dunalnikom dostopate do na\u0161e spletne strani, na\u0161 spletni stre\u017enik obvestil, da ste obiskali na\u0161o spletno stran, mi pa bomo identificirali vas in va\u0161e registracijske podatke ter podatke o pla\u010dilu. , zbiranje informacij o uporabi, tr\u017ene raziskave, spremljanje napredka in sodelovanje v promocijskih aktivnostih.<\/p>\n<p>Spremenite lahko nastavitve v brskalniku ra\u010dunalnika, ki ga uporabljate za dostop do na\u0161e spletne strani, da se odlo\u010dite, ali \u017eelite sprejeti pi\u0161kotke ali ne. \u010ce \u017eelite, lahko spremenite nastavitve v brskalniku. \u010ce v brskalniku nastavite svoje nastavitve, lahko sprejmete vse pi\u0161kotke, prejemate obvestila iz pi\u0161kotkov in celo zavrnete vse pi\u0161kotke. Vendar, \u010de se odlo\u010dite, da ne boste uporabljali pi\u0161kotkov ali zavrnete vse pi\u0161kotke v va\u0161em brskalniku, morda ne boste mogli uporabljati ali aktivirati dolo\u010denih funkcij na\u0161ega spletnega mesta ali pa se boste morali znova prijaviti v svoje podatke.<\/p>\n<p><strong>Shranite osebne podatke in neimenovane informacije<\/strong><\/p>\n<p>Osebne podatke in neimenovane informacije, ki nam jih posredujete, hranimo le, dokler ni dose\u017een namen zbiranja, razen \u010de se hranijo v skladu z veljavnimi zakoni in predpisi.<\/p>\n<p><strong>Lastni\u0161tvo in razkritje osebnih podatkov<\/strong><\/p>\n<p>Vsi podatki, zbrani na na\u0161i spletni strani, so v na\u0161i lasti in jih ne bomo dali v najem ali prodali nepovezanim tretjim osebam. Vendar pa se osebni podatki lahko razkrijejo:<\/p>\n<p><strong>Neposredna prodaja<\/strong><\/p>\n<p>Ko nam posredujete svoje osebne podatke, boste morda prejeli telefonski klic, e-po\u0161to in neposredno po\u0161to od nas ali na\u0161e podru\u017enice. \u010ce ne \u017eelite prejemati na\u0161ega neposrednega tr\u017eenja in promocijskih materialov, nam pi\u0161ite na spodnji naslov. Va\u0161o zahtevo bomo spo\u0161tovali in va\u0161ih osebnih podatkov ne bomo ve\u010d uporabljali v dejavnostih neposrednega tr\u017eenja.<\/p>\n<p><strong>Varstvo osebnih podatkov<\/strong><\/p>\n<p>Izvajamo ustrezne fizi\u010dne, elektronske, upravljavske in tehni\u010dne ukrepe za za\u0161\u010dito in varovanje varnosti va\u0161ih osebnih podatkov. Prizadevamo si zagotoviti, da vsi osebni podatki, zbrani prek na\u0161ega spletnega mesta, ne povzro\u010dajo motenj s strani tretjih oseb, ki niso povezane z nami. Varnostni ukrepi, ki jih izvajamo, vklju\u010dujejo, vendar niso omejeni na:<\/p>\n<p>Fizi\u010dni ukrepi: Zapisi z va\u0161imi osebnimi podatki bodo shranjeni na zaklenjenem mestu.<\/p>\n<p>Elektronski ukrepi: Ra\u010dunalni\u0161ki podatki, ki vsebujejo va\u0161e osebne podatke, bodo shranjeni v ra\u010dunalni\u0161kih sistemih in medijih za shranjevanje ob upo\u0161tevanju strogih omejitev prijave.<\/p>\n<p>Ukrepi upravljanja: Do va\u0161ih osebnih podatkov lahko dostopajo le zaposleni, ki so poobla\u0161\u010deni z na\u0161e strani. Ti zaposleni so dol\u017eni spo\u0161tovati interni kodeks zaupnosti na\u0161ih osebnih podatkov.<\/p>\n<p>Tehni\u010dni ukrepi: Tehnologija \u0161ifriranja, kot je Secure Socket Layer Encryption, se lahko uporablja za dostavo va\u0161ih osebnih podatkov.<\/p>\n<p>Drugi ukrepi: Na\u0161 spletni stre\u017enik je za\u0161\u010diten s po\u017earnim zidom.<\/p>\n<p>\u010ce ste seznanjeni s kakr\u0161no koli varnostno ranljivostjo na na\u0161em spletnem mestu, prosimo, ne oklevajte in nas kontaktirajte, da bomo lahko \u010dim prej ustrezno ukrepali.<\/p>\n<p>Kljub izvajanju zgoraj navedenih tehni\u010dnih in varnostnih ukrepov ne moremo zagotoviti absolutne varnosti podatkov na internetu, zato ne moremo zagotoviti, da so osebni podatki, ki nam jih posredujete preko na\u0161e spletne strani, ves \u010das varni. Ne odgovarjamo za kakr\u0161ne koli incidente, ki so posledica nepoobla\u0161\u010denega dostopa do va\u0161ih osebnih podatkov, in nismo odgovorni za kakr\u0161no koli izgubo ali \u0161kodo, ki nastane ali je povzro\u010dena v zvezi s tem.<\/p>\n<p><strong>Manj\u0161a<\/strong><\/p>\n<p>\u010ce kateri od star\u0161ev ali skrbnikov meni, da nam je mladoletna oseba posredovala osebne podatke brez odobritve ali soglasja star\u0161ev ali skrbnika, se obrnite na na\u0161 oddelek za pomo\u010d strankam, da zagotovite, da so podatki odstranjeni in z na\u0161ega promocijskega seznama. umaknil.<\/p>\n<p><strong>Dostop in popravek osebnih podatkov<\/strong><\/p>\n<p><strong>Imate pravico do:<\/strong><\/p>\n<p>Preverite, ali hranimo va\u0161e osebne podatke;<\/p>\n<p>Dostop do va\u0161ih osebnih podatkov, ki jih imamo;<\/p>\n<p>Prosite nas, da popravimo morebitne nepravilne osebne podatke;<\/p>\n<p>Ob\u010dasno se pozanimajte o naravi, politikah in metodah izvajanja osebnih podatkov, ki jih hranimo.<\/p>\n<p>Vendar pa vam v izjemno omejenih okoli\u0161\u010dinah, ki jih dovoljuje zakon, morda ne bomo dovolili dostopa do va\u0161ih osebnih podatkov, kot so:<\/p>\n<p>\u010ce prejemate in prejemate svoje osebne podatke, ste lahko v nevarnosti;<\/p>\n<p>Kdaj lahko va\u0161 profil vpliva na anketo, ki poteka;<\/p>\n<p>Ko se va\u0161i osebni podatki nana\u0161ajo na sodne postopke in zanje lahko veljajo omejitve pri odkrivanju.<\/p>\n<p>Ko va\u0161 profil vklju\u010duje poslovno ob\u010dutljiv proces odlo\u010danja;<\/p>\n<p>Ko je v isti zapis vklju\u010den tudi profil druge osebe.<\/p>\n<p>\u010ce \u017eelite dostopati do va\u0161ih osebnih podatkov ali jih popraviti ali zahtevati informacije o va\u0161ih osebnih podatkih, na\u010dinu izvajanja in vrsti osebnih podatkov, ki jih imate, nam pi\u0161ite na spodnji naslov. Zahteve za dostop ali popravek informacij lahko povzro\u010dijo razumne stro\u0161ke obdelave.<\/p>\n<p><strong>Varno hranite geslo<\/strong><\/p>\n<p>Poleg na\u0161ih prizadevanj, da zagotovimo varnost shranjevanja in obdelave va\u0161ih osebnih podatkov, zaradi za\u0161\u010dite va\u0161ih osebnih podatkov nikomur ne smete razkriti svojega gesla za prijavo ali podatkov o ra\u010dunu. Kadarkoli se prijavite na na\u0161o spletno stran, zlasti ko uporabljate ra\u010dunalnik nekoga drugega ali javni internetni terminal, ne pozabite klikniti in zapustiti po operaciji. Va\u0161a prizadevanja in pomo\u010d so nam v veliko pomo\u010d pri za\u0161\u010diti va\u0161ih osebnih podatkov.<\/p>\n<p><strong>Sprememba politike zasebnosti<\/strong><\/p>\n<p>Ta pravilnik o zasebnosti se lahko ob\u010dasno spremeni (brez predhodnega obvestila). Vse spremembe pravilnika o zasebnosti bodo objavljene na na\u0161i spletni strani.<\/p>\n<p><strong>Kontaktiraj nas<\/strong><\/p>\n<p>\u010ce imate kakr\u0161na koli vpra\u0161anja ali pomisleke glede na\u0161ega pravilnika o zasebnosti, nas kontaktirajte.<\/p>","protected":false},"excerpt":{"rendered":"<p>Privacy Policy Committed to We are committed to protecting the privacy, personal information and personal information (collectively referred to as &#8220;Personal Data&#8221;) provided by us when using our website, so that we are able to collect, use, store and transmit personal data (with personal data privacy). Relevant laws and regulations) and the highest standards of [&#8230;]\n","protected":false},"author":1,"featured_media":0,"parent":0,"menu_order":0,"comment_status":"closed","ping_status":"open","template":"","meta":{"footnotes":""},"class_list":["post-3","page","type-page","status-publish","hentry"],"_links":{"self":[{"href":"https:\/\/www.ccmmachine.com\/sl\/wp-json\/wp\/v2\/pages\/3","targetHints":{"allow":["GET"]}}],"collection":[{"href":"https:\/\/www.ccmmachine.com\/sl\/wp-json\/wp\/v2\/pages"}],"about":[{"href":"https:\/\/www.ccmmachine.com\/sl\/wp-json\/wp\/v2\/types\/page"}],"author":[{"embeddable":true,"href":"https:\/\/www.ccmmachine.com\/sl\/wp-json\/wp\/v2\/users\/1"}],"replies":[{"embeddable":true,"href":"https:\/\/www.ccmmachine.com\/sl\/wp-json\/wp\/v2\/comments?post=3"}],"version-history":[{"count":0,"href":"https:\/\/www.ccmmachine.com\/sl\/wp-json\/wp\/v2\/pages\/3\/revisions"}],"wp:attachment":[{"href":"https:\/\/www.ccmmachine.com\/sl\/wp-json\/wp\/v2\/media?parent=3"}],"curies":[{"name":"wp","href":"https:\/\/api.w.org\/{rel}","templated":true}]}}