{"id":1414,"date":"2024-03-21T02:08:47","date_gmt":"2024-03-21T02:08:47","guid":{"rendered":"https:\/\/www.ccmmachine.com\/?post_type=product&#038;p=1414"},"modified":"2024-03-21T02:08:51","modified_gmt":"2024-03-21T02:08:51","slug":"friteuza-cu-gaz-pfg-800","status":"publish","type":"product","link":"https:\/\/www.ccmmachine.com\/ro\/product\/gas-pressure-fryer-pfg-800\/","title":{"rendered":"Friteuza cu gaz PFG-800"},"content":{"rendered":"<p> Aceast\u0103 serie de friteuz\u0103 cu presiune pentru pui folose\u0219te un principiu de temperatur\u0103 sc\u0103zut\u0103 \u0219i presiune \u00eenalt\u0103, alimente pr\u0103jite crocante \u00een exterior \u0219i fragede, de culoare str\u0103lucitoare. \u00centregul corp din o\u021bel inoxidabil, panou de control al computerului, func\u021bionare simpl\u0103 \u0219i presiune de evacuare de control automat al temperaturii. <\/p>\n\n\n\n<h3 class=\"wp-block-heading\"><strong>Caracteristici principale<\/strong><\/h3>\n\n\n\n<ul class=\"wp-block-list\">\n<li>Corp din o\u021bel inoxidabil, u\u0219or de cur\u0103\u021bat \u0219i \u0219ters, cu durat\u0103 lung\u0103 de via\u021b\u0103. <\/li>\n\n\n\n<li>Capac din aluminiu, robust \u0219i u\u0219or, u\u0219or de deschis \u0219i \u00eenchis. <\/li>\n\n\n\n<li>Sistem automat de filtru de ulei \u00eencorporat, u\u0219or de utilizat, eficient \u0219i cu economie de energie. <\/li>\n\n\n\n<li>Cele patru ro\u021bi au o capacitate mare \u0219i sunt echipate cu func\u021bie de fr\u00e2n\u0103, care este u\u0219or de mutat \u0219i pozi\u021bionat. <\/li>\n\n\n\n<li>Panoul de control cu afi\u0219aj digital este mai precis \u0219i mai frumos. <\/li>\n\n\n\n<li>Ma\u0219ina este echipat\u0103 cu 10-0 chei de depozitare pentru 10 categorii de pr\u0103jire a alimentelor. <\/li>\n\n\n\n<li>Seta\u021bi evacuarea automat\u0103 dup\u0103 expirarea timpului \u0219i da\u021bi o alarm\u0103 pentru a reaminti. <\/li>\n\n\n\n<li>Fiecare cheie de produs poate seta 10 moduri de \u00eenc\u0103lzire. <\/li>\n\n\n\n<li>Pot fi setate memento-uri pentru filtrul de ulei \u0219i memento-uri pentru schimbarea uleiului. <\/li>\n\n\n\n<li>Trece\u021bi la grade Fahrenheit. <\/li>\n\n\n\n<li>Timpul de pre\u00eenc\u0103lzire poate fi setat. <\/li>\n\n\n\n<li>Timpul de cur\u0103\u021bare, modul inactiv \u0219i modul de topire a uleiului pot fi setate. <\/li>\n\n\n\n<li>Poate fi setat cu sau f\u0103r\u0103 presiune la locul de munc\u0103.<\/li>\n<\/ul>\n\n\n\n<figure class=\"wp-block-table\"><table><tbody><tr><td><strong>Nume<\/strong><\/td><td>friteuza cu gaz sub presiune<\/td><\/tr><tr><td><strong>Model<\/strong><\/td><td>PFG-800<\/td><\/tr><tr><td><strong>Presiune de lucru<\/strong><\/td><td>0,085Mpa<\/td><\/tr><tr><td><strong>Controleaz\u0103 intervalul de temperatur\u0103<\/strong><\/td><td>20~200\u2103<\/td><\/tr><tr><td><strong>Consumul de gaz<\/strong><\/td><td>aproximativ 0,48 kg\/h (inclusiv timpul de re\u021binere)<\/td><\/tr><tr><td><strong>Voltaj<\/strong><\/td><td>&nbsp;~220V\/50Hz-60Hz<\/td><\/tr><tr><td><strong>Combustibil<\/strong><\/td><td>GPL\/gaz natural<\/td><\/tr><tr><td><strong>m\u0103rimea<\/strong><\/td><td>460\u00d7960\u00d71230mm<\/td><\/tr><tr><td><strong>Dimensiunea de ambalare<\/strong><\/td><td>510\u00d71030\u00d71300mm<\/td><\/tr><tr><td><strong>Capacitate<\/strong><\/td><td>24L<\/td><\/tr><tr><td><strong>Greutate<\/strong><\/td><td>110 kg<\/td><\/tr><tr><td><strong>Greutate brut\u0103<\/strong><\/td><td>135 kg<\/td><\/tr><tr><td><strong>Panou de control<\/strong><\/td><td>Panoul computerului<\/td><\/tr><\/tbody><\/table><\/figure>\n\n\n\n<figure class=\"wp-block-image size-large\"><img decoding=\"async\" width=\"1024\" height=\"768\" src=\"https:\/\/www.ccmmachine.com\/wp-content\/uploads\/2024\/03\/Pfg-800-Chicken-Pressure-Fryer-LPG-Gas-Deep-Fryer-1024x768.webp\" alt=\"\" class=\"wp-image-1554\" srcset=\"https:\/\/www.ccmmachine.com\/wp-content\/uploads\/2024\/03\/Pfg-800-Chicken-Pressure-Fryer-LPG-Gas-Deep-Fryer-1024x768.webp 1024w, https:\/\/www.ccmmachine.com\/wp-content\/uploads\/2024\/03\/Pfg-800-Chicken-Pressure-Fryer-LPG-Gas-Deep-Fryer-800x600.webp 800w, https:\/\/www.ccmmachine.com\/wp-content\/uploads\/2024\/03\/Pfg-800-Chicken-Pressure-Fryer-LPG-Gas-Deep-Fryer-300x225.webp 300w, https:\/\/www.ccmmachine.com\/wp-content\/uploads\/2024\/03\/Pfg-800-Chicken-Pressure-Fryer-LPG-Gas-Deep-Fryer-768x576.webp 768w, https:\/\/www.ccmmachine.com\/wp-content\/uploads\/2024\/03\/Pfg-800-Chicken-Pressure-Fryer-LPG-Gas-Deep-Fryer-16x12.webp 16w, https:\/\/www.ccmmachine.com\/wp-content\/uploads\/2024\/03\/Pfg-800-Chicken-Pressure-Fryer-LPG-Gas-Deep-Fryer.webp 1440w\" sizes=\"(max-width: 1024px) 100vw, 1024px\" \/><\/figure>","protected":false},"excerpt":{"rendered":"<p>This series chicken pressure fryer uses a low temperature and high pressure principle, fried food crisp outside and tender, bright color. The whole body of stainless steel, computer control panel, simple operation, and automatic temperature control exhaust pressure. Main Features Name gas pressure fryer Model PFG-800 Working pressure 0.085Mpa Control temperature range 20~200\u2103 Gas consumption [&#8230;]\n","protected":false},"featured_media":1553,"template":"","meta":[],"product_brand":[],"product_cat":[86],"product_tag":[],"class_list":{"0":"post-1414","1":"product","2":"type-product","3":"status-publish","4":"has-post-thumbnail","6":"product_cat-gas-pressure-fryers","8":"first","9":"instock","10":"shipping-taxable","11":"product-type-simple"},"_links":{"self":[{"href":"https:\/\/www.ccmmachine.com\/ro\/wp-json\/wp\/v2\/product\/1414","targetHints":{"allow":["GET"]}}],"collection":[{"href":"https:\/\/www.ccmmachine.com\/ro\/wp-json\/wp\/v2\/product"}],"about":[{"href":"https:\/\/www.ccmmachine.com\/ro\/wp-json\/wp\/v2\/types\/product"}],"wp:featuredmedia":[{"embeddable":true,"href":"https:\/\/www.ccmmachine.com\/ro\/wp-json\/wp\/v2\/media\/1553"}],"wp:attachment":[{"href":"https:\/\/www.ccmmachine.com\/ro\/wp-json\/wp\/v2\/media?parent=1414"}],"wp:term":[{"taxonomy":"product_brand","embeddable":true,"href":"https:\/\/www.ccmmachine.com\/ro\/wp-json\/wp\/v2\/product_brand?post=1414"},{"taxonomy":"product_cat","embeddable":true,"href":"https:\/\/www.ccmmachine.com\/ro\/wp-json\/wp\/v2\/product_cat?post=1414"},{"taxonomy":"product_tag","embeddable":true,"href":"https:\/\/www.ccmmachine.com\/ro\/wp-json\/wp\/v2\/product_tag?post=1414"}],"curies":[{"name":"wp","href":"https:\/\/api.w.org\/{rel}","templated":true}]}}