{"id":1403,"date":"2024-03-21T04:11:58","date_gmt":"2024-03-21T04:11:58","guid":{"rendered":"https:\/\/www.ccmmachine.com\/?post_type=product&#038;p=1403"},"modified":"2024-03-21T04:12:02","modified_gmt":"2024-03-21T04:12:02","slug":"friteuza-sub-presiune-gaz-mdxz-25c","status":"publish","type":"product","link":"https:\/\/www.ccmmachine.com\/ro\/product\/gas-pressure-fryer-mdxz-25c\/","title":{"rendered":"Friteuza cu gaz MDXZ-25"},"content":{"rendered":"<p>Friteuza sub presiune este compania care absoarbe tehnologia str\u0103in\u0103 avansat\u0103, dezvoltarea \u0219i produc\u021bia celui mai recent proces de produc\u021bie de pui pr\u0103jit la cuptor, \u00een conformitate cu caracteristicile puiului fript vestic \u0219i tradi\u021bional chinezesc.<\/p>\n\n\n\n<p>\u00centregul corp din o\u021bel inoxidabil, sincronizare electronic\u0103, control automat al temperaturii presiunea de evacuare. Folosind principiul de \u00eenalt\u0103 presiune la temperatur\u0103 sc\u0103zut\u0103, m\u00e2ncarea pr\u0103jit\u0103 este crocant\u0103 \u00een exterior \u0219i fraged\u0103, de culoare str\u0103lucitoare, dar \u0219i ra\u021b\u0103 pr\u0103jit\u0103, pe\u0219te, carne de porc, miel \u0219i alte tipuri de carne \u0219i legume, cartofi. Se aplic\u0103 tuturor magazinelor importante, hotelurilor, restaurantelor fast-food, snack-barurilor, cantinelor din fabric\u0103 \u0219i gospod\u0103riilor care desf\u0103\u0219oar\u0103 activit\u0103\u021bi independente.<\/p>\n\n\n\n<p>Opera\u021bia specific\u0103 este simpl\u0103, curat\u0103, u\u0219or de utilizat, de \u00eenalt\u0103 eficien\u021b\u0103, durabilitate \u0219i alte caracteristici \u0219i este cel mai recent tip de ma\u0219ini \u0219i echipamente de prelucrare a alimentelor.<gwmw style=\"display:none;\"><\/gwmw><\/p>\n\n\n\n<h3 class=\"wp-block-heading\"><strong>Caracteristici:<\/strong><gwmw style=\"display:none;\"><\/gwmw><\/h3>\n\n\n\n<ul class=\"wp-block-list\">\n<li>Corp din o\u021bel inoxidabil, u\u0219or de sp\u0103lat \u0219i \u0219ters, durat\u0103 lung\u0103 de via\u021b\u0103.<\/li>\n\n\n\n<li>Capac din aluminiu, robust \u0219i u\u0219or, u\u0219or de deschis \u0219i \u00eenchis.<gwmw style=\"display:none;\"><\/gwmw><\/li>\n\n\n\n<li>Capacitate de \u00eenc\u0103rcare a patru ro\u021bi \u00eempreun\u0103 cu func\u021bie de fr\u00e2n\u0103, u\u0219urin\u021b\u0103 \u00een mi\u0219care \u0219i pozi\u021bionare.<gwmw style=\"display:none;\"><\/gwmw><\/li>\n\n\n\n<li>Panoul de control pentru panoul ma\u0219inii, durabil \u0219i u\u0219or de \u00eenlocuit.<gwmw style=\"display:none;\"><\/gwmw><gwmw style=\"display:none;\"><\/gwmw><gwmw style=\"display:none;\"><\/gwmw><gwmw style=\"display:none;\"><\/gwmw><\/li>\n<\/ul>\n\n\n\n<figure class=\"wp-block-table\"><table><tbody><tr><td><strong>Nume<\/strong><\/td><td>friteuza cu gaz sub presiune<\/td><\/tr><tr><td><strong>Model<\/strong><\/td><td>MDXZ-25<\/td><\/tr><tr><td><strong>Presiune de lucru<\/strong><\/td><td>0,085Mpa<\/td><\/tr><tr><td><strong>Controleaz\u0103 intervalul de temperatur\u0103<\/strong><\/td><td>90~190\u2103<gwmw style=\"display: none; background-color: transparent;\"><\/gwmw><\/td><\/tr><tr><td><strong>Consumul de gaz<\/strong><\/td><td>aproximativ 0,48 kg\/h (inclusiv timpul de re\u021binere)<\/td><\/tr><tr><td><strong>Voltaj<\/strong><\/td><td>GPL\/gaz natural<\/td><\/tr><tr><td><strong>Combustibil<\/strong><\/td><td>GPL\/gaz natural<\/td><\/tr><tr><td><strong>m\u0103rimea<\/strong><\/td><td>460\u00d7960\u00d71230mm<\/td><\/tr><tr><td><strong>Dimensiunea de ambalare<\/strong><\/td><td>510\u00d71030\u00d71300mm<\/td><\/tr><tr><td><strong>Capacitate<\/strong><\/td><td>25L<\/td><\/tr><tr><td><strong>Greutate<\/strong><\/td><td>110 kg<gwmw style=\"display:none;\"><\/gwmw><\/td><\/tr><tr><td><strong>Greutate brut\u0103<\/strong><\/td><td>120 kg<\/td><\/tr><tr><td><strong>Panou de control<\/strong><\/td><td>Panoul manual<\/td><\/tr><\/tbody><\/table><\/figure>\n\n\n\n<p><gwmw style=\"display:none;\"><\/gwmw><\/p>","protected":false},"excerpt":{"rendered":"<p>The pressure fryer is the company absorbing foreign advanced technology, development and production of the latest fried chicken oven fried chicken production process according to the characteristics of Western and traditional Chinese roast chicken. The whole body of stainless steel, electronic timing, automatic temperature control exhaust pressure. Using the low-temperature high-pressure principle, fried food is [&#8230;]\n","protected":false},"featured_media":1580,"template":"","meta":[],"product_brand":[],"product_cat":[86],"product_tag":[],"class_list":{"0":"post-1403","1":"product","2":"type-product","3":"status-publish","4":"has-post-thumbnail","6":"product_cat-gas-pressure-fryers","8":"first","9":"instock","10":"shipping-taxable","11":"product-type-simple"},"_links":{"self":[{"href":"https:\/\/www.ccmmachine.com\/ro\/wp-json\/wp\/v2\/product\/1403","targetHints":{"allow":["GET"]}}],"collection":[{"href":"https:\/\/www.ccmmachine.com\/ro\/wp-json\/wp\/v2\/product"}],"about":[{"href":"https:\/\/www.ccmmachine.com\/ro\/wp-json\/wp\/v2\/types\/product"}],"wp:featuredmedia":[{"embeddable":true,"href":"https:\/\/www.ccmmachine.com\/ro\/wp-json\/wp\/v2\/media\/1580"}],"wp:attachment":[{"href":"https:\/\/www.ccmmachine.com\/ro\/wp-json\/wp\/v2\/media?parent=1403"}],"wp:term":[{"taxonomy":"product_brand","embeddable":true,"href":"https:\/\/www.ccmmachine.com\/ro\/wp-json\/wp\/v2\/product_brand?post=1403"},{"taxonomy":"product_cat","embeddable":true,"href":"https:\/\/www.ccmmachine.com\/ro\/wp-json\/wp\/v2\/product_cat?post=1403"},{"taxonomy":"product_tag","embeddable":true,"href":"https:\/\/www.ccmmachine.com\/ro\/wp-json\/wp\/v2\/product_tag?post=1403"}],"curies":[{"name":"wp","href":"https:\/\/api.w.org\/{rel}","templated":true}]}}