{"id":1349,"date":"2024-03-21T04:17:59","date_gmt":"2024-03-21T04:17:59","guid":{"rendered":"https:\/\/www.ccmmachine.com\/?post_type=product&#038;p=1349"},"modified":"2024-03-21T04:18:02","modified_gmt":"2024-03-21T04:18:02","slug":"friteuza-sub-presiune-mdxz-24c","status":"publish","type":"product","link":"https:\/\/www.ccmmachine.com\/ro\/product\/pressure-fryer-mdxz-24c\/","title":{"rendered":"Friteuza sub presiune MDXZ-24C"},"content":{"rendered":"<p>Aceast\u0103 sec\u021biune de friteuz\u0103 sub presiune este compania care absoarbe tehnologia str\u0103in\u0103 avansat\u0103, dezvoltarea \u0219i produc\u021bia celui mai recent proces de produc\u021bie de pui pr\u0103jit la cuptor, \u00een conformitate cu caracteristicile puiului fript vestic \u0219i tradi\u021bional chinezesc. \u00centregul corp din o\u021bel inoxidabil, sincronizare electronic\u0103, control automat al temperaturii presiunea de evacuare.<\/p>\n\n\n\n<p>Folosind principiul de \u00eenalt\u0103 presiune la temperatur\u0103 sc\u0103zut\u0103, alimente pr\u0103jite crocante \u00een exterior \u0219i fragede, de culoare str\u0103lucitoare, dar \u0219i ra\u021b\u0103 pr\u0103jit\u0103, pe\u0219te, carne de porc, miel \u0219i alte tipuri de carne \u0219i cartofi \u0219i alte legume. Se aplic\u0103 tuturor magazinelor importante, hotelurilor, restaurantelor fast-food, snack-barurilor, cantinelor din fabric\u0103 \u0219i gospod\u0103riilor care desf\u0103\u0219oar\u0103 activit\u0103\u021bi independente. Opera\u021bia specific\u0103 este simpl\u0103, curat\u0103, u\u0219or de utilizat, de \u00eenalt\u0103 eficien\u021b\u0103 \u0219i durabilitate, este cel mai recent tip de ma\u0219ini \u0219i echipamente de prelucrare a alimentelor<gwmw style=\"display:none;\"><\/gwmw><\/p>\n\n\n\n<h3 class=\"wp-block-heading\"><strong>Caracteristici:<\/strong><gwmw style=\"display:none;\"><\/gwmw><\/h3>\n\n\n\n<p>1. Corp din o\u021bel inoxidabil, u\u0219or de sp\u0103lat \u0219i \u0219ters, durat\u0103 lung\u0103 de via\u021b\u0103.<br>2 capace din aluminiu, robuste si usoare, usor de deschis si inchis.<br>Capacitate de \u00eenc\u0103rcare 3 patru ro\u021bi, \u00eempreun\u0103 cu func\u021bie de fr\u00e2n\u0103, u\u0219urin\u021b\u0103 de mi\u0219care \u0219i pozi\u021bionare.<br>4. O opera\u021biune de control mecanic al instrumentelor este simpl\u0103, u\u0219oar\u0103, elegant\u0103 \u0219i precis\u0103.<gwmw style=\"display:none;\"><\/gwmw><gwmw style=\"display:none;\"><\/gwmw><\/p>\n\n\n\n<figure class=\"wp-block-table\"><table><tbody><tr><td>Nume<\/td><td>Friteuza electrica sub presiune<\/td><\/tr><tr><td>Nume<\/td><td>MDXZ-24<\/td><\/tr><tr><td>Voltaj<\/td><td>3N\/380V\/50Hz<\/td><\/tr><tr><td>Putere<\/td><td>12kw<\/td><\/tr><tr><td>Controleaz\u0103 intervalul de temperatur\u0103<\/td><td>90-190\u2103<\/td><\/tr><tr><td>m\u0103rimea<\/td><td>960\u00d7460\u00d71230mm<\/td><\/tr><tr><td>Dimensiunea de ambalare<\/td><td>1030\u00d7510\u00d71300mm<\/td><\/tr><tr><td>Capacitate<\/td><td>24L<\/td><\/tr><tr><td>Greutate<\/td><td>110 kg<\/td><\/tr><tr><td>Greutate brut\u0103<\/td><td>135 kg<\/td><\/tr><tr><td>Panou de control<\/td><td>panou manual<\/td><\/tr><\/tbody><\/table><\/figure>\n\n\n\n<p><gwmw style=\"display:none;\"><\/gwmw><\/p>","protected":false},"excerpt":{"rendered":"<p>This section pressure fryer is the company absorbing foreign advanced technology, development and production of the latest fried chicken oven fried chicken production process according to the characteristics of Western and traditional Chinese roast chicken. The whole body of stainless steel, electronic timing, automatic temperature control exhaust pressure. Using low-temperature high-pressure principle, fried food crisp [&#8230;]\n","protected":false},"featured_media":1582,"template":"","meta":[],"product_brand":[],"product_cat":[85],"product_tag":[],"class_list":{"0":"post-1349","1":"product","2":"type-product","3":"status-publish","4":"has-post-thumbnail","6":"product_cat-electric-pressure-fryers","8":"first","9":"instock","10":"shipping-taxable","11":"product-type-simple"},"_links":{"self":[{"href":"https:\/\/www.ccmmachine.com\/ro\/wp-json\/wp\/v2\/product\/1349","targetHints":{"allow":["GET"]}}],"collection":[{"href":"https:\/\/www.ccmmachine.com\/ro\/wp-json\/wp\/v2\/product"}],"about":[{"href":"https:\/\/www.ccmmachine.com\/ro\/wp-json\/wp\/v2\/types\/product"}],"wp:featuredmedia":[{"embeddable":true,"href":"https:\/\/www.ccmmachine.com\/ro\/wp-json\/wp\/v2\/media\/1582"}],"wp:attachment":[{"href":"https:\/\/www.ccmmachine.com\/ro\/wp-json\/wp\/v2\/media?parent=1349"}],"wp:term":[{"taxonomy":"product_brand","embeddable":true,"href":"https:\/\/www.ccmmachine.com\/ro\/wp-json\/wp\/v2\/product_brand?post=1349"},{"taxonomy":"product_cat","embeddable":true,"href":"https:\/\/www.ccmmachine.com\/ro\/wp-json\/wp\/v2\/product_cat?post=1349"},{"taxonomy":"product_tag","embeddable":true,"href":"https:\/\/www.ccmmachine.com\/ro\/wp-json\/wp\/v2\/product_tag?post=1349"}],"curies":[{"name":"wp","href":"https:\/\/api.w.org\/{rel}","templated":true}]}}