{"id":1345,"date":"2024-03-21T04:03:01","date_gmt":"2024-03-21T04:03:01","guid":{"rendered":"https:\/\/www.ccmmachine.com\/?post_type=product&#038;p=1345"},"modified":"2024-03-21T04:03:05","modified_gmt":"2024-03-21T04:03:05","slug":"friteuza-electrica-sub-presiune-pfe-500","status":"publish","type":"product","link":"https:\/\/www.ccmmachine.com\/ro\/product\/electric-pressure-fryer-pfe-500\/","title":{"rendered":"Friteuza electrica sub presiune PFE-500"},"content":{"rendered":"<p>Aceast\u0103 serie de cuptor american de pui pr\u0103jit este o companie care absoarbe tehnologia str\u0103in\u0103 avansat\u0103, \u00een conformitate cu caracteristicile procesului de produc\u021bie ale puiului pr\u0103jit de pui pr\u0103jit de Vest \u0219i chinezesc tradi\u021bional \u00een dezvoltarea \u0219i produc\u021bia celui mai recent cuptor de pui pr\u0103jit. \u00centregul corp din o\u021bel inoxidabil, func\u021bionare simpl\u0103, control automat al temperaturii presiunea de evacuare.<br>Folosind principii de \u00eenalt\u0103 presiune la temperatur\u0103 sc\u0103zut\u0103, alimente pr\u0103jite crocante \u00een exterior \u0219i fragede, de culoare str\u0103lucitoare, dar \u0219i ra\u021b\u0103 pr\u0103jit\u0103, pui pr\u0103jit, pui pr\u0103jit, aripioare de pui, pe\u0219te, carne de porc \u0219i alte tipuri de carne \u0219i cartofi \u0219i alte legume. Se aplic\u0103 tuturor magazinelor mari, hotelurilor, restaurantelor fast-food, snack-urilor, cantinelor din fabric\u0103 \u0219i gospod\u0103riilor care desf\u0103\u0219oar\u0103 activit\u0103\u021bi independente. Cu operare simpl\u0103, curat, u\u0219or de utilizat, eficien\u021b\u0103 ridicat\u0103, durabilitate \u0219i alte caracteristici. Este cel mai recent tip de ma\u0219ini \u0219i echipamente pentru prelucrarea alimentelor.<gwmw style=\"display:none;\"><\/gwmw><\/p>\n\n\n\n<h3 class=\"wp-block-heading\"><strong>Caracteristici:<\/strong><gwmw style=\"display:none;\"><\/gwmw><\/h3>\n\n\n\n<p>1, corp din o\u021bel inoxidabil, u\u0219or de sp\u0103lat \u0219i \u0219ters durat\u0103 lung\u0103 de via\u021b\u0103.<br>2, capac din aluminiu, robust \u0219i u\u0219or, u\u0219or de deschis \u0219i \u00eenchis.<br>3, sistem de filtrare \u00eencorporat, u\u0219or de utilizat \u0219i eficient din punct de vedere energetic.<br>4, patru ro\u021bi capacitate de transport \u00eempreun\u0103 cu func\u021bie de fr\u00e2n\u0103, u\u0219urin\u021b\u0103 \u00een mi\u0219care \u0219i pozi\u021bionare.<br>5, panoul de control clasic al ma\u0219inii, mai u\u0219or \u0219i mai eficient.<\/p>\n\n\n\n<figure class=\"wp-block-table\"><table><tbody><tr><td>Nume<\/td><td>Friteuza electrica sub presiune<\/td><\/tr><tr><td>Nume<\/td><td>PFE-500<\/td><\/tr><tr><td>Voltaj<\/td><td>~3N380v\/50Hz\uff08~3N220v\/60Hz\uff09<\/td><\/tr><tr><td>Putere<\/td><td>13,5 kW<\/td><\/tr><tr><td>Controleaz\u0103 intervalul de temperatur\u0103<\/td><td>20-200\u2103<\/td><\/tr><tr><td>m\u0103rimea<\/td><td>960\u00d7460\u00d71230mm<\/td><\/tr><tr><td>Dimensiunea de ambalare<\/td><td>1030\u00d7510\u00d71300mm<\/td><\/tr><tr><td>Capacitate<\/td><td>24L<\/td><\/tr><tr><td>Greutate<\/td><td>135 kg<\/td><\/tr><tr><td>Greutate brut\u0103<\/td><td>155 kg<\/td><\/tr><tr><td>Panou de control<\/td><td>panou manual<\/td><\/tr><\/tbody><\/table><\/figure>\n\n\n\n<figure class=\"wp-block-image size-full\"><img decoding=\"async\" width=\"740\" height=\"300\" src=\"https:\/\/www.ccmmachine.com\/wp-content\/uploads\/2024\/03\/Electric-Pressure-fryer-PFE-500-001.webp\" alt=\"\" class=\"wp-image-1577\" srcset=\"https:\/\/www.ccmmachine.com\/wp-content\/uploads\/2024\/03\/Electric-Pressure-fryer-PFE-500-001.webp 740w, https:\/\/www.ccmmachine.com\/wp-content\/uploads\/2024\/03\/Electric-Pressure-fryer-PFE-500-001-700x284.webp 700w, https:\/\/www.ccmmachine.com\/wp-content\/uploads\/2024\/03\/Electric-Pressure-fryer-PFE-500-001-300x122.webp 300w, https:\/\/www.ccmmachine.com\/wp-content\/uploads\/2024\/03\/Electric-Pressure-fryer-PFE-500-001-18x7.webp 18w\" sizes=\"(max-width: 740px) 100vw, 740px\" \/><\/figure>\n\n\n\n<figure class=\"wp-block-image size-full\"><img decoding=\"async\" width=\"472\" height=\"461\" src=\"https:\/\/www.ccmmachine.com\/wp-content\/uploads\/2024\/03\/Electric-Pressure-fryer-PFE-500-002.webp\" alt=\"\" class=\"wp-image-1578\" srcset=\"https:\/\/www.ccmmachine.com\/wp-content\/uploads\/2024\/03\/Electric-Pressure-fryer-PFE-500-002.webp 472w, https:\/\/www.ccmmachine.com\/wp-content\/uploads\/2024\/03\/Electric-Pressure-fryer-PFE-500-002-300x293.webp 300w, https:\/\/www.ccmmachine.com\/wp-content\/uploads\/2024\/03\/Electric-Pressure-fryer-PFE-500-002-12x12.webp 12w\" sizes=\"(max-width: 472px) 100vw, 472px\" \/><\/figure>\n\n\n\n<p><gwmw style=\"display:none;\"><\/gwmw><\/p>","protected":false},"excerpt":{"rendered":"<p>This series American fried chicken oven is a company absorbing the foreign advanced technology, according to the production process characteristics of Western and traditional Chinese chicken fried chicken in the development and production of the latest fried chicken oven. The whole body of stainless steel, simple operation, automatic temperature control exhaust pressure.Using low-temperature high-pressure principles, [&#8230;]\n","protected":false},"featured_media":1576,"template":"","meta":[],"product_brand":[],"product_cat":[85],"product_tag":[],"class_list":{"0":"post-1345","1":"product","2":"type-product","3":"status-publish","4":"has-post-thumbnail","6":"product_cat-electric-pressure-fryers","8":"first","9":"instock","10":"shipping-taxable","11":"product-type-simple"},"_links":{"self":[{"href":"https:\/\/www.ccmmachine.com\/ro\/wp-json\/wp\/v2\/product\/1345","targetHints":{"allow":["GET"]}}],"collection":[{"href":"https:\/\/www.ccmmachine.com\/ro\/wp-json\/wp\/v2\/product"}],"about":[{"href":"https:\/\/www.ccmmachine.com\/ro\/wp-json\/wp\/v2\/types\/product"}],"wp:featuredmedia":[{"embeddable":true,"href":"https:\/\/www.ccmmachine.com\/ro\/wp-json\/wp\/v2\/media\/1576"}],"wp:attachment":[{"href":"https:\/\/www.ccmmachine.com\/ro\/wp-json\/wp\/v2\/media?parent=1345"}],"wp:term":[{"taxonomy":"product_brand","embeddable":true,"href":"https:\/\/www.ccmmachine.com\/ro\/wp-json\/wp\/v2\/product_brand?post=1345"},{"taxonomy":"product_cat","embeddable":true,"href":"https:\/\/www.ccmmachine.com\/ro\/wp-json\/wp\/v2\/product_cat?post=1345"},{"taxonomy":"product_tag","embeddable":true,"href":"https:\/\/www.ccmmachine.com\/ro\/wp-json\/wp\/v2\/product_tag?post=1345"}],"curies":[{"name":"wp","href":"https:\/\/api.w.org\/{rel}","templated":true}]}}