{"id":1340,"date":"2024-03-21T03:52:28","date_gmt":"2024-03-21T03:52:28","guid":{"rendered":"https:\/\/www.ccmmachine.com\/?post_type=product&#038;p=1340"},"modified":"2024-03-21T03:52:31","modified_gmt":"2024-03-21T03:52:31","slug":"friteuza-electrica-sub-presiune-pfe-600","status":"publish","type":"product","link":"https:\/\/www.ccmmachine.com\/ro\/product\/electric-pressure-fryer-pfe-600\/","title":{"rendered":"Friteuza electrica sub presiune PFE-600"},"content":{"rendered":"<p><strong>Descriere produs:<\/strong><\/p>\n\n\n\n<p>1 Corp din o\u021bel inoxidabil u\u0219or de sp\u0103lat \u0219i \u0219ters o durat\u0103 lung\u0103 de via\u021b\u0103.<br>2 Capac din aluminiu robust \u0219i u\u0219or, u\u0219or de deschis \u0219i \u00eenchis.<br>3 Sistemul de filtrare automat\u0103 \u00eencorporat este u\u0219or de utilizat \u0219i eficient din punct de vedere energetic.<\/p>\n\n\n\n<p>Aceast\u0103 serie de cuptoare americane de pui pr\u0103jit este o companie care absoarbe tehnologia str\u0103in\u0103 avansat\u0103, \u00een conformitate cu caracteristicile procesului de produc\u021bie ale puiului pr\u0103jit de pui de Vest \u0219i tradi\u021bional chinezesc \u00een dezvoltarea \u0219i produc\u021bia celui mai recent cuptor de pui pr\u0103jit. \u00centregul corp din o\u021bel inoxidabil, panou de control al computerului LCD, func\u021bionare simpl\u0103, presiune de evacuare de control automat al temperaturii. Folosind principii de \u00eenalt\u0103 presiune la temperatur\u0103 sc\u0103zut\u0103, alimente pr\u0103jite crocante afar\u0103 \u0219i fragede, cu culori str\u0103lucitoare, dar \u0219i ra\u021b\u0103 pr\u0103jit\u0103, pui pr\u0103jit, pui pr\u0103jit, aripioare de pui, pe\u0219te, carne de porc \u0219i alte tipuri de carne \u0219i cartofi \u0219i alte legume. Se aplic\u0103 tuturor magazinelor mari, hotelurilor, restaurantelor fast-food, snack-barurilor, cantinelor din fabric\u0103 \u0219i gospod\u0103riilor care desf\u0103\u0219oar\u0103 activit\u0103\u021bi independente. Cu operare simpl\u0103, curat, u\u0219or de utilizat, eficien\u021b\u0103 ridicat\u0103, durabilitate \u0219i alte caracteristici. Este cel mai recent tip de ma\u0219ini \u0219i echipamente pentru prelucrarea alimentelor.<gwmw style=\"display:none;\"><\/gwmw><\/p>\n\n\n\n<p><strong>Caracteristici:<\/strong><br>1, corp din o\u021bel inoxidabil, u\u0219or de sp\u0103lat \u0219i \u0219ters o durat\u0103 lung\u0103 de via\u021b\u0103.<br>2, Capac din aluminiu, robust \u0219i u\u0219or, u\u0219or de deschis \u0219i \u00eenchis.<br>3, sistem de filtrare automat \u00eencorporat, u\u0219or de utilizat \u0219i eficient din punct de vedere energetic.<br>4, Patru ro\u021bi capacitate de transport \u00eempreun\u0103 cu func\u021bia de fr\u00e2n\u0103, u\u0219urin\u021b\u0103 \u00een mi\u0219care \u0219i pozi\u021bionare.<br>5, panou de control cu afi\u0219aj digital LCD, mai precis \u0219i mai frumos.<\/p>\n\n\n\n<figure class=\"wp-block-table\"><table><tbody><tr><td>Nume<\/td><td>Friteuza electrica sub presiune<\/td><\/tr><tr><td>Nume<\/td><td>PFE-600<\/td><\/tr><tr><td>Voltaj<\/td><td>~3N380v\/50Hz\uff08~3N220v\/60Hz\uff09<\/td><\/tr><tr><td>Putere<\/td><td>13,5 kW<\/td><\/tr><tr><td>Controleaz\u0103 intervalul de temperatur\u0103<\/td><td>20-200\u2103<\/td><\/tr><tr><td>m\u0103rimea<\/td><td>960\u00d7460\u00d71230mm<\/td><\/tr><tr><td>Dimensiunea de ambalare<\/td><td>1030\u00d7510\u00d71300mm<\/td><\/tr><tr><td>Capacitate<\/td><td>24L<\/td><\/tr><tr><td>Greutate<\/td><td>135 kg<\/td><\/tr><tr><td>Greutate brut\u0103<\/td><td>155 kg<\/td><\/tr><tr><td>Panou de control<\/td><td>Panou de control LED<\/td><\/tr><\/tbody><\/table><\/figure>\n\n\n\n<figure class=\"wp-block-image\"><img decoding=\"async\" src=\"https:\/\/www.ccmmachine.com\/wp-content\/uploads\/2019\/09\/Electric-Pressure-fryer-PFE-600-001.jpg\" alt=\"\" class=\"wp-image-1342\"\/><\/figure>\n\n\n\n<figure class=\"wp-block-image\"><img decoding=\"async\" src=\"https:\/\/www.ccmmachine.com\/wp-content\/uploads\/2019\/09\/Electric-Pressure-fryer-PFE-600-002.jpg\" alt=\"\" class=\"wp-image-1344\"\/><\/figure>\n\n\n\n<p><gwmw style=\"display:none;\"><\/gwmw><\/p>","protected":false},"excerpt":{"rendered":"<p>Product Description\uff1a 1 All stainless steel body easy to wash and wipe long service life.2 All aluminum lid rugged and lightweight easy to open and close.3 The built-in automatic filtration system is easy to use and energy-efficient. This series of American fried chicken Ovens is a company absorbing foreign advanced technology, according to the production [&#8230;]\n","protected":false},"featured_media":1568,"template":"","meta":[],"product_brand":[],"product_cat":[85],"product_tag":[],"class_list":{"0":"post-1340","1":"product","2":"type-product","3":"status-publish","4":"has-post-thumbnail","6":"product_cat-electric-pressure-fryers","8":"first","9":"instock","10":"shipping-taxable","11":"product-type-simple"},"_links":{"self":[{"href":"https:\/\/www.ccmmachine.com\/ro\/wp-json\/wp\/v2\/product\/1340","targetHints":{"allow":["GET"]}}],"collection":[{"href":"https:\/\/www.ccmmachine.com\/ro\/wp-json\/wp\/v2\/product"}],"about":[{"href":"https:\/\/www.ccmmachine.com\/ro\/wp-json\/wp\/v2\/types\/product"}],"wp:featuredmedia":[{"embeddable":true,"href":"https:\/\/www.ccmmachine.com\/ro\/wp-json\/wp\/v2\/media\/1568"}],"wp:attachment":[{"href":"https:\/\/www.ccmmachine.com\/ro\/wp-json\/wp\/v2\/media?parent=1340"}],"wp:term":[{"taxonomy":"product_brand","embeddable":true,"href":"https:\/\/www.ccmmachine.com\/ro\/wp-json\/wp\/v2\/product_brand?post=1340"},{"taxonomy":"product_cat","embeddable":true,"href":"https:\/\/www.ccmmachine.com\/ro\/wp-json\/wp\/v2\/product_cat?post=1340"},{"taxonomy":"product_tag","embeddable":true,"href":"https:\/\/www.ccmmachine.com\/ro\/wp-json\/wp\/v2\/product_tag?post=1340"}],"curies":[{"name":"wp","href":"https:\/\/api.w.org\/{rel}","templated":true}]}}