{"id":1292,"date":"2024-03-21T02:29:27","date_gmt":"2024-03-21T02:29:27","guid":{"rendered":"https:\/\/www.ccmmachine.com\/?post_type=product&#038;p=1292"},"modified":"2024-03-21T02:29:30","modified_gmt":"2024-03-21T02:29:30","slug":"friteuza-cu-gaz-pfg-600l","status":"publish","type":"product","link":"https:\/\/www.ccmmachine.com\/ro\/product\/gas-pressure-fryer-pfg-600l\/","title":{"rendered":"Friteuza cu gaz PFG-600L"},"content":{"rendered":"<p><strong>Descriere produs:<\/strong><\/p>\n\n\n\n<ol class=\"wp-block-list\">\n<li>Corpul din o\u021bel inoxidabil este u\u0219or de sp\u0103lat \u0219i \u0219ters \u0219i are o durat\u0103 de via\u021b\u0103 lung\u0103.<\/li>\n\n\n\n<li>capac din aluminiu robust si usor usor de deschis si inchis.<\/li>\n\n\n\n<li>sistem automat de filtru de ulei \u00eencorporat, u\u0219or de utilizat \u0219i eficient din punct de vedere energetic.<\/li>\n\n\n\n<li>capacitatea de \u00eenc\u0103rcare a patru ro\u021bi \u00eempreun\u0103 cu func\u021bia de fr\u00e2n\u0103 u\u0219urin\u021b\u0103 \u00een mi\u0219care \u0219i pozi\u021bionare.<\/li>\n\n\n\n<li>Panoul de control LCD este precis \u0219i frumos.<\/li>\n<\/ol>\n\n\n\n<p>Presiunea de gaz este compania care absoarbe tehnologia avansat\u0103 str\u0103in\u0103, dezvoltarea \u0219i produc\u021bia celui mai recent proces de produc\u021bie de pui pr\u0103jit la cuptor, \u00een conformitate cu caracteristicile puiului fript occidental \u0219i tradi\u021bional chinezesc. \u00centregul corp din o\u021bel inoxidabil, sistem de control al computerului LCD control automat al temperaturii, control al presiunii, evacuare. Folosind principiul de \u00eenalt\u0103 presiune la temperatur\u0103 sc\u0103zut\u0103, m\u00e2ncare pr\u0103jit\u0103 crocant\u0103 \u00een exterior \u0219i de culoare fraged\u0103, str\u0103lucitoare, dar \u0219i ra\u021b\u0103 pr\u0103jit\u0103, pe\u0219te, carne de porc, vit\u0103, oaie \u0219i alte tipuri de carne \u0219i cartofi \u0219i alte legume. Se aplic\u0103 tuturor magazinelor importante, hotelurilor, restaurantelor fast-food, snack-urilor, cantinelor din fabric\u0103 \u0219i gospod\u0103riilor care desf\u0103\u0219oar\u0103 activit\u0103\u021bi independente. Opera\u021bia specific\u0103 este simpl\u0103, curat\u0103, u\u0219or de utilizat, de \u00eenalt\u0103 eficien\u021b\u0103, durabilitate \u0219i alte caracteristici, este cel mai recent tip de ma\u0219ini \u0219i echipamente de prelucrare a alimentelor.<\/p>\n\n\n\n<figure class=\"wp-block-table\"><table><tbody><tr><td><strong>Nume<\/strong><\/td><td>friteuza cu gaz sub presiune<\/td><\/tr><tr><td><strong>Model<\/strong><\/td><td>PFG-600L<\/td><\/tr><tr><td><strong>Presiune de lucru<\/strong><\/td><td>0,085Mpa<\/td><\/tr><tr><td><strong>Controleaz\u0103 intervalul de temperatur\u0103<\/strong><\/td><td>20~200\u2103<\/td><\/tr><tr><td><strong>Consumul de gaz<\/strong><\/td><td>aproximativ 0,48 kg\/h (inclusiv timpul de re\u021binere)<\/td><\/tr><tr><td><strong>Voltaj<\/strong><\/td><td>&nbsp;~220V\/50Hz-60Hz<\/td><\/tr><tr><td><strong>Combustibil<\/strong><\/td><td>GPL\/gaz natural<\/td><\/tr><tr><td><strong>m\u0103rimea<\/strong><\/td><td>460\u00d7960\u00d71230mm<\/td><\/tr><tr><td><strong>Dimensiunea de ambalare<\/strong><\/td><td>510\u00d71030\u00d71300mm<\/td><\/tr><tr><td><strong>Capacitate<\/strong><\/td><td>24L<\/td><\/tr><tr><td><strong>Greutate<\/strong><\/td><td>135 kg<\/td><\/tr><tr><td><strong>Greutate brut\u0103<\/strong><\/td><td>155 kg<\/td><\/tr><tr><td><strong>Panou de control<\/strong><\/td><td>LCD<\/td><\/tr><\/tbody><\/table><\/figure>\n\n\n\n<figure class=\"wp-block-image\"><img decoding=\"async\" src=\"https:\/\/www.ccmmachine.com\/wp-content\/uploads\/2019\/08\/Electric-Pressure-fryer-PFE-600L-001.jpg\" alt=\"\" class=\"wp-image-1304\"\/><\/figure>","protected":false},"excerpt":{"rendered":"<p>Product Description\uff1a Gas pressure is the company absorbing foreign advanced technology, development, and production of the latest fried chicken oven fried chicken production process according to the characteristics of Western and traditional Chinese roast chicken. The whole body of stainless steel, LCD computer control system automatic temperature control, pressure control, exhaust. Using low-temperature high-pressure principle, [&#8230;]\n","protected":false},"featured_media":1560,"template":"","meta":[],"product_brand":[],"product_cat":[86],"product_tag":[],"class_list":{"0":"post-1292","1":"product","2":"type-product","3":"status-publish","4":"has-post-thumbnail","6":"product_cat-gas-pressure-fryers","8":"first","9":"instock","10":"shipping-taxable","11":"product-type-simple"},"_links":{"self":[{"href":"https:\/\/www.ccmmachine.com\/ro\/wp-json\/wp\/v2\/product\/1292","targetHints":{"allow":["GET"]}}],"collection":[{"href":"https:\/\/www.ccmmachine.com\/ro\/wp-json\/wp\/v2\/product"}],"about":[{"href":"https:\/\/www.ccmmachine.com\/ro\/wp-json\/wp\/v2\/types\/product"}],"wp:featuredmedia":[{"embeddable":true,"href":"https:\/\/www.ccmmachine.com\/ro\/wp-json\/wp\/v2\/media\/1560"}],"wp:attachment":[{"href":"https:\/\/www.ccmmachine.com\/ro\/wp-json\/wp\/v2\/media?parent=1292"}],"wp:term":[{"taxonomy":"product_brand","embeddable":true,"href":"https:\/\/www.ccmmachine.com\/ro\/wp-json\/wp\/v2\/product_brand?post=1292"},{"taxonomy":"product_cat","embeddable":true,"href":"https:\/\/www.ccmmachine.com\/ro\/wp-json\/wp\/v2\/product_cat?post=1292"},{"taxonomy":"product_tag","embeddable":true,"href":"https:\/\/www.ccmmachine.com\/ro\/wp-json\/wp\/v2\/product_tag?post=1292"}],"curies":[{"name":"wp","href":"https:\/\/api.w.org\/{rel}","templated":true}]}}