{"id":1285,"date":"2024-03-21T02:33:56","date_gmt":"2024-03-21T02:33:56","guid":{"rendered":"https:\/\/www.ccmmachine.com\/?post_type=product&#038;p=1285"},"modified":"2024-03-21T02:34:00","modified_gmt":"2024-03-21T02:34:00","slug":"friteuza-electrica-sub-presiune-pfe-600l","status":"publish","type":"product","link":"https:\/\/www.ccmmachine.com\/ro\/product\/electric-pressure-fryer-pfe-600l\/","title":{"rendered":"Friteuza electrica sub presiune PFE-600L"},"content":{"rendered":"<h3 class=\"wp-block-heading\"><strong>Descriere produs:<\/strong> <\/h3>\n\n\n\n<ul class=\"wp-block-list\">\n<li>Corp din o\u021bel inoxidabil u\u0219or de sp\u0103lat \u0219i \u0219ters \u0219i o durat\u0103 de via\u021b\u0103 lung\u0103. <\/li>\n\n\n\n<li>Toate capacele din aluminiu robuste \u0219i u\u0219oare, u\u0219or de deschis \u0219i \u00eenchis. <\/li>\n\n\n\n<li>Sistemul de filtrare automat\u0103 \u00eencorporat este u\u0219or de utilizat \u0219i eficient din punct de vedere energetic. <\/li>\n<\/ul>\n\n\n\n<p>Aceast\u0103 serie de cuptor american de pui pr\u0103jit este o companie care absoarbe tehnologia str\u0103in\u0103 avansat\u0103, \u00een conformitate cu caracteristicile procesului de produc\u021bie, pui pr\u0103jit de pui de Vest \u0219i tradi\u021bional chinezesc \u00een dezvoltarea \u0219i produc\u021bia celui mai recent cuptor de pui pr\u0103jit. \u00centregul corp din o\u021bel inoxidabil, panou de control al computerului LCD, func\u021bionare simpl\u0103, presiune de evacuare de control automat al temperaturii. Folosind principiul de \u00eenalt\u0103 presiune la temperatur\u0103 sc\u0103zut\u0103, alimente pr\u0103jite crocante \u00een exterior \u0219i fragede, de culoare str\u0103lucitoare, dar \u0219i ra\u021b\u0103 pr\u0103jit\u0103, pui pr\u0103jit, pui pr\u0103jit, aripioare de pui, pe\u0219te, carne de porc \u0219i alte tipuri de carne \u0219i cartofi \u0219i alte legume. Se aplic\u0103 tuturor magazinelor importante, hotelurilor, restaurantelor fast-food, snack-barurilor, cantinelor din fabric\u0103 \u0219i gospod\u0103riilor care desf\u0103\u0219oar\u0103 activit\u0103\u021bi independente. Cu operare simpl\u0103, curat, u\u0219or de utilizat, eficien\u021b\u0103 ridicat\u0103, durabilitate \u0219i alte caracteristici. Este cel mai recent tip de ma\u0219ini \u0219i echipamente de prelucrare a alimentelor. <\/p>\n\n\n\n<p><strong>Caracteristici:<\/strong> <\/p>\n\n\n\n<ul class=\"wp-block-list\">\n<li>Corp din o\u021bel inoxidabil, u\u0219or de sp\u0103lat \u0219i \u0219ters, durat\u0103 lung\u0103 de via\u021b\u0103. <\/li>\n\n\n\n<li>Toate capacele din aluminiu sunt robuste \u0219i u\u0219oare, u\u0219or de deschis \u0219i \u00eenchis. <\/li>\n\n\n\n<li>Sistem automat de filtrare \u00eencorporat, u\u0219or de utilizat \u0219i eficient din punct de vedere energetic. <\/li>\n\n\n\n<li>Capacitate de \u00eenc\u0103rcare a patru ro\u021bi \u00eempreun\u0103 cu func\u021bia de fr\u00e2n\u0103, mi\u0219care u\u0219oar\u0103 \u0219i pozi\u021bionare. <\/li>\n\n\n\n<li>Panoul de control cu afi\u0219aj digital LCD este mai precis \u0219i mai frumos. <\/li>\n<\/ul>\n\n\n\n<figure class=\"wp-block-table\"><table><tbody><tr><td>Nume<\/td><td>Friteuza electrica sub presiune<\/td><\/tr><tr><td>Nume<\/td><td>PFE-600L<\/td><\/tr><tr><td>Voltaj<\/td><td>~3N380v\/50Hz\uff08~3N220v\/60Hz\uff09<\/td><\/tr><tr><td>Putere<\/td><td>13,5 kW<\/td><\/tr><tr><td>Controleaz\u0103 intervalul de temperatur\u0103<\/td><td>20-200\u2103<\/td><\/tr><tr><td>m\u0103rimea<\/td><td>960\u00d7460\u00d71230mm<\/td><\/tr><tr><td>Dimensiunea de ambalare<\/td><td>1030\u00d7510\u00d71300mm<\/td><\/tr><tr><td>Capacitate<\/td><td>24L<\/td><\/tr><tr><td>Greutate<\/td><td>135 kg<\/td><\/tr><tr><td>Greutate brut\u0103<\/td><td>155 kg<\/td><\/tr><tr><td>Panou de control<\/td><td>Panou de control LED<\/td><\/tr><\/tbody><\/table><\/figure>\n\n\n\n<figure class=\"wp-block-image\"><img decoding=\"async\" src=\"https:\/\/www.ccmmachine.com\/wp-content\/uploads\/2019\/08\/Electric-Pressure-fryer-PFE-600L-001.jpg\" alt=\"\" class=\"wp-image-1304\"\/><\/figure>\n\n\n\n<figure class=\"wp-block-image\"><img decoding=\"async\" src=\"https:\/\/www.ccmmachine.com\/wp-content\/uploads\/2019\/08\/Electric-Pressure-fryer-PFE-600L-002.jpg\" alt=\"\" class=\"wp-image-1305\"\/><\/figure>","protected":false},"excerpt":{"rendered":"<p>Product Description\uff1a This series American fried chicken furnace is the company absorbing foreign advanced technology, according to the production process characteristics Western and traditional Chinese chicken fried chicken in the development and production of the latest fried chicken furnace. The whole body of stainless steel, LCD computer control panel, simple operation, automatic temperature control exhaust [&#8230;]\n","protected":false},"featured_media":1562,"template":"","meta":[],"product_brand":[],"product_cat":[85],"product_tag":[],"class_list":{"0":"post-1285","1":"product","2":"type-product","3":"status-publish","4":"has-post-thumbnail","6":"product_cat-electric-pressure-fryers","8":"first","9":"instock","10":"shipping-taxable","11":"product-type-simple"},"_links":{"self":[{"href":"https:\/\/www.ccmmachine.com\/ro\/wp-json\/wp\/v2\/product\/1285","targetHints":{"allow":["GET"]}}],"collection":[{"href":"https:\/\/www.ccmmachine.com\/ro\/wp-json\/wp\/v2\/product"}],"about":[{"href":"https:\/\/www.ccmmachine.com\/ro\/wp-json\/wp\/v2\/types\/product"}],"wp:featuredmedia":[{"embeddable":true,"href":"https:\/\/www.ccmmachine.com\/ro\/wp-json\/wp\/v2\/media\/1562"}],"wp:attachment":[{"href":"https:\/\/www.ccmmachine.com\/ro\/wp-json\/wp\/v2\/media?parent=1285"}],"wp:term":[{"taxonomy":"product_brand","embeddable":true,"href":"https:\/\/www.ccmmachine.com\/ro\/wp-json\/wp\/v2\/product_brand?post=1285"},{"taxonomy":"product_cat","embeddable":true,"href":"https:\/\/www.ccmmachine.com\/ro\/wp-json\/wp\/v2\/product_cat?post=1285"},{"taxonomy":"product_tag","embeddable":true,"href":"https:\/\/www.ccmmachine.com\/ro\/wp-json\/wp\/v2\/product_tag?post=1285"}],"curies":[{"name":"wp","href":"https:\/\/api.w.org\/{rel}","templated":true}]}}