{"id":1403,"date":"2024-03-21T04:11:58","date_gmt":"2024-03-21T04:11:58","guid":{"rendered":"https:\/\/www.ccmmachine.com\/?post_type=product&#038;p=1403"},"modified":"2024-03-21T04:12:02","modified_gmt":"2024-03-21T04:12:02","slug":"fritadeira-de-pressao-a-gas-mdxz-25c","status":"publish","type":"product","link":"https:\/\/www.ccmmachine.com\/pt\/product\/gas-pressure-fryer-mdxz-25c\/","title":{"rendered":"Fritadeira de press\u00e3o a g\u00e1s MDXZ-25"},"content":{"rendered":"<p>A fritadeira de press\u00e3o \u00e9 a empresa que absorve tecnologia avan\u00e7ada estrangeira, desenvolvimento e produ\u00e7\u00e3o do mais recente processo de produ\u00e7\u00e3o de frango frito em forno de frango frito, de acordo com as caracter\u00edsticas do frango assado chin\u00eas ocidental e tradicional.<\/p>\n\n\n\n<p>Todo o corpo em a\u00e7o inoxid\u00e1vel, cronometragem eletr\u00f4nica, press\u00e3o de exaust\u00e3o com controle autom\u00e1tico de temperatura. Usando o princ\u00edpio de baixa temperatura e alta press\u00e3o, os alimentos fritos s\u00e3o crocantes por fora e macios, de cor brilhante, mas tamb\u00e9m pato frito, peixe, porco, cordeiro e outras carnes e vegetais, batatas. Aplic\u00e1vel a todas as principais lojas, hot\u00e9is, restaurantes de fast food, lanchonetes, cantinas de f\u00e1bricas e resid\u00eancias aut\u00f4nomas.<\/p>\n\n\n\n<p>A opera\u00e7\u00e3o espec\u00edfica \u00e9 simples, limpa, f\u00e1cil de usar, alta efici\u00eancia, durabilidade e outras caracter\u00edsticas, e \u00e9 o mais recente tipo de m\u00e1quinas e equipamentos de processamento de alimentos.<gwmw style=\"display:none;\"><\/gwmw><\/p>\n\n\n\n<h3 class=\"wp-block-heading\"><strong>Caracter\u00edsticas:<\/strong><gwmw style=\"display:none;\"><\/gwmw><\/h3>\n\n\n\n<ul class=\"wp-block-list\">\n<li>Corpo todo em a\u00e7o inoxid\u00e1vel, f\u00e1cil de lavar e limpar, longa vida \u00fatil.<\/li>\n\n\n\n<li>Tampa de alum\u00ednio, robusta e leve, f\u00e1cil de abrir e fechar.<gwmw style=\"display:none;\"><\/gwmw><\/li>\n\n\n\n<li>Capacidade de carga de quatro rod\u00edzios juntamente com fun\u00e7\u00e3o de freio, facilidade de movimento e posicionamento.<gwmw style=\"display:none;\"><\/gwmw><\/li>\n\n\n\n<li>O painel de controle do painel da m\u00e1quina, dur\u00e1vel e f\u00e1cil de substituir.<gwmw style=\"display:none;\"><\/gwmw><gwmw style=\"display:none;\"><\/gwmw><gwmw style=\"display:none;\"><\/gwmw><gwmw style=\"display:none;\"><\/gwmw><\/li>\n<\/ul>\n\n\n\n<figure class=\"wp-block-table\"><table><tbody><tr><td><strong>Nome<\/strong><\/td><td>fritadeira de press\u00e3o a g\u00e1s<\/td><\/tr><tr><td><strong>Modelo<\/strong><\/td><td>MDXZ-25<\/td><\/tr><tr><td><strong>Press\u00e3o no trabalho<\/strong><\/td><td>0,085Mpa<\/td><\/tr><tr><td><strong>Faixa de temperatura de controle<\/strong><\/td><td>90 ~ 190 \u2103<gwmw style=\"display: none; background-color: transparent;\"><\/gwmw><\/td><\/tr><tr><td><strong>Consumo de g\u00e1s<\/strong><\/td><td>cerca de 0,48 kg\/h (incluindo o tempo de espera)<\/td><\/tr><tr><td><strong>Tens\u00e3o<\/strong><\/td><td>GLP\/g\u00e1s natural<\/td><\/tr><tr><td><strong>Combust\u00edvel<\/strong><\/td><td>GLP\/g\u00e1s natural<\/td><\/tr><tr><td><strong>Tamanho<\/strong><\/td><td>460\u00d7960\u00d71230mm<\/td><\/tr><tr><td><strong>Tamanho da embalagem<\/strong><\/td><td>510\u00d71030\u00d71300mm<\/td><\/tr><tr><td><strong>Capacidade<\/strong><\/td><td>25L<\/td><\/tr><tr><td><strong>Peso<\/strong><\/td><td>110kg<gwmw style=\"display:none;\"><\/gwmw><\/td><\/tr><tr><td><strong>Peso bruto<\/strong><\/td><td>120kg<\/td><\/tr><tr><td><strong>Painel de controle<\/strong><\/td><td>Painel Manual<\/td><\/tr><\/tbody><\/table><\/figure>\n\n\n\n<p><gwmw style=\"display:none;\"><\/gwmw><\/p>","protected":false},"excerpt":{"rendered":"<p>The pressure fryer is the company absorbing foreign advanced technology, development and production of the latest fried chicken oven fried chicken production process according to the characteristics of Western and traditional Chinese roast chicken. The whole body of stainless steel, electronic timing, automatic temperature control exhaust pressure. Using the low-temperature high-pressure principle, fried food is [&#8230;]\n","protected":false},"featured_media":1580,"template":"","meta":[],"product_brand":[],"product_cat":[86],"product_tag":[],"class_list":{"0":"post-1403","1":"product","2":"type-product","3":"status-publish","4":"has-post-thumbnail","6":"product_cat-gas-pressure-fryers","8":"first","9":"instock","10":"shipping-taxable","11":"product-type-simple"},"_links":{"self":[{"href":"https:\/\/www.ccmmachine.com\/pt\/wp-json\/wp\/v2\/product\/1403","targetHints":{"allow":["GET"]}}],"collection":[{"href":"https:\/\/www.ccmmachine.com\/pt\/wp-json\/wp\/v2\/product"}],"about":[{"href":"https:\/\/www.ccmmachine.com\/pt\/wp-json\/wp\/v2\/types\/product"}],"wp:featuredmedia":[{"embeddable":true,"href":"https:\/\/www.ccmmachine.com\/pt\/wp-json\/wp\/v2\/media\/1580"}],"wp:attachment":[{"href":"https:\/\/www.ccmmachine.com\/pt\/wp-json\/wp\/v2\/media?parent=1403"}],"wp:term":[{"taxonomy":"product_brand","embeddable":true,"href":"https:\/\/www.ccmmachine.com\/pt\/wp-json\/wp\/v2\/product_brand?post=1403"},{"taxonomy":"product_cat","embeddable":true,"href":"https:\/\/www.ccmmachine.com\/pt\/wp-json\/wp\/v2\/product_cat?post=1403"},{"taxonomy":"product_tag","embeddable":true,"href":"https:\/\/www.ccmmachine.com\/pt\/wp-json\/wp\/v2\/product_tag?post=1403"}],"curies":[{"name":"wp","href":"https:\/\/api.w.org\/{rel}","templated":true}]}}