{"id":1349,"date":"2024-03-21T04:17:59","date_gmt":"2024-03-21T04:17:59","guid":{"rendered":"https:\/\/www.ccmmachine.com\/?post_type=product&#038;p=1349"},"modified":"2024-03-21T04:18:02","modified_gmt":"2024-03-21T04:18:02","slug":"fritadeira-de-pressao-mdxz-24c","status":"publish","type":"product","link":"https:\/\/www.ccmmachine.com\/pt\/product\/pressure-fryer-mdxz-24c\/","title":{"rendered":"Fritadeira de Press\u00e3o MDXZ-24C"},"content":{"rendered":"<p>Esta fritadeira de press\u00e3o de se\u00e7\u00e3o \u00e9 a empresa que absorve tecnologia avan\u00e7ada estrangeira, desenvolvimento e produ\u00e7\u00e3o do mais recente processo de produ\u00e7\u00e3o de frango frito em forno de frango frito, de acordo com as caracter\u00edsticas do frango assado chin\u00eas ocidental e tradicional. Todo o corpo em a\u00e7o inoxid\u00e1vel, cronometragem eletr\u00f4nica, press\u00e3o de exaust\u00e3o com controle autom\u00e1tico de temperatura.<\/p>\n\n\n\n<p>Usando o princ\u00edpio de baixa temperatura e alta press\u00e3o, os alimentos fritos s\u00e3o crocantes por fora e macios, de cor brilhante, mas tamb\u00e9m pato frito, peixe, porco, cordeiro e outras carnes, batatas e outros vegetais. Aplic\u00e1vel a todas as principais lojas, hot\u00e9is, restaurantes de fast food, lanchonetes, cantinas de f\u00e1bricas e resid\u00eancias aut\u00f4nomas. A opera\u00e7\u00e3o espec\u00edfica \u00e9 simples, limpa, f\u00e1cil de usar, alta efici\u00eancia e durabilidade, \u00e9 o mais recente tipo de m\u00e1quinas e equipamentos de processamento de alimentos<gwmw style=\"display:none;\"><\/gwmw><\/p>\n\n\n\n<h3 class=\"wp-block-heading\"><strong>Caracter\u00edsticas:<\/strong><gwmw style=\"display:none;\"><\/gwmw><\/h3>\n\n\n\n<p>1. Corpo todo em a\u00e7o inoxid\u00e1vel, f\u00e1cil de lavar e limpar, longa vida \u00fatil.<br>2 tampas de alum\u00ednio, robustas e leves, f\u00e1ceis de abrir e fechar.<br>3 capacidade de carga de quatro rod\u00edzios, juntamente com fun\u00e7\u00e3o de freio, facilidade de movimento e posicionamento.<br>4. Uma opera\u00e7\u00e3o de controle de instrumento mec\u00e2nico \u00e9 simples, f\u00e1cil, elegante e precisa.<gwmw style=\"display:none;\"><\/gwmw><gwmw style=\"display:none;\"><\/gwmw><\/p>\n\n\n\n<figure class=\"wp-block-table\"><table><tbody><tr><td>Nome<\/td><td>Fritadeira el\u00e9trica de press\u00e3o<\/td><\/tr><tr><td>nome<\/td><td>MDXZ-24<\/td><\/tr><tr><td>Tens\u00e3o<\/td><td>3N\/380V\/50Hz<\/td><\/tr><tr><td>Poder<\/td><td>12 kW<\/td><\/tr><tr><td>Faixa de temperatura de controle<\/td><td>90-190\u2103<\/td><\/tr><tr><td>Tamanho<\/td><td>960\u00d7460\u00d71230mm<\/td><\/tr><tr><td>Tamanho da embalagem<\/td><td>1030\u00d7510\u00d71300mm<\/td><\/tr><tr><td>Capacidade<\/td><td>24L<\/td><\/tr><tr><td>Peso<\/td><td>110kg<\/td><\/tr><tr><td>Peso bruto<\/td><td>135kg<\/td><\/tr><tr><td>Painel de controle<\/td><td>painel manual<\/td><\/tr><\/tbody><\/table><\/figure>\n\n\n\n<p><gwmw style=\"display:none;\"><\/gwmw><\/p>","protected":false},"excerpt":{"rendered":"<p>This section pressure fryer is the company absorbing foreign advanced technology, development and production of the latest fried chicken oven fried chicken production process according to the characteristics of Western and traditional Chinese roast chicken. The whole body of stainless steel, electronic timing, automatic temperature control exhaust pressure. Using low-temperature high-pressure principle, fried food crisp [&#8230;]\n","protected":false},"featured_media":1582,"template":"","meta":[],"product_brand":[],"product_cat":[85],"product_tag":[],"class_list":{"0":"post-1349","1":"product","2":"type-product","3":"status-publish","4":"has-post-thumbnail","6":"product_cat-electric-pressure-fryers","8":"first","9":"instock","10":"shipping-taxable","11":"product-type-simple"},"_links":{"self":[{"href":"https:\/\/www.ccmmachine.com\/pt\/wp-json\/wp\/v2\/product\/1349","targetHints":{"allow":["GET"]}}],"collection":[{"href":"https:\/\/www.ccmmachine.com\/pt\/wp-json\/wp\/v2\/product"}],"about":[{"href":"https:\/\/www.ccmmachine.com\/pt\/wp-json\/wp\/v2\/types\/product"}],"wp:featuredmedia":[{"embeddable":true,"href":"https:\/\/www.ccmmachine.com\/pt\/wp-json\/wp\/v2\/media\/1582"}],"wp:attachment":[{"href":"https:\/\/www.ccmmachine.com\/pt\/wp-json\/wp\/v2\/media?parent=1349"}],"wp:term":[{"taxonomy":"product_brand","embeddable":true,"href":"https:\/\/www.ccmmachine.com\/pt\/wp-json\/wp\/v2\/product_brand?post=1349"},{"taxonomy":"product_cat","embeddable":true,"href":"https:\/\/www.ccmmachine.com\/pt\/wp-json\/wp\/v2\/product_cat?post=1349"},{"taxonomy":"product_tag","embeddable":true,"href":"https:\/\/www.ccmmachine.com\/pt\/wp-json\/wp\/v2\/product_tag?post=1349"}],"curies":[{"name":"wp","href":"https:\/\/api.w.org\/{rel}","templated":true}]}}