{"id":1345,"date":"2024-03-21T04:03:01","date_gmt":"2024-03-21T04:03:01","guid":{"rendered":"https:\/\/www.ccmmachine.com\/?post_type=product&#038;p=1345"},"modified":"2024-03-21T04:03:05","modified_gmt":"2024-03-21T04:03:05","slug":"fritadeira-de-pressao-eletrica-pfe-500-2","status":"publish","type":"product","link":"https:\/\/www.ccmmachine.com\/pt\/product\/electric-pressure-fryer-pfe-500\/","title":{"rendered":"Fritadeira El\u00e9trica de Press\u00e3o PFE-500"},"content":{"rendered":"<p>Esta s\u00e9rie de forno de frango frito americano \u00e9 uma empresa que absorve a tecnologia avan\u00e7ada estrangeira, de acordo com as caracter\u00edsticas do processo de produ\u00e7\u00e3o do frango frito de frango chin\u00eas ocidental e tradicional no desenvolvimento e produ\u00e7\u00e3o do mais recente forno de frango frito. Todo o corpo em a\u00e7o inoxid\u00e1vel, opera\u00e7\u00e3o simples, press\u00e3o de exaust\u00e3o com controle autom\u00e1tico de temperatura.<br>Usando princ\u00edpios de baixa temperatura e alta press\u00e3o, os alimentos fritos s\u00e3o crocantes por fora e macios e de cor brilhante, mas tamb\u00e9m pato frito, frango frito, frango frito, asas de frango, peixe, carne de porco e outras carnes, batatas e outros vegetais. Aplic\u00e1vel a todas as grandes lojas, hot\u00e9is, restaurantes de fast food, lanchonetes, cantinas de f\u00e1bricas e resid\u00eancias aut\u00f4nomas. Com opera\u00e7\u00e3o simples, limpa, f\u00e1cil de usar, alta efici\u00eancia, durabilidade e outros recursos. \u00c9 o mais recente tipo de m\u00e1quinas e equipamentos de processamento de alimentos.<gwmw style=\"display:none;\"><\/gwmw><\/p>\n\n\n\n<h3 class=\"wp-block-heading\"><strong>Caracter\u00edsticas:<\/strong><gwmw style=\"display:none;\"><\/gwmw><\/h3>\n\n\n\n<p>1, corpo todo em a\u00e7o inoxid\u00e1vel, f\u00e1cil de lavar e limpar longa vida \u00fatil.<br>2, tampa de alum\u00ednio, robusta e leve, f\u00e1cil de abrir e fechar.<br>3, sistema de filtragem integrado, f\u00e1cil de usar e com baixo consumo de energia.<br>4, capacidade de carga de quatro rod\u00edzios juntamente com fun\u00e7\u00e3o de freio, facilidade de movimento e posicionamento.<br>5, o painel de controle cl\u00e1ssico da m\u00e1quina, mais f\u00e1cil e eficiente.<\/p>\n\n\n\n<figure class=\"wp-block-table\"><table><tbody><tr><td>Nome<\/td><td>Fritadeira el\u00e9trica de press\u00e3o<\/td><\/tr><tr><td>nome<\/td><td>PFE-500<\/td><\/tr><tr><td>Tens\u00e3o<\/td><td>~3N380v\/50Hz\uff08~3N220v\/60Hz\uff09<\/td><\/tr><tr><td>Poder<\/td><td>13,5 kW<\/td><\/tr><tr><td>Faixa de temperatura de controle<\/td><td>20-200\u2103<\/td><\/tr><tr><td>Tamanho<\/td><td>960\u00d7460\u00d71230mm<\/td><\/tr><tr><td>Tamanho da embalagem<\/td><td>1030\u00d7510\u00d71300mm<\/td><\/tr><tr><td>Capacidade<\/td><td>24L<\/td><\/tr><tr><td>Peso<\/td><td>135kg<\/td><\/tr><tr><td>Peso bruto<\/td><td>155kg<\/td><\/tr><tr><td>Painel de controle<\/td><td>painel manual<\/td><\/tr><\/tbody><\/table><\/figure>\n\n\n\n<figure class=\"wp-block-image size-full\"><img decoding=\"async\" width=\"740\" height=\"300\" src=\"https:\/\/www.ccmmachine.com\/wp-content\/uploads\/2024\/03\/Electric-Pressure-fryer-PFE-500-001.webp\" alt=\"\" class=\"wp-image-1577\" srcset=\"https:\/\/www.ccmmachine.com\/wp-content\/uploads\/2024\/03\/Electric-Pressure-fryer-PFE-500-001.webp 740w, https:\/\/www.ccmmachine.com\/wp-content\/uploads\/2024\/03\/Electric-Pressure-fryer-PFE-500-001-700x284.webp 700w, https:\/\/www.ccmmachine.com\/wp-content\/uploads\/2024\/03\/Electric-Pressure-fryer-PFE-500-001-300x122.webp 300w, https:\/\/www.ccmmachine.com\/wp-content\/uploads\/2024\/03\/Electric-Pressure-fryer-PFE-500-001-18x7.webp 18w\" sizes=\"(max-width: 740px) 100vw, 740px\" \/><\/figure>\n\n\n\n<figure class=\"wp-block-image size-full\"><img decoding=\"async\" width=\"472\" height=\"461\" src=\"https:\/\/www.ccmmachine.com\/wp-content\/uploads\/2024\/03\/Electric-Pressure-fryer-PFE-500-002.webp\" alt=\"\" class=\"wp-image-1578\" srcset=\"https:\/\/www.ccmmachine.com\/wp-content\/uploads\/2024\/03\/Electric-Pressure-fryer-PFE-500-002.webp 472w, https:\/\/www.ccmmachine.com\/wp-content\/uploads\/2024\/03\/Electric-Pressure-fryer-PFE-500-002-300x293.webp 300w, https:\/\/www.ccmmachine.com\/wp-content\/uploads\/2024\/03\/Electric-Pressure-fryer-PFE-500-002-12x12.webp 12w\" sizes=\"(max-width: 472px) 100vw, 472px\" \/><\/figure>\n\n\n\n<p><gwmw style=\"display:none;\"><\/gwmw><\/p>","protected":false},"excerpt":{"rendered":"<p>This series American fried chicken oven is a company absorbing the foreign advanced technology, according to the production process characteristics of Western and traditional Chinese chicken fried chicken in the development and production of the latest fried chicken oven. The whole body of stainless steel, simple operation, automatic temperature control exhaust pressure.Using low-temperature high-pressure principles, [&#8230;]\n","protected":false},"featured_media":1576,"template":"","meta":[],"product_brand":[],"product_cat":[85],"product_tag":[],"class_list":{"0":"post-1345","1":"product","2":"type-product","3":"status-publish","4":"has-post-thumbnail","6":"product_cat-electric-pressure-fryers","8":"first","9":"instock","10":"shipping-taxable","11":"product-type-simple"},"_links":{"self":[{"href":"https:\/\/www.ccmmachine.com\/pt\/wp-json\/wp\/v2\/product\/1345","targetHints":{"allow":["GET"]}}],"collection":[{"href":"https:\/\/www.ccmmachine.com\/pt\/wp-json\/wp\/v2\/product"}],"about":[{"href":"https:\/\/www.ccmmachine.com\/pt\/wp-json\/wp\/v2\/types\/product"}],"wp:featuredmedia":[{"embeddable":true,"href":"https:\/\/www.ccmmachine.com\/pt\/wp-json\/wp\/v2\/media\/1576"}],"wp:attachment":[{"href":"https:\/\/www.ccmmachine.com\/pt\/wp-json\/wp\/v2\/media?parent=1345"}],"wp:term":[{"taxonomy":"product_brand","embeddable":true,"href":"https:\/\/www.ccmmachine.com\/pt\/wp-json\/wp\/v2\/product_brand?post=1345"},{"taxonomy":"product_cat","embeddable":true,"href":"https:\/\/www.ccmmachine.com\/pt\/wp-json\/wp\/v2\/product_cat?post=1345"},{"taxonomy":"product_tag","embeddable":true,"href":"https:\/\/www.ccmmachine.com\/pt\/wp-json\/wp\/v2\/product_tag?post=1345"}],"curies":[{"name":"wp","href":"https:\/\/api.w.org\/{rel}","templated":true}]}}