{"id":1312,"date":"2024-03-21T02:37:40","date_gmt":"2024-03-21T02:37:40","guid":{"rendered":"https:\/\/www.ccmmachine.com\/?post_type=product&#038;p=1312"},"modified":"2024-03-21T02:54:52","modified_gmt":"2024-03-21T02:54:52","slug":"fritadeira-de-pressao-a-gas-pfg-600","status":"publish","type":"product","link":"https:\/\/www.ccmmachine.com\/pt\/product\/gas-pressure-fryer-pfg-600\/","title":{"rendered":"Fritadeira de press\u00e3o a g\u00e1s PFG-600"},"content":{"rendered":"<h3 class=\"wp-block-heading\"><strong>Descri\u00e7\u00e3o do produto:<\/strong><\/h3>\n\n\n\n<ol class=\"wp-block-list\">\n<li>&nbsp;Corpo todo em a\u00e7o inoxid\u00e1vel, f\u00e1cil de lavar e limpar, longa vida \u00fatil.<\/li>\n\n\n\n<li>&nbsp;tampa de alum\u00ednio, robusta e leve, f\u00e1cil de abrir e fechar.<\/li>\n\n\n\n<li>&nbsp;capacidade de carga de quatro rod\u00edzios juntamente com fun\u00e7\u00e3o de freio, facilidade de movimento e posicionamento.<\/li>\n\n\n\n<li>&nbsp;Sistema de controle do computador do painel, fino e preciso.<\/li>\n\n\n\n<li>&nbsp;O sistema de filtragem autom\u00e1tica integrado, f\u00e1cil de usar e com baixo consumo de energia.<\/li>\n<\/ol>\n\n\n\n<p>A s\u00e9rie Fornos para Frango Frito com Press\u00e3o a G\u00e1s \u00e9 uma linha de dispositivos desenvolvidos por nossa empresa, incorporando tecnologia avan\u00e7ada do exterior. Estes fornos s\u00e3o concebidos especificamente para a produ\u00e7\u00e3o de frango frito, tendo em conta os m\u00e9todos ocidentais e tradicionais chineses de assar frango. Todo o corpo do forno \u00e9 feito de a\u00e7o inoxid\u00e1vel e o painel de controle do computador permite a regula\u00e7\u00e3o autom\u00e1tica da press\u00e3o de exaust\u00e3o. Ao utilizar o princ\u00edpio de baixa temperatura e alta press\u00e3o, nossos fornos produzem alimentos fritos crocantes e macios com uma cor brilhante. Al\u00e9m do frango, tamb\u00e9m podem ser usados para fritar pato, peixe, porco, vaca, carneiro, batata e outros vegetais. Nossos fornos s\u00e3o adequados para utiliza\u00e7\u00e3o em diversos estabelecimentos como lojas, hot\u00e9is, restaurantes fast food, lanchonetes, cantinas de f\u00e1bricas e at\u00e9 mesmo para aut\u00f4nomos. Eles s\u00e3o f\u00e1ceis de operar, limpar e altamente eficientes, o que os torna as m\u00e1quinas e equipamentos de processamento de alimentos mais recentes e avan\u00e7ados dispon\u00edveis.<\/p>\n\n\n\n<figure class=\"wp-block-table\"><table><tbody><tr><td><strong>Nome<\/strong><\/td><td>fritadeira de press\u00e3o a g\u00e1s<\/td><\/tr><tr><td><strong>Modelo<\/strong><\/td><td>PFG-600<\/td><\/tr><tr><td><strong>Press\u00e3o no trabalho<\/strong><\/td><td>0,085Mpa<\/td><\/tr><tr><td><strong>Faixa de temperatura de controle<\/strong><\/td><td>20~200\u2103<\/td><\/tr><tr><td><strong>Consumo de g\u00e1s<\/strong><\/td><td>cerca de 0,48 kg\/h (incluindo o tempo de espera)<\/td><\/tr><tr><td><strong>Tens\u00e3o<\/strong><\/td><td>&nbsp;~220V\/50Hz-60Hz<\/td><\/tr><tr><td><strong>Combust\u00edvel<\/strong><\/td><td>GLP\/g\u00e1s natural<\/td><\/tr><tr><td><strong>Tamanho<\/strong><\/td><td>460\u00d7960\u00d71230mm<\/td><\/tr><tr><td><strong>Tamanho da embalagem<\/strong><\/td><td>510\u00d71030\u00d71300mm<\/td><\/tr><tr><td><strong>Capacidade<\/strong><\/td><td>24L<\/td><\/tr><tr><td><strong>Peso<\/strong><\/td><td>135kg<\/td><\/tr><tr><td><strong>Peso bruto<\/strong><\/td><td>155kg<\/td><\/tr><tr><td><strong>Painel de controle<\/strong><\/td><td>LCD<\/td><\/tr><\/tbody><\/table><\/figure>\n\n\n\n<figure class=\"wp-block-image\"><img decoding=\"async\" src=\"https:\/\/www.ccmmachine.com\/wp-content\/uploads\/2019\/08\/Electric-Pressure-fryer-PFE-600L-001.jpg\" alt=\"\" class=\"wp-image-1304\"\/><\/figure>","protected":false},"excerpt":{"rendered":"<p>Product Description\uff1a The\u00a0Gas\u00a0Pressure\u00a0Fried\u00a0Chicken\u00a0Furnace series\u00a0is a line of\u00a0devices\u00a0developed\u00a0by our\u00a0company,\u00a0incorporating advanced technology\u00a0from abroad. These\u00a0ovens\u00a0are designed\u00a0specifically\u00a0for\u00a0the\u00a0production of\u00a0fried chicken,\u00a0taking\u00a0into account\u00a0both Western and traditional Chinese\u00a0methods of\u00a0roasting\u00a0chicken. The entire\u00a0body of\u00a0the oven is\u00a0made of stainless steel,\u00a0and the\u00a0computer control panel allows for automatic\u00a0regulation of exhaust pressure.\u00a0By utilizing\u00a0the\u00a0low-temperature high-pressure principle,\u00a0our\u00a0ovens\u00a0produce\u00a0crispy\u00a0and tender\u00a0fried food with a\u00a0bright color. In addition to chicken, they\u00a0can also\u00a0be\u00a0used\u00a0to fry\u00a0duck, fish, pork, [&#8230;]\n","protected":false},"featured_media":1563,"template":"","meta":[],"product_brand":[],"product_cat":[86],"product_tag":[],"class_list":{"0":"post-1312","1":"product","2":"type-product","3":"status-publish","4":"has-post-thumbnail","6":"product_cat-gas-pressure-fryers","8":"first","9":"instock","10":"shipping-taxable","11":"product-type-simple"},"_links":{"self":[{"href":"https:\/\/www.ccmmachine.com\/pt\/wp-json\/wp\/v2\/product\/1312","targetHints":{"allow":["GET"]}}],"collection":[{"href":"https:\/\/www.ccmmachine.com\/pt\/wp-json\/wp\/v2\/product"}],"about":[{"href":"https:\/\/www.ccmmachine.com\/pt\/wp-json\/wp\/v2\/types\/product"}],"wp:featuredmedia":[{"embeddable":true,"href":"https:\/\/www.ccmmachine.com\/pt\/wp-json\/wp\/v2\/media\/1563"}],"wp:attachment":[{"href":"https:\/\/www.ccmmachine.com\/pt\/wp-json\/wp\/v2\/media?parent=1312"}],"wp:term":[{"taxonomy":"product_brand","embeddable":true,"href":"https:\/\/www.ccmmachine.com\/pt\/wp-json\/wp\/v2\/product_brand?post=1312"},{"taxonomy":"product_cat","embeddable":true,"href":"https:\/\/www.ccmmachine.com\/pt\/wp-json\/wp\/v2\/product_cat?post=1312"},{"taxonomy":"product_tag","embeddable":true,"href":"https:\/\/www.ccmmachine.com\/pt\/wp-json\/wp\/v2\/product_tag?post=1312"}],"curies":[{"name":"wp","href":"https:\/\/api.w.org\/{rel}","templated":true}]}}