{"id":1292,"date":"2024-03-21T02:29:27","date_gmt":"2024-03-21T02:29:27","guid":{"rendered":"https:\/\/www.ccmmachine.com\/?post_type=product&#038;p=1292"},"modified":"2024-03-21T02:29:30","modified_gmt":"2024-03-21T02:29:30","slug":"fritadeira-a-gas-pressao-pfg-600l","status":"publish","type":"product","link":"https:\/\/www.ccmmachine.com\/pt\/product\/gas-pressure-fryer-pfg-600l\/","title":{"rendered":"Fritadeira de press\u00e3o a g\u00e1s PFG-600L"},"content":{"rendered":"<p><strong>Descri\u00e7\u00e3o do produto:<\/strong><\/p>\n\n\n\n<ol class=\"wp-block-list\">\n<li>Todo o corpo em a\u00e7o inoxid\u00e1vel \u00e9 f\u00e1cil de lavar e limpar e tem uma longa vida \u00fatil.<\/li>\n\n\n\n<li>tampa de alum\u00ednio robusta e leve, f\u00e1cil de abrir e fechar.<\/li>\n\n\n\n<li>sistema de filtro de \u00f3leo autom\u00e1tico integrado, f\u00e1cil de usar e com baixo consumo de energia.<\/li>\n\n\n\n<li>capacidade de carga de quatro rod\u00edzios juntamente com fun\u00e7\u00e3o de freio, facilidade de movimento e posicionamento.<\/li>\n\n\n\n<li>O painel de controle LCD \u00e9 preciso e bonito.<\/li>\n<\/ol>\n\n\n\n<p>A press\u00e3o do g\u00e1s \u00e9 a empresa que absorve tecnologia avan\u00e7ada estrangeira, desenvolvimento e produ\u00e7\u00e3o do mais recente processo de produ\u00e7\u00e3o de frango frito no forno de frango frito, de acordo com as caracter\u00edsticas do frango assado chin\u00eas ocidental e tradicional. Todo o corpo de a\u00e7o inoxid\u00e1vel, sistema de controle de computador LCD, controle autom\u00e1tico de temperatura, controle de press\u00e3o, exaust\u00e3o. Usando o princ\u00edpio de baixa temperatura e alta press\u00e3o, os alimentos fritos ficam crocantes por fora e macios e de cor brilhante, mas tamb\u00e9m pato frito, peixe, porco, carne bovina, carneiro e outras carnes, batatas e outros vegetais. Aplic\u00e1vel a todas as principais lojas, hot\u00e9is, restaurantes de fast food, lanchonetes, cantinas de f\u00e1bricas e resid\u00eancias aut\u00f4nomas. A opera\u00e7\u00e3o espec\u00edfica \u00e9 simples, limpa, f\u00e1cil de usar, alta efici\u00eancia, durabilidade e outras caracter\u00edsticas, \u00e9 o mais recente tipo de m\u00e1quinas e equipamentos de processamento de alimentos.<\/p>\n\n\n\n<figure class=\"wp-block-table\"><table><tbody><tr><td><strong>Nome<\/strong><\/td><td>fritadeira de press\u00e3o a g\u00e1s<\/td><\/tr><tr><td><strong>Modelo<\/strong><\/td><td>PFG-600L<\/td><\/tr><tr><td><strong>Press\u00e3o no trabalho<\/strong><\/td><td>0,085Mpa<\/td><\/tr><tr><td><strong>Faixa de temperatura de controle<\/strong><\/td><td>20~200\u2103<\/td><\/tr><tr><td><strong>Consumo de g\u00e1s<\/strong><\/td><td>cerca de 0,48 kg\/h (incluindo o tempo de espera)<\/td><\/tr><tr><td><strong>Tens\u00e3o<\/strong><\/td><td>&nbsp;~220V\/50Hz-60Hz<\/td><\/tr><tr><td><strong>Combust\u00edvel<\/strong><\/td><td>GLP\/g\u00e1s natural<\/td><\/tr><tr><td><strong>Tamanho<\/strong><\/td><td>460\u00d7960\u00d71230mm<\/td><\/tr><tr><td><strong>Tamanho da embalagem<\/strong><\/td><td>510\u00d71030\u00d71300mm<\/td><\/tr><tr><td><strong>Capacidade<\/strong><\/td><td>24L<\/td><\/tr><tr><td><strong>Peso<\/strong><\/td><td>135kg<\/td><\/tr><tr><td><strong>Peso bruto<\/strong><\/td><td>155kg<\/td><\/tr><tr><td><strong>Painel de controle<\/strong><\/td><td>LCD<\/td><\/tr><\/tbody><\/table><\/figure>\n\n\n\n<figure class=\"wp-block-image\"><img decoding=\"async\" src=\"https:\/\/www.ccmmachine.com\/wp-content\/uploads\/2019\/08\/Electric-Pressure-fryer-PFE-600L-001.jpg\" alt=\"\" class=\"wp-image-1304\"\/><\/figure>","protected":false},"excerpt":{"rendered":"<p>Product Description\uff1a Gas pressure is the company absorbing foreign advanced technology, development, and production of the latest fried chicken oven fried chicken production process according to the characteristics of Western and traditional Chinese roast chicken. The whole body of stainless steel, LCD computer control system automatic temperature control, pressure control, exhaust. Using low-temperature high-pressure principle, [&#8230;]\n","protected":false},"featured_media":1560,"template":"","meta":[],"product_brand":[],"product_cat":[86],"product_tag":[],"class_list":{"0":"post-1292","1":"product","2":"type-product","3":"status-publish","4":"has-post-thumbnail","6":"product_cat-gas-pressure-fryers","8":"first","9":"instock","10":"shipping-taxable","11":"product-type-simple"},"_links":{"self":[{"href":"https:\/\/www.ccmmachine.com\/pt\/wp-json\/wp\/v2\/product\/1292","targetHints":{"allow":["GET"]}}],"collection":[{"href":"https:\/\/www.ccmmachine.com\/pt\/wp-json\/wp\/v2\/product"}],"about":[{"href":"https:\/\/www.ccmmachine.com\/pt\/wp-json\/wp\/v2\/types\/product"}],"wp:featuredmedia":[{"embeddable":true,"href":"https:\/\/www.ccmmachine.com\/pt\/wp-json\/wp\/v2\/media\/1560"}],"wp:attachment":[{"href":"https:\/\/www.ccmmachine.com\/pt\/wp-json\/wp\/v2\/media?parent=1292"}],"wp:term":[{"taxonomy":"product_brand","embeddable":true,"href":"https:\/\/www.ccmmachine.com\/pt\/wp-json\/wp\/v2\/product_brand?post=1292"},{"taxonomy":"product_cat","embeddable":true,"href":"https:\/\/www.ccmmachine.com\/pt\/wp-json\/wp\/v2\/product_cat?post=1292"},{"taxonomy":"product_tag","embeddable":true,"href":"https:\/\/www.ccmmachine.com\/pt\/wp-json\/wp\/v2\/product_tag?post=1292"}],"curies":[{"name":"wp","href":"https:\/\/api.w.org\/{rel}","templated":true}]}}