{"id":1285,"date":"2024-03-21T02:33:56","date_gmt":"2024-03-21T02:33:56","guid":{"rendered":"https:\/\/www.ccmmachine.com\/?post_type=product&#038;p=1285"},"modified":"2024-03-21T02:34:00","modified_gmt":"2024-03-21T02:34:00","slug":"fritadeira-de-pressao-eletrica-pfe-600l","status":"publish","type":"product","link":"https:\/\/www.ccmmachine.com\/pt\/product\/electric-pressure-fryer-pfe-600l\/","title":{"rendered":"Fritadeira el\u00e9trica de press\u00e3o PFE-600L"},"content":{"rendered":"<h3 class=\"wp-block-heading\"><strong>Descri\u00e7\u00e3o do produto:<\/strong> <\/h3>\n\n\n\n<ul class=\"wp-block-list\">\n<li>Todo o corpo em a\u00e7o inoxid\u00e1vel \u00e9 f\u00e1cil de lavar e limpar e tem uma longa vida \u00fatil. <\/li>\n\n\n\n<li>Todas as tampas de alum\u00ednio s\u00e3o robustas e leves, f\u00e1ceis de abrir e fechar. <\/li>\n\n\n\n<li>O sistema de filtragem autom\u00e1tica integrado \u00e9 f\u00e1cil de usar e economiza energia. <\/li>\n<\/ul>\n\n\n\n<p>Esta s\u00e9rie de forno de frango frito americano \u00e9 a empresa que absorve tecnologia avan\u00e7ada estrangeira, de acordo com as caracter\u00edsticas do processo de produ\u00e7\u00e3o de frango frito de frango chin\u00eas ocidental e tradicional no desenvolvimento e produ\u00e7\u00e3o do mais recente forno de frango frito. Todo o corpo de a\u00e7o inoxid\u00e1vel, painel de controle do computador LCD, opera\u00e7\u00e3o simples, press\u00e3o de exaust\u00e3o de controle autom\u00e1tico de temperatura. Usando o princ\u00edpio de baixa temperatura e alta press\u00e3o, os alimentos fritos s\u00e3o crocantes por fora e macios e de cor brilhante, mas tamb\u00e9m pato frito, frango frito, frango frito, asas de frango, peixe, carne de porco e outras carnes, batatas e outros vegetais. Aplic\u00e1vel a todas as principais lojas, hot\u00e9is, restaurantes de fast food, lanchonetes, cantinas de f\u00e1bricas e resid\u00eancias aut\u00f4nomas. Com opera\u00e7\u00e3o simples, limpa, f\u00e1cil de usar, alta efici\u00eancia, durabilidade e outras caracter\u00edsticas. \u00c9 o mais recente tipo de m\u00e1quinas e equipamentos de processamento de alimentos. <\/p>\n\n\n\n<p><strong>Caracter\u00edsticas:<\/strong> <\/p>\n\n\n\n<ul class=\"wp-block-list\">\n<li>Corpo todo em a\u00e7o inoxid\u00e1vel, f\u00e1cil de lavar e limpar, longa vida \u00fatil. <\/li>\n\n\n\n<li>Todas as tampas de alum\u00ednio s\u00e3o robustas e leves, f\u00e1ceis de abrir e fechar. <\/li>\n\n\n\n<li>Sistema de filtragem autom\u00e1tica integrado, f\u00e1cil de usar e com baixo consumo de energia. <\/li>\n\n\n\n<li>Capacidade de carga de quatro rod\u00edzios juntamente com fun\u00e7\u00e3o de freio, facilidade de movimento e posicionamento. <\/li>\n\n\n\n<li>O painel de controle com display digital LCD \u00e9 mais preciso e mais bonito. <\/li>\n<\/ul>\n\n\n\n<figure class=\"wp-block-table\"><table><tbody><tr><td>Nome<\/td><td>Fritadeira el\u00e9trica de press\u00e3o<\/td><\/tr><tr><td>nome<\/td><td>PFE-600L<\/td><\/tr><tr><td>Tens\u00e3o<\/td><td>~3N380v\/50Hz\uff08~3N220v\/60Hz\uff09<\/td><\/tr><tr><td>Poder<\/td><td>13,5 kW<\/td><\/tr><tr><td>Faixa de temperatura de controle<\/td><td>20-200\u2103<\/td><\/tr><tr><td>Tamanho<\/td><td>960\u00d7460\u00d71230mm<\/td><\/tr><tr><td>Tamanho da embalagem<\/td><td>1030\u00d7510\u00d71300mm<\/td><\/tr><tr><td>Capacidade<\/td><td>24L<\/td><\/tr><tr><td>Peso<\/td><td>135kg<\/td><\/tr><tr><td>Peso bruto<\/td><td>155kg<\/td><\/tr><tr><td>Painel de controle<\/td><td>Painel de controle LED<\/td><\/tr><\/tbody><\/table><\/figure>\n\n\n\n<figure class=\"wp-block-image\"><img decoding=\"async\" src=\"https:\/\/www.ccmmachine.com\/wp-content\/uploads\/2019\/08\/Electric-Pressure-fryer-PFE-600L-001.jpg\" alt=\"\" class=\"wp-image-1304\"\/><\/figure>\n\n\n\n<figure class=\"wp-block-image\"><img decoding=\"async\" src=\"https:\/\/www.ccmmachine.com\/wp-content\/uploads\/2019\/08\/Electric-Pressure-fryer-PFE-600L-002.jpg\" alt=\"\" class=\"wp-image-1305\"\/><\/figure>","protected":false},"excerpt":{"rendered":"<p>Product Description\uff1a This series American fried chicken furnace is the company absorbing foreign advanced technology, according to the production process characteristics Western and traditional Chinese chicken fried chicken in the development and production of the latest fried chicken furnace. The whole body of stainless steel, LCD computer control panel, simple operation, automatic temperature control exhaust [&#8230;]\n","protected":false},"featured_media":1562,"template":"","meta":[],"product_brand":[],"product_cat":[85],"product_tag":[],"class_list":{"0":"post-1285","1":"product","2":"type-product","3":"status-publish","4":"has-post-thumbnail","6":"product_cat-electric-pressure-fryers","8":"first","9":"instock","10":"shipping-taxable","11":"product-type-simple"},"_links":{"self":[{"href":"https:\/\/www.ccmmachine.com\/pt\/wp-json\/wp\/v2\/product\/1285","targetHints":{"allow":["GET"]}}],"collection":[{"href":"https:\/\/www.ccmmachine.com\/pt\/wp-json\/wp\/v2\/product"}],"about":[{"href":"https:\/\/www.ccmmachine.com\/pt\/wp-json\/wp\/v2\/types\/product"}],"wp:featuredmedia":[{"embeddable":true,"href":"https:\/\/www.ccmmachine.com\/pt\/wp-json\/wp\/v2\/media\/1562"}],"wp:attachment":[{"href":"https:\/\/www.ccmmachine.com\/pt\/wp-json\/wp\/v2\/media?parent=1285"}],"wp:term":[{"taxonomy":"product_brand","embeddable":true,"href":"https:\/\/www.ccmmachine.com\/pt\/wp-json\/wp\/v2\/product_brand?post=1285"},{"taxonomy":"product_cat","embeddable":true,"href":"https:\/\/www.ccmmachine.com\/pt\/wp-json\/wp\/v2\/product_cat?post=1285"},{"taxonomy":"product_tag","embeddable":true,"href":"https:\/\/www.ccmmachine.com\/pt\/wp-json\/wp\/v2\/product_tag?post=1285"}],"curies":[{"name":"wp","href":"https:\/\/api.w.org\/{rel}","templated":true}]}}