{"id":1399,"date":"2024-03-21T03:58:46","date_gmt":"2024-03-21T03:58:46","guid":{"rendered":"https:\/\/www.ccmmachine.com\/?post_type=product&#038;p=1399"},"modified":"2024-03-21T03:59:18","modified_gmt":"2024-03-21T03:59:18","slug":"frytownica-gazowa-pfg-500","status":"publish","type":"product","link":"https:\/\/www.ccmmachine.com\/pl\/product\/gas-pressure-fryer-pfg-500\/","title":{"rendered":"Frytownica gazowa PFG-500"},"content":{"rendered":"<h3 class=\"wp-block-heading\">OPIS<gwmw style=\"display:none;\"><\/gwmw><\/h3>\n\n\n\n<p>Seria gazowych piec\u00f3w do sma\u017cenia kurczak\u00f3w to linia urz\u0105dze\u0144 opracowanych przez nasz\u0105 firm\u0119, wykorzystuj\u0105cych zaawansowan\u0105 technologi\u0119 zagraniczn\u0105. Piece te zosta\u0142y zaprojektowane specjalnie do produkcji sma\u017conego kurczaka, bior\u0105c pod uwag\u0119 zar\u00f3wno zachodnie, jak i tradycyjne chi\u0144skie metody pieczenia kurczaka. Ca\u0142y korpus piekarnika wykonany jest ze stali nierdzewnej i posiada elektroniczny zegar oraz automatyczn\u0105 kontrol\u0119 temperatury za pomoc\u0105 ci\u015bnienia spalin. Wykorzystuj\u0105c zasad\u0119 niskiego temperatury i wysokiego ci\u015bnienia, nasze piekarniki wytwarzaj\u0105 chrupi\u0105ce i delikatne sma\u017cone potrawy o jasnym kolorze. Opr\u00f3cz kurczaka mo\u017cna na nich sma\u017cy\u0107 tak\u017ce kaczk\u0119, ryby, wieprzowin\u0119, wo\u0142owin\u0119, baranin\u0119, ziemniaki i inne warzywa. Nasze piece nadaj\u0105 si\u0119 do u\u017cytku w r\u00f3\u017cnych plac\u00f3wkach, takich jak sklepy, hotele, restauracje typu fast food, bary z przek\u0105skami, sto\u0142\u00f3wki zak\u0142adowe, a nawet dla os\u00f3b prowadz\u0105cych dzia\u0142alno\u015b\u0107 na w\u0142asny rachunek. S\u0105 \u0142atwe w obs\u0142udze, czyste i bardzo wydajne, co czyni je najnowszymi i najbardziej zaawansowanymi dost\u0119pnymi maszynami i sprz\u0119tem do przetwarzania \u017cywno\u015bci.<\/p>\n\n\n\n<h3 class=\"wp-block-heading\"><strong>Cechy:<\/strong><gwmw style=\"display:none;\"><\/gwmw><\/h3>\n\n\n\n<p>1. Ca\u0142y korpus ze stali nierdzewnej, \u0142atwy do mycia i wycierania, d\u0142uga \u017cywotno\u015b\u0107.<br>2. Aluminiowa pokrywa, wytrzyma\u0142a i lekka, \u0142atwa do otwierania i zamykania.<br>3. Wbudowany automatyczny system filtracji, \u0142atwy w u\u017cyciu i energooszcz\u0119dny.<br>4. Ud\u017awig czterech k\u00f3\u0142ek wraz z funkcj\u0105 hamulca, \u0142atwo\u015bci\u0105 poruszania si\u0119 i pozycjonowania.<br>5. Panel sterowania panelu maszyny, trwa\u0142y i \u0142atwy do wymiany.<\/p>\n\n\n\n<figure class=\"wp-block-image size-full is-resized\"><img decoding=\"async\" width=\"1000\" height=\"714\" src=\"https:\/\/www.ccmmachine.com\/wp-content\/uploads\/2024\/03\/Hot-Selling-Commercial-Henny-Penny-Kfc-Gas-Pfg-500-Pressure-Fryer-1.webp\" alt=\"\" class=\"wp-image-1570\" style=\"width:840px;height:auto\" srcset=\"https:\/\/www.ccmmachine.com\/wp-content\/uploads\/2024\/03\/Hot-Selling-Commercial-Henny-Penny-Kfc-Gas-Pfg-500-Pressure-Fryer-1.webp 1000w, https:\/\/www.ccmmachine.com\/wp-content\/uploads\/2024\/03\/Hot-Selling-Commercial-Henny-Penny-Kfc-Gas-Pfg-500-Pressure-Fryer-1-800x571.webp 800w\" sizes=\"(max-width: 1000px) 100vw, 1000px\" \/><\/figure>\n\n\n\n<figure class=\"wp-block-image size-large\"><img decoding=\"async\" width=\"647\" height=\"1024\" src=\"https:\/\/www.ccmmachine.com\/wp-content\/uploads\/2024\/03\/Hot-Selling-Commercial-Henny-Penny-Kfc-Gas-Pfg-500-Pressure-Fryer-2-647x1024.webp\" alt=\"\" class=\"wp-image-1571\" srcset=\"https:\/\/www.ccmmachine.com\/wp-content\/uploads\/2024\/03\/Hot-Selling-Commercial-Henny-Penny-Kfc-Gas-Pfg-500-Pressure-Fryer-2-647x1024.webp 647w, https:\/\/www.ccmmachine.com\/wp-content\/uploads\/2024\/03\/Hot-Selling-Commercial-Henny-Penny-Kfc-Gas-Pfg-500-Pressure-Fryer-2-800x1266.webp 800w, https:\/\/www.ccmmachine.com\/wp-content\/uploads\/2024\/03\/Hot-Selling-Commercial-Henny-Penny-Kfc-Gas-Pfg-500-Pressure-Fryer-2-190x300.webp 190w, https:\/\/www.ccmmachine.com\/wp-content\/uploads\/2024\/03\/Hot-Selling-Commercial-Henny-Penny-Kfc-Gas-Pfg-500-Pressure-Fryer-2-768x1215.webp 768w, https:\/\/www.ccmmachine.com\/wp-content\/uploads\/2024\/03\/Hot-Selling-Commercial-Henny-Penny-Kfc-Gas-Pfg-500-Pressure-Fryer-2-971x1536.webp 971w, https:\/\/www.ccmmachine.com\/wp-content\/uploads\/2024\/03\/Hot-Selling-Commercial-Henny-Penny-Kfc-Gas-Pfg-500-Pressure-Fryer-2-8x12.webp 8w, https:\/\/www.ccmmachine.com\/wp-content\/uploads\/2024\/03\/Hot-Selling-Commercial-Henny-Penny-Kfc-Gas-Pfg-500-Pressure-Fryer-2.webp 1000w\" sizes=\"(max-width: 647px) 100vw, 647px\" \/><\/figure>\n\n\n\n<figure class=\"wp-block-image size-full\"><img decoding=\"async\" width=\"740\" height=\"640\" src=\"https:\/\/www.ccmmachine.com\/wp-content\/uploads\/2024\/03\/Hot-Selling-Commercial-Henny-Penny-Kfc-Gas-Pfg-500-Pressure-Fryer-3.webp\" alt=\"\" class=\"wp-image-1572\" srcset=\"https:\/\/www.ccmmachine.com\/wp-content\/uploads\/2024\/03\/Hot-Selling-Commercial-Henny-Penny-Kfc-Gas-Pfg-500-Pressure-Fryer-3.webp 740w, https:\/\/www.ccmmachine.com\/wp-content\/uploads\/2024\/03\/Hot-Selling-Commercial-Henny-Penny-Kfc-Gas-Pfg-500-Pressure-Fryer-3-700x605.webp 700w, https:\/\/www.ccmmachine.com\/wp-content\/uploads\/2024\/03\/Hot-Selling-Commercial-Henny-Penny-Kfc-Gas-Pfg-500-Pressure-Fryer-3-300x259.webp 300w, https:\/\/www.ccmmachine.com\/wp-content\/uploads\/2024\/03\/Hot-Selling-Commercial-Henny-Penny-Kfc-Gas-Pfg-500-Pressure-Fryer-3-14x12.webp 14w\" sizes=\"(max-width: 740px) 100vw, 740px\" \/><\/figure>","protected":false},"excerpt":{"rendered":"<p>DESCRIPTION The\u00a0Gas\u00a0Pressure\u00a0Fried\u00a0Chicken\u00a0Furnace series\u00a0is a line of\u00a0devices\u00a0developed\u00a0by our\u00a0company,\u00a0incorporating advanced technology\u00a0from abroad. These\u00a0ovens\u00a0are designed\u00a0specifically\u00a0for\u00a0the\u00a0production of\u00a0fried chicken,\u00a0taking\u00a0into account\u00a0both Western and traditional Chinese\u00a0methods of\u00a0roasting\u00a0chicken. The entire\u00a0body of\u00a0the oven is\u00a0made of stainless steel\u00a0and features electronic timing and automatic temperature control\u00a0with\u00a0exhaust pressure.\u00a0By utilizing\u00a0the\u00a0low-temperature high-pressure principle,\u00a0our\u00a0ovens\u00a0produce\u00a0crispy\u00a0and tender\u00a0fried food with a\u00a0bright color. In addition to chicken, they\u00a0can also\u00a0be\u00a0used\u00a0to fry\u00a0duck, fish, pork, beef, mutton,\u00a0potatoes,\u00a0and [&#8230;]\n","protected":false},"featured_media":1573,"template":"","meta":[],"product_brand":[],"product_cat":[86],"product_tag":[],"class_list":{"0":"post-1399","1":"product","2":"type-product","3":"status-publish","4":"has-post-thumbnail","6":"product_cat-gas-pressure-fryers","8":"first","9":"instock","10":"shipping-taxable","11":"product-type-simple"},"_links":{"self":[{"href":"https:\/\/www.ccmmachine.com\/pl\/wp-json\/wp\/v2\/product\/1399","targetHints":{"allow":["GET"]}}],"collection":[{"href":"https:\/\/www.ccmmachine.com\/pl\/wp-json\/wp\/v2\/product"}],"about":[{"href":"https:\/\/www.ccmmachine.com\/pl\/wp-json\/wp\/v2\/types\/product"}],"wp:featuredmedia":[{"embeddable":true,"href":"https:\/\/www.ccmmachine.com\/pl\/wp-json\/wp\/v2\/media\/1573"}],"wp:attachment":[{"href":"https:\/\/www.ccmmachine.com\/pl\/wp-json\/wp\/v2\/media?parent=1399"}],"wp:term":[{"taxonomy":"product_brand","embeddable":true,"href":"https:\/\/www.ccmmachine.com\/pl\/wp-json\/wp\/v2\/product_brand?post=1399"},{"taxonomy":"product_cat","embeddable":true,"href":"https:\/\/www.ccmmachine.com\/pl\/wp-json\/wp\/v2\/product_cat?post=1399"},{"taxonomy":"product_tag","embeddable":true,"href":"https:\/\/www.ccmmachine.com\/pl\/wp-json\/wp\/v2\/product_tag?post=1399"}],"curies":[{"name":"wp","href":"https:\/\/api.w.org\/{rel}","templated":true}]}}