{"id":1349,"date":"2024-03-21T04:17:59","date_gmt":"2024-03-21T04:17:59","guid":{"rendered":"https:\/\/www.ccmmachine.com\/?post_type=product&#038;p=1349"},"modified":"2024-03-21T04:18:02","modified_gmt":"2024-03-21T04:18:02","slug":"frytkownica-cisnieniowa-mdxz-24c","status":"publish","type":"product","link":"https:\/\/www.ccmmachine.com\/pl\/product\/pressure-fryer-mdxz-24c\/","title":{"rendered":"Frytownica ci\u015bnieniowa MDXZ-24C"},"content":{"rendered":"<p>Ta sekcja frytkownic ci\u015bnieniowych to firma absorbuj\u0105ca zagraniczn\u0105 zaawansowan\u0105 technologi\u0119, opracowuj\u0105c\u0105 i produkuj\u0105c\u0105 najnowszy proces produkcji sma\u017conego kurczaka sma\u017conego w piekarniku zgodnie z charakterystyk\u0105 zachodniego i tradycyjnego chi\u0144skiego pieczonego kurczaka. Ca\u0142o\u015b\u0107 ze stali nierdzewnej, elektroniczny rozrz\u0105d, automatyczna kontrola temperatury i ci\u015bnienia spalin.<\/p>\n\n\n\n<p>Dzi\u0119ki zastosowaniu zasady wysokiego ci\u015bnienia w niskiej temperaturze sma\u017cone potrawy s\u0105 chrupi\u0105ce na zewn\u0105trz i delikatne, w jasnym kolorze, ale tak\u017ce sma\u017cona kaczka, ryby, wieprzowina, jagni\u0119cina i inne mi\u0119so, ziemniaki i inne warzywa. Dotyczy wszystkich g\u0142\u00f3wnych sklep\u00f3w, hoteli, restauracji typu fast food, bar\u00f3w z przek\u0105skami, sto\u0142\u00f3wek fabrycznych i gospodarstw domowych prowadz\u0105cych dzia\u0142alno\u015b\u0107 na w\u0142asny rachunek. Specyficzna operacja jest prosta, czysta, \u0142atwa w u\u017cyciu, wysoka wydajno\u015b\u0107 i trwa\u0142o\u015b\u0107, to najnowszy typ maszyn i urz\u0105dze\u0144 do przetwarzania \u017cywno\u015bci<gwmw style=\"display:none;\"><\/gwmw><\/p>\n\n\n\n<h3 class=\"wp-block-heading\"><strong>Cechy:<\/strong><gwmw style=\"display:none;\"><\/gwmw><\/h3>\n\n\n\n<p>1. Ca\u0142y korpus ze stali nierdzewnej, \u0142atwy do mycia i wycierania, d\u0142uga \u017cywotno\u015b\u0107.<br>2 aluminiowe pokrywy, wytrzyma\u0142e i lekkie, \u0142atwe do otwierania i zamykania.<br>3 cztery k\u00f3\u0142ka, no\u015bno\u015b\u0107 wraz z funkcj\u0105 hamulca, \u0142atwo\u015bci\u0105 poruszania si\u0119 i pozycjonowania.<br>4. Operacja mechanicznego sterowania instrumentem jest prosta, \u0142atwa, elegancka i precyzyjna.<gwmw style=\"display:none;\"><\/gwmw><gwmw style=\"display:none;\"><\/gwmw><\/p>\n\n\n\n<figure class=\"wp-block-table\"><table><tbody><tr><td>Nazwa<\/td><td>Elektryczna frytownica ci\u015bnieniowa<\/td><\/tr><tr><td>nazwa<\/td><td>MDXZ-24<\/td><\/tr><tr><td>Napi\u0119cie<\/td><td>3N\/380 V\/50 Hz<\/td><\/tr><tr><td>Moc<\/td><td>12kw<\/td><\/tr><tr><td>Kontroluj zakres temperatur<\/td><td>90-190 \u2103<\/td><\/tr><tr><td>Rozmiar<\/td><td>960\u00d7460\u00d71230mm<\/td><\/tr><tr><td>Wielko\u015b\u0107 opakowania<\/td><td>1030\u00d7510\u00d71300 mm<\/td><\/tr><tr><td>Pojemno\u015b\u0107<\/td><td>24L<\/td><\/tr><tr><td>Waga<\/td><td>110 kg<\/td><\/tr><tr><td>Waga brutto<\/td><td>135 kg<\/td><\/tr><tr><td>Panel sterowania<\/td><td>panel r\u0119czny<\/td><\/tr><\/tbody><\/table><\/figure>\n\n\n\n<p><gwmw style=\"display:none;\"><\/gwmw><\/p>","protected":false},"excerpt":{"rendered":"<p>This section pressure fryer is the company absorbing foreign advanced technology, development and production of the latest fried chicken oven fried chicken production process according to the characteristics of Western and traditional Chinese roast chicken. The whole body of stainless steel, electronic timing, automatic temperature control exhaust pressure. Using low-temperature high-pressure principle, fried food crisp [&#8230;]\n","protected":false},"featured_media":1582,"template":"","meta":[],"product_brand":[],"product_cat":[85],"product_tag":[],"class_list":{"0":"post-1349","1":"product","2":"type-product","3":"status-publish","4":"has-post-thumbnail","6":"product_cat-electric-pressure-fryers","8":"first","9":"instock","10":"shipping-taxable","11":"product-type-simple"},"_links":{"self":[{"href":"https:\/\/www.ccmmachine.com\/pl\/wp-json\/wp\/v2\/product\/1349","targetHints":{"allow":["GET"]}}],"collection":[{"href":"https:\/\/www.ccmmachine.com\/pl\/wp-json\/wp\/v2\/product"}],"about":[{"href":"https:\/\/www.ccmmachine.com\/pl\/wp-json\/wp\/v2\/types\/product"}],"wp:featuredmedia":[{"embeddable":true,"href":"https:\/\/www.ccmmachine.com\/pl\/wp-json\/wp\/v2\/media\/1582"}],"wp:attachment":[{"href":"https:\/\/www.ccmmachine.com\/pl\/wp-json\/wp\/v2\/media?parent=1349"}],"wp:term":[{"taxonomy":"product_brand","embeddable":true,"href":"https:\/\/www.ccmmachine.com\/pl\/wp-json\/wp\/v2\/product_brand?post=1349"},{"taxonomy":"product_cat","embeddable":true,"href":"https:\/\/www.ccmmachine.com\/pl\/wp-json\/wp\/v2\/product_cat?post=1349"},{"taxonomy":"product_tag","embeddable":true,"href":"https:\/\/www.ccmmachine.com\/pl\/wp-json\/wp\/v2\/product_tag?post=1349"}],"curies":[{"name":"wp","href":"https:\/\/api.w.org\/{rel}","templated":true}]}}