{"id":1345,"date":"2024-03-21T04:03:01","date_gmt":"2024-03-21T04:03:01","guid":{"rendered":"https:\/\/www.ccmmachine.com\/?post_type=product&#038;p=1345"},"modified":"2024-03-21T04:03:05","modified_gmt":"2024-03-21T04:03:05","slug":"elektryczna-frytkownica-cisnieniowa-pfe-500","status":"publish","type":"product","link":"https:\/\/www.ccmmachine.com\/pl\/product\/electric-pressure-fryer-pfe-500\/","title":{"rendered":"Elektryczna frytkownica ci\u015bnieniowa PFE-500"},"content":{"rendered":"<p>Ta seria ameryka\u0144skich piec\u00f3w do sma\u017cenia kurczak\u00f3w to firma absorbuj\u0105ca zaawansowan\u0105 technologi\u0119 zagraniczn\u0105, zgodnie z charakterystyk\u0105 procesu produkcyjnego zachodniego i tradycyjnego chi\u0144skiego sma\u017conego kurczaka w ramach rozwoju i produkcji najnowszego piekarnika do sma\u017conego kurczaka. Ca\u0142y korpus ze stali nierdzewnej, prosta obs\u0142uga, automatyczna kontrola temperatury i ci\u015bnienia spalin.<br>Stosuj\u0105c zasady niskotemperaturowe i wysokoci\u015bnieniowe, sma\u017cone potrawy s\u0105 chrupi\u0105ce na zewn\u0105trz i delikatne, jasny kolor, ale tak\u017ce sma\u017cona kaczka, sma\u017cony kurczak, sma\u017cony kurczak, skrzyde\u0142ka z kurczaka, ryby, wieprzowina i inne mi\u0119so, ziemniaki i inne warzywa. Dotyczy wszystkich du\u017cych sklep\u00f3w, hoteli, restauracji typu fast food, bar\u00f3w z przek\u0105skami, sto\u0142\u00f3wek fabrycznych i gospodarstw domowych prowadz\u0105cych dzia\u0142alno\u015b\u0107 na w\u0142asny rachunek. Dzi\u0119ki prostej obs\u0142udze, czysto\u015bci, \u0142atwo\u015bci u\u017cytkowania, wysokiej wydajno\u015bci, trwa\u0142o\u015bci i innym funkcjom. Jest to najnowszy typ maszyn i urz\u0105dze\u0144 do przetwarzania \u017cywno\u015bci.<gwmw style=\"display:none;\"><\/gwmw><\/p>\n\n\n\n<h3 class=\"wp-block-heading\"><strong>Cechy:<\/strong><gwmw style=\"display:none;\"><\/gwmw><\/h3>\n\n\n\n<p>1, ca\u0142y korpus ze stali nierdzewnej, \u0142atwy do mycia i wycierania, d\u0142uga \u017cywotno\u015b\u0107.<br>2, aluminiowa pokrywa, wytrzyma\u0142a i lekka, \u0142atwa do otwierania i zamykania.<br>3, wbudowany system filtracji, \u0142atwy w u\u017cyciu i energooszcz\u0119dny.<br>4, cztery k\u00f3\u0142ka, no\u015bno\u015b\u0107 wraz z funkcj\u0105 hamulca, \u0142atwo\u015b\u0107 poruszania si\u0119 i pozycjonowania.<br>5, klasyczny panel sterowania maszyny, \u0142atwiejszy i bardziej wydajny.<\/p>\n\n\n\n<figure class=\"wp-block-table\"><table><tbody><tr><td>Nazwa<\/td><td>Elektryczna frytownica ci\u015bnieniowa<\/td><\/tr><tr><td>nazwa<\/td><td>PFE-500<\/td><\/tr><tr><td>Napi\u0119cie<\/td><td>~3N380v\/50 Hz \uff08~3N220v\/60 Hz\uff09<\/td><\/tr><tr><td>Moc<\/td><td>13,5 kW<\/td><\/tr><tr><td>Kontroluj zakres temperatur<\/td><td>20-200 \u2103<\/td><\/tr><tr><td>Rozmiar<\/td><td>960\u00d7460\u00d71230mm<\/td><\/tr><tr><td>Wielko\u015b\u0107 opakowania<\/td><td>1030\u00d7510\u00d71300 mm<\/td><\/tr><tr><td>Pojemno\u015b\u0107<\/td><td>24L<\/td><\/tr><tr><td>Waga<\/td><td>135 kg<\/td><\/tr><tr><td>Waga brutto<\/td><td>155 kg<\/td><\/tr><tr><td>Panel sterowania<\/td><td>panel r\u0119czny<\/td><\/tr><\/tbody><\/table><\/figure>\n\n\n\n<figure class=\"wp-block-image size-full\"><img decoding=\"async\" width=\"740\" height=\"300\" src=\"https:\/\/www.ccmmachine.com\/wp-content\/uploads\/2024\/03\/Electric-Pressure-fryer-PFE-500-001.webp\" alt=\"\" class=\"wp-image-1577\" srcset=\"https:\/\/www.ccmmachine.com\/wp-content\/uploads\/2024\/03\/Electric-Pressure-fryer-PFE-500-001.webp 740w, https:\/\/www.ccmmachine.com\/wp-content\/uploads\/2024\/03\/Electric-Pressure-fryer-PFE-500-001-700x284.webp 700w, https:\/\/www.ccmmachine.com\/wp-content\/uploads\/2024\/03\/Electric-Pressure-fryer-PFE-500-001-300x122.webp 300w, https:\/\/www.ccmmachine.com\/wp-content\/uploads\/2024\/03\/Electric-Pressure-fryer-PFE-500-001-18x7.webp 18w\" sizes=\"(max-width: 740px) 100vw, 740px\" \/><\/figure>\n\n\n\n<figure class=\"wp-block-image size-full\"><img decoding=\"async\" width=\"472\" height=\"461\" src=\"https:\/\/www.ccmmachine.com\/wp-content\/uploads\/2024\/03\/Electric-Pressure-fryer-PFE-500-002.webp\" alt=\"\" class=\"wp-image-1578\" srcset=\"https:\/\/www.ccmmachine.com\/wp-content\/uploads\/2024\/03\/Electric-Pressure-fryer-PFE-500-002.webp 472w, https:\/\/www.ccmmachine.com\/wp-content\/uploads\/2024\/03\/Electric-Pressure-fryer-PFE-500-002-300x293.webp 300w, https:\/\/www.ccmmachine.com\/wp-content\/uploads\/2024\/03\/Electric-Pressure-fryer-PFE-500-002-12x12.webp 12w\" sizes=\"(max-width: 472px) 100vw, 472px\" \/><\/figure>\n\n\n\n<p><gwmw style=\"display:none;\"><\/gwmw><\/p>","protected":false},"excerpt":{"rendered":"<p>This series American fried chicken oven is a company absorbing the foreign advanced technology, according to the production process characteristics of Western and traditional Chinese chicken fried chicken in the development and production of the latest fried chicken oven. The whole body of stainless steel, simple operation, automatic temperature control exhaust pressure.Using low-temperature high-pressure principles, [&#8230;]\n","protected":false},"featured_media":1576,"template":"","meta":[],"product_brand":[],"product_cat":[85],"product_tag":[],"class_list":{"0":"post-1345","1":"product","2":"type-product","3":"status-publish","4":"has-post-thumbnail","6":"product_cat-electric-pressure-fryers","8":"first","9":"instock","10":"shipping-taxable","11":"product-type-simple"},"_links":{"self":[{"href":"https:\/\/www.ccmmachine.com\/pl\/wp-json\/wp\/v2\/product\/1345","targetHints":{"allow":["GET"]}}],"collection":[{"href":"https:\/\/www.ccmmachine.com\/pl\/wp-json\/wp\/v2\/product"}],"about":[{"href":"https:\/\/www.ccmmachine.com\/pl\/wp-json\/wp\/v2\/types\/product"}],"wp:featuredmedia":[{"embeddable":true,"href":"https:\/\/www.ccmmachine.com\/pl\/wp-json\/wp\/v2\/media\/1576"}],"wp:attachment":[{"href":"https:\/\/www.ccmmachine.com\/pl\/wp-json\/wp\/v2\/media?parent=1345"}],"wp:term":[{"taxonomy":"product_brand","embeddable":true,"href":"https:\/\/www.ccmmachine.com\/pl\/wp-json\/wp\/v2\/product_brand?post=1345"},{"taxonomy":"product_cat","embeddable":true,"href":"https:\/\/www.ccmmachine.com\/pl\/wp-json\/wp\/v2\/product_cat?post=1345"},{"taxonomy":"product_tag","embeddable":true,"href":"https:\/\/www.ccmmachine.com\/pl\/wp-json\/wp\/v2\/product_tag?post=1345"}],"curies":[{"name":"wp","href":"https:\/\/api.w.org\/{rel}","templated":true}]}}