{"id":1340,"date":"2024-03-21T03:52:28","date_gmt":"2024-03-21T03:52:28","guid":{"rendered":"https:\/\/www.ccmmachine.com\/?post_type=product&#038;p=1340"},"modified":"2024-03-21T03:52:31","modified_gmt":"2024-03-21T03:52:31","slug":"elektryczna-frytkownica-cisnieniowa-pfe-600","status":"publish","type":"product","link":"https:\/\/www.ccmmachine.com\/pl\/product\/electric-pressure-fryer-pfe-600\/","title":{"rendered":"Elektryczna frytkownica ci\u015bnieniowa PFE-600"},"content":{"rendered":"<p><strong>Opis produktu:<\/strong><\/p>\n\n\n\n<p>1 Ca\u0142y korpus ze stali nierdzewnej jest \u0142atwy do mycia i wycierania, ma d\u0142ug\u0105 \u017cywotno\u015b\u0107.<br>2 Pokrywa wykonana w ca\u0142o\u015bci z aluminium, wytrzyma\u0142a i lekka, \u0142atwa do otwierania i zamykania.<br>3 Wbudowany automatyczny system filtracji jest \u0142atwy w obs\u0142udze i energooszcz\u0119dny.<\/p>\n\n\n\n<p>Ta seria ameryka\u0144skich piekarnik\u00f3w do sma\u017conego kurczaka to firma absorbuj\u0105ca zaawansowan\u0105 technologi\u0119 zagraniczn\u0105, zgodnie z charakterystyk\u0105 procesu produkcyjnego zachodniego i tradycyjnego chi\u0144skiego sma\u017conego kurczaka w ramach rozwoju i produkcji najnowszego piekarnika do sma\u017conego kurczaka. Ca\u0142y korpus ze stali nierdzewnej, komputerowy panel sterowania LCD, prosta obs\u0142uga, automatyczna kontrola temperatury i ci\u015bnienia spalin. Stosuj\u0105c zasady niskotemperaturowe i wysokoci\u015bnieniowe, sma\u017cone potrawy s\u0105 chrupi\u0105ce na zewn\u0105trz i delikatne, o jasnych kolorach, ale tak\u017ce sma\u017cona kaczka, sma\u017cony kurczak, sma\u017cony kurczak, skrzyde\u0142ka z kurczaka, ryby, wieprzowina i inne mi\u0119so, ziemniaki i inne warzywa. Dotyczy wszystkich du\u017cych sklep\u00f3w, hoteli, restauracji typu fast food, bar\u00f3w z przek\u0105skami, sto\u0142\u00f3wek fabrycznych i gospodarstw domowych prowadz\u0105cych dzia\u0142alno\u015b\u0107 na w\u0142asny rachunek. Dzi\u0119ki prostej obs\u0142udze, czysto\u015bci, \u0142atwo\u015bci u\u017cytkowania, wysokiej wydajno\u015bci, trwa\u0142o\u015bci i innym funkcjom. Jest to najnowszy typ maszyn i urz\u0105dze\u0144 do przetwarzania \u017cywno\u015bci.<gwmw style=\"display:none;\"><\/gwmw><\/p>\n\n\n\n<p><strong>Cechy:<\/strong><br>1, Ca\u0142y korpus ze stali nierdzewnej, \u0142atwy do mycia i wycierania, d\u0142uga \u017cywotno\u015b\u0107.<br>2, ca\u0142a aluminiowa pokrywa, wytrzyma\u0142a i lekka, \u0142atwa do otwierania i zamykania.<br>3, Wbudowany automatyczny system filtracji, \u0142atwy w obs\u0142udze i energooszcz\u0119dny.<br>4, Ud\u017awig czterech k\u00f3\u0142ek wraz z funkcj\u0105 hamulca, \u0142atwo\u015bci\u0105 poruszania si\u0119 i pozycjonowania.<br>5, panel sterowania z cyfrowym wy\u015bwietlaczem LCD, dok\u0142adniejszy i pi\u0119kniejszy.<\/p>\n\n\n\n<figure class=\"wp-block-table\"><table><tbody><tr><td>Nazwa<\/td><td>Elektryczna frytownica ci\u015bnieniowa<\/td><\/tr><tr><td>nazwa<\/td><td>PFE-600<\/td><\/tr><tr><td>Napi\u0119cie<\/td><td>~3N380v\/50 Hz \uff08~3N220v\/60 Hz\uff09<\/td><\/tr><tr><td>Moc<\/td><td>13,5 kW<\/td><\/tr><tr><td>Kontroluj zakres temperatur<\/td><td>20-200 \u2103<\/td><\/tr><tr><td>Rozmiar<\/td><td>960\u00d7460\u00d71230mm<\/td><\/tr><tr><td>Wielko\u015b\u0107 opakowania<\/td><td>1030\u00d7510\u00d71300 mm<\/td><\/tr><tr><td>Pojemno\u015b\u0107<\/td><td>24L<\/td><\/tr><tr><td>Waga<\/td><td>135 kg<\/td><\/tr><tr><td>Waga brutto<\/td><td>155 kg<\/td><\/tr><tr><td>Panel sterowania<\/td><td>Panel sterowania LED<\/td><\/tr><\/tbody><\/table><\/figure>\n\n\n\n<figure class=\"wp-block-image\"><img decoding=\"async\" src=\"https:\/\/www.ccmmachine.com\/wp-content\/uploads\/2019\/09\/Electric-Pressure-fryer-PFE-600-001.jpg\" alt=\"\" class=\"wp-image-1342\"\/><\/figure>\n\n\n\n<figure class=\"wp-block-image\"><img decoding=\"async\" src=\"https:\/\/www.ccmmachine.com\/wp-content\/uploads\/2019\/09\/Electric-Pressure-fryer-PFE-600-002.jpg\" alt=\"\" class=\"wp-image-1344\"\/><\/figure>\n\n\n\n<p><gwmw style=\"display:none;\"><\/gwmw><\/p>","protected":false},"excerpt":{"rendered":"<p>Product Description\uff1a 1 All stainless steel body easy to wash and wipe long service life.2 All aluminum lid rugged and lightweight easy to open and close.3 The built-in automatic filtration system is easy to use and energy-efficient. This series of American fried chicken Ovens is a company absorbing foreign advanced technology, according to the production [&#8230;]\n","protected":false},"featured_media":1568,"template":"","meta":[],"product_brand":[],"product_cat":[85],"product_tag":[],"class_list":{"0":"post-1340","1":"product","2":"type-product","3":"status-publish","4":"has-post-thumbnail","6":"product_cat-electric-pressure-fryers","8":"first","9":"instock","10":"shipping-taxable","11":"product-type-simple"},"_links":{"self":[{"href":"https:\/\/www.ccmmachine.com\/pl\/wp-json\/wp\/v2\/product\/1340","targetHints":{"allow":["GET"]}}],"collection":[{"href":"https:\/\/www.ccmmachine.com\/pl\/wp-json\/wp\/v2\/product"}],"about":[{"href":"https:\/\/www.ccmmachine.com\/pl\/wp-json\/wp\/v2\/types\/product"}],"wp:featuredmedia":[{"embeddable":true,"href":"https:\/\/www.ccmmachine.com\/pl\/wp-json\/wp\/v2\/media\/1568"}],"wp:attachment":[{"href":"https:\/\/www.ccmmachine.com\/pl\/wp-json\/wp\/v2\/media?parent=1340"}],"wp:term":[{"taxonomy":"product_brand","embeddable":true,"href":"https:\/\/www.ccmmachine.com\/pl\/wp-json\/wp\/v2\/product_brand?post=1340"},{"taxonomy":"product_cat","embeddable":true,"href":"https:\/\/www.ccmmachine.com\/pl\/wp-json\/wp\/v2\/product_cat?post=1340"},{"taxonomy":"product_tag","embeddable":true,"href":"https:\/\/www.ccmmachine.com\/pl\/wp-json\/wp\/v2\/product_tag?post=1340"}],"curies":[{"name":"wp","href":"https:\/\/api.w.org\/{rel}","templated":true}]}}