{"id":1292,"date":"2024-03-21T02:29:27","date_gmt":"2024-03-21T02:29:27","guid":{"rendered":"https:\/\/www.ccmmachine.com\/?post_type=product&#038;p=1292"},"modified":"2024-03-21T02:29:30","modified_gmt":"2024-03-21T02:29:30","slug":"frytkownica-gazowa-pfg-600l","status":"publish","type":"product","link":"https:\/\/www.ccmmachine.com\/pl\/product\/gas-pressure-fryer-pfg-600l\/","title":{"rendered":"Frytkownica gazowa PFG-600L"},"content":{"rendered":"<p><strong>Opis produktu:<\/strong><\/p>\n\n\n\n<ol class=\"wp-block-list\">\n<li>Ca\u0142y korpus ze stali nierdzewnej jest \u0142atwy do mycia i wycierania oraz ma d\u0142ug\u0105 \u017cywotno\u015b\u0107.<\/li>\n\n\n\n<li>aluminiowa pokrywa wytrzyma\u0142a i lekka, \u0142atwa do otwierania i zamykania.<\/li>\n\n\n\n<li>wbudowany automatyczny system filtr\u00f3w oleju, kt\u00f3ry jest \u0142atwy w obs\u0142udze i energooszcz\u0119dny.<\/li>\n\n\n\n<li>cztery k\u00f3\u0142ka, no\u015bno\u015b\u0107 wraz z funkcj\u0105 hamulca, \u0142atwo\u015b\u0107 przemieszczania i pozycjonowania.<\/li>\n\n\n\n<li>Panel sterowania LCD jest precyzyjny i pi\u0119kny.<\/li>\n<\/ol>\n\n\n\n<p>Gas Pressure to firma absorbuj\u0105ca zagraniczn\u0105 zaawansowan\u0105 technologi\u0119, rozw\u00f3j i produkcj\u0119 najnowszego procesu produkcji sma\u017conego kurczaka w piekarniku, zgodnie z charakterystyk\u0105 zachodniego i tradycyjnego chi\u0144skiego pieczonego kurczaka. Ca\u0142y korpus ze stali nierdzewnej, komputerowy system sterowania LCD, automatyczna regulacja temperatury, kontrola ci\u015bnienia, wydech. Stosuj\u0105c zasad\u0119 wysokiego ci\u015bnienia w niskiej temperaturze, sma\u017cone potrawy s\u0105 chrupi\u0105ce na zewn\u0105trz i delikatne, jasny kolor, ale tak\u017ce sma\u017cona kaczka, ryby, wieprzowina, wo\u0142owina, baranina i inne mi\u0119so oraz ziemniaki i inne warzywa. Dotyczy wszystkich g\u0142\u00f3wnych sklep\u00f3w, hoteli, restauracji typu fast food, bar\u00f3w z przek\u0105skami, sto\u0142\u00f3wek fabrycznych i gospodarstw domowych prowadz\u0105cych dzia\u0142alno\u015b\u0107 na w\u0142asny rachunek. Specyficzna operacja jest prosta, czysta, \u0142atwa w u\u017cyciu, wysoka wydajno\u015b\u0107, trwa\u0142o\u015b\u0107 i inne cechy, to najnowszy typ maszyn i sprz\u0119tu do przetwarzania \u017cywno\u015bci.<\/p>\n\n\n\n<figure class=\"wp-block-table\"><table><tbody><tr><td><strong>Nazwa<\/strong><\/td><td>frytownica gazowa<\/td><\/tr><tr><td><strong>Model<\/strong><\/td><td>PFG-600L<\/td><\/tr><tr><td><strong>Ci\u015bnienie robocze<\/strong><\/td><td>0,085 MPa<\/td><\/tr><tr><td><strong>Kontroluj zakres temperatur<\/strong><\/td><td>20 ~ 200 \u2103<\/td><\/tr><tr><td><strong>Zu\u017cycie gazu<\/strong><\/td><td>oko\u0142o 0,48 kg\/h (\u0142\u0105cznie z czasem przetrzymywania)<\/td><\/tr><tr><td><strong>Napi\u0119cie<\/strong><\/td><td>&nbsp;~220 V\/50 Hz-60 Hz<\/td><\/tr><tr><td><strong>Paliwo<\/strong><\/td><td>LPG\/gaz ziemny<\/td><\/tr><tr><td><strong>Rozmiar<\/strong><\/td><td>460\u00d7960\u00d71230 mm<\/td><\/tr><tr><td><strong>Wielko\u015b\u0107 opakowania<\/strong><\/td><td>510\u00d71030\u00d71300mm<\/td><\/tr><tr><td><strong>Pojemno\u015b\u0107<\/strong><\/td><td>24L<\/td><\/tr><tr><td><strong>Waga<\/strong><\/td><td>135 kg<\/td><\/tr><tr><td><strong>Waga brutto<\/strong><\/td><td>155 kg<\/td><\/tr><tr><td><strong>Panel sterowania<\/strong><\/td><td>LCD<\/td><\/tr><\/tbody><\/table><\/figure>\n\n\n\n<figure class=\"wp-block-image\"><img decoding=\"async\" src=\"https:\/\/www.ccmmachine.com\/wp-content\/uploads\/2019\/08\/Electric-Pressure-fryer-PFE-600L-001.jpg\" alt=\"\" class=\"wp-image-1304\"\/><\/figure>","protected":false},"excerpt":{"rendered":"<p>Product Description\uff1a Gas pressure is the company absorbing foreign advanced technology, development, and production of the latest fried chicken oven fried chicken production process according to the characteristics of Western and traditional Chinese roast chicken. The whole body of stainless steel, LCD computer control system automatic temperature control, pressure control, exhaust. Using low-temperature high-pressure principle, [&#8230;]\n","protected":false},"featured_media":1560,"template":"","meta":[],"product_brand":[],"product_cat":[86],"product_tag":[],"class_list":{"0":"post-1292","1":"product","2":"type-product","3":"status-publish","4":"has-post-thumbnail","6":"product_cat-gas-pressure-fryers","8":"first","9":"instock","10":"shipping-taxable","11":"product-type-simple"},"_links":{"self":[{"href":"https:\/\/www.ccmmachine.com\/pl\/wp-json\/wp\/v2\/product\/1292","targetHints":{"allow":["GET"]}}],"collection":[{"href":"https:\/\/www.ccmmachine.com\/pl\/wp-json\/wp\/v2\/product"}],"about":[{"href":"https:\/\/www.ccmmachine.com\/pl\/wp-json\/wp\/v2\/types\/product"}],"wp:featuredmedia":[{"embeddable":true,"href":"https:\/\/www.ccmmachine.com\/pl\/wp-json\/wp\/v2\/media\/1560"}],"wp:attachment":[{"href":"https:\/\/www.ccmmachine.com\/pl\/wp-json\/wp\/v2\/media?parent=1292"}],"wp:term":[{"taxonomy":"product_brand","embeddable":true,"href":"https:\/\/www.ccmmachine.com\/pl\/wp-json\/wp\/v2\/product_brand?post=1292"},{"taxonomy":"product_cat","embeddable":true,"href":"https:\/\/www.ccmmachine.com\/pl\/wp-json\/wp\/v2\/product_cat?post=1292"},{"taxonomy":"product_tag","embeddable":true,"href":"https:\/\/www.ccmmachine.com\/pl\/wp-json\/wp\/v2\/product_tag?post=1292"}],"curies":[{"name":"wp","href":"https:\/\/api.w.org\/{rel}","templated":true}]}}