{"id":1414,"date":"2024-03-21T02:08:47","date_gmt":"2024-03-21T02:08:47","guid":{"rendered":"https:\/\/www.ccmmachine.com\/?post_type=product&#038;p=1414"},"modified":"2024-03-21T02:08:51","modified_gmt":"2024-03-21T02:08:51","slug":"dujine-gruzdintuve-pfg-800","status":"publish","type":"product","link":"https:\/\/www.ccmmachine.com\/lt\/product\/gas-pressure-fryer-pfg-800\/","title":{"rendered":"Duj\u0173 sl\u0117gin\u0117 gruzdintuv\u0117 PFG-800"},"content":{"rendered":"<p> \u0160ioje serijos vi\u0161tienos keptuv\u0117je naudojamas \u017eemos temperat\u016bros ir auk\u0161to sl\u0117gio principas, keptas maistas yra tra\u0161kus lauke ir \u0161velnus, ry\u0161kios spalvos. Visas korpusas i\u0161 ner\u016bdijan\u010dio plieno, kompiuterio valdymo pultas, paprastas valdymas ir automatinis temperat\u016bros valdymo i\u0161metimo sl\u0117gis. <\/p>\n\n\n\n<h3 class=\"wp-block-heading\"><strong>Pagrindin\u0117s funkcijos<\/strong><\/h3>\n\n\n\n<ul class=\"wp-block-list\">\n<li>Visas ner\u016bdijan\u010dio plieno korpusas, lengvai valomas ir nuvalomas, ilgai tarnauja. <\/li>\n\n\n\n<li>Aliuminio dangtis, tvirtas ir lengvas, lengvai atidaromas ir u\u017edaromas. <\/li>\n\n\n\n<li>Integruota automatin\u0117 alyvos filtr\u0173 sistema, paprasta naudoti, efektyvi ir taupanti energij\u0105. <\/li>\n\n\n\n<li>Keturi ratukai turi didel\u0119 talp\u0105 ir turi stabd\u017ei\u0173 funkcij\u0105, kuri\u0105 lengva perkelti ir pad\u0117ti. <\/li>\n\n\n\n<li>Skaitmeninio ekrano valdymo pultas yra tikslesnis ir gra\u017eesnis. <\/li>\n\n\n\n<li>Ma\u0161inoje yra 10-0 saugojimo raktai 10 kategorij\u0173 maisto kepimui. <\/li>\n\n\n\n<li>Pasibaigus laikui, nustatykite automatin\u012f i\u0161metim\u0105 ir primindami suteikite \u017eadintuv\u0105. <\/li>\n\n\n\n<li>Kiekvienas produkto kodas gali nustatyti 10 \u0161ildymo re\u017eim\u0173. <\/li>\n\n\n\n<li>Galima nustatyti alyvos filtro ir alyvos keitimo priminimus. <\/li>\n\n\n\n<li>Perjungti \u012f Farenheito laipsnius. <\/li>\n\n\n\n<li>Galima nustatyti pakaitinimo laik\u0105. <\/li>\n\n\n\n<li>Galima nustatyti valymo laik\u0105, tu\u0161\u010diosios eigos re\u017eim\u0105 ir alyvos lydymosi re\u017eim\u0105. <\/li>\n\n\n\n<li>Jis gali b\u016bti nustatytas su spaudimu darbe arba be jo.<\/li>\n<\/ul>\n\n\n\n<figure class=\"wp-block-table\"><table><tbody><tr><td><strong>vardas<\/strong><\/td><td>duj\u0173 sl\u0117gin\u0117 gruzdintuv\u0117<\/td><\/tr><tr><td><strong>Modelis<\/strong><\/td><td>PFG-800<\/td><\/tr><tr><td><strong>Darbinis sl\u0117gis<\/strong><\/td><td>0,085 MPa<\/td><\/tr><tr><td><strong>Kontroliuoti temperat\u016bros diapazon\u0105<\/strong><\/td><td>20-200 \u2103<\/td><\/tr><tr><td><strong>Duj\u0173 suvartojimas<\/strong><\/td><td>apie 0,48 kg\/h (\u012fskaitant laikymo laik\u0105)<\/td><\/tr><tr><td><strong>\u012etampa<\/strong><\/td><td>&nbsp;~220V\/50Hz-60Hz<\/td><\/tr><tr><td><strong>Kuro<\/strong><\/td><td>LPG\/gamtin\u0117s dujos<\/td><\/tr><tr><td><strong>Dydis<\/strong><\/td><td>460\u00d7960\u00d71230 mm<\/td><\/tr><tr><td><strong>Pakuot\u0117s dydis<\/strong><\/td><td>510\u00d71030\u00d71300 mm<\/td><\/tr><tr><td><strong>Talpa<\/strong><\/td><td>24L<\/td><\/tr><tr><td><strong>Svoris<\/strong><\/td><td>110 kg<\/td><\/tr><tr><td><strong>Bendras svoris<\/strong><\/td><td>135 kg<\/td><\/tr><tr><td><strong>Kontrol\u0117s skydelis<\/strong><\/td><td>Kompiuterio skydelis<\/td><\/tr><\/tbody><\/table><\/figure>\n\n\n\n<figure class=\"wp-block-image size-large\"><img decoding=\"async\" width=\"1024\" height=\"768\" src=\"https:\/\/www.ccmmachine.com\/wp-content\/uploads\/2024\/03\/Pfg-800-Chicken-Pressure-Fryer-LPG-Gas-Deep-Fryer-1024x768.webp\" alt=\"\" class=\"wp-image-1554\" srcset=\"https:\/\/www.ccmmachine.com\/wp-content\/uploads\/2024\/03\/Pfg-800-Chicken-Pressure-Fryer-LPG-Gas-Deep-Fryer-1024x768.webp 1024w, https:\/\/www.ccmmachine.com\/wp-content\/uploads\/2024\/03\/Pfg-800-Chicken-Pressure-Fryer-LPG-Gas-Deep-Fryer-800x600.webp 800w, https:\/\/www.ccmmachine.com\/wp-content\/uploads\/2024\/03\/Pfg-800-Chicken-Pressure-Fryer-LPG-Gas-Deep-Fryer-300x225.webp 300w, https:\/\/www.ccmmachine.com\/wp-content\/uploads\/2024\/03\/Pfg-800-Chicken-Pressure-Fryer-LPG-Gas-Deep-Fryer-768x576.webp 768w, https:\/\/www.ccmmachine.com\/wp-content\/uploads\/2024\/03\/Pfg-800-Chicken-Pressure-Fryer-LPG-Gas-Deep-Fryer-16x12.webp 16w, https:\/\/www.ccmmachine.com\/wp-content\/uploads\/2024\/03\/Pfg-800-Chicken-Pressure-Fryer-LPG-Gas-Deep-Fryer.webp 1440w\" sizes=\"(max-width: 1024px) 100vw, 1024px\" \/><\/figure>","protected":false},"excerpt":{"rendered":"<p>This series chicken pressure fryer uses a low temperature and high pressure principle, fried food crisp outside and tender, bright color. The whole body of stainless steel, computer control panel, simple operation, and automatic temperature control exhaust pressure. Main Features Name gas pressure fryer Model PFG-800 Working pressure 0.085Mpa Control temperature range 20~200\u2103 Gas consumption [&#8230;]\n","protected":false},"featured_media":1553,"template":"","meta":[],"product_brand":[],"product_cat":[86],"product_tag":[],"class_list":{"0":"post-1414","1":"product","2":"type-product","3":"status-publish","4":"has-post-thumbnail","6":"product_cat-gas-pressure-fryers","8":"first","9":"instock","10":"shipping-taxable","11":"product-type-simple"},"_links":{"self":[{"href":"https:\/\/www.ccmmachine.com\/lt\/wp-json\/wp\/v2\/product\/1414","targetHints":{"allow":["GET"]}}],"collection":[{"href":"https:\/\/www.ccmmachine.com\/lt\/wp-json\/wp\/v2\/product"}],"about":[{"href":"https:\/\/www.ccmmachine.com\/lt\/wp-json\/wp\/v2\/types\/product"}],"wp:featuredmedia":[{"embeddable":true,"href":"https:\/\/www.ccmmachine.com\/lt\/wp-json\/wp\/v2\/media\/1553"}],"wp:attachment":[{"href":"https:\/\/www.ccmmachine.com\/lt\/wp-json\/wp\/v2\/media?parent=1414"}],"wp:term":[{"taxonomy":"product_brand","embeddable":true,"href":"https:\/\/www.ccmmachine.com\/lt\/wp-json\/wp\/v2\/product_brand?post=1414"},{"taxonomy":"product_cat","embeddable":true,"href":"https:\/\/www.ccmmachine.com\/lt\/wp-json\/wp\/v2\/product_cat?post=1414"},{"taxonomy":"product_tag","embeddable":true,"href":"https:\/\/www.ccmmachine.com\/lt\/wp-json\/wp\/v2\/product_tag?post=1414"}],"curies":[{"name":"wp","href":"https:\/\/api.w.org\/{rel}","templated":true}]}}