{"id":1399,"date":"2024-03-21T03:58:46","date_gmt":"2024-03-21T03:58:46","guid":{"rendered":"https:\/\/www.ccmmachine.com\/?post_type=product&#038;p=1399"},"modified":"2024-03-21T03:59:18","modified_gmt":"2024-03-21T03:59:18","slug":"dujine-gruzdintuve-pfg-500","status":"publish","type":"product","link":"https:\/\/www.ccmmachine.com\/lt\/product\/gas-pressure-fryer-pfg-500\/","title":{"rendered":"Duj\u0173 sl\u0117gin\u0117 gruzdintuv\u0117 PFG-500"},"content":{"rendered":"<h3 class=\"wp-block-heading\">APIB\u016aDINIMAS<gwmw style=\"display:none;\"><\/gwmw><\/h3>\n\n\n\n<p>Duj\u0173 sl\u0117gyje kept\u0173 vi\u0161tienos krosni\u0173 serija yra m\u016bs\u0173 \u012fmon\u0117s sukurta prietais\u0173 linija, apimanti pa\u017eangias technologijas i\u0161 u\u017esienio. \u0160ios krosnys skirtos specialiai keptos vi\u0161tienos gamybai, atsi\u017evelgiant tiek \u012f vakarieti\u0161kus, tiek \u012f tradicinius kini\u0161kus vi\u0161tienos kepimo b\u016bdus. Visas orkait\u0117s korpusas pagamintas i\u0161 ner\u016bdijan\u010dio plieno ir turi elektronin\u012f laiko nustatym\u0105 bei automatin\u012f temperat\u016bros valdym\u0105 su i\u0161metimo sl\u0117giu. Naudodamos \u017eemos temperat\u016bros auk\u0161to sl\u0117gio princip\u0105, m\u016bs\u0173 orkait\u0117s gamina tra\u0161kius ir mink\u0161tus ry\u0161kios spalvos keptus patiekalus. Be vi\u0161tienos, juose taip pat galima kepti antien\u0105, \u017euv\u012f, kiaulien\u0105, jautien\u0105, avien\u0105, bulves ir kitas dar\u017eoves. M\u016bs\u0173 krosnys yra tinkamos naudoti \u012fvairiose \u012fstaigose, tokiose kaip parduotuv\u0117s, vie\u0161bu\u010diai, greito maisto restoranai, u\u017ekand\u017ei\u0173 barai, gamykl\u0173 valgyklos ir net savaranki\u0161kai dirbantiems asmenims. Jie yra lengvai valdomi, valomi ir labai efektyv\u016bs, tod\u0117l yra naujausia ir pa\u017eangiausia maisto perdirbimo ma\u0161ina ir \u012franga.<\/p>\n\n\n\n<h3 class=\"wp-block-heading\"><strong>Funkcijos:<\/strong><gwmw style=\"display:none;\"><\/gwmw><\/h3>\n\n\n\n<p>1. Visas ner\u016bdijan\u010dio plieno korpusas, lengvai plaunamas ir valomas, ilgas tarnavimo laikas.<br>2. Aliuminio dangtis, tvirtas ir lengvas, lengvai atidaromas ir u\u017edaromas.<br>3. Integruota automatin\u0117 filtravimo sistema, paprasta naudoti ir taupanti energij\u0105.<br>4. Keturi\u0173 ratuk\u0173 keliamoji galia, kartu su stabd\u017ei\u0173 funkcija, jud\u0117jimo paprastumu ir pad\u0117ties nustatymu.<br>5. Ma\u0161inos skydelio valdymo skydelis, patvarus ir lengvai pakei\u010diamas.<\/p>\n\n\n\n<figure class=\"wp-block-image size-full is-resized\"><img decoding=\"async\" width=\"1000\" height=\"714\" src=\"https:\/\/www.ccmmachine.com\/wp-content\/uploads\/2024\/03\/Hot-Selling-Commercial-Henny-Penny-Kfc-Gas-Pfg-500-Pressure-Fryer-1.webp\" alt=\"\" class=\"wp-image-1570\" style=\"width:840px;height:auto\" srcset=\"https:\/\/www.ccmmachine.com\/wp-content\/uploads\/2024\/03\/Hot-Selling-Commercial-Henny-Penny-Kfc-Gas-Pfg-500-Pressure-Fryer-1.webp 1000w, https:\/\/www.ccmmachine.com\/wp-content\/uploads\/2024\/03\/Hot-Selling-Commercial-Henny-Penny-Kfc-Gas-Pfg-500-Pressure-Fryer-1-800x571.webp 800w\" sizes=\"(max-width: 1000px) 100vw, 1000px\" \/><\/figure>\n\n\n\n<figure class=\"wp-block-image size-large\"><img decoding=\"async\" width=\"647\" height=\"1024\" src=\"https:\/\/www.ccmmachine.com\/wp-content\/uploads\/2024\/03\/Hot-Selling-Commercial-Henny-Penny-Kfc-Gas-Pfg-500-Pressure-Fryer-2-647x1024.webp\" alt=\"\" class=\"wp-image-1571\" srcset=\"https:\/\/www.ccmmachine.com\/wp-content\/uploads\/2024\/03\/Hot-Selling-Commercial-Henny-Penny-Kfc-Gas-Pfg-500-Pressure-Fryer-2-647x1024.webp 647w, https:\/\/www.ccmmachine.com\/wp-content\/uploads\/2024\/03\/Hot-Selling-Commercial-Henny-Penny-Kfc-Gas-Pfg-500-Pressure-Fryer-2-800x1266.webp 800w, https:\/\/www.ccmmachine.com\/wp-content\/uploads\/2024\/03\/Hot-Selling-Commercial-Henny-Penny-Kfc-Gas-Pfg-500-Pressure-Fryer-2-190x300.webp 190w, https:\/\/www.ccmmachine.com\/wp-content\/uploads\/2024\/03\/Hot-Selling-Commercial-Henny-Penny-Kfc-Gas-Pfg-500-Pressure-Fryer-2-768x1215.webp 768w, https:\/\/www.ccmmachine.com\/wp-content\/uploads\/2024\/03\/Hot-Selling-Commercial-Henny-Penny-Kfc-Gas-Pfg-500-Pressure-Fryer-2-971x1536.webp 971w, https:\/\/www.ccmmachine.com\/wp-content\/uploads\/2024\/03\/Hot-Selling-Commercial-Henny-Penny-Kfc-Gas-Pfg-500-Pressure-Fryer-2-8x12.webp 8w, https:\/\/www.ccmmachine.com\/wp-content\/uploads\/2024\/03\/Hot-Selling-Commercial-Henny-Penny-Kfc-Gas-Pfg-500-Pressure-Fryer-2.webp 1000w\" sizes=\"(max-width: 647px) 100vw, 647px\" \/><\/figure>\n\n\n\n<figure class=\"wp-block-image size-full\"><img decoding=\"async\" width=\"740\" height=\"640\" src=\"https:\/\/www.ccmmachine.com\/wp-content\/uploads\/2024\/03\/Hot-Selling-Commercial-Henny-Penny-Kfc-Gas-Pfg-500-Pressure-Fryer-3.webp\" alt=\"\" class=\"wp-image-1572\" srcset=\"https:\/\/www.ccmmachine.com\/wp-content\/uploads\/2024\/03\/Hot-Selling-Commercial-Henny-Penny-Kfc-Gas-Pfg-500-Pressure-Fryer-3.webp 740w, https:\/\/www.ccmmachine.com\/wp-content\/uploads\/2024\/03\/Hot-Selling-Commercial-Henny-Penny-Kfc-Gas-Pfg-500-Pressure-Fryer-3-700x605.webp 700w, https:\/\/www.ccmmachine.com\/wp-content\/uploads\/2024\/03\/Hot-Selling-Commercial-Henny-Penny-Kfc-Gas-Pfg-500-Pressure-Fryer-3-300x259.webp 300w, https:\/\/www.ccmmachine.com\/wp-content\/uploads\/2024\/03\/Hot-Selling-Commercial-Henny-Penny-Kfc-Gas-Pfg-500-Pressure-Fryer-3-14x12.webp 14w\" sizes=\"(max-width: 740px) 100vw, 740px\" \/><\/figure>","protected":false},"excerpt":{"rendered":"<p>DESCRIPTION The\u00a0Gas\u00a0Pressure\u00a0Fried\u00a0Chicken\u00a0Furnace series\u00a0is a line of\u00a0devices\u00a0developed\u00a0by our\u00a0company,\u00a0incorporating advanced technology\u00a0from abroad. These\u00a0ovens\u00a0are designed\u00a0specifically\u00a0for\u00a0the\u00a0production of\u00a0fried chicken,\u00a0taking\u00a0into account\u00a0both Western and traditional Chinese\u00a0methods of\u00a0roasting\u00a0chicken. The entire\u00a0body of\u00a0the oven is\u00a0made of stainless steel\u00a0and features electronic timing and automatic temperature control\u00a0with\u00a0exhaust pressure.\u00a0By utilizing\u00a0the\u00a0low-temperature high-pressure principle,\u00a0our\u00a0ovens\u00a0produce\u00a0crispy\u00a0and tender\u00a0fried food with a\u00a0bright color. In addition to chicken, they\u00a0can also\u00a0be\u00a0used\u00a0to fry\u00a0duck, fish, pork, beef, mutton,\u00a0potatoes,\u00a0and [&#8230;]\n","protected":false},"featured_media":1573,"template":"","meta":[],"product_brand":[],"product_cat":[86],"product_tag":[],"class_list":{"0":"post-1399","1":"product","2":"type-product","3":"status-publish","4":"has-post-thumbnail","6":"product_cat-gas-pressure-fryers","8":"first","9":"instock","10":"shipping-taxable","11":"product-type-simple"},"_links":{"self":[{"href":"https:\/\/www.ccmmachine.com\/lt\/wp-json\/wp\/v2\/product\/1399","targetHints":{"allow":["GET"]}}],"collection":[{"href":"https:\/\/www.ccmmachine.com\/lt\/wp-json\/wp\/v2\/product"}],"about":[{"href":"https:\/\/www.ccmmachine.com\/lt\/wp-json\/wp\/v2\/types\/product"}],"wp:featuredmedia":[{"embeddable":true,"href":"https:\/\/www.ccmmachine.com\/lt\/wp-json\/wp\/v2\/media\/1573"}],"wp:attachment":[{"href":"https:\/\/www.ccmmachine.com\/lt\/wp-json\/wp\/v2\/media?parent=1399"}],"wp:term":[{"taxonomy":"product_brand","embeddable":true,"href":"https:\/\/www.ccmmachine.com\/lt\/wp-json\/wp\/v2\/product_brand?post=1399"},{"taxonomy":"product_cat","embeddable":true,"href":"https:\/\/www.ccmmachine.com\/lt\/wp-json\/wp\/v2\/product_cat?post=1399"},{"taxonomy":"product_tag","embeddable":true,"href":"https:\/\/www.ccmmachine.com\/lt\/wp-json\/wp\/v2\/product_tag?post=1399"}],"curies":[{"name":"wp","href":"https:\/\/api.w.org\/{rel}","templated":true}]}}