{"id":1392,"date":"2024-03-21T02:18:29","date_gmt":"2024-03-21T02:18:29","guid":{"rendered":"https:\/\/www.ccmmachine.com\/?post_type=product&#038;p=1392"},"modified":"2024-03-21T02:18:34","modified_gmt":"2024-03-21T02:18:34","slug":"komercine-vistienos-keptuve-pfe-800","status":"publish","type":"product","link":"https:\/\/www.ccmmachine.com\/lt\/product\/commercial-chicken-fryer-pfe-800\/","title":{"rendered":"Komercin\u0117 vi\u0161tienos keptuv\u0117 PFE-800"},"content":{"rendered":"<p>Komercin\u0117 vi\u0161tienos keptuv\u0117 PFE-800 <\/p>\n\n\n\n<ul class=\"wp-block-list\">\n<li>Naudokite temperat\u016bros auk\u0161to sl\u0117gio princip\u0105 <\/li>\n\n\n\n<li>Visas korpusas i\u0161 304 ner\u016bdijan\u010dio plieno, kompiuterio valdymo pultas. <\/li>\n\n\n\n<li>Automati\u0161kai valdykite temperat\u016br\u0105 ir laik\u0105, kad palengvintum\u0117te kasdien\u012f darb\u0105. <\/li>\n\n\n\n<li>Maksimali kepimo temperat\u016bra iki 200\u00baC. Keptuv\u0117 sumontuota filtravimo sistemoje, keli filtrai, pagerina produkto kokyb\u0119 ir suma\u017eina aliejaus s\u0105naudas. <\/li>\n\n\n\n<li>Jis da\u017eniausiai naudojamas kepto maisto restoranuose, vie\u0161bu\u010diuose ir kitose maitinimo \u012fstaigose. <\/li>\n<\/ul>\n\n\n\n<h3 class=\"wp-block-heading\"><strong>Parametras<\/strong><\/h3>\n\n\n\n<figure class=\"wp-block-table\"><table><tbody><tr><td> <span style=\"font-family: inherit; font-size: inherit; font-weight: inherit; color: initial;\">produkto pavadinimas<\/span><\/td><td> <span style=\"font-family: inherit; font-size: inherit; font-weight: inherit; color: initial;\">Elektrin\u0117 ir dujin\u0117 sl\u0117gin\u0117 gruzdintuv\u0117<\/span><\/td><\/tr><tr><td><div><div>Modelis<\/div><\/div><\/td><td><div>PFE-800<\/div><\/td><\/tr><tr><td><div><div>\u012etampa<\/div><\/div><\/td><td> <span style=\"font-family: inherit; font-size: inherit; font-weight: inherit; color: initial;\">220V\/380V\/110V<\/span><\/td><\/tr><tr><td><div><div>Galia<\/div><\/div><\/td><td><div>13,5kw<\/div><\/td><\/tr><tr><td><div><div>Talpa<\/div><\/div><\/td><td><div>25L<\/div><\/td><\/tr><tr><td><div><div>Grynas svoris<\/div><\/div><\/td><td><div>135 kg<\/div><\/td><\/tr><tr><td><div><div>Bendras svoris<\/div><\/div><\/td><td><div>155 kg<\/div><\/td><\/tr><tr><td><div><div>Matmenys<\/div><\/div><\/td><td><div>460*960*1230mm<\/div><\/td><\/tr><tr><td><div><div>Kontrol\u0117s skydelis<\/div><\/div><\/td><td><div>Kompiuterio valdymo pultas<\/div><\/td><\/tr><\/tbody><\/table><\/figure>\n\n\n\n<figure class=\"wp-block-image size-large\"><img decoding=\"async\" width=\"768\" height=\"1024\" src=\"https:\/\/www.ccmmachine.com\/wp-content\/uploads\/2019\/09\/Commercial-Factory-Price-Chicken-Frying-Machine-Deep-Pressure-Fryer-Machine-Commercial-Chicken-Fryer-Pfe-800-1-768x1024.webp\" alt=\"\" class=\"wp-image-1556\" srcset=\"https:\/\/www.ccmmachine.com\/wp-content\/uploads\/2019\/09\/Commercial-Factory-Price-Chicken-Frying-Machine-Deep-Pressure-Fryer-Machine-Commercial-Chicken-Fryer-Pfe-800-1-768x1024.webp 768w, https:\/\/www.ccmmachine.com\/wp-content\/uploads\/2019\/09\/Commercial-Factory-Price-Chicken-Frying-Machine-Deep-Pressure-Fryer-Machine-Commercial-Chicken-Fryer-Pfe-800-1-800x1067.webp 800w, https:\/\/www.ccmmachine.com\/wp-content\/uploads\/2019\/09\/Commercial-Factory-Price-Chicken-Frying-Machine-Deep-Pressure-Fryer-Machine-Commercial-Chicken-Fryer-Pfe-800-1-225x300.webp 225w, https:\/\/www.ccmmachine.com\/wp-content\/uploads\/2019\/09\/Commercial-Factory-Price-Chicken-Frying-Machine-Deep-Pressure-Fryer-Machine-Commercial-Chicken-Fryer-Pfe-800-1-9x12.webp 9w, https:\/\/www.ccmmachine.com\/wp-content\/uploads\/2019\/09\/Commercial-Factory-Price-Chicken-Frying-Machine-Deep-Pressure-Fryer-Machine-Commercial-Chicken-Fryer-Pfe-800-1.webp 869w\" sizes=\"(max-width: 768px) 100vw, 768px\" \/><\/figure>\n\n\n\n<figure class=\"wp-block-image size-large\"><img decoding=\"async\" width=\"768\" height=\"1024\" src=\"https:\/\/www.ccmmachine.com\/wp-content\/uploads\/2024\/03\/Commercial-Factory-Price-Chicken-Frying-Machine-Deep-Pressure-Fryer-Machine-Commercial-Chicken-Fryer-Pfe-800-11-768x1024.webp\" alt=\"\" class=\"wp-image-1557\" srcset=\"https:\/\/www.ccmmachine.com\/wp-content\/uploads\/2024\/03\/Commercial-Factory-Price-Chicken-Frying-Machine-Deep-Pressure-Fryer-Machine-Commercial-Chicken-Fryer-Pfe-800-11-768x1024.webp 768w, https:\/\/www.ccmmachine.com\/wp-content\/uploads\/2024\/03\/Commercial-Factory-Price-Chicken-Frying-Machine-Deep-Pressure-Fryer-Machine-Commercial-Chicken-Fryer-Pfe-800-11-800x1066.webp 800w, https:\/\/www.ccmmachine.com\/wp-content\/uploads\/2024\/03\/Commercial-Factory-Price-Chicken-Frying-Machine-Deep-Pressure-Fryer-Machine-Commercial-Chicken-Fryer-Pfe-800-11-225x300.webp 225w, https:\/\/www.ccmmachine.com\/wp-content\/uploads\/2024\/03\/Commercial-Factory-Price-Chicken-Frying-Machine-Deep-Pressure-Fryer-Machine-Commercial-Chicken-Fryer-Pfe-800-11-9x12.webp 9w, https:\/\/www.ccmmachine.com\/wp-content\/uploads\/2024\/03\/Commercial-Factory-Price-Chicken-Frying-Machine-Deep-Pressure-Fryer-Machine-Commercial-Chicken-Fryer-Pfe-800-11.webp 1060w\" sizes=\"(max-width: 768px) 100vw, 768px\" \/><\/figure>\n\n\n\n<figure class=\"wp-block-image size-large\"><img decoding=\"async\" width=\"1024\" height=\"768\" src=\"https:\/\/www.ccmmachine.com\/wp-content\/uploads\/2024\/03\/Commercial-Factory-Price-Chicken-Frying-Machine-Deep-Pressure-Fryer-Machine-Commercial-Chicken-Fryer-Pfe-800-2-1024x768.webp\" alt=\"\" class=\"wp-image-1558\" srcset=\"https:\/\/www.ccmmachine.com\/wp-content\/uploads\/2024\/03\/Commercial-Factory-Price-Chicken-Frying-Machine-Deep-Pressure-Fryer-Machine-Commercial-Chicken-Fryer-Pfe-800-2-1024x768.webp 1024w, https:\/\/www.ccmmachine.com\/wp-content\/uploads\/2024\/03\/Commercial-Factory-Price-Chicken-Frying-Machine-Deep-Pressure-Fryer-Machine-Commercial-Chicken-Fryer-Pfe-800-2-800x600.webp 800w, https:\/\/www.ccmmachine.com\/wp-content\/uploads\/2024\/03\/Commercial-Factory-Price-Chicken-Frying-Machine-Deep-Pressure-Fryer-Machine-Commercial-Chicken-Fryer-Pfe-800-2-300x225.webp 300w, https:\/\/www.ccmmachine.com\/wp-content\/uploads\/2024\/03\/Commercial-Factory-Price-Chicken-Frying-Machine-Deep-Pressure-Fryer-Machine-Commercial-Chicken-Fryer-Pfe-800-2-768x576.webp 768w, https:\/\/www.ccmmachine.com\/wp-content\/uploads\/2024\/03\/Commercial-Factory-Price-Chicken-Frying-Machine-Deep-Pressure-Fryer-Machine-Commercial-Chicken-Fryer-Pfe-800-2-16x12.webp 16w, https:\/\/www.ccmmachine.com\/wp-content\/uploads\/2024\/03\/Commercial-Factory-Price-Chicken-Frying-Machine-Deep-Pressure-Fryer-Machine-Commercial-Chicken-Fryer-Pfe-800-2.webp 1440w\" sizes=\"(max-width: 1024px) 100vw, 1024px\" \/><\/figure>\n\n\n\n<h3 class=\"wp-block-heading\"><strong>Pristatymas<\/strong> <\/h3>\n\n\n\n<p>Pristatymas: j\u016bra arba orlaiviu Pakrovimo laikotarpis: per 2 dienas, iki j\u016bs\u0173 kiekio Pakrovimo uostas: \u0160anchajus Kinija Mok\u0117jimo s\u0105lygos: (30% kaip u\u017estatas. 70% prie\u0161 i\u0161siuntim\u0105), L\/C, Western Union, Paypal, TT.galima der\u0117tis. tik pagal j\u016bs\u0173 patogum\u0105. Prekybos s\u0105lygos: FOB CFR CIF DDU ir kt.<\/p>","protected":false},"excerpt":{"rendered":"<p>Commercial Chicken Fryer PFE-800 Parameter Product Name Electric &amp;\u00a0gas Pressure Fryer Model PFE-800 Voltage 220V\/380V\/110V Power 13.5kw Capacity 25L Net Weight 135kg Gross Weight 155kg Dimension 460*960*1230mm Control Panel Computer control panel Delivery Delivery: by sea or aircraft Loading period: within 2 days, up to your quantity Loading port: Shanghai China Payment terms: (30% as [&#8230;]\n","protected":false},"featured_media":1553,"template":"","meta":[],"product_brand":[],"product_cat":[85],"product_tag":[],"class_list":{"0":"post-1392","1":"product","2":"type-product","3":"status-publish","4":"has-post-thumbnail","6":"product_cat-electric-pressure-fryers","8":"first","9":"instock","10":"shipping-taxable","11":"product-type-simple"},"_links":{"self":[{"href":"https:\/\/www.ccmmachine.com\/lt\/wp-json\/wp\/v2\/product\/1392","targetHints":{"allow":["GET"]}}],"collection":[{"href":"https:\/\/www.ccmmachine.com\/lt\/wp-json\/wp\/v2\/product"}],"about":[{"href":"https:\/\/www.ccmmachine.com\/lt\/wp-json\/wp\/v2\/types\/product"}],"wp:featuredmedia":[{"embeddable":true,"href":"https:\/\/www.ccmmachine.com\/lt\/wp-json\/wp\/v2\/media\/1553"}],"wp:attachment":[{"href":"https:\/\/www.ccmmachine.com\/lt\/wp-json\/wp\/v2\/media?parent=1392"}],"wp:term":[{"taxonomy":"product_brand","embeddable":true,"href":"https:\/\/www.ccmmachine.com\/lt\/wp-json\/wp\/v2\/product_brand?post=1392"},{"taxonomy":"product_cat","embeddable":true,"href":"https:\/\/www.ccmmachine.com\/lt\/wp-json\/wp\/v2\/product_cat?post=1392"},{"taxonomy":"product_tag","embeddable":true,"href":"https:\/\/www.ccmmachine.com\/lt\/wp-json\/wp\/v2\/product_tag?post=1392"}],"curies":[{"name":"wp","href":"https:\/\/api.w.org\/{rel}","templated":true}]}}