{"id":1349,"date":"2024-03-21T04:17:59","date_gmt":"2024-03-21T04:17:59","guid":{"rendered":"https:\/\/www.ccmmachine.com\/?post_type=product&#038;p=1349"},"modified":"2024-03-21T04:18:02","modified_gmt":"2024-03-21T04:18:02","slug":"slegine-gruzdintuve-mdxz-24c","status":"publish","type":"product","link":"https:\/\/www.ccmmachine.com\/lt\/product\/pressure-fryer-mdxz-24c\/","title":{"rendered":"Sl\u0117gin\u0117 gruzdintuv\u0117 MDXZ-24C"},"content":{"rendered":"<p>\u0160i sekcin\u0117 gruzdintuv\u0117 yra \u012fmon\u0117, \u012fsisavinanti pa\u017eangias u\u017esienio technologijas, kurianti ir gaminanti naujausi\u0105 keptos vi\u0161tienos orkait\u0117je keptos vi\u0161tienos gamybos proces\u0105 pagal vakarieti\u0161kos ir tradicin\u0117s kini\u0161kos keptos vi\u0161tienos ypatybes. Visas korpusas i\u0161 ner\u016bdijan\u010dio plieno, elektroninis laikmatis, automatinis temperat\u016bros valdymo i\u0161metimo sl\u0117gis.<\/p>\n\n\n\n<p>Naudojant \u017eemos temperat\u016bros auk\u0161to sl\u0117gio princip\u0105, lauke keptas maistas tra\u0161kus ir \u0161velnus, ry\u0161kios spalvos, taip pat kepta antiena, \u017euvis, kiauliena, \u0117riena ir kita m\u0117sa, bulv\u0117s ir kitos dar\u017eov\u0117s. Taikoma visoms pagrindin\u0117ms parduotuv\u0117ms, vie\u0161bu\u010diams, greito maisto restoranams, u\u017ekand\u017ei\u0173 barams, gamykl\u0173 valgykloms ir savaranki\u0161kai dirbantiems nam\u0173 \u016bkiams. Konkreti operacija yra paprasta, \u0161vari, lengvai naudojama, didelio efektyvumo ir ilgaam\u017ei\u0161kumo, yra naujausio tipo maisto perdirbimo ma\u0161inos ir \u012franga<gwmw style=\"display:none;\"><\/gwmw><\/p>\n\n\n\n<h3 class=\"wp-block-heading\"><strong>Funkcijos:<\/strong><gwmw style=\"display:none;\"><\/gwmw><\/h3>\n\n\n\n<p>1. Visas ner\u016bdijan\u010dio plieno korpusas, lengvai plaunamas ir valomas, ilgas tarnavimo laikas.<br>2 aliuminio dangteliai, tvirti ir lengvi, lengvai atidaromi ir u\u017edaromi.<br>3 keturi\u0173 ratuk\u0173 keliamoji galia, kartu su stabd\u017ei\u0173 funkcija, patogumu jud\u0117ti ir pad\u0117ties nustatymu.<br>4. Mechaninio prietaiso valdymo operacija yra paprasta, lengva, eleganti\u0161ka ir tiksli.<gwmw style=\"display:none;\"><\/gwmw><gwmw style=\"display:none;\"><\/gwmw><\/p>\n\n\n\n<figure class=\"wp-block-table\"><table><tbody><tr><td>vardas<\/td><td>Elektrin\u0117 sl\u0117gin\u0117 gruzdintuv\u0117<\/td><\/tr><tr><td>vardas<\/td><td>MDXZ-24<\/td><\/tr><tr><td>\u012etampa<\/td><td>3N\/380V\/50Hz<\/td><\/tr><tr><td>Galia<\/td><td>12kw<\/td><\/tr><tr><td>Kontroliuoti temperat\u016bros diapazon\u0105<\/td><td>90-190 \u2103<\/td><\/tr><tr><td>Dydis<\/td><td>960\u00d7460\u00d71230 mm<\/td><\/tr><tr><td>Pakuot\u0117s dydis<\/td><td>1030\u00d7510\u00d71300 mm<\/td><\/tr><tr><td>Talpa<\/td><td>24L<\/td><\/tr><tr><td>Svoris<\/td><td>110 kg<\/td><\/tr><tr><td>Bendras svoris<\/td><td>135 kg<\/td><\/tr><tr><td>Kontrol\u0117s skydelis<\/td><td>rankinis skydelis<\/td><\/tr><\/tbody><\/table><\/figure>\n\n\n\n<p><gwmw style=\"display:none;\"><\/gwmw><\/p>","protected":false},"excerpt":{"rendered":"<p>This section pressure fryer is the company absorbing foreign advanced technology, development and production of the latest fried chicken oven fried chicken production process according to the characteristics of Western and traditional Chinese roast chicken. The whole body of stainless steel, electronic timing, automatic temperature control exhaust pressure. Using low-temperature high-pressure principle, fried food crisp [&#8230;]\n","protected":false},"featured_media":1582,"template":"","meta":[],"product_brand":[],"product_cat":[85],"product_tag":[],"class_list":{"0":"post-1349","1":"product","2":"type-product","3":"status-publish","4":"has-post-thumbnail","6":"product_cat-electric-pressure-fryers","8":"first","9":"instock","10":"shipping-taxable","11":"product-type-simple"},"_links":{"self":[{"href":"https:\/\/www.ccmmachine.com\/lt\/wp-json\/wp\/v2\/product\/1349","targetHints":{"allow":["GET"]}}],"collection":[{"href":"https:\/\/www.ccmmachine.com\/lt\/wp-json\/wp\/v2\/product"}],"about":[{"href":"https:\/\/www.ccmmachine.com\/lt\/wp-json\/wp\/v2\/types\/product"}],"wp:featuredmedia":[{"embeddable":true,"href":"https:\/\/www.ccmmachine.com\/lt\/wp-json\/wp\/v2\/media\/1582"}],"wp:attachment":[{"href":"https:\/\/www.ccmmachine.com\/lt\/wp-json\/wp\/v2\/media?parent=1349"}],"wp:term":[{"taxonomy":"product_brand","embeddable":true,"href":"https:\/\/www.ccmmachine.com\/lt\/wp-json\/wp\/v2\/product_brand?post=1349"},{"taxonomy":"product_cat","embeddable":true,"href":"https:\/\/www.ccmmachine.com\/lt\/wp-json\/wp\/v2\/product_cat?post=1349"},{"taxonomy":"product_tag","embeddable":true,"href":"https:\/\/www.ccmmachine.com\/lt\/wp-json\/wp\/v2\/product_tag?post=1349"}],"curies":[{"name":"wp","href":"https:\/\/api.w.org\/{rel}","templated":true}]}}