{"id":1345,"date":"2024-03-21T04:03:01","date_gmt":"2024-03-21T04:03:01","guid":{"rendered":"https:\/\/www.ccmmachine.com\/?post_type=product&#038;p=1345"},"modified":"2024-03-21T04:03:05","modified_gmt":"2024-03-21T04:03:05","slug":"elektrine-greitoji-gruzdintuve-pfe-500","status":"publish","type":"product","link":"https:\/\/www.ccmmachine.com\/lt\/product\/electric-pressure-fryer-pfe-500\/","title":{"rendered":"Elektrin\u0117 sl\u0117gin\u0117 gruzdintuv\u0117 PFE-500"},"content":{"rendered":"<p>\u0160ios serijos amerikieti\u0161kos keptos vi\u0161tienos krosnys yra \u012fmon\u0117, \u012fsisavinanti pa\u017eangias u\u017esienio technologijas, atsi\u017evelgdama \u012f vakarieti\u0161kos ir tradicin\u0117s Kinijos vi\u0161tienos keptos vi\u0161tienos gamybos proceso ypatybes kuriant ir gaminant naujausi\u0105 keptos vi\u0161tienos krosn\u012f. Visas korpusas i\u0161 ner\u016bdijan\u010dio plieno, paprastas valdymas, automatinis temperat\u016bros valdymo i\u0161metimo sl\u0117gis.<br>Naudojant \u017eemos temperat\u016bros auk\u0161to sl\u0117gio principus, lauke keptas maistas tra\u0161kus ir \u0161velnus, ry\u0161kios spalvos, taip pat kepta antiena, kepta vi\u0161tiena, kepta vi\u0161tiena, vi\u0161tienos sparneliai, \u017euvis, kiauliena ir kita m\u0117sa bei bulv\u0117s ir kitos dar\u017eov\u0117s. Taikoma visoms didel\u0117ms parduotuv\u0117ms, vie\u0161bu\u010diams, greito maisto restoranams, u\u017ekand\u017ei\u0173 barams, gamykl\u0173 valgykloms ir savaranki\u0161kai dirbantiems nam\u0173 \u016bkiams. Paprastas valdymas, \u0161varus, paprastas naudoti, didelis efektyvumas, ilgaam\u017ei\u0161kumas ir kitos savyb\u0117s. Tai naujausio tipo maisto perdirbimo ma\u0161inos ir \u012franga.<gwmw style=\"display:none;\"><\/gwmw><\/p>\n\n\n\n<h3 class=\"wp-block-heading\"><strong>Funkcijos:<\/strong><gwmw style=\"display:none;\"><\/gwmw><\/h3>\n\n\n\n<p>1, visas ner\u016bdijan\u010dio plieno korpusas, lengvas plauti ir nuvalyti ilg\u0105 tarnavimo laik\u0105.<br>2, aliuminio dangtis, tvirtas ir lengvas, lengvai atidaromas ir u\u017edaromas.<br>3, \u012fmontuota filtravimo sistema, paprasta naudoti ir taupanti energij\u0105.<br>4, keturi\u0173 ratuk\u0173 keliamoji galia kartu su stabd\u017ei\u0173 funkcija, lengvu jud\u0117jimu ir pad\u0117ties nustatymu.<br>5, klasikinis ma\u0161inos valdymo skydelis, paprastesnis ir efektyvesnis.<\/p>\n\n\n\n<figure class=\"wp-block-table\"><table><tbody><tr><td>vardas<\/td><td>Elektrin\u0117 sl\u0117gin\u0117 gruzdintuv\u0117<\/td><\/tr><tr><td>vardas<\/td><td>PFE-500<\/td><\/tr><tr><td>\u012etampa<\/td><td>~3N380v\/50Hz (~3N220v\/60Hz)<\/td><\/tr><tr><td>Galia<\/td><td>13,5kw<\/td><\/tr><tr><td>Kontroliuoti temperat\u016bros diapazon\u0105<\/td><td>20-200 \u2103<\/td><\/tr><tr><td>Dydis<\/td><td>960\u00d7460\u00d71230 mm<\/td><\/tr><tr><td>Pakuot\u0117s dydis<\/td><td>1030\u00d7510\u00d71300 mm<\/td><\/tr><tr><td>Talpa<\/td><td>24L<\/td><\/tr><tr><td>Svoris<\/td><td>135 kg<\/td><\/tr><tr><td>Bendras svoris<\/td><td>155 kg<\/td><\/tr><tr><td>Kontrol\u0117s skydelis<\/td><td>rankinis skydelis<\/td><\/tr><\/tbody><\/table><\/figure>\n\n\n\n<figure class=\"wp-block-image size-full\"><img decoding=\"async\" width=\"740\" height=\"300\" src=\"https:\/\/www.ccmmachine.com\/wp-content\/uploads\/2024\/03\/Electric-Pressure-fryer-PFE-500-001.webp\" alt=\"\" class=\"wp-image-1577\" srcset=\"https:\/\/www.ccmmachine.com\/wp-content\/uploads\/2024\/03\/Electric-Pressure-fryer-PFE-500-001.webp 740w, https:\/\/www.ccmmachine.com\/wp-content\/uploads\/2024\/03\/Electric-Pressure-fryer-PFE-500-001-700x284.webp 700w, https:\/\/www.ccmmachine.com\/wp-content\/uploads\/2024\/03\/Electric-Pressure-fryer-PFE-500-001-300x122.webp 300w, https:\/\/www.ccmmachine.com\/wp-content\/uploads\/2024\/03\/Electric-Pressure-fryer-PFE-500-001-18x7.webp 18w\" sizes=\"(max-width: 740px) 100vw, 740px\" \/><\/figure>\n\n\n\n<figure class=\"wp-block-image size-full\"><img decoding=\"async\" width=\"472\" height=\"461\" src=\"https:\/\/www.ccmmachine.com\/wp-content\/uploads\/2024\/03\/Electric-Pressure-fryer-PFE-500-002.webp\" alt=\"\" class=\"wp-image-1578\" srcset=\"https:\/\/www.ccmmachine.com\/wp-content\/uploads\/2024\/03\/Electric-Pressure-fryer-PFE-500-002.webp 472w, https:\/\/www.ccmmachine.com\/wp-content\/uploads\/2024\/03\/Electric-Pressure-fryer-PFE-500-002-300x293.webp 300w, https:\/\/www.ccmmachine.com\/wp-content\/uploads\/2024\/03\/Electric-Pressure-fryer-PFE-500-002-12x12.webp 12w\" sizes=\"(max-width: 472px) 100vw, 472px\" \/><\/figure>\n\n\n\n<p><gwmw style=\"display:none;\"><\/gwmw><\/p>","protected":false},"excerpt":{"rendered":"<p>This series American fried chicken oven is a company absorbing the foreign advanced technology, according to the production process characteristics of Western and traditional Chinese chicken fried chicken in the development and production of the latest fried chicken oven. The whole body of stainless steel, simple operation, automatic temperature control exhaust pressure.Using low-temperature high-pressure principles, [&#8230;]\n","protected":false},"featured_media":1576,"template":"","meta":[],"product_brand":[],"product_cat":[85],"product_tag":[],"class_list":{"0":"post-1345","1":"product","2":"type-product","3":"status-publish","4":"has-post-thumbnail","6":"product_cat-electric-pressure-fryers","8":"first","9":"instock","10":"shipping-taxable","11":"product-type-simple"},"_links":{"self":[{"href":"https:\/\/www.ccmmachine.com\/lt\/wp-json\/wp\/v2\/product\/1345","targetHints":{"allow":["GET"]}}],"collection":[{"href":"https:\/\/www.ccmmachine.com\/lt\/wp-json\/wp\/v2\/product"}],"about":[{"href":"https:\/\/www.ccmmachine.com\/lt\/wp-json\/wp\/v2\/types\/product"}],"wp:featuredmedia":[{"embeddable":true,"href":"https:\/\/www.ccmmachine.com\/lt\/wp-json\/wp\/v2\/media\/1576"}],"wp:attachment":[{"href":"https:\/\/www.ccmmachine.com\/lt\/wp-json\/wp\/v2\/media?parent=1345"}],"wp:term":[{"taxonomy":"product_brand","embeddable":true,"href":"https:\/\/www.ccmmachine.com\/lt\/wp-json\/wp\/v2\/product_brand?post=1345"},{"taxonomy":"product_cat","embeddable":true,"href":"https:\/\/www.ccmmachine.com\/lt\/wp-json\/wp\/v2\/product_cat?post=1345"},{"taxonomy":"product_tag","embeddable":true,"href":"https:\/\/www.ccmmachine.com\/lt\/wp-json\/wp\/v2\/product_tag?post=1345"}],"curies":[{"name":"wp","href":"https:\/\/api.w.org\/{rel}","templated":true}]}}