{"id":1340,"date":"2024-03-21T03:52:28","date_gmt":"2024-03-21T03:52:28","guid":{"rendered":"https:\/\/www.ccmmachine.com\/?post_type=product&#038;p=1340"},"modified":"2024-03-21T03:52:31","modified_gmt":"2024-03-21T03:52:31","slug":"elektrine-greitoji-gruzdintuve-pfe-600","status":"publish","type":"product","link":"https:\/\/www.ccmmachine.com\/lt\/product\/electric-pressure-fryer-pfe-600\/","title":{"rendered":"Elektrin\u0117 sl\u0117gin\u0117 gruzdintuv\u0117 PFE-600"},"content":{"rendered":"<p><strong>Prek\u0117s apra\u0161ymas:<\/strong><\/p>\n\n\n\n<p>1 Visas ner\u016bdijan\u010dio plieno korpusas, kur\u012f lengva plauti ir nu\u0161luostyti, ilgas tarnavimo laikas.<br>2 Visas aliuminio dangtis tvirtas ir lengvas, lengvai atidaromas ir u\u017edaromas.<br>3 Integruota automatin\u0117 filtravimo sistema yra paprasta naudoti ir taupo energij\u0105.<\/p>\n\n\n\n<p>\u0160i amerikieti\u0161k\u0173 kept\u0173 vi\u0161tienos krosneli\u0173 serija yra \u012fmon\u0117, \u012fsisavinanti pa\u017eangias u\u017esienio technologijas, atsi\u017evelgdama \u012f vakarieti\u0161kos ir tradicin\u0117s Kinijos vi\u0161tienos keptos vi\u0161tienos gamybos proceso ypatybes kuriant ir gaminant naujausi\u0105 keptos vi\u0161tienos krosn\u012f. Visas korpusas i\u0161 ner\u016bdijan\u010dio plieno, LCD kompiuterio valdymo pultas, paprastas valdymas, automatinis temperat\u016bros valdymo i\u0161metimo sl\u0117gis. Naudojant \u017eemos temperat\u016bros auk\u0161to sl\u0117gio principus, lauke keptas maistas tra\u0161kus, \u0161velnus, ry\u0161ki\u0173 spalv\u0173, taip pat kepta antiena, kepta vi\u0161tiena, kepta vi\u0161tiena, vi\u0161tienos sparneliai, \u017euvis, kiauliena ir kita m\u0117sa, bulv\u0117s ir kitos dar\u017eov\u0117s. Taikoma visoms didel\u0117ms parduotuv\u0117ms, vie\u0161bu\u010diams, greito maisto restoranams, u\u017ekand\u017ei\u0173 barams, gamykl\u0173 valgykloms ir savaranki\u0161kai dirbantiems nam\u0173 \u016bkiams. Paprastas valdymas, \u0161varus, paprastas naudoti, didelis efektyvumas, ilgaam\u017ei\u0161kumas ir kitos savyb\u0117s. Tai naujausio tipo maisto perdirbimo ma\u0161inos ir \u012franga.<gwmw style=\"display:none;\"><\/gwmw><\/p>\n\n\n\n<p><strong>Funkcijos:<\/strong><br>1, visas ner\u016bdijan\u010dio plieno korpusas, lengvas plauti ir nuvalyti ilg\u0105 tarnavimo laik\u0105.<br>2, Visas aliuminio dangtis, tvirtas ir lengvas, lengvai atidaromas ir u\u017edaromas.<br>3, Integruota automatin\u0117 filtravimo sistema, paprasta naudoti ir taupanti energij\u0105.<br>4, keturi\u0173 ratuk\u0173 keliamoji galia kartu su stabd\u017ei\u0173 funkcija, lengvu jud\u0117jimu ir pad\u0117ties nustatymu.<br>5, LCD skaitmeninio ekrano valdymo pultas, tikslesnis ir gra\u017eesnis.<\/p>\n\n\n\n<figure class=\"wp-block-table\"><table><tbody><tr><td>vardas<\/td><td>Elektrin\u0117 sl\u0117gin\u0117 gruzdintuv\u0117<\/td><\/tr><tr><td>vardas<\/td><td>PFE-600<\/td><\/tr><tr><td>\u012etampa<\/td><td>~3N380v\/50Hz (~3N220v\/60Hz)<\/td><\/tr><tr><td>Galia<\/td><td>13,5kw<\/td><\/tr><tr><td>Kontroliuoti temperat\u016bros diapazon\u0105<\/td><td>20-200 \u2103<\/td><\/tr><tr><td>Dydis<\/td><td>960\u00d7460\u00d71230 mm<\/td><\/tr><tr><td>Pakuot\u0117s dydis<\/td><td>1030\u00d7510\u00d71300 mm<\/td><\/tr><tr><td>Talpa<\/td><td>24L<\/td><\/tr><tr><td>Svoris<\/td><td>135 kg<\/td><\/tr><tr><td>Bendras svoris<\/td><td>155 kg<\/td><\/tr><tr><td>Kontrol\u0117s skydelis<\/td><td>LED valdymo pultas<\/td><\/tr><\/tbody><\/table><\/figure>\n\n\n\n<figure class=\"wp-block-image\"><img decoding=\"async\" src=\"https:\/\/www.ccmmachine.com\/wp-content\/uploads\/2019\/09\/Electric-Pressure-fryer-PFE-600-001.jpg\" alt=\"\" class=\"wp-image-1342\"\/><\/figure>\n\n\n\n<figure class=\"wp-block-image\"><img decoding=\"async\" src=\"https:\/\/www.ccmmachine.com\/wp-content\/uploads\/2019\/09\/Electric-Pressure-fryer-PFE-600-002.jpg\" alt=\"\" class=\"wp-image-1344\"\/><\/figure>\n\n\n\n<p><gwmw style=\"display:none;\"><\/gwmw><\/p>","protected":false},"excerpt":{"rendered":"<p>Product Description\uff1a 1 All stainless steel body easy to wash and wipe long service life.2 All aluminum lid rugged and lightweight easy to open and close.3 The built-in automatic filtration system is easy to use and energy-efficient. This series of American fried chicken Ovens is a company absorbing foreign advanced technology, according to the production [&#8230;]\n","protected":false},"featured_media":1568,"template":"","meta":[],"product_brand":[],"product_cat":[85],"product_tag":[],"class_list":{"0":"post-1340","1":"product","2":"type-product","3":"status-publish","4":"has-post-thumbnail","6":"product_cat-electric-pressure-fryers","8":"first","9":"instock","10":"shipping-taxable","11":"product-type-simple"},"_links":{"self":[{"href":"https:\/\/www.ccmmachine.com\/lt\/wp-json\/wp\/v2\/product\/1340","targetHints":{"allow":["GET"]}}],"collection":[{"href":"https:\/\/www.ccmmachine.com\/lt\/wp-json\/wp\/v2\/product"}],"about":[{"href":"https:\/\/www.ccmmachine.com\/lt\/wp-json\/wp\/v2\/types\/product"}],"wp:featuredmedia":[{"embeddable":true,"href":"https:\/\/www.ccmmachine.com\/lt\/wp-json\/wp\/v2\/media\/1568"}],"wp:attachment":[{"href":"https:\/\/www.ccmmachine.com\/lt\/wp-json\/wp\/v2\/media?parent=1340"}],"wp:term":[{"taxonomy":"product_brand","embeddable":true,"href":"https:\/\/www.ccmmachine.com\/lt\/wp-json\/wp\/v2\/product_brand?post=1340"},{"taxonomy":"product_cat","embeddable":true,"href":"https:\/\/www.ccmmachine.com\/lt\/wp-json\/wp\/v2\/product_cat?post=1340"},{"taxonomy":"product_tag","embeddable":true,"href":"https:\/\/www.ccmmachine.com\/lt\/wp-json\/wp\/v2\/product_tag?post=1340"}],"curies":[{"name":"wp","href":"https:\/\/api.w.org\/{rel}","templated":true}]}}