{"id":1312,"date":"2024-03-21T02:37:40","date_gmt":"2024-03-21T02:37:40","guid":{"rendered":"https:\/\/www.ccmmachine.com\/?post_type=product&#038;p=1312"},"modified":"2024-03-21T02:54:52","modified_gmt":"2024-03-21T02:54:52","slug":"dujine-gruzdintuve-pfg-600","status":"publish","type":"product","link":"https:\/\/www.ccmmachine.com\/lt\/product\/gas-pressure-fryer-pfg-600\/","title":{"rendered":"Dujin\u0117 gruzdintuv\u0117 PFG-600"},"content":{"rendered":"<h3 class=\"wp-block-heading\"><strong>Prek\u0117s apra\u0161ymas:<\/strong><\/h3>\n\n\n\n<ol class=\"wp-block-list\">\n<li>&nbsp;Visas ner\u016bdijan\u010dio plieno korpusas, lengvai plaunamas ir valomas, ilgas tarnavimo laikas.<\/li>\n\n\n\n<li>&nbsp;aliuminio dangtelis, tvirtas ir lengvas, lengvai atidaromas ir u\u017edaromas.<\/li>\n\n\n\n<li>&nbsp;keturi\u0173 ratuk\u0173 keliamoji galia kartu su stabd\u017ei\u0173 funkcija, lengvu jud\u0117jimu ir pad\u0117ties nustatymu.<\/li>\n\n\n\n<li>&nbsp;Skydinio kompiuterio valdymo sistema, puiki, tiksli.<\/li>\n\n\n\n<li>&nbsp;Integruota automatin\u0117 filtravimo sistema, paprasta naudoti ir taupanti energij\u0105.<\/li>\n<\/ol>\n\n\n\n<p>Duj\u0173 sl\u0117gyje kept\u0173 vi\u0161tienos krosni\u0173 serija yra m\u016bs\u0173 \u012fmon\u0117s sukurta prietais\u0173 linija, apimanti pa\u017eangias technologijas i\u0161 u\u017esienio. \u0160ios krosnys skirtos specialiai keptos vi\u0161tienos gamybai, atsi\u017evelgiant tiek \u012f vakarieti\u0161kus, tiek \u012f tradicinius kini\u0161kus vi\u0161tienos kepimo b\u016bdus. Visas orkait\u0117s korpusas pagamintas i\u0161 ner\u016bdijan\u010dio plieno, o kompiuterio valdymo pultas leid\u017eia automati\u0161kai reguliuoti i\u0161metam\u0173j\u0173 duj\u0173 sl\u0117g\u012f. Naudodamos \u017eemos temperat\u016bros auk\u0161to sl\u0117gio princip\u0105, m\u016bs\u0173 orkait\u0117s gamina tra\u0161kius ir mink\u0161tus ry\u0161kios spalvos keptus patiekalus. Be vi\u0161tienos, juose taip pat galima kepti antien\u0105, \u017euv\u012f, kiaulien\u0105, jautien\u0105, avien\u0105, bulves ir kitas dar\u017eoves. M\u016bs\u0173 krosnys yra tinkamos naudoti \u012fvairiose \u012fstaigose, tokiose kaip parduotuv\u0117s, vie\u0161bu\u010diai, greito maisto restoranai, u\u017ekand\u017ei\u0173 barai, gamykl\u0173 valgyklos ir net savaranki\u0161kai dirbantiems asmenims. Jie yra lengvai valdomi, valomi ir labai efektyv\u016bs, tod\u0117l yra naujausia ir pa\u017eangiausia maisto perdirbimo ma\u0161ina ir \u012franga.<\/p>\n\n\n\n<figure class=\"wp-block-table\"><table><tbody><tr><td><strong>vardas<\/strong><\/td><td>duj\u0173 sl\u0117gin\u0117 gruzdintuv\u0117<\/td><\/tr><tr><td><strong>Modelis<\/strong><\/td><td>PFG-600<\/td><\/tr><tr><td><strong>Darbinis sl\u0117gis<\/strong><\/td><td>0,085 MPa<\/td><\/tr><tr><td><strong>Kontroliuoti temperat\u016bros diapazon\u0105<\/strong><\/td><td>20-200 \u2103<\/td><\/tr><tr><td><strong>Duj\u0173 suvartojimas<\/strong><\/td><td>apie 0,48 kg\/h (\u012fskaitant laikymo laik\u0105)<\/td><\/tr><tr><td><strong>\u012etampa<\/strong><\/td><td>&nbsp;~220V\/50Hz-60Hz<\/td><\/tr><tr><td><strong>Kuro<\/strong><\/td><td>LPG\/gamtin\u0117s dujos<\/td><\/tr><tr><td><strong>Dydis<\/strong><\/td><td>460\u00d7960\u00d71230 mm<\/td><\/tr><tr><td><strong>Pakuot\u0117s dydis<\/strong><\/td><td>510\u00d71030\u00d71300 mm<\/td><\/tr><tr><td><strong>Talpa<\/strong><\/td><td>24L<\/td><\/tr><tr><td><strong>Svoris<\/strong><\/td><td>135 kg<\/td><\/tr><tr><td><strong>Bendras svoris<\/strong><\/td><td>155 kg<\/td><\/tr><tr><td><strong>Kontrol\u0117s skydelis<\/strong><\/td><td>LCD<\/td><\/tr><\/tbody><\/table><\/figure>\n\n\n\n<figure class=\"wp-block-image\"><img decoding=\"async\" src=\"https:\/\/www.ccmmachine.com\/wp-content\/uploads\/2019\/08\/Electric-Pressure-fryer-PFE-600L-001.jpg\" alt=\"\" class=\"wp-image-1304\"\/><\/figure>","protected":false},"excerpt":{"rendered":"<p>Product Description\uff1a The\u00a0Gas\u00a0Pressure\u00a0Fried\u00a0Chicken\u00a0Furnace series\u00a0is a line of\u00a0devices\u00a0developed\u00a0by our\u00a0company,\u00a0incorporating advanced technology\u00a0from abroad. These\u00a0ovens\u00a0are designed\u00a0specifically\u00a0for\u00a0the\u00a0production of\u00a0fried chicken,\u00a0taking\u00a0into account\u00a0both Western and traditional Chinese\u00a0methods of\u00a0roasting\u00a0chicken. The entire\u00a0body of\u00a0the oven is\u00a0made of stainless steel,\u00a0and the\u00a0computer control panel allows for automatic\u00a0regulation of exhaust pressure.\u00a0By utilizing\u00a0the\u00a0low-temperature high-pressure principle,\u00a0our\u00a0ovens\u00a0produce\u00a0crispy\u00a0and tender\u00a0fried food with a\u00a0bright color. In addition to chicken, they\u00a0can also\u00a0be\u00a0used\u00a0to fry\u00a0duck, fish, pork, [&#8230;]\n","protected":false},"featured_media":1563,"template":"","meta":[],"product_brand":[],"product_cat":[86],"product_tag":[],"class_list":{"0":"post-1312","1":"product","2":"type-product","3":"status-publish","4":"has-post-thumbnail","6":"product_cat-gas-pressure-fryers","8":"first","9":"instock","10":"shipping-taxable","11":"product-type-simple"},"_links":{"self":[{"href":"https:\/\/www.ccmmachine.com\/lt\/wp-json\/wp\/v2\/product\/1312","targetHints":{"allow":["GET"]}}],"collection":[{"href":"https:\/\/www.ccmmachine.com\/lt\/wp-json\/wp\/v2\/product"}],"about":[{"href":"https:\/\/www.ccmmachine.com\/lt\/wp-json\/wp\/v2\/types\/product"}],"wp:featuredmedia":[{"embeddable":true,"href":"https:\/\/www.ccmmachine.com\/lt\/wp-json\/wp\/v2\/media\/1563"}],"wp:attachment":[{"href":"https:\/\/www.ccmmachine.com\/lt\/wp-json\/wp\/v2\/media?parent=1312"}],"wp:term":[{"taxonomy":"product_brand","embeddable":true,"href":"https:\/\/www.ccmmachine.com\/lt\/wp-json\/wp\/v2\/product_brand?post=1312"},{"taxonomy":"product_cat","embeddable":true,"href":"https:\/\/www.ccmmachine.com\/lt\/wp-json\/wp\/v2\/product_cat?post=1312"},{"taxonomy":"product_tag","embeddable":true,"href":"https:\/\/www.ccmmachine.com\/lt\/wp-json\/wp\/v2\/product_tag?post=1312"}],"curies":[{"name":"wp","href":"https:\/\/api.w.org\/{rel}","templated":true}]}}