{"id":3,"date":"2019-07-18T17:44:06","date_gmt":"2019-07-18T17:44:06","guid":{"rendered":"http:\/\/www.ccmmachine.com\/?page_id=3"},"modified":"2019-09-08T08:06:10","modified_gmt":"2019-09-08T08:06:10","slug":"privatumo-politika","status":"publish","type":"page","link":"https:\/\/www.ccmmachine.com\/lt\/privacy-policy\/","title":{"rendered":"Privatumo politika"},"content":{"rendered":"<h3 style=\"text-align: center;\">Privatumo politika<\/h3>\n<p><strong>\u012esipareigojusi<\/strong><\/p>\n<p>Esame \u012fsipareigoj\u0119 saugoti privatum\u0105, asmenin\u0119 informacij\u0105 ir asmenin\u0119 informacij\u0105 (bendrai vadinama \u201easmens duomenimis\u201c), kuri\u0105 pateikiame naudodamiesi m\u016bs\u0173 svetaine, kad gal\u0117tume rinkti, naudoti, saugoti ir perduoti asmens duomenis (su asmens duomenimis). privatumas). atitinkamus \u012fstatymus ir kitus teis\u0117s aktus) ir auk\u0161\u010diausius vartotoj\u0173 apsaugos standartus.<\/p>\n<p>Siekdami u\u017etikrinti, kad visi\u0161kai pasitik\u0117tum\u0117te m\u016bs\u0173 tvarkomu j\u016bs\u0173 asmens duomenimis, tur\u0117tum\u0117te i\u0161samiai perskaityti ir suprasti Privatumo politikos nuostatas. Vis\u0173 pirma, kai naudosit\u0117s m\u016bs\u0173 svetaine, bus laikoma, kad sutinkate, sutinkate, pa\u017eadate ir patvirtinate:<\/p>\n<p>J\u016bs savanori\u0161kai atskleid\u017eiate mums asmenin\u0119 informacij\u0105 gav\u0119 reikiam\u0105 sutikim\u0105;<\/p>\n<p>J\u016bs laikysit\u0117s vis\u0173 \u0161ios Privatumo politikos s\u0105lyg\u0173 ir apribojim\u0173;<\/p>\n<p>J\u016bs u\u017esiregistruojate m\u016bs\u0173 svetain\u0117je ir informacija bus renkama;<\/p>\n<p>J\u016bs sutinkate su bet kokiais m\u016bs\u0173 privatumo politikos pakeitimais ateityje;<\/p>\n<p>J\u016bs sutinkate su m\u016bs\u0173 filialais, filialais, darbuotojais ir galite susidom\u0117ti produktais bei paslaugomis, kurie gali jus sudominti (nebent nurod\u0117te, kad toki\u0173 prane\u0161im\u0173 gauti nenorite).<\/p>\n<p><strong>Renkam\u0173 asmens duomen\u0173 tipas<\/strong><\/p>\n<p>Asmens duomenis renkame, tvarkome ir stebime gav\u0119 J\u016bs\u0173 sutikim\u0105. Kad gal\u0117tume teikti jums m\u016bs\u0173 paslaugas, tur\u0117site pateikti asmens duomenis ir ne\u012fvardyt\u0105 med\u017eiag\u0105, kuri, m\u016bs\u0173 nuomone, yra b\u016btina norint \u012fvykdyti j\u016bs\u0173 nurodymus ir toliau tobulinti m\u016bs\u0173 paslaugas, \u012fskaitant, bet tuo neapsiribojant:<\/p>\n<p><strong>Asmenin\u0117 informacija<\/strong><\/p>\n<p>\u2013 J\u016bs\u0173 vardas, lytis, am\u017eius, gimimo data, telefono numeris, fakso numeris, adresas arba pa\u0161to adresas, el.<\/p>\n<p><strong>Ne\u012fvardyta med\u017eiaga<\/strong><\/p>\n<p>Asmens duomen\u0173 ir ne\u012fvardytos informacijos rinkimo tikslas ir naudojimas yra toks:<\/p>\n<p>Teikti mums paslaugas per m\u016bs\u0173 svetain\u0119;<\/p>\n<p>Kai naudojat\u0117s m\u016bs\u0173 svetaine, galite nustatyti ir patvirtinti savo tapatyb\u0119;<\/p>\n<p>Leiskite jums jaustis, kai naudojat\u0117s m\u016bs\u0173 svetaine;<\/p>\n<p>Esant poreikiui m\u016bs\u0173 klient\u0173 aptarnavimo darbuotojai gali su Jumis susisiekti;<\/p>\n<p>Statistika apie naudojim\u0105si m\u016bs\u0173 svetaine;<\/p>\n<p>palengvinti naudojim\u0105si m\u016bs\u0173 svetaine;<\/p>\n<p>Atlikti rinkos tyrim\u0173 apklausas, kad pagerintume m\u016bs\u0173 produktus, paslaugas ir svetain\u0117s turin\u012f;<\/p>\n<p>Rinkti informacij\u0105 m\u016bs\u0173 veiklai, rinkodaros ir skatinimo programoms;<\/p>\n<p>Laikytis \u012fstatym\u0173, vyriausyb\u0117s ir reguliavimo institucij\u0173, \u012fskaitant, bet neapsiribojant, asmens duomen\u0173 atskleidim\u0105 ir prane\u0161imus;<\/p>\n<p>Leiskite mums ir m\u016bs\u0173 filialams, filialams, filialams, darbuotojams, agentams, paslaug\u0173 partneriams ar kitoms tre\u010diosioms \u0161alims, kurios dirba su mumis \u0161alyje, kurioje gyvenate, reklamuoti produktus ir (arba) paslaugas;<\/p>\n<p>Analizuoti, patikrinti ir (arba) per\u017ei\u016br\u0117ti savo kredit\u0105, mok\u0117jim\u0105 ir (arba) b\u016bsen\u0105, susijusi\u0105 su m\u016bs\u0173 teikiamomis paslaugomis;<\/p>\n<p>J\u016bs\u0173 pra\u0161ymu apdoroti visas mok\u0117jimo instrukcijas, tiesioginio debeto ir (arba) kredito susitarimus;<\/p>\n<p>Leid\u017eia jums valdyti savo s\u0105skait\u0105 ir (arba) leid\u017eia mums i\u0161 s\u0105skaitos atsiimti nesumok\u0117t\u0105 paslaugos mokest\u012f.<\/p>\n<p><strong>Slapukai<\/strong><\/p>\n<p>Kai lankot\u0117s m\u016bs\u0173 svetain\u0117je, naudojame \u201eGoogle\u201c statistik\u0105, kad u\u017efiksuotume savo veikl\u0105 ir patikrintume internetin\u0117s reklamos efektyvum\u0105 naudodami slapukus. Slapukas yra nedidelis duomen\u0173 kiekis, siun\u010diamas \u012f j\u016bs\u0173 nar\u0161ykl\u0119 ir saugomas j\u016bs\u0173 kompiuterio stand\u017eiajame diske. Slapukai gali b\u016bti siun\u010diami tik \u012f j\u016bs\u0173 kompiuterio stand\u0173j\u012f disk\u0105, kai naudojat\u0117s kompiuteriu, kad pasiektum\u0117te m\u016bs\u0173 svetain\u0119. Slapukai da\u017enai naudojami siekiant \u012fra\u0161yti lankytoj\u0173 \u012fpro\u010dius ir pageidavimus nar\u0161ant \u012fvairias prekes m\u016bs\u0173 svetain\u0117je. Slapuk\u0173 surinkta informacija yra neregistruota kolektyvin\u0117 statistika ir joje n\u0117ra asmens duomen\u0173. Slapukai negali b\u016bti naudojami norint gauti duomenis apie j\u016bs\u0173 stand\u0173j\u012f disk\u0105, j\u016bs\u0173 el. pa\u0161to adres\u0105 ir j\u016bs\u0173 asmeninius duomenis. Kai dar kart\u0105 apsilankysite m\u016bs\u0173 svetain\u0117je, galite i\u0161saugoti veiksmus, kad v\u0117l u\u017esiregistruotum\u0117te. Dauguma nar\u0161ykli\u0173 yra i\u0161 anksto nustatytos priimti slapukus. Galite pasirinkti, kad nar\u0161ykl\u0117 nepriimt\u0173 slapuk\u0173 arba prane\u0161t\u0173, jei slapukai yra \u012fdiegti. Ta\u010diau, jei nustatote slapuk\u0173 draudim\u0105, jums gali nepavykti suaktyvinti arba naudoti tam tikr\u0173 m\u016bs\u0173 svetain\u0117s funkcij\u0173.<\/p>\n<p>Jei neu\u017edrausite ar nepa\u0161alinsite slapuk\u0173, kiekvien\u0105 kart\u0105, kai naudojat\u0117s tuo pa\u010diu kompiuteriu, kad pasiektum\u0117te m\u016bs\u0173 svetain\u0119, m\u016bs\u0173 \u017einiatinklio serveris prane\u0161 mums, kad apsilank\u0117te m\u016bs\u0173 svetain\u0117je, o mes identifikuosime jus ir j\u016bs\u0173 registracijos bei mok\u0117jimo duomenis. , rinkti informacij\u0105 apie naudojim\u0105, rinkos tyrimus, sekti pa\u017eang\u0105 ir dalyvauti reklamin\u0117je veikloje.<\/p>\n<p>Nor\u0117dami nuspr\u0119sti, ar priimti slapukus, galite pakeisti kompiuterio, kuriuo naudojat\u0117s prisijungdami prie m\u016bs\u0173 svetain\u0117s, nar\u0161ykl\u0117s nustatymus. Jei norite, galite pakeisti nar\u0161ykl\u0117s nustatymus. Jei savo nar\u0161ykl\u0117je nustatote savo nuostatas, galite priimti visus slapukus, gauti prane\u0161imus i\u0161 slapuk\u0173 ir netgi atmesti visus slapukus. Ta\u010diau jei savo nar\u0161ykl\u0117je nuspr\u0119site nenaudoti slapuk\u0173 arba atmesite visus slapukus, gali b\u016bti, kad negal\u0117site naudotis ar suaktyvinti tam tikr\u0173 m\u016bs\u0173 svetain\u0117s funkcij\u0173 arba gali tekti i\u0161 naujo prisijungti prie savo duomen\u0173.<\/p>\n<p><strong>I\u0161saugokite asmeninius duomenis ir ne\u012fvardyt\u0105 informacij\u0105<\/strong><\/p>\n<p>Asmens duomenys ir ne\u012fvardyta informacija, kuriuos mums pateikiate, saugomi tik tol, kol pasiekiamas rinkimo tikslas, nebent jie saugomi pagal galiojan\u010dius \u012fstatymus ir kitus teis\u0117s aktus.<\/p>\n<p><strong>Asmens duomen\u0173 nuosavyb\u0117 ir atskleidimas<\/strong><\/p>\n<p>Visa informacija, surinkta m\u016bs\u0173 svetain\u0117je, priklauso mums ir nebus nuomojama ar parduodama jokioms nesusijusioms tre\u010diosioms \u0161alims. Ta\u010diau asmens duomenys gali b\u016bti atskleisti:<\/p>\n<p><strong>Tiesioginiai pardavimai<\/strong><\/p>\n<p>Kai tik pateiksite mums savo asmenin\u0119 informacij\u0105, galite gauti telefono skambut\u012f, el. pa\u0161t\u0105 ir tiesiogin\u012f pa\u0161t\u0105 i\u0161 m\u016bs\u0173 arba m\u016bs\u0173 filialo. Jei nenorite gauti m\u016bs\u0173 tiesiogin\u0117s rinkodaros ir reklamin\u0117s med\u017eiagos, ra\u0161ykite mums \u017eemiau nurodytu adresu. Mes gerbsime j\u016bs\u0173 pra\u0161ym\u0105 ir daugiau nenaudosime j\u016bs\u0173 asmenin\u0117s informacijos tiesiogin\u0117s rinkodaros veikloje.<\/p>\n<p><strong>Asmens duomen\u0173 apsauga<\/strong><\/p>\n<p>\u012egyvendiname tinkamas fizines, elektronines, valdymo ir technines priemones, skirtas apsaugoti ir apsaugoti J\u016bs\u0173 asmens duomen\u0173 saugum\u0105. Stengiam\u0117s u\u017etikrinti, kad bet kokie m\u016bs\u0173 svetain\u0117je surinkti asmens duomenys nesukelt\u0173 nepatogum\u0173 i\u0161 tre\u010di\u0173j\u0173 \u0161ali\u0173, nesusijusi\u0173 su mumis. Apsaugos priemon\u0117s, kuri\u0173 imam\u0117s, apima, bet tuo neapsiriboja:<\/p>\n<p>Fizin\u0117s priemon\u0117s: \u012era\u0161ai su J\u016bs\u0173 asmens duomenimis bus saugomi u\u017erakintoje vietoje.<\/p>\n<p>Elektronin\u0117s priemon\u0117s: Kompiuteriniai duomenys, kuriuose yra j\u016bs\u0173 asmens duomenys, bus saugomi kompiuterin\u0117se sistemose ir laikmenose, laikantis grie\u017et\u0173 prisijungimo apribojim\u0173.<\/p>\n<p>Valdymo priemon\u0117s: prie j\u016bs\u0173 asmens duomen\u0173 gali susipa\u017einti tik m\u016bs\u0173 \u012fgalioti darbuotojai. \u0160ie darbuotojai privalo laikytis vidinio m\u016bs\u0173 asmens duomen\u0173 konfidencialumo kodekso.<\/p>\n<p>Technin\u0117s priemon\u0117s: j\u016bs\u0173 asmeniniams duomenims pateikti gali b\u016bti naudojama \u0161ifravimo technologija, tokia kaip Secure Socket Layer Encryption.<\/p>\n<p>Kitos priemon\u0117s: M\u016bs\u0173 \u017einiatinklio serveris yra apsaugotas \u201eugniasien\u0117s\u201c.<\/p>\n<p>Jei \u017einote apie m\u016bs\u0173 svetain\u0117s saugumo spragas, nedvejodami susisiekite su mumis, kad gal\u0117tume kuo grei\u010diau imtis atitinkam\u0173 veiksm\u0173.<\/p>\n<p>Nepaisant auk\u0161\u010diau nurodyt\u0173 technini\u0173 ir saugumo priemoni\u0173 \u012fgyvendinimo, negalime garantuoti absoliutaus duomen\u0173 saugumo internete, tod\u0117l negalime garantuoti, kad asmens duomenys, kuriuos mums pateikiate per m\u016bs\u0173 svetain\u0119, visada yra saug\u016bs. Mes nesame atsakingi u\u017e jokius incidentus, kylan\u010dius d\u0117l neteis\u0117tos prieigos prie j\u016bs\u0173 asmens duomen\u0173, ir neatsakome u\u017e jokius su tuo susijusius ar sukeltus nuostolius ar \u017eal\u0105.<\/p>\n<p><strong>Nepilnametis<\/strong><\/p>\n<p>Jei kuris nors i\u0161 t\u0117v\u0173 ar glob\u0117j\u0173 mano, kad nepilnametis pateik\u0117 mums asmenin\u0119 informacij\u0105 be t\u0117v\u0173 ar glob\u0117j\u0173 patvirtinimo ar sutikimo, nedvejodami susisiekite su m\u016bs\u0173 klient\u0173 aptarnavimo skyriumi ir \u012fsitikinkite, kad informacija b\u016bt\u0173 pa\u0161alinta ir i\u0161 m\u016bs\u0173 reklaminio s\u0105ra\u0161o. Pasitrauk\u0117.<\/p>\n<p><strong>Prieiga prie asmens duomen\u0173 ir j\u0173 taisymas<\/strong><\/p>\n<p><strong>J\u016bs turite teis\u0119:<\/strong><\/p>\n<p>Patikrinkite, ar turime j\u016bs\u0173 asmenin\u0117s informacijos;<\/p>\n<p>Prieiga prie m\u016bs\u0173 turim\u0173 j\u016bs\u0173 asmens duomen\u0173;<\/p>\n<p>Papra\u0161ykite m\u016bs\u0173 i\u0161taisyti bet koki\u0105 neteising\u0105 asmenin\u0119 informacij\u0105;<\/p>\n<p>Kartkart\u0117mis pasiteiraukite apie m\u016bs\u0173 turim\u0173 asmens duomen\u0173 pob\u016bd\u012f, politik\u0105 ir \u012fgyvendinimo b\u016bdus.<\/p>\n<p>Ta\u010diau labai ribotomis \u012fstatym\u0173 leid\u017eiamomis aplinkyb\u0117mis galime neleisti jums pasiekti j\u016bs\u0173 asmens duomen\u0173, toki\u0173 kaip:<\/p>\n<p>Jei gaunate ir gaunate savo asmenin\u0119 informacij\u0105, jums gali kilti pavojus;<\/p>\n<p>Kai j\u016bs\u0173 profilis gali tur\u0117ti \u012ftakos vykdomai apklausai;<\/p>\n<p>Kai j\u016bs\u0173 asmens duomenys yra susij\u0119 su teismo procesu ir jiems gali b\u016bti taikomi atskleidimo apribojimai.<\/p>\n<p>Kai j\u016bs\u0173 profilis susij\u0119s su verslo po\u017ei\u016briu svarbiu sprendim\u0173 pri\u0117mimo procesu;<\/p>\n<p>Kai \u012f t\u0105 pat\u012f \u012fra\u0161\u0105 \u012ftraukiamas ir kito asmens profilis.<\/p>\n<p>Jei norite susipa\u017einti su savo asmens duomenimis, juos pataisyti arba pra\u0161yti informacijos apie savo asmens duomenis, j\u0173 atlikim\u0105 ir j\u016bs\u0173 turim\u0173 asmens duomen\u0173 tip\u0105, tur\u0117tum\u0117te para\u0161yti mums \u017eemiau nurodytu adresu. U\u017e pra\u0161ymus leisti susipa\u017einti su informacija arba j\u0105 pataisyti gali b\u016bti taikomi pagr\u012fsti tvarkymo mokes\u010diai.<\/p>\n<p><strong>Saugokite slapta\u017eod\u012f<\/strong><\/p>\n<p>Be m\u016bs\u0173 pastang\u0173 u\u017etikrinti j\u016bs\u0173 asmens duomen\u0173 saugojimo ir tvarkymo saugum\u0105, niekam netur\u0117tum\u0117te atskleisti savo prisijungimo slapta\u017eod\u017eio ar paskyros informacijos, kad apsaugotum\u0117te savo asmeninius duomenis. Kai prisijungiate prie m\u016bs\u0173 svetain\u0117s, ypa\u010d kai naudojat\u0117s kieno nors kito kompiuteriu ar vie\u0161uoju interneto terminalu, nepamir\u0161kite spustel\u0117ti ir baigti po operacijos. J\u016bs\u0173 pastangos ir pagalba mums labai padeda apsaugoti j\u016bs\u0173 asmenin\u0119 informacij\u0105.<\/p>\n<p><strong>Privatumo politikos pakeitimas<\/strong><\/p>\n<p>\u0160i privatumo politika gali b\u016bti retkar\u010diais kei\u010diama (be i\u0161ankstinio \u012fsp\u0117jimo). Bet kokie privatumo politikos pakeitimai bus paskelbti m\u016bs\u0173 svetain\u0117je.<\/p>\n<p><strong>Susisiekite su mumis<\/strong><\/p>\n<p>Jei turite klausim\u0173 ar neai\u0161kum\u0173 d\u0117l m\u016bs\u0173 privatumo politikos, nedvejodami susisiekite su mumis.<\/p>","protected":false},"excerpt":{"rendered":"<p>Privacy Policy Committed to We are committed to protecting the privacy, personal information and personal information (collectively referred to as &#8220;Personal Data&#8221;) provided by us when using our website, so that we are able to collect, use, store and transmit personal data (with personal data privacy). Relevant laws and regulations) and the highest standards of [&#8230;]\n","protected":false},"author":1,"featured_media":0,"parent":0,"menu_order":0,"comment_status":"closed","ping_status":"open","template":"","meta":{"footnotes":""},"class_list":["post-3","page","type-page","status-publish","hentry"],"_links":{"self":[{"href":"https:\/\/www.ccmmachine.com\/lt\/wp-json\/wp\/v2\/pages\/3","targetHints":{"allow":["GET"]}}],"collection":[{"href":"https:\/\/www.ccmmachine.com\/lt\/wp-json\/wp\/v2\/pages"}],"about":[{"href":"https:\/\/www.ccmmachine.com\/lt\/wp-json\/wp\/v2\/types\/page"}],"author":[{"embeddable":true,"href":"https:\/\/www.ccmmachine.com\/lt\/wp-json\/wp\/v2\/users\/1"}],"replies":[{"embeddable":true,"href":"https:\/\/www.ccmmachine.com\/lt\/wp-json\/wp\/v2\/comments?post=3"}],"version-history":[{"count":0,"href":"https:\/\/www.ccmmachine.com\/lt\/wp-json\/wp\/v2\/pages\/3\/revisions"}],"wp:attachment":[{"href":"https:\/\/www.ccmmachine.com\/lt\/wp-json\/wp\/v2\/media?parent=3"}],"curies":[{"name":"wp","href":"https:\/\/api.w.org\/{rel}","templated":true}]}}